{"id":13248,"date":"2018-07-08T13:06:44","date_gmt":"2018-07-08T13:06:44","guid":{"rendered":"http:\/\/europeanmoving.co.uk\/general-info-for-moving-to-a-new-country\/"},"modified":"2020-11-03T15:11:06","modified_gmt":"2020-11-03T15:11:06","slug":"guida-trasloco-come-imballare","status":"publish","type":"page","link":"https:\/\/europeanmoving.co.uk\/it\/movers-guide-table\/guida-trasloco-come-imballare\/","title":{"rendered":"Guida al trasloco: come imballare"},"content":{"rendered":"<h1 class=\"title-heading-left\"><strong><span>Suggerimenti generali per l&#8217;imballaggio<\/span><\/strong><\/h1>\n<p><img src=\"https:\/\/europeanmoving.im\/wp-content\/uploads\/2020\/01\/PackingV2.png\" \/><\/p>\n<p><span>Tutti possono fare le valigie come ci vuole prima di tutto il buon senso.\u00a0Tuttavia, l&#8217;imballaggio per il trasporto internazionale richiede un ulteriore livello di protezione.\u00a0In questa pagina troverai alcuni suggerimenti per l&#8217;imballaggio che speriamo possano esserti utili.<\/span><\/p>\n<h2><strong><span>Suggerimenti per l&#8217;imballaggio: etichettare i tuoi articoli<\/span><\/strong><\/h2>\n<p><span>Che tu gestisca tu stesso il trasloco o chiedi a European Moving di occuparsi del tuo trasporto (vedi i servizi che offriamo,\u00a0\u00a0<\/span><a href=\"https:\/\/europeanmoving.co.uk\/international-load-and-go-transport-only-service\/\" target=\"_blank\" rel=\"noopener noreferrer\"><span>Load &amp; Go<\/span><\/a><span>\u00a0\u00a0ed\u00a0\u00a0<\/span><a href=\"https:\/\/europeanmoving.info\/basic-international-removal-service\/\" target=\"_blank\" rel=\"noopener noreferrer\"><span>Easymoves<\/span><\/a><span>\u00a0), \u00e8 buona norma contrassegnare ogni box con un numero, il tuo nome e un elenco del suo contenuto .\u00a0Codifica a colori le etichette in base alla stanza, con carta colorata o nastro colorato.<\/span><br \/>\n<span>Indipendentemente dalla societ\u00e0 che utilizzi, dovrai fare un inventario.\u00a0Dovresti crearne uno anche se ti muovi da solo.\u00a0In questo modo, se un&#8217;etichetta \u00e8 strappata o bagnata, avrai con te un foglio con il contenuto di quelle scatole.<\/span><br \/>\n<span>Pu\u00f2 sembrare un sacco di lavoro per poco guadagno: non lo \u00e8.\u00a0Si riveler\u00e0 inestimabile a destinazione e ti eviter\u00e0 di aprire tutte le tue scatole quando cerchi un oggetto specifico.<\/span><br \/>\n<span>NB\u00a0<\/span><b><span>Se prenoti le tue merci a carico parziale<\/span><\/b><span>\u00a0, \u00e8 probabile che tu condivida lo spazio sul furgone con le spedizioni di altre persone.\u00a0Pertanto \u00e8 essenziale etichettare chiaramente le merci con il tuo nome completo (questo deve anche essere il nome sulla prenotazione) e l&#8217;indirizzo di destinazione.\u00a0Puoi farli nel formato che preferisci, ma qualunque cosa tu decida devi etichettare le tue merci e ti consigliamo di utilizzare il seguente formato:<\/span><\/p>\n<ul class=\"list-with-tick col4\">\n<li><span>Casella 1 di 20<\/span><\/li>\n<li><span>Nome del cliente<\/span><\/li>\n<li><span>Numero e nome della strada<\/span><\/li>\n<li><span>Citt\u00e0<\/span><\/li>\n<li><span>contea<\/span><\/li>\n<li><span>Nazione<\/span><\/li>\n<li><span>Numero di telefono<\/span><\/li>\n<\/ul>\n<h3><strong><span>Suggerimenti per l&#8217;imballaggio: elenco inventario<\/span><\/strong><\/h3>\n<p><span>Indipendentemente dalla societ\u00e0 che utilizzi, dovrai fare un inventario.\u00a0Dovresti crearne uno anche se ti muovi da solo.\u00a0In questo modo, se un&#8217;etichetta \u00e8 strappata o bagnata, avrai con te un foglio con il contenuto di quelle scatole.<\/span><br \/>\n<span>Pu\u00f2 sembrare un sacco di lavoro per poco guadagno: non lo \u00e8.\u00a0Si riveler\u00e0 inestimabile a destinazione e ti eviter\u00e0 di aprire tutte le tue scatole quando cerchi un oggetto specifico.<\/span><br \/>\n<span>Ti chiediamo di fornire al tuo coordinatore del trasloco un elenco di inventario degli articoli da 3 a 5 giorni prima del giorno del ritiro, questo ci aiuter\u00e0 a valutare le dimensioni del tuo carico e, si spera, a evitare eventuali problemi imprevisti il \u200b\u200bgiorno stesso.\u00a0Ricorda che non siamo in grado di misurare il peso delle tue merci poich\u00e9 scatole e mobili variano molto.<\/span><br \/>\n<span>Ti chiediamo inoltre di stampare due copie del tuo inventario pronte per il giorno del ritiro, una per te e una per l&#8217;autista.<\/span><br \/>\n<span>Controlla tutte le merci sul furgone nel luogo di carico e assicurati che tu (il cliente) e l&#8217;autista firmate entrambe le copie.\u00a0Ci\u00f2 confermer\u00e0 che tutto ci\u00f2 che \u00e8 elencato \u00e8 stato caricato.<\/span><br \/>\n<span>Assicurati di controllare tutte le merci dal furgone nel luogo di scarico e che tu (il cliente) e l&#8217;autista firmate entrambe le copie ancora una volta.<\/span><br \/>\n<strong><span>Non firmare alcun documento di consegna in caso di discrepanza.\u00a0Una volta che il CMR \u00e8 stato firmato, non siamo in grado di elaborare alcun reclamo.<\/span><\/strong><\/p>\n<h2><strong><span>Suggerimenti per l&#8217;imballaggio: pianoforti<\/span><\/strong><\/h2>\n<p><span>Non siamo traslocatori di pianoforti specializzati.\u00a0Pertanto, se hai un pianoforte costoso da spostare, ti consigliamo vivamente di utilizzare una societ\u00e0 di traslochi specializzati.<\/span><\/p>\n<p><span>Abbiamo spostato con successo i pianoforti e siamo disposti a farlo.\u00a0Tuttavia, tieni presente quanto segue:<\/span><\/p>\n<ul>\n<li><span>Non ci assumeremo alcuna responsabilit\u00e0 per eventuali danni.<\/span><\/li>\n<li><span>Il cliente dovr\u00e0 assumersi la piena responsabilit\u00e0 del carico e scarico, inclusi eventuali carrelli, rampe ecc.<\/span><\/li>\n<li><span>I nostri furgoni non sono dotati di sponde montacarichi.\u00a0Devi considerare come lo farai salire e scendere dal camion che \u00e8 alto circa 1,5 m.<\/span><\/li>\n<li><span>I nostri furgoni non trasportano coperte in movimento come standard.\u00a0\u00c8 necessario acquistare alcuni dei tuoi prima del ritiro.\u00a0Questi rimarranno con te dopo la consegna.<\/span><\/li>\n<li><span>Nella maggior parte dei casi, non possiamo impilare sopra il piano.\u00a0Pertanto qualsiasi spazio sopra o sotto \u00e8 spazio morto.\u00a0Tuttavia, dovresti pagare per l&#8217;area inutilizzata.<\/span><\/li>\n<li><span>I nostri furgoni sono dotati di un solo autista, quindi assicurati di fornire la forza lavoro adeguata.\u00a0Si prega di prendere in considerazione il peso del pianoforte.<\/span><\/li>\n<\/ul>\n<h2><strong><span>Suggerimenti per l&#8217;imballaggio: mobili<\/span><\/strong><\/h2>\n<p><span>Assicurati di svuotare tutti i cassetti e gli scomparti.\u00a0Rimuovere i cassetti e le porte e imballarli separatamente se questo rende l&#8217;articolo troppo pesante.\u00a0I tuoi mobili saranno soggetti a piccole vibrazioni, oltre che a vincoli strutturali dovuti ai movimenti del furgone.\u00a0Ci\u00f2 pu\u00f2 causare la vibrazione di alcune viti oltre al mobile e danneggiare la merce.\u00a0Per evitare ci\u00f2, ti suggeriamo di smontare tutti i mobili flat pack e di imballarli in cartone.\u00a0Assicurarsi di proteggere adeguatamente gli angoli per un trasporto sicuro.\u00a0N\u00e9 i nostri assicuratori n\u00e9 noi accetteremo responsabilit\u00e0 per mobili assemblati in confezione piatta danneggiati durante il trasporto.<\/span><\/p>\n<h2><strong><span>Suggerimenti per l&#8217;imballaggio: mobili in tessuto e pelle<\/span><\/strong><\/h2>\n<p><iframe loading=\"lazy\" src=\"https:\/\/www.youtube.com\/embed\/QbT04NwjDWk\" width=\"560\" height=\"315\" frameborder=\"0\" allowfullscreen=\"allowfullscreen\" data-origwidth=\"560\" data-origheight=\"315\" data-mce-fragment=\"1\"><\/iframe><\/p>\n<p><span>Oggetti come divani e sedie si graffiano e si segnano facilmente se non vengono protetti adeguatamente.\u00a0I nostri autisti tratteranno la tua propriet\u00e0 con la massima cura e considerazione;\u00a0tuttavia, vuoi che la tua suite crema in tre pezzi arrivi in \u200b\u200bottime condizioni.\u00a0European Moving consiglia vivamente di avvolgere i mobili in coperte mobili, o almeno pluriball e teli di plastica resistenti.\u00a0Rinforza tutti gli angoli con un involucro di cartone o plastica.<\/span><br \/>\n<span>Assicurati di rimuovere tutti i cuscini e di proteggerli in modo soddisfacente.\u00a0I cuscini sono ottimi per riempire lo spazio rimanente su scatole di libri o altri oggetti ingombranti.<\/span><br \/>\n<span>Abbiamo trovato questo utile video di YouTube sull&#8217;imballaggio di mobili in tessuto e pelle:<\/span><\/p>\n<h2><strong><span>Suggerimenti per l&#8217;imballaggio: scelta dei materiali di imballaggio<\/span><\/strong><\/h2>\n<p><span>Per fare un buon lavoro di imballaggio, devi iniziare con i materiali giusti!\u00a0Va notato che NON forniamo coperte per la rimozione.\u00a0Tutti i nostri furgoni verranno forniti con cinghie per fissare oggetti pi\u00f9 grandi nel veicolo.<\/span><\/p>\n<p><strong><span>Scatole di plastica per la conservazione<\/span><\/strong><br \/>\n<span>Si prega di non utilizzare scatole di plastica per la rimozione!\u00a0Queste scatole vengono utilizzate per lo stoccaggio poich\u00e9 di solito sono trasparenti e si impilano facilmente, ma non sono affatto adatte al trasporto.\u00a0Anche nello stoccaggio, troviamo che non possono essere impilati pi\u00f9 di due in altezza senza rischiare l&#8217;integrit\u00e0 dei coperchi, che sono sempre molto fragili e si rompono molto facilmente.<\/span><br \/>\n<span>Inoltre, le pareti e la base di plastica sono quasi sempre troppo sottili e anche molto fragili.\u00a0Ci\u00f2 rende i muri soggetti a fessurazioni e, cosa pi\u00f9 importante, non consente un \u201ccedimento\u201d sufficiente, essenziale per proteggere la merce all&#8217;interno durante il trasporto.\u00a0\u00c8 anche molto difficile fissare correttamente i bordi in modo che non possano essere resi a tenuta d&#8217;aria, il che \u00e8 un altro problema.\u00a0Con una &#8220;resa&#8221; insufficiente nelle scatole e nessun modo di renderle a tenuta d&#8217;aria, ogni piccola vibrazione durante il viaggio viene trasferita direttamente agli oggetti fragili all&#8217;interno.<\/span><br \/>\n<b><span>Insomma, per favore non utilizzate contenitori di plastica per un viaggio di 20 km, figuriamoci per un viaggio di oltre 2000 km.<\/span><\/b><\/p>\n<p><strong><span>Scatole<\/span><\/strong><br \/>\n<span>Non ha senso investire molto tempo per imballare accuratamente le scatole se hai scelto scatole troppo sottili o fatte di plastica fragile e non adatte al trasporto.\u00a0Un&#8217;ottima fonte di scatole gratuite \u00e8 il tuo supermercato (o farmacia) locale.\u00a0A volte potresti dover andare in un momento specifico della giornata poich\u00e9 alcuni negozi di alimentari ricevono le spedizioni solo una volta alla settimana.<\/span><br \/>\n<span>Raccogli scatole grandi e piccole e se ti capita di conoscere qualcuno che si \u00e8 trasferito di recente, chiedigli se pu\u00f2 darti una o due scatole.\u00a0\u00c8 consentito utilizzare scatole di seconda mano purch\u00e9 in buone condizioni, non schiacciate, accartocciate in alcun modo o danneggiate dall&#8217;umidit\u00e0, ecc. Devono essere completamente sigillabili e non aperte.\u00a0\u00c8 meglio non usarlo per scatole pi\u00f9 grandi che sono troppo pesanti o scomode da trasportare.<\/span><br \/>\n<span>\u00c8 anche possibile ordinare scatole di dimensioni specifiche per articoli specifici, se necessario (ad esempio: biciclette, canne da pesca), anche se la maggior parte delle persone si accontenta di scatole normali per evitare il costo elevato di ordinare una tantum.<\/span><\/p>\n<p><strong><span>Nastro da imballaggio<\/span><\/strong><br \/>\n<span>Facile da acquistare in qualsiasi negozio di bricolage o stazionario, quindi confidiamo che non avrai problemi a trovare queste forniture.\u00a0Il nastro \u00e8, ovviamente, fondamentale per fissare e sigillare le scatole e fissare i materiali di avvolgimento protettivo sui mobili.\u00a0Ci sono diversi tipi disponibili &#8211; anche se tendiamo a usare il tipo pi\u00f9 costoso perch\u00e9 \u00e8 pi\u00f9 facile da usare (tende a non rompersi e strapparsi ad angolo come spesso), \u00e8 OK usare un nastro pi\u00f9 economico se preferisci, come il nastro pu\u00f2 essere molto costoso se acquistato in piccole quantit\u00e0.<\/span><\/p>\n<p><strong><span>Carta da imballaggio La carta da<\/span><\/strong><br \/>\n<span>imballaggio \u00e8 essenziale per avvolgere oggetti fragili prima di metterli all&#8217;interno delle scatole.\u00a0La variet\u00e0 pi\u00f9 comunemente utilizzata \u00e8 talvolta chiamata carta da macellaio o carta &#8220;ritagliata delle notizie&#8221;.\u00a0Si prega di notare che non \u00e8 la stessa cosa del giornale: non utilizzare giornali per avvolgere oggetti fragili.\u00a0L&#8217;inchiostro va dappertutto e la carta stessa non \u00e8 flessibile come la carta da macellaio o la carta velina.\u00a0Non pu\u00f2 essere accartocciato e modellato facilmente e non fa un buon lavoro.<\/span><br \/>\n<span>Anche la carta velina \u00e8 molto utile: \u00e8 pi\u00f9 sottile del cartoncino ritagliato ed \u00e8 disponibile in due tipi: tradizionale e &#8220;senza acidi&#8221;.\u00a0Quest&#8217;ultimo \u00e8 utile per incartare argenteria e assistere nell&#8217;imballaggio di dipinti ad olio.\u00a0Uno qualsiasi di questi tre tipi di carta \u00e8 adatto: non sono necessariamente necessari tutti e tre i tipi.\u00a0Basta non usare il giornale!<\/span><\/p>\n<p><strong><span>Pluriball e schiuma<\/span><\/strong><br \/>\n<span>Puoi anche usare il pluriball o la schiuma per imballare oggetti fragili, ma non sono assolutamente necessari.\u00a0I solventi professionali tendono a utilizzare la carta velina come preferenza nella maggior parte dei casi.\u00a0A volte, puoi usare materiali riempitivi, ma questi materiali non sono assolutamente necessari se stai facendo il tuo imballaggio.<\/span><\/p>\n<p><strong><span>Scatole per guardaroba Le scatole per<\/span><\/strong><br \/>\n<span>guardaroba sono incredibilmente utili in quanto evitano di dover piegare tutti i tuoi vestiti in scatole e stirarli di nuovo all&#8217;altra estremit\u00e0.\u00a0Invece, sono appesi in modo sicuro a un gancio per tutto il percorso.\u00a0I materiali di avvolgimento protettivo sono essenziali per un corretto confezionamento per l&#8217;esportazione.\u00a0Il prodotto gold standard \u00e8 &#8220;coperta a bolle&#8221;, che \u00e8 il termine generico per la gamma Furniguard e Furnisoft di Jiffy.\u00a0Troviamo questi prodotti eccellenti.\u00a0Non sono cos\u00ec facili da trovare nei piccoli rivenditori o nei centri di stoccaggio.<\/span><br \/>\n<span>Se non hai un prodotto di tipo Furnisoft, puoi usare il pluriball.\u00a0Si consiglia di utilizzare almeno 2 strati pi\u00f9 uno strato di plastica all&#8217;esterno, al fine di fornire maggiore resistenza alla confezione.\u00a0Il pluriball da solo \u00e8 solitamente troppo sottile per fornire una protezione adeguata da solo a meno che non venga avvolto molte volte.<\/span><br \/>\n<span>Altri materiali &#8220;piacevoli da avere&#8221; includono protezioni angolari e cartone ondulato.\u00a0Si noti ancora una volta che il solo avvolgimento di una coperta non \u00e8 sufficiente per i traslochi all&#8217;estero a lunga distanza.\u00a0Le coperte sono uno strumento utile per fornire una protezione aggiuntiva ai mobili che sono gi\u00e0 stati avvolti.<\/span><\/p>\n<h2><strong><span>Suggerimenti per l&#8217;imballaggio: articoli fragili<\/span><\/strong><\/h2>\n<p><span>Molti dei nostri clienti ci pongono domande sui metodi pi\u00f9 appropriati per imballare porcellane, oggetti in vetro e ornamenti fragili.\u00a0Con la carta velina, potresti aver bisogno di uno o due strati extra solo perch\u00e9 \u00e8 pi\u00f9 sottile.\u00a0Se stai imballando argenteria o oggetti con placcatura in argento, utilizza carta velina priva di acidi per questi.\u00a0Con oggetti particolarmente fragili va bene usare un po &#8216;di pluriball o schiuma in pi\u00f9, ma non a scapito della carta velina, in particolare il &#8220;rimbalzo&#8221; accartocciato intorno e tra gli oggetti, che riempie la scatola e impedisce che tutto si muova.<\/span><\/p>\n<h2><strong><span>Suggerimenti per l&#8217;imballaggio: mobili da esterno e antenna parabolica<\/span><\/strong><\/h2>\n<p><span>Assicurati che tutti i mobili esterni siano staccati dalla propriet\u00e0, smontati e imballati pronti per il transito prima che i nostri veicoli arrivino alla tua propriet\u00e0.\u00a0Ricorda che l&#8217;imballaggio protegge anche gli altri oggetti nel furgone.<\/span><\/p>\n<h2><strong><span>Suggerimenti per l&#8217;imballaggio: gas ed elettrodomestici<\/span><\/strong><\/h2>\n<p><span>Se necessario, farli preparare per la rimozione da personale qualificato.\u00a0Potrebbe essere necessario scollegare stufe o stufe, serrare i motori del frigorifero o i tamburi della lavatrice, smontare i raccordi elettrici (stufe a muro, orologi elettrici, ecc.) Collegati alla rete o far scendere l&#8217;antenna TV dal tetto.<\/span><\/p>\n<h2><strong><span>Suggerimenti per l&#8217;imballaggio: dispositivi e accessori<\/span><\/strong><\/h2>\n<p><span>Tecnicamente, sono definiti come elementi fissati alla parete, al soffitto o al pavimento, ma alcune cose come antenne TV, asciugatrici e riscaldatori notturni potrebbero non rientrare in questa categoria.\u00a0\u00c8 meglio che tutti questi elementi dubbiosi siano oggetto di un accordo formale tra European Moving e te stesso.\u00a0Vale anche la pena includere nell&#8217;accordo articoli come cucine componibili.<\/span><\/p>\n<h2><strong><span>Suggerimenti per l&#8217;imballaggio: tappeti e decorazioni<\/span><\/strong><\/h2>\n<p><span>Se stai posando la moquette, dipingendo o sigillando i pavimenti della nuova casa, \u00e8 meglio farlo prima del trasloco.\u00a0Se hai tappeti, tende, coprisedie, ecc., \u00c8 una buona idea pulirli e \/ o modificarli in anticipo.<\/span><\/p>\n<h2><strong><span>Suggerimenti per l&#8217;imballaggio: chiavi<\/span><\/strong><\/h2>\n<p><span>Gli avvocati normalmente consigliano ai clienti di consegnare le chiavi solo al momento o dopo il regolamento.\u00a0Sebbene ci\u00f2 possa essere scomodo, previene possibili problemi.\u00a0Il tuo avvocato o l&#8217;agente immobiliare di solito pu\u00f2 aiutarti a garantire la consegna delle chiavi in \u200b\u200bun momento e in un luogo conveniente per il tuo programma.\u00a0Si prega di contattare European Moving in caso di ritardi con la destinazione il prima possibile in quanto ci\u00f2 influir\u00e0 sul trasferimento.<\/span><\/p>\n<h2><strong><span>Suggerimenti per l&#8217;imballaggio: accordi di viaggio personali<\/span><\/strong><\/h2>\n<p><span>Avrai bisogno di una sistemazione in hotel, in viaggio o per un paio di giorni dall&#8217;altra parte?\u00a0Considera di prenotare in anticipo.<\/span><br \/>\n<b><span>Si prega di non programmare la partenza immediatamente dopo il carico, soprattutto se si prende il treno o si vola<\/span><\/b><span>\u00a0.\u00a0I ritardi si verificano, sia che si tratti di traffico, forza lavoro insufficiente, peso eccessivo &#8230; Non saremo ritenuti responsabili per le conseguenze dei ritardi nel carico o nello scarico.<\/span><\/p>\n<p><b><span>Hai qualche consiglio utile per l&#8217;imballaggio da condividere?\u00a0<\/span><a href=\"mailto:hello@europeanmoving.eu\"><span>Mandaci<\/span><\/a><span>\u00a0una mail a\u00a0\u00a0<a href=\"mailto:hello@europeanmoving.eu\">hello@europeanmoving.eu<\/a>\u00a0.\u00a0Aggiungeremo i migliori alla nostra pagina Suggerimenti per l&#8217;imballaggio.<\/span><\/b><\/p>\n","protected":false},"excerpt":{"rendered":"<p>Suggerimenti generali per l&#8217;imballaggio Tutti possono fare le valigie come ci vuole prima di tutto il buon senso.\u00a0Tuttavia, l&#8217;imballaggio per il trasporto internazionale richiede un ulteriore livello di protezione.\u00a0In questa pagina troverai alcuni suggerimenti per l&#8217;imballaggio che speriamo possano esserti utili. Suggerimenti per l&#8217;imballaggio: etichettare i tuoi articoli Che tu gestisca tu stesso il trasloco [&hellip;]<\/p>\n","protected":false},"author":13,"featured_media":0,"parent":19700,"menu_order":0,"comment_status":"closed","ping_status":"closed","template":"","meta":[],"yst_prominent_words":[12354,12364,3939,409,12351,12350,12192,3863],"_links":{"self":[{"href":"https:\/\/europeanmoving.co.uk\/it\/wp-json\/wp\/v2\/pages\/13248"}],"collection":[{"href":"https:\/\/europeanmoving.co.uk\/it\/wp-json\/wp\/v2\/pages"}],"about":[{"href":"https:\/\/europeanmoving.co.uk\/it\/wp-json\/wp\/v2\/types\/page"}],"author":[{"embeddable":true,"href":"https:\/\/europeanmoving.co.uk\/it\/wp-json\/wp\/v2\/users\/13"}],"replies":[{"embeddable":true,"href":"https:\/\/europeanmoving.co.uk\/it\/wp-json\/wp\/v2\/comments?post=13248"}],"version-history":[{"count":15,"href":"https:\/\/europeanmoving.co.uk\/it\/wp-json\/wp\/v2\/pages\/13248\/revisions"}],"predecessor-version":[{"id":22116,"href":"https:\/\/europeanmoving.co.uk\/it\/wp-json\/wp\/v2\/pages\/13248\/revisions\/22116"}],"up":[{"embeddable":true,"href":"https:\/\/europeanmoving.co.uk\/it\/wp-json\/wp\/v2\/pages\/19700"}],"wp:attachment":[{"href":"https:\/\/europeanmoving.co.uk\/it\/wp-json\/wp\/v2\/media?parent=13248"}],"wp:term":[{"taxonomy":"yst_prominent_words","embeddable":true,"href":"https:\/\/europeanmoving.co.uk\/it\/wp-json\/wp\/v2\/yst_prominent_words?post=13248"}],"curies":[{"name":"wp","href":"https:\/\/api.w.org\/{rel}","templated":true}]}}