{"id":13244,"date":"2019-06-12T06:49:23","date_gmt":"2019-06-12T06:49:23","guid":{"rendered":"http:\/\/europeanmoving.co.uk\/?page_id=13244"},"modified":"2020-09-16T10:00:07","modified_gmt":"2020-09-16T10:00:07","slug":"traslochi-internazionali-low-cost","status":"publish","type":"page","link":"https:\/\/europeanmoving.co.uk\/it\/traslochi-internazionali-low-cost\/","title":{"rendered":"Carica e via (Load &#038; Go), il nostro servizio di trasporto low cost"},"content":{"rendered":"<h1><strong><span>Load &amp; Go, il nostro servizio di solo trasporto a basso costo<\/span><\/strong><\/h1>\n<p><b><span>La cosa pi\u00f9 importante da ricordare con Load &amp; Go \u00e8 che ciascuno dei nostri furgoni viene fornito con un solo conducente<\/span><\/b><\/p>\n<p><span>Il nostro servizio Load &amp; Go \u00e8 rivolto a clienti che sono felici di fare tutto il carico e lo scarico da soli, questo \u00e8 un ottimo modo per risparmiare denaro se puoi portare tutto quello che hai sul furgone o se hai molti amici e la famiglia per aiutare per traslochi di case pi\u00f9 grandi.\u00a0Il nostro autista autorizzato ti assister\u00e0 per impilare e fissare le merci sul furgone.\u00a0Vale la pena ricordare che \u00e8 responsabilit\u00e0 sia del cliente che dell&#8217;autista impilare e fissare il carico.<\/span><\/p>\n<p><img src=\"https:\/\/europeanmoving.info\/wp-content\/uploads\/2018\/08\/loadngo.png\" \/><\/p>\n<h2><strong><span>Load &amp; Go: caricamento \/ scaricamento<\/span><\/strong><\/h2>\n<p><span>Il nostro autista fornir\u00e0 assistenza per impilare e fissare il carico solo sul retro del furgone<\/span><\/p>\n<p><span>Ti preghiamo di comprendere che per mantenere i costi al minimo\u00a0<\/span><b><span>forniamo solo un autista per furgone<\/span><\/b><span>\u00a0.\u00a0\u00c8 quindi necessario fornire una forza lavoro adeguata di amici e \/ o familiari ad entrambe le estremit\u00e0 del trasloco.\u00a0Il numero di persone richieste dipende dalla natura, dal volume e dal peso dei tuoi articoli.\u00a0Le scatole possono essere facilmente movimentate da una persona se si mantiene il peso inferiore a 20 kg;\u00a0Un divano richiede un minimo di due persone e un ampio armadio per un totale di quattro persone in pi\u00f9.\u00a0In generale, per un furgone completo, riteniamo che siano necessarie almeno due persone, tre o quattro \u00e8 l&#8217;ideale.\u00a0Ricorda che conosci i tuoi articoli per la casa meglio di noi.<\/span><\/p>\n<p><span>Per carichi parziali pi\u00f9 piccoli da 10 a 20 scatole \u00e8 possibile che 1 persona faccia tutto il carico e lo scarico da sola.\u00a0Ricorda che al momento della prenotazione del nostro servizio Load &amp; Go l&#8217;autista ti assister\u00e0 solo per impilare e fissare la merce sul retro del furgone<\/span><\/p>\n<h2><strong><span>Load &amp; Go: tempi di caricamento \/ scaricamento<\/span><\/strong><\/h2>\n<h3><b><span>Servizio furgone dedicato &#8211; Pieno carico<\/span><\/b><\/h3>\n<p><span>Tempi di carico &#8211; 5 ore<\/span><br \/>\n<span>Tempi di scarico &#8211; 3 ore<\/span><\/p>\n<h3><b><span>Servizio a carico parziale<\/span><\/b><\/h3>\n<p><span>Tempi di carico &#8211; 2-3 ore<\/span><br \/>\n<span>Tempi di scarico &#8211; 1-2 ore\u00a0<\/span><strong><span>Load &amp; Go: Date e tempi di ritiro e consegna<\/span><\/strong><\/p>\n<h3><b><span>Servizio furgone dedicato &#8211; Pieno carico<\/span><\/b><\/h3>\n<p><span>Dopo aver prenotato un furgone dedicato sul nostro servizio Load &amp; Go, puoi scegliere un giorno di ritiro a tua scelta dal luned\u00ec al sabato e la consegna sar\u00e0 diretta, il tempo di transito del viaggio dipender\u00e0 dalla distanza.\u00a0Se il tuo giorno di consegna \u00e8 pi\u00f9 importante, parla con il tuo coordinatore del trasloco che sar\u00e0 in grado di consigliarti il \u200b\u200bmiglior giorno di ritiro possibile per adattarlo.<\/span><br \/>\n<span>Puoi modificare la data scelta per il tuo ritiro fino a 3 giorni prima senza incorrere in alcun costo.\u00a0Tuttavia, se \u00e8 necessario modificarlo meno di 3 giorni prima che vengano applicati costi aggiuntivi per il ritiro.<\/span><br \/>\n<span>Avrai l&#8217;uso esclusivo del furgone e non condividerai lo spazio con le merci degli altri clienti.\u00a0Puoi utilizzare lo spazio e il peso di 20m3 o 1 tonnellata (furgone completo) come desideri.<\/span><b><span>Ricorda che il furgone pu\u00f2 trasportare una capacit\u00e0 massima di 20 m3 o 1 tonnellata, oppure, a seconda di quale viene raggiunta per prima.<\/span><\/b><\/p>\n<p><b><span>Per Norvegia, Svizzera e Austria il peso \u00e8 limitato a 800 kg per un carico completo<\/span><\/b><\/p>\n<p><span>Puoi scegliere una fascia oraria mattutina o pomeridiana, la mattina \u00e8 compresa tra le 8:00 e le 12:00 e il pomeriggio tra le 12:00 e le 16:00 (ora del Regno Unito).\u00a0A causa della natura degli affari a volte possono verificarsi ritardi, pertanto non diamo orari specifici per il ritiro o la consegna.\u00a0Ogni volta che ti viene data, lo fai in buona fede.<\/span><br \/>\n<span>Si prega di tenere conto di potenziali ritardi poich\u00e9 alcuni problemi non possono essere evitati, ad esempio problemi di traffico o meccanici.\u00a0<\/span><b><span>Non compensiamo ritardi o consegne in ritardo.<\/span><\/b><\/p>\n<h3><b><span>Servizio a carico parziale<\/span><\/b><\/h3>\n<p><span>Abbiamo bisogno di una finestra di 3 giorni lavorativi per il ritiro.\u00a0Non ci aspettiamo che tu rimanga durante questo periodo e mireremo a darti un preavviso di almeno 24 ore, tuttavia se abbiamo spazio disponibile su uno dei nostri furgoni nella tua zona quel giorno potremmo chiamarti per offrire anche tu questa opzione.<\/span><br \/>\n<span>Abbiamo bisogno che qualcuno sia disponibile tra le 8:00 e le 18:00 (ora del Regno Unito), tieni anche presente che a volte possono verificarsi ritardi a causa dei molteplici ritiri e consegne.\u00a0Se l&#8217;autista subisce un grave ritardo, potremmo posticipare il ritiro fino al mattino successivo.<\/span><br \/>\n<b><span>Non compensiamo ritardi o consegne in ritardo.<\/span><\/b><br \/>\n<span>La consegna per carichi parziali \u00e8 generalmente compresa tra 1 giorno e 14 giorni a seconda del percorso.\u00a0Qualcuno deve essere disponibile a prendere in consegna il pi\u00f9 presto possibile.\u00a0Anche se faremo sempre il possibile per spedire le vostre merci direttamente, potremmo portarle al nostro deposito per il groupage con altri carichi che vanno nella stessa direzione, il vostro coordinatore del trasloco vi informer\u00e0 di ci\u00f2 al momento della conferma della data di ritiro.<\/span><br \/>\n<span>Tuttavia, se non hai la flessibilit\u00e0 necessaria per le date di ritiro e consegna, potresti prendere in considerazione un furgone dedicato (a pieno carico).\u00a0Probabilmente sar\u00e0 ancora pi\u00f9 economico della maggior parte della nostra concorrenza.\u00a0<\/span><strong><span>Carica e vai: inventario<\/span><\/strong><\/p>\n<p><span>Ti chiediamo gentilmente di fornire una copia del tuo inventario al tuo coordinatore del trasloco 3-5 giorni prima della raccolta in modo che possa aiutare a stabilire e confermare la capacit\u00e0 cubica.<\/span><\/p>\n<p><b><span>Ricorda che \u00e8 impossibile per noi stimare il peso.<\/span><\/b><\/p>\n<p><span>Sar\u00e0 inoltre necessario stampare due copie dell&#8217;inventario in formato cartaceo pronte per il giorno del ritiro.\u00a0Tu o il tuo rappresentante dovrete controllare le vostre merci dentro e fuori dal furgone rispetto a questo inventario insieme all&#8217;autista.\u00a0Una copia \u00e8 per te e una per l&#8217;autista, entrambi devono firmare ogni inventario al momento del ritiro e della consegna.<\/span><\/p>\n<p><b><span>Nota: se desideri inviare le tue merci senza inventario, lo fai a tuo rischio e pericolo.<\/span><\/b><\/p>\n<p><b><span>La dogana pu\u00f2 anche chiedere di vedere un elenco se ferma il furgone a un confine.<\/span><\/b><\/p>\n<p><b><span>Si prega di leggere la nostra\u00a0<\/span><a href=\"https:\/\/europeanmoving.co.uk\/movers-guide\/\" target=\"_blank\" rel=\"noopener noreferrer\"><span>guida<\/span><\/a><span>\u00a0ai\u00a0<a href=\"https:\/\/europeanmoving.co.uk\/movers-guide\/\" target=\"_blank\" rel=\"noopener noreferrer\">traslocatori<\/a>\u00a0per altri suggerimenti utili.\u00a0<\/span><\/b><strong><span>Load &amp; Go: carica volume e peso<\/span><\/strong><\/p>\n<p><span>I nostri furgoni Luton da 3,5 tonnellate hanno la stessa capacit\u00e0 di carico della maggior parte degli altri veicoli di questo tipo nel settore dei trasporti.\u00a0La pi\u00f9 grande considerazione quando si sposta la merce deve essere il peso.\u00a0I nostri furgoni Luton possono trasportare tra 20m3-24m3 di volume con un carico utile di 1000 kg (800 kg in alcuni paesi, come Svizzera, Norvegia e Austria).\u00a0Il limite di peso rimane lo stesso indipendentemente dal fatto che il furgone sia di 20 m3 o 24 m3.<\/span><\/p>\n<p><b><span>La tua prenotazione sar\u00e0 sempre basata sulla capacit\u00e0 cubica O sul peso, a seconda di quale viene raggiunto per primo.<\/span><\/b><\/p>\n<p><span>Vale la pena considerare che se hai molte scatole del peso di 20 kg ciascuna, sarai in grado di ottenere solo 50 scatole sul furgone prima che venga raggiunto il limite di peso.\u00a0Ci\u00f2 significa che sebbene il tuo furgone possa essere solo mezzo pieno di volume, sar\u00e0 alla piena capacit\u00e0 di peso.\u00a0<\/span><u><b><span>Legalmente<\/span><\/b><\/u><span>\u00a0non pu\u00f2\u00a0durare pi\u00f9 di questo.<\/span><\/p>\n<p><b><span>Nota<\/span><\/b><span>\u00a0: sebbene la maggior parte dei nostri furgoni\u00a0<\/span><b><span>non abbia una sponda idraulica<\/span><\/b><span>\u00a0, potremmo essere in grado di fornirtene una a un costo aggiuntivo e soggetta a disponibilit\u00e0.\u00a0Attenzione per\u00f2 che l&#8217;idraulica riduce il peso massimo di altri 250 kg (non influisce sul volume).<\/span><\/p>\n<p><strong><span>Load &amp; Go: imballaggio<\/span><\/strong><\/p>\n<p><span>Tutte le merci devono essere adeguatamente imballate e protette prima del ritiro.\u00a0I furgoni non trasportano coperte in movimento e \/ o attrezzatura di carico.<\/span><\/p>\n<p><span>Si prega di consultare la nostra\u00a0<\/span><a href=\"https:\/\/europeanmoving.co.uk\/en\/movers-guide-table\/\" target=\"_blank\" rel=\"noopener noreferrer\"><b><span>Guida ai traslochi<\/span><\/b><\/a><span>\u00a0e, pi\u00f9 specificamente, i nostri\u00a0<\/span><a href=\"https:\/\/europeanmoving.co.uk\/en\/movers-guide-table\/general-info-for-moving-to-a-new-country\/\" target=\"_blank\" rel=\"noopener noreferrer\"><b><span>suggerimenti per l&#8217;imballaggio<\/span><\/b><\/a><span>\u00a0.<\/span><\/p>\n<p><b><span>Non dimenticare di leggere la nostra\u00a0<\/span><a href=\"https:\/\/europeanmoving.co.uk\/en\/removals-insurance-and-compensation\/\" target=\"_blank\" rel=\"noopener noreferrer\"><span>pagina sulle assicurazioni<\/span><\/a><\/b><\/p>\n","protected":false},"excerpt":{"rendered":"<p>Load &amp; Go, il nostro servizio di solo trasporto a basso costo La cosa pi\u00f9 importante da ricordare con Load &amp; Go \u00e8 che ciascuno dei nostri furgoni viene fornito con un solo conducente Il nostro servizio Load &amp; Go \u00e8 rivolto a clienti che sono felici di fare tutto il carico e lo scarico [&hellip;]<\/p>\n","protected":false},"author":13,"featured_media":0,"parent":0,"menu_order":0,"comment_status":"closed","ping_status":"closed","template":"","meta":[],"yst_prominent_words":[14844,3939,14843,14838],"_links":{"self":[{"href":"https:\/\/europeanmoving.co.uk\/it\/wp-json\/wp\/v2\/pages\/13244"}],"collection":[{"href":"https:\/\/europeanmoving.co.uk\/it\/wp-json\/wp\/v2\/pages"}],"about":[{"href":"https:\/\/europeanmoving.co.uk\/it\/wp-json\/wp\/v2\/types\/page"}],"author":[{"embeddable":true,"href":"https:\/\/europeanmoving.co.uk\/it\/wp-json\/wp\/v2\/users\/13"}],"replies":[{"embeddable":true,"href":"https:\/\/europeanmoving.co.uk\/it\/wp-json\/wp\/v2\/comments?post=13244"}],"version-history":[{"count":15,"href":"https:\/\/europeanmoving.co.uk\/it\/wp-json\/wp\/v2\/pages\/13244\/revisions"}],"predecessor-version":[{"id":21929,"href":"https:\/\/europeanmoving.co.uk\/it\/wp-json\/wp\/v2\/pages\/13244\/revisions\/21929"}],"wp:attachment":[{"href":"https:\/\/europeanmoving.co.uk\/it\/wp-json\/wp\/v2\/media?parent=13244"}],"wp:term":[{"taxonomy":"yst_prominent_words","embeddable":true,"href":"https:\/\/europeanmoving.co.uk\/it\/wp-json\/wp\/v2\/yst_prominent_words?post=13244"}],"curies":[{"name":"wp","href":"https:\/\/api.w.org\/{rel}","templated":true}]}}