{"id":13199,"date":"2019-06-11T09:42:15","date_gmt":"2019-06-11T09:42:15","guid":{"rendered":"http:\/\/europeanmoving.co.uk\/servizi-extra-imballaggio-la-mano-dopera-extra-assistenza-al-piano-e-altro\/"},"modified":"2019-10-24T14:09:46","modified_gmt":"2019-10-24T14:09:46","slug":"traslochi-internazionali-servizi-extra","status":"publish","type":"page","link":"https:\/\/europeanmoving.co.uk\/it\/traslochi-internazionali-servizi-extra\/","title":{"rendered":"Servizi Extra: Imballaggio, la mano d&#8217;opera e altro\u2026"},"content":{"rendered":"<h2><span style=\"color: #1774b5;\"><b>Servizi Extra: Imballaggio, forza lavoro extra e altro\u2026<\/b><\/span><\/h2>\n<p>Se il nostro semplice servizio Uomo &amp; Van LOW-COST non soddisfa completamente le tue necessit\u00e0, European Moving pu\u00f2 anche offrire un servizio completo di imballaggio e\/o disimballaggio.<\/p>\n<p>Questi servizi sono disponibili sono per uno o pi\u00f9 van a pieno carico.<\/p>\n<h2><span style=\"color: #1774b5;\"><b>Servizi Extra: Servizi di imballaggio<\/b><\/span><\/h2>\n<ol style=\"padding-left: 30px; margin-bottom: 10px; line-height: 25px;\">\n<li>Verr\u00e0 fornito un minimo di 3 facchini per 1 van Luton dedicato; altri facchini saranno forniti per pi\u00f9 van.<\/li>\n<li>Sono inclusi tutti i materiali per un imballaggio di qualit\u00e0.<\/li>\n<li>Tutto il mobilio di grandi dimensioni sar\u00e0 smontato (inclusi mobili Ikea; tuttavia, non ci assumiamo alcuna responsabilit\u00e0 per questi oggetti o mobili; se servono attrezzi speciali, vanno forniti dal cliente). Si assicura che TUTTI gli oggetti saranno sempre trattati con la massima cura e attenzione.<\/li>\n<\/ol>\n<p>Il tempo di imballaggio per 1 van Luton dedicato \u00e8 1 giorno; per ciascun van aggiuntivo bisogna aggiungere un altro giorno.<\/p>\n<p>Il costo di questo servizio per Regno Unito e Irlanda \u00e8 descritto sotto; per tutti gli altri principali paesi europei, si prega di verificare con il coordinatore di trasloco.<\/p>\n<ul style=\"list-style-type: disc; padding-left: 20px;\">\n<li>1 van \u20ac1375\/\u00a31235 + IVA<\/li>\n<li>2 vans \u20ac2695\/\u00a32420 + IVA<\/li>\n<li>3 vans \u20ac3850\/\u00a33450 + IVA<\/li>\n<li>Per ciascun van ulteriore aggiunto \u20ac1285\/\u00a31150 + IVA<\/li>\n<\/ul>\n<h2><span style=\"color: #1774b5;\"><b>Servizi Extra: Servizi di disimballaggio<\/b><\/span><\/h2>\n<ol style=\"padding-left: 30px; margin-bottom: 10px; line-height: 25px;\">\n<li>Verr\u00e0 fornito un minimo di 2 facchini per 1 van Luton dedicato; altri facchini saranno forniti per pi\u00f9 van.<\/li>\n<li>Tutto il mobilio di grandi dimensioni sar\u00e0 smontato (inclusi mobili Ikea; tuttavia, non ci assumiamo alcuna responsabilit\u00e0 per questi oggetti o mobili; se servono attrezzi speciali, vanno forniti dal cliente). Si assicura che TUTTI gli oggetti saranno sempre trattati con la massima cura e attenzione.<\/li>\n<li>Tutto il materiale di imballaggio sar\u00e0 smaltito, se richiesto<\/li>\n<\/ol>\n<p>Il costo di questo servizio per Regno Unito e Irlanda \u00e8 descritto sotto; per tutti gli altri principali paesi europei, si prega di verificare con il coordinatore di trasloco.<\/p>\n<ul style=\"list-style-type: disc; padding-left: 20px;\">\n<li>1 van \u20ac1100\/\u00a3995 + IVA<\/li>\n<li>2 van \u20ac2200\/\u00a31950 + IVA<\/li>\n<li>3 van \u20ac3300\/\u00a32950 + IVA<\/li>\n<li>Per ciascun van ulteriore aggiunto \u20ac1100\/\u00a3985 + IVA<\/li>\n<\/ul>\n<p>Per maggiori informazioni, si prega di contattare senza esitazioni uno dei nostri esperti tramite il nostro servizio clienti: lo si pu\u00f2 chiamare al telefono al numero +44 203 6219930, via email all&#8217;indirizzo <a style=\"color: #1774b5;\" href=\"mailto:europeanmoving@europeanmoving.org\">europeanmoving@europeanmoving.org<\/a> o aprire subito la chat online dal vivo nell&#8217;angolo in basso a destra.<\/p>\n<h2><span style=\"color: #1774b5;\"><b>Servizi Extra: Forza lavoro extra<\/b><\/span><\/h2>\n<p>Ciascuno dei nostri arriva con un conducente. \u00c8 necessaria la presenza di almeno una persona per van, per aiutare il conducente a caricare e scaricare.<\/p>\n<p>In molti casi, il cliente pu\u00f2 aiutare il conducente, oppure \u00e8 possibile chiamare amici e parenti in aiuto. Tuttavia, comprendiamo che questo non \u00e8 sempre possibile per tutti.<\/p>\n<p>Se non sei in grado di aiutare il conducente o di organizzare degli aiutanti, European Moving lo pu\u00f2 fare per te.<\/p>\n<p style=\"color: red;\"><b>Questo servizio \u00e8 disponibile solo per van a pieno carico, non per carichi parziali.<\/b><\/p>\n<p>Il costo di questo servizio \u00e8 il seguente:<\/p>\n<h4><b>Per il Regno Unito<\/b><\/h4>\n<ul style=\"list-style-type: disc; padding-left: 20px;\">\n<li>1 aiutante \u00a3200 + IVA<\/li>\n<li>2 aiutanti \u00a3350 + IVA<\/li>\n<li>3 aiutanti \u00a3500 + IVA<\/li>\n<\/ul>\n<h4><b>Per tutti gli altri paesi europei (non UK)<\/b><\/h4>\n<ul style=\"list-style-type: disc; padding-left: 20px;\">\n<li>1 aiutante \u20ac250 + IVA<\/li>\n<li>2 aiutanti \u20ac450 + IVA<\/li>\n<li>3 aiutanti \u20ac600 + IVA<\/li>\n<\/ul>\n<p>Lo sconto per pi\u00f9 aiutanti \u00e8 valido solo se li si prenota nella stessa localit\u00e0. Se prenoti un aiutante al ritiro e un aiutante alla consegna, ti sar\u00e0 addebitato il prezzo pieno di \u00a3200 + IVA (o \u20ac250 + IVA sul continente) per ciascuno di loro.<\/p>\n<p>Anche se, fortunatamente, possiamo fare affidamento su una vasta rete di fornitori affidabili in tutta Europa, potrebbero esserci citt\u00e0 lontane o piccole in cui non possiamo fornire questo servizio. Si prega di controllare la disponibilit\u00e0 con il coordinatore di trasloco.<\/p>\n<h2><span style=\"color: #1774b5;\"><b>Servizi Extra: Assistenza al piano<\/b><\/span><\/h2>\n<p>Ciascuno dei nostri arriva con un conducente. \u00c8 necessaria la presenza di almeno una persona per van, per aiutare il conducente a caricare e scaricare.<\/p>\n<p>Se hai prenotato il nostro servizio <a href=\"https:\/\/europeanmoving.eu\/it\/traslochi-internazionali-low-cost\/\" target=\"_blank\" rel=\"noopener noreferrer\"><b>Load &amp; Go<\/b><\/a> il conducente aiuter\u00e0 solo a caricare e scaricare il van, con ritiro e consegna in strada.<\/p>\n<p style=\"text-align: center;\"><b>L&#8217;assistenza al piano da parte del conducente non \u00e8 disponibile con il servizio Load &amp; Go.<\/b><\/p>\n<p>Se hai prenotato il nostro servizio <a href=\"https:\/\/europeanmoving.eu\/it\/traslochi-internazionali-traslochi-facili\/\" target=\"_blank\" rel=\"noopener noreferrer\"><b>EasyMoves<\/b><\/a> il conducente aiuter\u00e0 anche all&#8217;interno della propriet\u00e0, camera per camera, solamente da e a piano terra. L&#8217;assistenza al piano da parte del conducente \u00e8 disponibile con il nostro servizio Easy Moves.<\/p>\n<p>Se hai bisogno dell&#8217;aiuto del conducente ai piani superiori, possiamo aggiungere questo servizio a un costo aggiuntivo. Il costo di questo servizio dipende dalle dimensioni del carico, dal piano e dalla presenza o meno di un ascensore. Si prega di contattare il coordinatore di trasloco, che sar\u00e0 in grado di confermare il prezzo dell&#8217;offerta.<\/p>\n<p>Se hai prenotato un servizio di imballaggio completo con European Moving, la squadra di imballaggio aiuter\u00e0 il conducente a caricare i van dalle camere a scelta.<\/p>\n<p>Se hai prenotato un servizio di disimballaggio completo con European Moving, la squadra di disimballaggio aiuter\u00e0 il conducente a caricare i van dalle camere a scelta.<\/p>\n<p style=\"color: red;\"><b>Si prega di avvertire il coordinatore di trasloco il prima possibile di un qualunque possibile problema di accesso, in quanto potrebbero essere necessari ulteriori indicazioni per risolverlo, con eventuali costi aggiuntivi.<\/b><\/p>\n<h2><span style=\"color: #1774b5;\"><b>Servizi Extra: Servizi bagagli in pi\u00f9<\/b><\/span><\/h2>\n<h3><b>Bagagli in pi\u00f9<\/b><\/h3>\n<p>Se devi trasportare anche solo un paio di oggetti personali, una valigia, una borsa o anche su un solo scatolone, possiamo organizzare il prelievo dei tuoi oggetti, il trasporto e la consegna con uno dei nostri partner commerciali di fiducia.<\/p>\n<p>European Moving ha accesso a una rete di risorse esperte per trasportare i tuoi oggetti dovunque in Europa. Questo servizio \u00e8 particolarmente utile a chi deve espatriare, a chi deve andare all&#8217;estero o tornare dall&#8217;estero, a studenti, a chi va in vacanza e a chi viaggia per affari; l&#8217;offerta \u00e8 molto ampia e adatta a ogni tipo di necessit\u00e0 personale.<\/p>\n<h3><b>Bagagli delle vacanze<\/b><\/h3>\n<p>Magari hai prenotato il tuo volo con una compagnia low cost e poi hai dovuto aggiungere una borsa o una valigia; spesso questo servizio si rivela molto costoso e quello che doveva essere un viaggio economico non sembra pi\u00f9 cos\u00ec conveniente come prima. European Moving pu\u00f2 gestire il ritiro delle tue borse e la loro consegna alla destinazione, pronte al tuo arrivo; cos\u00ec potrai evitare le lunghe code all&#8217;aeroporto e goderti prima le vacanze!<\/p>\n<h3><b>Bagagli voluminosi o dalle forme strane<\/b><\/h3>\n<p>Spesso ci chiediamo se i nostri bagagli siano troppo pesanti o se non soddisfino il lungo elenco di requisiti imposti dalle compagnie aeree, che spesso sono diversi tra di loro. La buona notizia \u00e8 che non esiste concetto troppo grande o troppo pesante per essere trasportato con il servizio Bagagli in pi\u00f9 di European Moving. Potrai avere il cuore in pace, sapendo di non doverti pi\u00f9 preoccupare di arrivare in aeroporto per sentirti dire che non puoi portare il tuo bagaglio o che dovrai pagare costi esagerati per farlo.<\/p>\n<h3><b>Servizio studenti<\/b><\/h3>\n<p>Sappiamo tutti che quando si \u00e8 studenti non si hanno molti soldi in tasca. Inviare i tuoi beni personali con il nostro servizio Bagagli in pi\u00f9 non solo \u00e8 facile e affidabile, ma \u00e8 anche economico e ti far\u00e0 sicuramente risparmiare tempo e denaro.<\/p>\n<h3><b>Servizi aziendali<\/b><\/h3>\n<p>Devi far raccogliere e consegnare i contenuti dei cassetti e degli armadi del tuo ufficio in modo sicuro, ma non ti \u00e8 possibile trasportarli in treno o in auto? Il servizio Bagagli in pi\u00f9 di European Moving \u00e8 la soluzione ideale per farlo. Abbiamo una vasta offerta a disposizione, che include anche una copertura assicurativa completa e un tracciamento totale.<\/p>\n<h2><span style=\"color: #1774b5;\"><b>Servizi Extra: Montacarichi, ascensori esterni e sollevatori<\/b><\/span><\/h2>\n<p>Ogni trasloco \u00e8 diverso dall&#8217;altro e offre il suo insieme di sfide, a volte piccole, a volte grandi. European Moving ha tutta l&#8217;esperienza per trovare soluzioni per ogni tipo di ostacolo, garantendo che il trasloco proceda col minimo stress e con il minimo disagio del cliente.<\/p>\n<p>Molti edifici in tante citt\u00e0 europee semplicemente non consentono di trasportare i mobili nella propriet\u00e0 in modo convenzionale. European Moving ha una rete di assistenti professionisti altamente specializzati in tutta Europa, oltre ad attrezzature speciali, per risolvere ogni esigenza individuale.<\/p>\n<p>Che si tratti di far passare il divano dalla finestra del piano terra, o di far salire tutto il contenuto di casa al 5\u00b0 piano, senz&#8217;altro troveremo la soluzione per te.<\/p>\n<p>Un montacarichi \u00e8 una piattaforma montata su un camion, in grado di sollevare carichi pesanti a determinate altezze, anche su condomini; si chiamano anche gru auto-montanti, ascensori di trasloco o in altri modi.<\/p>\n<p>Anche se \u00e8 possibile trasportare i tuoi mobili dalla porta, sull&#8217;ascensore e al quinto piano, questo pu\u00f2 richiedere molto tempo, molte energie e alti costi. Usare un montacarichi rende questo compito molto pi\u00f9 semplice e offre i seguenti benefici:<\/p>\n<ul style=\"list-style-type: disc; padding-left: 20px;\">\n<li>Tutte le attrezzature sono fornite con un operatore specializzato<\/li>\n<li>Non serve alcun punteggio<\/li>\n<li>Si risparmiano tempo e denaro<\/li>\n<li>Si possono sollevare fino a 15 m3 all&#8217;ora<\/li>\n<li>Sono disponibili tariffe orarie o diurne<\/li>\n<li>Installazione rapida<\/li>\n<\/ul>\n<p>Ti preghiamo di far sapere al tuo coordinatore di trasloco se desideri aggiungere questo servizio alla tua prenotazione; riceverai sicuramente un servizio della massima qualit\u00e0 ei prezzi pi\u00f9 competitivi.<\/p>\n<h2><span style=\"color: #1774b5;\"><b>Servizi Extra: Servizio navetta<\/b><\/span><\/h2>\n<p>Una delle prime cose a cui pensare quando programmi il tuo trasloco \u00e8 il tipo di veicolo di cui avrai bisogno e se sar\u00e0 in grado di raggiungere ogni indirizzo. A volte, questo problema non viene considerato, ma \u00e8 molto importante perch\u00e9 il trasloco proceda serenamente e senza intoppi.<\/p>\n<p>European Moving utilizza van Luton da 35 quintali per trasportare le tue propriet\u00e0; abbiamo scoperto che questo tipo di veicolo \u00e8 il pi\u00f9 semplice e il pi\u00f9 efficiente e conveniente per effettuare traslochi in tutta Europa, usando uno o pi\u00f9 van.<\/p>\n<p>Sicuramente avrai valutato ogni tipo di servizio con diversi veicoli da trasloco. Usare un qualunque veicolo pi\u00f9 grande dei van Luton da 3,5 tonnellate potrebbe causare problemi di accesso; sicuramente non tutti possono far ritirare o consegnare da un TIR!<\/p>\n<p>Seppure siamo sicuri di poter raggiungere quasi tutte le localit\u00e0 con i nostri van da 35 q, ci saranno sempre occasioni in cui ci\u00f2 non \u00e8 possibile. In questi casi, European Moving pu\u00f2 organizzare un servizio navetta in loco per traghettare le tue merci dal van del trasloco a casa tua.<\/p>\n<p>Si prega di informare il coordinatore di trasloco il prima possibile se si intende richiedere un servizio navetta o se esistono preoccupazioni di qualunque tipo riguardanti l&#8217;accesso. Saremo sempre felici di poter discutere le opzioni pi\u00f9 nel dettaglio.<\/p>\n<p>Il costo di questo servizio dipende dalla localit\u00e0. Tuttavia, possiamo garantire i prezzi pi\u00f9 competitivi senza abbassare i nostri standard di qualit\u00e0. Le tue necessit\u00e0 individuali saranno sempre prese in considerazione per assicurare il servizio migliore possibile.<\/p>\n","protected":false},"excerpt":{"rendered":"<p>Servizi Extra: Imballaggio, forza lavoro extra e altro\u2026 Se il nostro semplice servizio Uomo &amp; Van LOW-COST non soddisfa completamente le tue necessit\u00e0, European Moving pu\u00f2 anche offrire un servizio completo di imballaggio e\/o disimballaggio. Questi servizi sono disponibili sono per uno o pi\u00f9 van a pieno carico. Servizi Extra: Servizi di imballaggio Verr\u00e0 fornito [&hellip;]<\/p>\n","protected":false},"author":13,"featured_media":0,"parent":0,"menu_order":0,"comment_status":"closed","ping_status":"closed","template":"","meta":[],"yst_prominent_words":[13597,13599,13598,13589,13590,13595,13588,13596,133,13593,13591,13586,13594,13587,13585,12179,13592,13601,12192,13600],"_links":{"self":[{"href":"https:\/\/europeanmoving.co.uk\/it\/wp-json\/wp\/v2\/pages\/13199"}],"collection":[{"href":"https:\/\/europeanmoving.co.uk\/it\/wp-json\/wp\/v2\/pages"}],"about":[{"href":"https:\/\/europeanmoving.co.uk\/it\/wp-json\/wp\/v2\/types\/page"}],"author":[{"embeddable":true,"href":"https:\/\/europeanmoving.co.uk\/it\/wp-json\/wp\/v2\/users\/13"}],"replies":[{"embeddable":true,"href":"https:\/\/europeanmoving.co.uk\/it\/wp-json\/wp\/v2\/comments?post=13199"}],"version-history":[{"count":4,"href":"https:\/\/europeanmoving.co.uk\/it\/wp-json\/wp\/v2\/pages\/13199\/revisions"}],"predecessor-version":[{"id":14798,"href":"https:\/\/europeanmoving.co.uk\/it\/wp-json\/wp\/v2\/pages\/13199\/revisions\/14798"}],"wp:attachment":[{"href":"https:\/\/europeanmoving.co.uk\/it\/wp-json\/wp\/v2\/media?parent=13199"}],"wp:term":[{"taxonomy":"yst_prominent_words","embeddable":true,"href":"https:\/\/europeanmoving.co.uk\/it\/wp-json\/wp\/v2\/yst_prominent_words?post=13199"}],"curies":[{"name":"wp","href":"https:\/\/api.w.org\/{rel}","templated":true}]}}