{"id":13194,"date":"2019-06-11T13:17:51","date_gmt":"2019-06-11T13:17:51","guid":{"rendered":"http:\/\/europeanmoving.co.uk\/?page_id=13194"},"modified":"2020-11-03T15:12:10","modified_gmt":"2020-11-03T15:12:10","slug":"traslochi-internazionali-traslochi-facili-2","status":"publish","type":"page","link":"https:\/\/europeanmoving.co.uk\/it\/traslochi-internazionali-traslochi-facili-2\/","title":{"rendered":"Traslochi Facili (EasyMoves)"},"content":{"rendered":"<h1><strong><span>Mosse facili<\/span><\/strong><\/h1>\n<p><b><span>La cosa pi\u00f9 importante da ricordare con EasyMoves \u00e8 che ciascuno dei nostri furgoni viene fornito con un solo conducente<\/span><\/b><\/p>\n<p><span>EasyMoves \u00e8 il nostro servizio di trasloco pi\u00f9 popolare per i clienti che richiedono un paio di mani in pi\u00f9.\u00a0Il nostro autista autorizzato ti assister\u00e0 con il carico e lo scarico da e al piano terra della tua propriet\u00e0, in qualsiasi stanza di tua scelta.\u00a0Se hai bisogno di assistenza da e per i piani superiori, parla con il tuo coordinatore del trasloco che sar\u00e0 in grado di organizzarlo per te, verranno applicati costi aggiuntivi.\u00a0Il costo di questo servizio si basa sul livello del pavimento e sulla disponibilit\u00e0 di un ascensore.<\/span><\/p>\n<p><img src=\"https:\/\/europeanmoving.im\/wp-content\/uploads\/2018\/08\/easymoves.png\" \/><\/p>\n<h2><strong><span>EasyMoves: carico \/ scarico<\/span><\/strong><\/h2>\n<p><span>Il nostro autista fornir\u00e0 assistenza per spostare la tua merce dal piano terra della tua propriet\u00e0 al momento del ritiro e al piano terra della tua propriet\u00e0 alla consegna in qualsiasi stanza di tua scelta.<\/span><\/p>\n<p><span>Ti preghiamo di comprendere che per mantenere i costi al minimo\u00a0<\/span><b><span>forniamo solo un autista per furgone<\/span><\/b><span>\u00a0.\u00a0\u00c8 quindi necessario fornire una forza lavoro adeguata di amici e \/ o familiari ad entrambe le estremit\u00e0 del trasloco.\u00a0Il numero di persone richieste dipende dalla natura, dal volume e dal peso dei tuoi articoli.\u00a0Le scatole possono essere facilmente movimentate da una persona se si mantiene il peso inferiore a 20 kg;\u00a0Un divano richiede un minimo di due persone e un ampio armadio per un totale di quattro persone in pi\u00f9.\u00a0In generale, per un furgone completo, riteniamo che almeno una persona per aiutare il conducente sia minimo, due o tre sono l&#8217;ideale.\u00a0Ricorda che conosci i tuoi articoli per la casa meglio di noi.<\/span><\/p>\n<p><span>Per carichi parziali pi\u00f9 piccoli da 10 a 20 scatole \u00e8 spesso possibile che l&#8217;autista faccia tutto il carico e lo scarico da solo a un costo aggiuntivo, si prega di parlare con il coordinatore del trasloco per maggiori dettagli.\u00a0Ricorda inoltre che questo \u00e8 possibile solo se ogni articolo o scatola pu\u00f2 essere trasportato da una persona.<\/span><\/p>\n<p><strong><span>EasyMoves: tempi di carico \/ scarico<\/span><\/strong><\/p>\n<h3><b><span>Servizio furgone dedicato &#8211; Pieno carico<\/span><\/b><\/h3>\n<p><span>Tempi di carico &#8211; 5 ore<\/span><br \/>\n<span>Tempi di scarico &#8211; 3 ore<\/span><\/p>\n<h3><b><span>Servizio a carico parziale<\/span><\/b><\/h3>\n<p><span>Tempi di caricamento &#8211; 2-3 ore<\/span><br \/>\n<span>Tempi di scarico &#8211; 1-2 ore<\/span><br \/>\n<strong><span>EasyMoves: Date e tempi di ritiro e consegna<\/span><\/strong><\/p>\n<h3><b><span>Servizio furgone dedicato &#8211; Pieno carico<\/span><\/b><\/h3>\n<p><span>Quando hai prenotato un furgone dedicato sul nostro servizio EasyMoves, puoi scegliere un giorno di ritiro a tua scelta dal luned\u00ec al sabato e la consegna sar\u00e0 diretta, il tempo di transito del viaggio dipender\u00e0 dalla distanza.\u00a0Se il tuo giorno di consegna \u00e8 pi\u00f9 importante, parla con il tuo coordinatore del trasloco che sar\u00e0 in grado di consigliarti il \u200b\u200bmiglior giorno di ritiro possibile per adattarlo.<\/span><br \/>\n<span>Puoi modificare la data scelta per il tuo ritiro fino a 3 giorni prima senza incorrere in alcun costo.\u00a0Tuttavia, se \u00e8 necessario modificarlo meno di 3 giorni prima che vengano applicati costi aggiuntivi per il ritiro.<\/span><br \/>\n<span>Avrai l&#8217;uso esclusivo del furgone e non condividerai lo spazio con le merci degli altri clienti.\u00a0Puoi utilizzare lo spazio e il peso di 20m3 o 1 tonnellata (furgone completo) come desideri.<\/span><b><span>Ricorda che il furgone pu\u00f2 trasportare una capacit\u00e0 massima di 20 m3 o 1 tonnellata, oppure, a seconda di quale viene raggiunta per prima.<\/span><\/b><br \/>\n<span>Puoi scegliere una fascia oraria mattutina o pomeridiana, la mattina \u00e8 compresa tra le 8:00 e le 12:00 e il pomeriggio tra le 12:00 e le 16:00 (ora del Regno Unito).\u00a0A causa della natura degli affari a volte possono verificarsi ritardi, pertanto non diamo orari specifici per il ritiro o la consegna.\u00a0Ogni volta che ti viene data, lo fai in buona fede.<\/span><br \/>\n<span>Si prega di tenere conto di potenziali ritardi poich\u00e9 alcuni problemi non possono essere evitati, ad esempio problemi di traffico o meccanici.\u00a0<\/span><b><span>Non compensiamo ritardi o consegne in ritardo.<\/span><\/b><\/p>\n<h3><b><span>Servizio a carico parziale<\/span><\/b><\/h3>\n<p><span>Abbiamo bisogno di una finestra di 3 giorni lavorativi per il ritiro.\u00a0Ovviamente, non ci aspettiamo che tu rimanga durante questo periodo e cercheremo di darti un preavviso minimo di 24 ore;\u00a0tuttavia, se quel giorno avessimo spazio disponibile su uno dei nostri furgoni nella tua zona, potremmo chiamarti per offrirti anche questa opzione.<\/span><br \/>\n<span>Abbiamo anche bisogno che qualcuno sia disponibile dalle 8:00 alle 18:00 (ora del Regno Unito).\u00a0Tieni presente che a volte possono verificarsi ritardi a causa dei molteplici ritiri e consegne.\u00a0Se l&#8217;autista subisce un grave ritardo, potremmo posticipare il ritiro fino al mattino successivo.<\/span><br \/>\n<b><span>Non compensiamo ritardi o consegne in ritardo.<\/span><\/b><br \/>\n<span>La consegna per carichi parziali \u00e8 generalmente compresa tra 1 giorno e 14 giorni a seconda del percorso.\u00a0Qualcuno deve essere disponibile a prendere in consegna il pi\u00f9 presto possibile.\u00a0Cercheremo sempre di inviare la merce direttamente.\u00a0Possiamo comunque portarli al nostro deposito per il groupage con altri carichi che vanno nella stessa direzione.\u00a0Il tuo coordinatore del trasloco ti informer\u00e0 di questo quando confermer\u00e0 la data di ritiro.<\/span><br \/>\n<span>Tuttavia, se non hai la flessibilit\u00e0 necessaria per le date di ritiro e consegna, potresti prendere in considerazione un furgone dedicato (a pieno carico).\u00a0Probabilmente sar\u00e0 ancora pi\u00f9 economico della maggior parte della nostra concorrenza.<\/span><\/p>\n<p><strong><span>EasyMoves: Inventory<\/span><\/strong><\/p>\n<p><span>Ti chiediamo gentilmente di fornire una copia del tuo inventario al tuo coordinatore del trasloco 3-5 giorni prima del ritiro.\u00a0Ci\u00f2 consentir\u00e0 loro di stabilire e confermare la capacit\u00e0 cubica.<\/span><\/p>\n<p><b><span>Ricorda che \u00e8 impossibile per noi stimare il peso.<\/span><\/b><\/p>\n<p><span>Sar\u00e0 inoltre necessario stampare due copie dell&#8217;inventario in formato cartaceo pronte per il giorno del ritiro.\u00a0Tu o il tuo rappresentante dovrete controllare le vostre merci dentro e fuori dal furgone rispetto a questo inventario insieme all&#8217;autista.\u00a0Una copia \u00e8 per te e una per il conducente.\u00a0Entrambi dovrebbero firmare ogni inventario al momento della raccolta e della consegna.<\/span><\/p>\n<p><b><span>Nota: se desideri inviare le tue merci senza inventario, lo fai a tuo rischio e pericolo.<\/span><\/b><\/p>\n<p><b><span>La dogana pu\u00f2 anche chiedere di vedere un elenco se ferma il furgone a un confine.<\/span><\/b><\/p>\n<p><b><span>Si prega di leggere la nostra\u00a0<\/span><a href=\"https:\/\/europeanmoving.im\/movers-guide\/\" target=\"_blank\" rel=\"noopener noreferrer\"><span>guida<\/span><\/a><span>\u00a0ai\u00a0<a href=\"https:\/\/europeanmoving.im\/movers-guide\/\" target=\"_blank\" rel=\"noopener noreferrer\">traslocatori<\/a>\u00a0per altri suggerimenti utili.\u00a0<\/span><\/b><strong><span>EasyMoves: carica volume e peso<\/span><\/strong><\/p>\n<p><span>Utilizziamo principalmente furgoni Luton da 3,5 tonnellate.\u00a0Hanno la capacit\u00e0 standard per questo tipo di veicolo nel settore dei trasporti.\u00a0La pi\u00f9 grande considerazione quando si sposta la merce deve essere il peso.\u00a0I nostri furgoni possono trasportare tra 20 m3 e 24 m3 di volume con un carico utile di 1000 kg.\u00a0Alcuni paesi, come Svizzera, Norvegia e Austria riducono la capacit\u00e0 legale a 800 kg.\u00a0Il limite di peso rimane lo stesso indipendentemente dal fatto che il furgone sia di 20 m3 o 24 m3.<\/span><\/p>\n<p><b><span>La tua prenotazione sar\u00e0 sempre basata sulla capacit\u00e0 cubica O sul peso, a seconda di quale viene raggiunto per primo.<\/span><\/b><\/p>\n<p><span>Potresti considerare che se hai molte scatole del peso di 20 kg ciascuna, potrai caricare solo 50 scatole sul furgone prima di raggiungere il limite di peso.\u00a0Ci\u00f2 significa che sebbene il tuo furgone possa essere solo mezzo pieno di volume, sar\u00e0 a pieno carico.\u00a0<\/span><u><b><span>Legalmente<\/span><\/b><\/u><span>\u00a0non pu\u00f2\u00a0durare pi\u00f9 di questo.<\/span><\/p>\n<p><b><span>Nota<\/span><\/b><span>\u00a0: la maggior parte dei nostri furgoni\u00a0<\/span><b><span>non \u00e8 dotata di sponda idraulica.\u00a0<\/span><\/b><span>Potremmo, tuttavia, essere in grado di fornirti uno a un costo aggiuntivo e soggetto a disponibilit\u00e0.\u00a0Attenzione per\u00f2 che l&#8217;idraulica riduce il peso massimo di altri 250 kg (non influisce sul volume).<\/span><\/p>\n<p><strong><span>EasyMoves: imballaggio<\/span><\/strong><\/p>\n<p><span>Tutte le merci devono essere adeguatamente imballate e protette prima del ritiro.\u00a0I furgoni non trasportano coperte in movimento e \/ o attrezzatura di carico.<\/span><\/p>\n<p><span>Si prega di consultare la nostra\u00a0<\/span><a href=\"https:\/\/europeanmoving.im\/en\/movers-guide-table\/\" target=\"_blank\" rel=\"noopener noreferrer\"><b><span>Guida ai traslochi<\/span><\/b><\/a><span>\u00a0e, pi\u00f9 specificamente, i nostri\u00a0<\/span><a href=\"https:\/\/europeanmoving.im\/en\/movers-guide-table\/general-info-for-moving-to-a-new-country\/\" target=\"_blank\" rel=\"noopener noreferrer\"><b><span>suggerimenti per l&#8217;imballaggio<\/span><\/b><\/a><span>\u00a0.<\/span><\/p>\n<p><b><span>Non dimenticare di leggere la nostra\u00a0<\/span><a href=\"https:\/\/europeanmoving.im\/en\/removals-insurance-and-compensation\/\" target=\"_blank\" rel=\"noopener noreferrer\"><span>pagina sulle assicurazioni<\/span><\/a><\/b><\/p>\n<p><b><span>Se riesci a trovare un numero sufficiente di amici, familiari o vicini per aiutarti sia con il carico che con lo scarico, potresti prendere in considerazione il\u00a0<\/span><a href=\"https:\/\/europeanmoving.im\/en\/international-load-and-go-transport-only-service\/\" target=\"_blank\" rel=\"noopener noreferrer\"><span>nostro servizio Load &amp; Go<\/span><\/a><span>\u00a0in quanto \u00e8 ancora pi\u00f9 economico<\/span><\/b><\/p>\n","protected":false},"excerpt":{"rendered":"<p>Mosse facili La cosa pi\u00f9 importante da ricordare con EasyMoves \u00e8 che ciascuno dei nostri furgoni viene fornito con un solo conducente EasyMoves \u00e8 il nostro servizio di trasloco pi\u00f9 popolare per i clienti che richiedono un paio di mani in pi\u00f9.\u00a0Il nostro autista autorizzato ti assister\u00e0 con il carico e lo scarico da e [&hellip;]<\/p>\n","protected":false},"author":13,"featured_media":0,"parent":0,"menu_order":0,"comment_status":"closed","ping_status":"closed","template":"","meta":[],"yst_prominent_words":[],"_links":{"self":[{"href":"https:\/\/europeanmoving.co.uk\/it\/wp-json\/wp\/v2\/pages\/13194"}],"collection":[{"href":"https:\/\/europeanmoving.co.uk\/it\/wp-json\/wp\/v2\/pages"}],"about":[{"href":"https:\/\/europeanmoving.co.uk\/it\/wp-json\/wp\/v2\/types\/page"}],"author":[{"embeddable":true,"href":"https:\/\/europeanmoving.co.uk\/it\/wp-json\/wp\/v2\/users\/13"}],"replies":[{"embeddable":true,"href":"https:\/\/europeanmoving.co.uk\/it\/wp-json\/wp\/v2\/comments?post=13194"}],"version-history":[{"count":12,"href":"https:\/\/europeanmoving.co.uk\/it\/wp-json\/wp\/v2\/pages\/13194\/revisions"}],"predecessor-version":[{"id":21918,"href":"https:\/\/europeanmoving.co.uk\/it\/wp-json\/wp\/v2\/pages\/13194\/revisions\/21918"}],"wp:attachment":[{"href":"https:\/\/europeanmoving.co.uk\/it\/wp-json\/wp\/v2\/media?parent=13194"}],"wp:term":[{"taxonomy":"yst_prominent_words","embeddable":true,"href":"https:\/\/europeanmoving.co.uk\/it\/wp-json\/wp\/v2\/yst_prominent_words?post=13194"}],"curies":[{"name":"wp","href":"https:\/\/api.w.org\/{rel}","templated":true}]}}