{"id":7736,"date":"2018-07-31T12:03:44","date_gmt":"2018-07-31T12:03:44","guid":{"rendered":"http:\/\/europeanmoving.co.uk\/?page_id=7736"},"modified":"2020-09-17T13:18:37","modified_gmt":"2020-09-17T13:18:37","slug":"politique-de-confidentialite","status":"publish","type":"page","link":"https:\/\/europeanmoving.co.uk\/fr\/politique-de-confidentialite\/","title":{"rendered":"Politique de Confidentialit\u00e9"},"content":{"rendered":"<h1><span>Politique de confidentialit\u00e9<\/span><\/h1>\n<p><strong><span>EuropeanMoving Holdings Ltd s&rsquo;engage \u00e0 pr\u00e9server la confidentialit\u00e9 de tous les visiteurs de Europeanmoving.eu<\/span><\/strong><br \/>\n<strong><span>Lisez la politique de confidentialit\u00e9 suivante pour comprendre comment nous utilisons et prot\u00e9geons les informations que vous nous fournissez.<\/span><\/strong><br \/>\n<strong><span>En effectuant une demande via ce site, vous consentez \u00e0 la collecte, l&rsquo;utilisation et le transfert de vos informations conform\u00e9ment aux termes de cette politique.<\/span><\/strong><\/p>\n<h2><span>Les informations que nous recueillons aupr\u00e8s de vous<\/span><\/h2>\n<p><span>Lorsque vous nous contactez via www.europeanmoving.eu, il vous sera demand\u00e9 de fournir certaines informations vous concernant, y compris votre nom, votre adresse e-mail et des informations de navigation sur votre utilisation du site web European Moving (telles que des informations sur votre type de navigateur et les pages du site Web que vous visitez).\u00a0Nous pouvons \u00e9galement collecter des informations vous concernant \u00e0 partir d&rsquo;e-mails ou de lettres que vous nous envoyez ou d&rsquo;appels t\u00e9l\u00e9phoniques avec vous.<\/span><\/p>\n<h2><span>Biscuits<\/span><\/h2>\n<p><span>Lorsque vous visitez ce site Web, nous pouvons utiliser des cookies pour collecter certaines informations de navigation sur votre utilisation du site Web European Moving.\u00a0Les cookies sont de petits fichiers de donn\u00e9es qui sont stock\u00e9s par votre navigateur sur le disque dur de votre ordinateur et les d\u00e9tails des informations de navigation collect\u00e9es par European Moving sont d\u00e9crits ci-dessus.\u00a0Nous utilisons \u00e9galement JavaScript pour acc\u00e9l\u00e9rer votre exp\u00e9rience du site Web European Moving.<\/span><br \/>\n<span>Vous pouvez modifier les param\u00e8tres de votre navigateur pour refuser ou supprimer les cookies ou JavaScript, mais veuillez noter que, si vous le faites, cela peut alt\u00e9rer la fonctionnalit\u00e9 du site Web European Moving.\u00a0Comme la m\u00e9thode par laquelle vous pouvez choisir de refuser ou de supprimer les cookies ou JavaScript varie d&rsquo;un navigateur \u00e0 l&rsquo;autre, veuillez consulter le menu Aide de votre navigateur pour plus d&rsquo;informations.<\/span><\/p>\n<h3><span>Utilisation de vos informations<\/span><\/h3>\n<p><span>Vos informations nous permettront de fournir les informations que vous avez demand\u00e9es.\u00a0Cela nous permettra \u00e9galement de vous contacter si n\u00e9cessaire concernant votre demande.\u00a0Nous utiliserons et analyserons \u00e9galement les informations que nous collectons afin de pouvoir administrer, soutenir, am\u00e9liorer et d\u00e9velopper notre activit\u00e9.<\/span><\/p>\n<h2><span>Divulgation de vos informations<\/span><\/h2>\n<p><span>Les informations que vous nous fournissez seront conserv\u00e9es au Royaume-Uni et consult\u00e9es par notre personnel ou des agents d\u00e9sign\u00e9s travaillant au Royaume-Uni ou transmises \u00e0 ceux-ci.\u00a0Sauf si la loi l&rsquo;exige, nous ne partagerons, vendrons ou distribuerons aucune des informations que vous nous fournissez sans votre consentement.<\/span><\/p>\n<h2><span>S\u00e9curit\u00e9 et conservation des donn\u00e9es<\/span><\/h2>\n<p><span>Nous utilisons des mesures de s\u00e9curit\u00e9 pour prot\u00e9ger vos informations contre l&rsquo;acc\u00e8s par des personnes non autoris\u00e9es et contre le traitement ill\u00e9gal, la perte accidentelle, la destruction et les dommages.\u00a0Nous conserverons vos informations pendant une p\u00e9riode raisonnable ou aussi longtemps que la loi l&rsquo;autorise, selon la p\u00e9riode la plus courte.<\/span><\/p>\n<h2><span>Acc\u00e8s et mise \u00e0 jour<\/span><\/h2>\n<p><span>Vous avez le droit de voir les informations d\u00e9tenues \u00e0 votre sujet et vous pouvez nous demander d&rsquo;apporter les modifications n\u00e9cessaires pour nous assurer qu&rsquo;elles sont exactes et mises \u00e0 jour.\u00a0Si vous souhaitez le faire, veuillez nous contacter.\u00a0Nous sommes autoris\u00e9s par la loi \u00e0 facturer des frais pour couvrir nos co\u00fbts en vous fournissant des d\u00e9tails sur les informations que nous d\u00e9tenons \u00e0 votre sujet.<\/span><\/p>\n<h2><span>Modifications de notre politique de confidentialit\u00e9<\/span><\/h2>\n<p><span>Toute modification de notre politique de confidentialit\u00e9 \u00e0 l&rsquo;avenir sera publi\u00e9e sur le site et, le cas \u00e9ch\u00e9ant, par notification par courrier \u00e9lectronique.<\/span><\/p>\n<h2><span>Contact<\/span><\/h2>\n<p><span>Tous les commentaires, questions et demandes concernant notre utilisation de vos informations sont les bienvenus et doivent \u00eatre adress\u00e9s \u00e0:<\/span><\/p>\n<p><span>European Moving<\/span><br \/>\n<span>Park Farm Close, Folkestone, Kent<\/span><br \/>\n<span>CT19 5DU<\/span><br \/>\n<span>T\u00e9l\u00e9phone: +44 (0) 203621 9930<\/span><\/p>\n<p><a href=\"https:\/\/europeanmoving.co.uk\/wp-content\/uploads\/2018\/07\/privacy-policy-Europeanmoving-2018.pdf\" target=\"_blank\" rel=\"noopener noreferrer\"><strong><span>Consultez notre politique de confidentialit\u00e9<\/span><\/strong><\/a><\/p>\n","protected":false},"excerpt":{"rendered":"<p>Politique de confidentialit\u00e9 EuropeanMoving Holdings Ltd s&rsquo;engage \u00e0 pr\u00e9server la confidentialit\u00e9 de tous les visiteurs de Europeanmoving.eu Lisez la politique de confidentialit\u00e9 suivante pour comprendre comment nous utilisons et prot\u00e9geons les informations que vous nous fournissez. En effectuant une demande via ce site, vous consentez \u00e0 la collecte, l&rsquo;utilisation et le transfert de vos informations [&hellip;]<\/p>\n","protected":false},"author":13,"featured_media":0,"parent":0,"menu_order":0,"comment_status":"closed","ping_status":"closed","template":"","meta":[],"yst_prominent_words":[],"_links":{"self":[{"href":"https:\/\/europeanmoving.co.uk\/fr\/wp-json\/wp\/v2\/pages\/7736"}],"collection":[{"href":"https:\/\/europeanmoving.co.uk\/fr\/wp-json\/wp\/v2\/pages"}],"about":[{"href":"https:\/\/europeanmoving.co.uk\/fr\/wp-json\/wp\/v2\/types\/page"}],"author":[{"embeddable":true,"href":"https:\/\/europeanmoving.co.uk\/fr\/wp-json\/wp\/v2\/users\/13"}],"replies":[{"embeddable":true,"href":"https:\/\/europeanmoving.co.uk\/fr\/wp-json\/wp\/v2\/comments?post=7736"}],"version-history":[{"count":9,"href":"https:\/\/europeanmoving.co.uk\/fr\/wp-json\/wp\/v2\/pages\/7736\/revisions"}],"predecessor-version":[{"id":22213,"href":"https:\/\/europeanmoving.co.uk\/fr\/wp-json\/wp\/v2\/pages\/7736\/revisions\/22213"}],"wp:attachment":[{"href":"https:\/\/europeanmoving.co.uk\/fr\/wp-json\/wp\/v2\/media?parent=7736"}],"wp:term":[{"taxonomy":"yst_prominent_words","embeddable":true,"href":"https:\/\/europeanmoving.co.uk\/fr\/wp-json\/wp\/v2\/yst_prominent_words?post=7736"}],"curies":[{"name":"wp","href":"https:\/\/api.w.org\/{rel}","templated":true}]}}