{"id":7357,"date":"2018-07-26T14:58:24","date_gmt":"2018-07-26T14:58:24","guid":{"rendered":"http:\/\/europeanmoving.co.uk\/?page_id=7357"},"modified":"2020-09-17T10:27:25","modified_gmt":"2020-09-17T10:27:25","slug":"logistique-fiable-pour-entreprises","status":"publish","type":"page","link":"https:\/\/europeanmoving.co.uk\/fr\/logistique-fiable-pour-entreprises\/","title":{"rendered":"Logistique fiable pour entreprises europ\u00e9ennes"},"content":{"rendered":"<h2><strong><span>Services de logistique et de transport europ\u00e9ens et internationaux<\/span><\/strong><\/h2>\n<p><span>Nous comprenons que votre priorit\u00e9 absolue est de livrer vos produits \u00e0 vos clients \u00e0 temps et dans leur int\u00e9gralit\u00e9.\u00a0Nous proposons une gamme compl\u00e8te de solutions logistiques de transport pour vous assurer la flexibilit\u00e9 d&rsquo;envoyer des charges de tailles vari\u00e9es sans avoir \u00e0 trouver un nouveau fournisseur.\u00a0Nos services de logistique de transport comprennent la distribution de contrat, le transport ad hoc, le groupage, les livraisons avec hayon \u00e9l\u00e9vateur, les remorques \u00e0 deux niveaux, la logistique inverse, les v\u00e9hicules \u00e0 rideaux coulissants, la livraison le lendemain, les livraisons chronom\u00e9tr\u00e9es, les livraisons le matin ou le soir.\u00a0Vous pouvez \u00eatre assur\u00e9 que nous serons en mesure de livrer vos articles, quelle que soit leur taille.\u00a0Nous vous invitons \u00e0 nous demander conseil pour choisir la bonne solution;\u00a0notre \u00e9quipe de transport, qui a plus de 12 ans d&rsquo;exp\u00e9rience, se fera un plaisir de vous aider.\u00a0Notre groupe de partenaires op\u00e8re \u00e0 l&rsquo;\u00e9chelle nationale au Royaume-Uni et fournit \u00e0 la fois des charges compl\u00e8tes, des charges partielles et des charges consolid\u00e9es.<\/span><\/p>\n","protected":false},"excerpt":{"rendered":"<p>Services de logistique et de transport europ\u00e9ens et internationaux Nous comprenons que votre priorit\u00e9 absolue est de livrer vos produits \u00e0 vos clients \u00e0 temps et dans leur int\u00e9gralit\u00e9.\u00a0Nous proposons une gamme compl\u00e8te de solutions logistiques de transport pour vous assurer la flexibilit\u00e9 d&rsquo;envoyer des charges de tailles vari\u00e9es sans avoir \u00e0 trouver un nouveau [&hellip;]<\/p>\n","protected":false},"author":13,"featured_media":0,"parent":0,"menu_order":0,"comment_status":"closed","ping_status":"closed","template":"","meta":[],"yst_prominent_words":[1022,3823,4260,3952,3469,409,3470,3516,9234,5299,5750,240,3862],"_links":{"self":[{"href":"https:\/\/europeanmoving.co.uk\/fr\/wp-json\/wp\/v2\/pages\/7357"}],"collection":[{"href":"https:\/\/europeanmoving.co.uk\/fr\/wp-json\/wp\/v2\/pages"}],"about":[{"href":"https:\/\/europeanmoving.co.uk\/fr\/wp-json\/wp\/v2\/types\/page"}],"author":[{"embeddable":true,"href":"https:\/\/europeanmoving.co.uk\/fr\/wp-json\/wp\/v2\/users\/13"}],"replies":[{"embeddable":true,"href":"https:\/\/europeanmoving.co.uk\/fr\/wp-json\/wp\/v2\/comments?post=7357"}],"version-history":[{"count":4,"href":"https:\/\/europeanmoving.co.uk\/fr\/wp-json\/wp\/v2\/pages\/7357\/revisions"}],"predecessor-version":[{"id":22106,"href":"https:\/\/europeanmoving.co.uk\/fr\/wp-json\/wp\/v2\/pages\/7357\/revisions\/22106"}],"wp:attachment":[{"href":"https:\/\/europeanmoving.co.uk\/fr\/wp-json\/wp\/v2\/media?parent=7357"}],"wp:term":[{"taxonomy":"yst_prominent_words","embeddable":true,"href":"https:\/\/europeanmoving.co.uk\/fr\/wp-json\/wp\/v2\/yst_prominent_words?post=7357"}],"curies":[{"name":"wp","href":"https:\/\/api.w.org\/{rel}","templated":true}]}}