{"id":7347,"date":"2018-04-08T18:14:37","date_gmt":"2018-04-08T18:14:37","guid":{"rendered":"http:\/\/europeanmoving.co.uk\/?page_id=7347"},"modified":"2020-09-17T10:09:11","modified_gmt":"2020-09-17T10:09:11","slug":"reseau-transport-palettes-groupage","status":"publish","type":"page","link":"https:\/\/europeanmoving.co.uk\/fr\/reseau-transport-palettes-groupage\/","title":{"rendered":"R\u00e9seau de transport pour palettes et groupage"},"content":{"rendered":"<h1 class=\"title-heading-left\"><strong><span>R\u00e9seau europ\u00e9en de palettes et de groupage<\/span><\/strong><\/h1>\n<p><span>L&rsquo;exp\u00e9dition repr\u00e9sente une d\u00e9pense consid\u00e9rable pour des millions d&rsquo;entreprises europ\u00e9ennes.\u00a0Mais avec l&rsquo;aide de notre r\u00e9seau europ\u00e9en de palettes et de groupage, nous proposons une gamme de services pour couvrir ces co\u00fbts.<\/span><\/p>\n<p><img src=\"https:\/\/europeanmoving.im\/wp-content\/uploads\/2018\/07\/pallets-transport.jpg\" \/><\/p>\n<p><span>Le groupage est l&rsquo;un de ces services.\u00a0En emballant de plus petites charges dans un seul envoi, nous sommes en mesure de fournir des d\u00e9m\u00e9nagements internationaux plus \u00e9conomiques et plus respectueux de l&rsquo;environnement.\u00a0Le groupage est une option judicieuse pour les petits envois qui ne peuvent justifier \u00e0 eux seuls un camion entier.\u00a0Cela permettra de diviser des charges plus importantes en plus petites sans qu&rsquo;aucun camion suppl\u00e9mentaire ne doive quitter le d\u00e9p\u00f4t.<\/span><br \/>\n<span>Un groupage efficace n\u00e9cessite une coordination sophistiqu\u00e9e, du type qui ne vient qu&rsquo;avec l&rsquo;exp\u00e9rience.\u00a0Nous avons affin\u00e9 nos m\u00e9thodes en huit ans, transportant des marchandises \u00e0 travers l&rsquo;Europe.\u00a0Avec un r\u00e9seau europ\u00e9en de palettes et de groupage de partenaires de confiance \u00e0 notre disposition, nous sommes en mesure de tout orchestrer avec pr\u00e9cision.\u00a0Les envois sont guid\u00e9s vers leurs destinations en passant par des hubs sans friction.<\/span><\/p>\n<h2><strong><span>La r\u00e9volution du stockage<\/span><\/strong><\/h2>\n<p><span>Les palettes empilables sont avec nous dans leur forme actuelle depuis le d\u00e9veloppement du chariot \u00e9l\u00e9vateur au milieu du 20e si\u00e8cle.\u00a0Ils trouvent une utilisation croissante dans le secteur de la consommation ainsi que dans leur innovation traditionnelle interentreprises.<\/span><br \/>\n<span>La palette a r\u00e9volutionn\u00e9 le stockage et l&rsquo;entreposage, permettant m\u00eame aux articles les plus lourds d&rsquo;\u00eatre soulev\u00e9s verticalement.\u00a0\u00c0 l&rsquo;aide d&rsquo;un chariot \u00e9l\u00e9vateur d\u00e9di\u00e9 ou d&rsquo;un hayon \u00e9l\u00e9vateur mont\u00e9 \u00e0 l&rsquo;arri\u00e8re d&rsquo;un camion.\u00a0Que vous souhaitiez exp\u00e9dier une palette ou cinq cents, nous sommes en mesure de les acheminer partout en Europe o\u00f9 vous en avez besoin.<\/span><br \/>\n<span>Si vous exp\u00e9diez quelque chose de particuli\u00e8rement pr\u00e9cieux ou fragile, nous pouvons fournir un service direct qui minimisera la manipulation et vous prot\u00e9gera contre la possibilit\u00e9 de dommages accidentels.\u00a0Aussi simples ou complexes que soient vos besoins d&rsquo;exp\u00e9dition, nous avons un service qui peut y r\u00e9pondre.\u00a0De plus, notre personnel exp\u00e9riment\u00e9 est toujours heureux de vous aider et de vous conseiller pour garantir le meilleur r\u00e9sultat.\u00a0Pourquoi ne pas contacter notre bureau et voir ce que notre service de d\u00e9m\u00e9nagement europ\u00e9en peut faire pour vous?<\/span><\/p>\n","protected":false},"excerpt":{"rendered":"<p>R\u00e9seau europ\u00e9en de palettes et de groupage L&rsquo;exp\u00e9dition repr\u00e9sente une d\u00e9pense consid\u00e9rable pour des millions d&rsquo;entreprises europ\u00e9ennes.\u00a0Mais avec l&rsquo;aide de notre r\u00e9seau europ\u00e9en de palettes et de groupage, nous proposons une gamme de services pour couvrir ces co\u00fbts. Le groupage est l&rsquo;un de ces services.\u00a0En emballant de plus petites charges dans un seul envoi, nous [&hellip;]<\/p>\n","protected":false},"author":13,"featured_media":0,"parent":0,"menu_order":0,"comment_status":"closed","ping_status":"closed","template":"","meta":[],"yst_prominent_words":[5272,5364,5404,5401,5402,5405,5403],"_links":{"self":[{"href":"https:\/\/europeanmoving.co.uk\/fr\/wp-json\/wp\/v2\/pages\/7347"}],"collection":[{"href":"https:\/\/europeanmoving.co.uk\/fr\/wp-json\/wp\/v2\/pages"}],"about":[{"href":"https:\/\/europeanmoving.co.uk\/fr\/wp-json\/wp\/v2\/types\/page"}],"author":[{"embeddable":true,"href":"https:\/\/europeanmoving.co.uk\/fr\/wp-json\/wp\/v2\/users\/13"}],"replies":[{"embeddable":true,"href":"https:\/\/europeanmoving.co.uk\/fr\/wp-json\/wp\/v2\/comments?post=7347"}],"version-history":[{"count":6,"href":"https:\/\/europeanmoving.co.uk\/fr\/wp-json\/wp\/v2\/pages\/7347\/revisions"}],"predecessor-version":[{"id":22092,"href":"https:\/\/europeanmoving.co.uk\/fr\/wp-json\/wp\/v2\/pages\/7347\/revisions\/22092"}],"wp:attachment":[{"href":"https:\/\/europeanmoving.co.uk\/fr\/wp-json\/wp\/v2\/media?parent=7347"}],"wp:term":[{"taxonomy":"yst_prominent_words","embeddable":true,"href":"https:\/\/europeanmoving.co.uk\/fr\/wp-json\/wp\/v2\/yst_prominent_words?post=7347"}],"curies":[{"name":"wp","href":"https:\/\/api.w.org\/{rel}","templated":true}]}}