{"id":7344,"date":"2018-07-26T14:52:15","date_gmt":"2018-07-26T14:52:15","guid":{"rendered":"http:\/\/europeanmoving.co.uk\/?page_id=7344"},"modified":"2020-09-17T10:17:10","modified_gmt":"2020-09-17T10:17:10","slug":"service-de-camionnage-express","status":"publish","type":"page","link":"https:\/\/europeanmoving.co.uk\/fr\/service-de-camionnage-express\/","title":{"rendered":"Service de camionnage Express"},"content":{"rendered":"<h2><strong><span>Camionnettes et camions express europ\u00e9ens et britanniques<\/span><\/strong><\/h2>\n<p><span>Si vous \u00eates bas\u00e9 en Europe et que vous recherchez un service de camionnettes et de camions express europ\u00e9ens et britanniques, ne cherchez pas plus loin.\u00a0Ces services sont notre sp\u00e9cialit\u00e9.\u00a0Ayant \u00e9tabli des partenariats solides avec des entreprises de transport \u00e0 travers le continent, nous pouvons charger en deux heures depuis la plupart des villes europ\u00e9ennes.\u00a0Il n&rsquo;est pas \u00e9tonnant que tant de personnes se fient \u00e0 nous pour mener \u00e0 bien leurs d\u00e9m\u00e9nagements internationaux.<\/span><br \/>\n<span>Dans le monde du transport longue distance, le temps est primordial.\u00a0Une seule livraison tardive ou manqu\u00e9e peut avoir des effets d&rsquo;entra\u00eenement qui se font sentir pendant des mois apr\u00e8s.\u00a0Notre service de livraison express prot\u00e8ge contre cette possibilit\u00e9 de deux mani\u00e8res principales.<\/span><br \/>\n<span>Tout d&rsquo;abord, nous proposons un service d\u00e9di\u00e9, r\u00e9serv\u00e9 uniquement pour vous et vos marchandises.\u00a0Nous pouvons ainsi \u00e9viter de zigzaguer d&rsquo;un endroit \u00e0 l&rsquo;autre sur le chemin de notre destination.\u00a0Au lieu de cela, votre chauffeur proc\u00e9dera aussi directement que possible.<\/span><br \/>\n<span>Deuxi\u00e8mement, nos chauffeurs b\u00e9n\u00e9ficient de la navigation par satellite europ\u00e9enne et peuvent emprunter l&rsquo;itin\u00e9raire le plus rapide, \u00e9vitant ainsi tout probl\u00e8me de circulation en cours de route.\u00a0Cela nous permet \u00e9galement de vous tenir au courant de la progression de votre v\u00e9hicule tout au long du trajet.<\/span><\/p>\n<h2><strong><span>Camionnettes et camions express<\/span><\/strong><\/h2>\n<p><span>Nos camionnettes et camions express sont pour la plupart c\u00f4t\u00e9 rideau.\u00a0Mais si vous avez une charge de grande valeur \u00e0 transporter, nous pouvons vous fournir un v\u00e9hicule fourgon avec hayon \u00e9l\u00e9vateur.\u00a0Qu&rsquo;il s&rsquo;agisse du stock de mat\u00e9riel informatique d&rsquo;un bureau entier ou d&rsquo;une seule peinture \u00e0 l&rsquo;huile de valeur.\u00a0Nous avons les ressources n\u00e9cessaires pour l&rsquo;exp\u00e9dier partout en Europe.<\/span><br \/>\n<span>Nous effectuons des d\u00e9m\u00e9nagements en Europe depuis 2010 et depuis, nous avons accumul\u00e9 une solide exp\u00e9rience.\u00a0En termes simples, nous avons vu et abord\u00e9 \u00e0 peu pr\u00e8s tous les probl\u00e8mes qui surviennent sur les routes europ\u00e9ennes, et nous pouvons compter sur nous pour acheminer vos marchandises l\u00e0 o\u00f9 elles doivent \u00eatre, en ligne aussi droite que possible.<\/span><br \/>\n<span>Si vous souhaitez profiter de notre service de camionnettes et de camions express europ\u00e9ens et britanniques, contactez-nous.\u00a0Si vous devez emporter vos articles n&rsquo;importe o\u00f9 sur le continent, nous discuterons de vos besoins et organiserons une livraison express pour que le travail soit fait directement.<\/span><\/p>\n","protected":false},"excerpt":{"rendered":"<p>Camionnettes et camions express europ\u00e9ens et britanniques Si vous \u00eates bas\u00e9 en Europe et que vous recherchez un service de camionnettes et de camions express europ\u00e9ens et britanniques, ne cherchez pas plus loin.\u00a0Ces services sont notre sp\u00e9cialit\u00e9.\u00a0Ayant \u00e9tabli des partenariats solides avec des entreprises de transport \u00e0 travers le continent, nous pouvons charger en deux [&hellip;]<\/p>\n","protected":false},"author":13,"featured_media":0,"parent":0,"menu_order":0,"comment_status":"closed","ping_status":"closed","template":"","meta":[],"yst_prominent_words":[],"_links":{"self":[{"href":"https:\/\/europeanmoving.co.uk\/fr\/wp-json\/wp\/v2\/pages\/7344"}],"collection":[{"href":"https:\/\/europeanmoving.co.uk\/fr\/wp-json\/wp\/v2\/pages"}],"about":[{"href":"https:\/\/europeanmoving.co.uk\/fr\/wp-json\/wp\/v2\/types\/page"}],"author":[{"embeddable":true,"href":"https:\/\/europeanmoving.co.uk\/fr\/wp-json\/wp\/v2\/users\/13"}],"replies":[{"embeddable":true,"href":"https:\/\/europeanmoving.co.uk\/fr\/wp-json\/wp\/v2\/comments?post=7344"}],"version-history":[{"count":3,"href":"https:\/\/europeanmoving.co.uk\/fr\/wp-json\/wp\/v2\/pages\/7344\/revisions"}],"predecessor-version":[{"id":22099,"href":"https:\/\/europeanmoving.co.uk\/fr\/wp-json\/wp\/v2\/pages\/7344\/revisions\/22099"}],"wp:attachment":[{"href":"https:\/\/europeanmoving.co.uk\/fr\/wp-json\/wp\/v2\/media?parent=7344"}],"wp:term":[{"taxonomy":"yst_prominent_words","embeddable":true,"href":"https:\/\/europeanmoving.co.uk\/fr\/wp-json\/wp\/v2\/yst_prominent_words?post=7344"}],"curies":[{"name":"wp","href":"https:\/\/api.w.org\/{rel}","templated":true}]}}