{"id":7342,"date":"2018-07-26T14:50:17","date_gmt":"2018-07-26T14:50:17","guid":{"rendered":"http:\/\/europeanmoving.co.uk\/?page_id=7342"},"modified":"2020-09-17T10:00:23","modified_gmt":"2020-09-17T10:00:23","slug":"distribution-europeenne-importation-et-exportation","status":"publish","type":"page","link":"https:\/\/europeanmoving.co.uk\/fr\/distribution-europeenne-importation-et-exportation\/","title":{"rendered":"Distribution europ\u00e9enne : Importation et Exportation"},"content":{"rendered":"<h2><strong><span>Une paire de mains s\u00fbre<\/span><\/strong><\/h2>\n<p><span>Exporter vers l&rsquo;Europe peut \u00eatre une affaire d\u00e9licate.\u00a0Les entreprises qui ach\u00e8tent et vendent \u00e0 travers les fronti\u00e8res internationales ont besoin d&rsquo;une solution de transport robuste et fiable.\u00a0Celui qui garantira que chaque bien arrive comme il se doit.\u00a0Nos services de distribution import et export europ\u00e9ens sont \u00e0 votre disposition pour fournir exactement une telle solution.<\/span><br \/>\n<span>L&rsquo;exp\u00e9dition de marchandises vers, depuis et \u00e0 travers l&rsquo;Europe est notre raison d&rsquo;\u00eatre.\u00a0Nous aidons les d\u00e9m\u00e9nageurs et les commer\u00e7ants internationaux depuis 2010 et avons une exp\u00e9rience du transport europ\u00e9en qui remonte bien avant.\u00a0En d&rsquo;autres termes, nous sommes la paire de mains s\u00fbre dont votre entreprise a besoin!<\/span><\/p>\n<h2><strong><span>Co\u00fbts ma\u00eetris\u00e9s et tranquillit\u00e9 d&rsquo;esprit<\/span><\/strong><\/h2>\n<p><span>Pour de nombreuses entreprises, le transport maritime \u00e0 l&rsquo;\u00e9tranger repr\u00e9sente une part consid\u00e9rable des d\u00e9penses globales.\u00a0Nous vous aiderons \u00e0 r\u00e9duire ces co\u00fbts en fournissant des devis d&rsquo;exp\u00e9dition internationaux qui ne vous feront pas pleurer.\u00a0Nous n&rsquo;essayons pas de vous vendre des services de chargement dont vous n&rsquo;avez pas besoin;\u00a0notre service de transport Load &amp; Go permet \u00e0 notre chauffeur de continuer \u00e0 conduire, et les \u00e9conomies vous sont transmises.<\/span><br \/>\n<span>Chacun de nos chauffeurs utilise un syst\u00e8me de navigation par satellite qui les \u00e9valuera de tout probl\u00e8me de circulation et leur fournira un itin\u00e9raire autour d&rsquo;eux.\u00a0De plus, cela nous permettra de suivre chaque colis et de fournir des d\u00e9tails sur son emplacement en cours de route.\u00a0Gr\u00e2ce \u00e0 ces informations, nous pouvons pr\u00e9dire avec pr\u00e9cision les heures d&rsquo;arriv\u00e9e, offrant ainsi \u00e0 nos clients la tranquillit\u00e9 d&rsquo;esprit.<\/span><\/p>\n<h2><strong><span>Entrer en contact<\/span><\/strong><\/h2>\n<p><span>Vous trouverez au moins l&rsquo;un de nos centres de transport \u00e0 seulement quelques heures de route de toutes les grandes villes d&rsquo;Europe.\u00a0Mais nous vous aiderons \u00e9galement \u00e0 affronter des endroits plus difficiles;\u00a0nous exp\u00e9dions vers les \u00eeles Bal\u00e9ares, les \u00eeles Canaries, Chypre et toutes les \u00eeles norv\u00e9giennes \u00e9loign\u00e9es.\u00a0Nos services sont disponibles dans tous les pays de l&rsquo;UE, ainsi que dans les \u00c9tats europ\u00e9ens non membres de l&rsquo;UE comme Chypre, la Norv\u00e8ge et la Suisse.\u00a0Naturellement, nous continuerons \u00e0 exp\u00e9dier au Royaume-Uni m\u00eame apr\u00e8s le Brexit!<\/span><br \/>\n<span>Si vous souhaitez discuter de vos exigences en mati\u00e8re de distribution d&rsquo;importation et d&rsquo;exportation en Europe, pourquoi ne pas contacter notre bureau?\u00a0Notre personnel est exp\u00e9riment\u00e9, sympathique et comp\u00e9tent et se fera un plaisir de vous parler de toutes les options disponibles.<\/span><\/p>\n","protected":false},"excerpt":{"rendered":"<p>Une paire de mains s\u00fbre Exporter vers l&rsquo;Europe peut \u00eatre une affaire d\u00e9licate.\u00a0Les entreprises qui ach\u00e8tent et vendent \u00e0 travers les fronti\u00e8res internationales ont besoin d&rsquo;une solution de transport robuste et fiable.\u00a0Celui qui garantira que chaque bien arrive comme il se doit.\u00a0Nos services de distribution import et export europ\u00e9ens sont \u00e0 votre disposition pour fournir [&hellip;]<\/p>\n","protected":false},"author":13,"featured_media":0,"parent":0,"menu_order":0,"comment_status":"closed","ping_status":"closed","template":"","meta":[],"yst_prominent_words":[5116,5751,5748,4260,3913,5254,5749,5299,3625,5746,5747,5744,5750,9162,9167,3862],"_links":{"self":[{"href":"https:\/\/europeanmoving.co.uk\/fr\/wp-json\/wp\/v2\/pages\/7342"}],"collection":[{"href":"https:\/\/europeanmoving.co.uk\/fr\/wp-json\/wp\/v2\/pages"}],"about":[{"href":"https:\/\/europeanmoving.co.uk\/fr\/wp-json\/wp\/v2\/types\/page"}],"author":[{"embeddable":true,"href":"https:\/\/europeanmoving.co.uk\/fr\/wp-json\/wp\/v2\/users\/13"}],"replies":[{"embeddable":true,"href":"https:\/\/europeanmoving.co.uk\/fr\/wp-json\/wp\/v2\/comments?post=7342"}],"version-history":[{"count":2,"href":"https:\/\/europeanmoving.co.uk\/fr\/wp-json\/wp\/v2\/pages\/7342\/revisions"}],"predecessor-version":[{"id":22086,"href":"https:\/\/europeanmoving.co.uk\/fr\/wp-json\/wp\/v2\/pages\/7342\/revisions\/22086"}],"wp:attachment":[{"href":"https:\/\/europeanmoving.co.uk\/fr\/wp-json\/wp\/v2\/media?parent=7342"}],"wp:term":[{"taxonomy":"yst_prominent_words","embeddable":true,"href":"https:\/\/europeanmoving.co.uk\/fr\/wp-json\/wp\/v2\/yst_prominent_words?post=7342"}],"curies":[{"name":"wp","href":"https:\/\/api.w.org\/{rel}","templated":true}]}}