{"id":7334,"date":"2018-07-26T14:40:42","date_gmt":"2018-07-26T14:40:42","guid":{"rendered":"http:\/\/europeanmoving.co.uk\/?page_id=7334"},"modified":"2020-09-16T17:37:35","modified_gmt":"2020-09-16T17:37:35","slug":"logistique-devenements-internationaux","status":"publish","type":"page","link":"https:\/\/europeanmoving.co.uk\/fr\/nos-services-de-transport\/logistique-devenements-internationaux\/","title":{"rendered":"Logistique d\u2019\u00e9v\u00e9nements internationaux"},"content":{"rendered":"<p><strong><span>Logistique et transport d&rsquo;\u00e9v\u00e9nements internationaux\u00a0<\/span><\/strong><\/p>\n<p><span lang=\"en\"><span>Ce service est sp\u00e9cialis\u00e9 dans le transport \u00e9v\u00e9nementiel europ\u00e9en et international avec des bureaux dans toute l&rsquo;Europe.\u00a0Nous sommes pr\u00e9sents depuis plus de 20 ans dans l&rsquo;entreprise \u00e0 la fois en tant que parties prenantes et travaillant dans l&rsquo;industrie de l&rsquo;\u00e9v\u00e9nementiel en direct.\u00a0Nous offrons des services logistiques \u00e0 faible co\u00fbt dans:<\/span><\/span><\/p>\n<ul class=\"list-with-tick col3\">\n<li><span>Musique et divertissement<\/span><\/li>\n<li><span>Festivals et discoth\u00e8ques<\/span><\/li>\n<li><span>\u00c9v\u00e9nements d&rsquo;entreprise<\/span><\/li>\n<li><span>Spectacles de th\u00e9\u00e2tre<\/span><\/li>\n<li><span>Festivals et foires<\/span><\/li>\n<li><span>Visites promotionnelles<\/span><\/li>\n<li><span>\u00c9v\u00e9nements contextuels<\/span><\/li>\n<li><span>Conf\u00e9rences<\/span><\/li>\n<li><span>C\u00e9r\u00e9monies de remise des prix<\/span><\/li>\n<li><span>F\u00eates et c\u00e9l\u00e9brations<\/span><\/li>\n<\/ul>\n<p class=\"tw-data-text tw-ta tw-text-small\"><span lang=\"en\"><span>Quelles que soient vos exigences, notre personnel exp\u00e9riment\u00e9 vous apportera la tranquillit\u00e9 d&rsquo;esprit.\u00a0Nos services sont fournis partout en France, au Royaume-Uni, en Allemagne, en Irlande, en Irlande du Nord et en Espagne.\u00a0Les autres destinations incluent les \u00eeles Caries et les \u00eeles Bal\u00e9ares, la Belgique, le Danemark, l&rsquo;Estonie, le Luxembourg, les Pays-Bas, la Pologne, l&rsquo;Autriche, la Bulgarie et la Croatie.\u00a0Pour une liste compl\u00e8te des emplacements, veuillez visiter notre page Guide de d\u00e9m\u00e9nagement.<\/span><\/span><span lang=\"en\"><span>Nos clients sont parmi les plus connus dans le monde des affaires, du divertissement et de la musique et ont une exp\u00e9rience dans la production et la gestion de concerts et de spectacles.\u00a0Nous comprenons la complexit\u00e9 de l&rsquo;organisation et de la gestion de tous les \u00e9v\u00e9nements dans ce domaine.\u00a0Notre philosophie est de fournir les meilleures solutions et de faire de votre \u00e9v\u00e9nement un succ\u00e8s.\u00a0Nous savons que les \u00e9v\u00e9nements en direct n\u00e9cessitent des livraisons et des collectes urgentes et nous sommes fiers d&rsquo;\u00eatre fiables et de travailler en toute s\u00e9curit\u00e9.\u00a0Notre r\u00e9putation d&rsquo;excellence est la cl\u00e9 de notre succ\u00e8s.<\/span><\/span><\/p>\n<p id=\"tw-target-text\" class=\"tw-data-text tw-ta tw-text-small\"><span lang=\"en\"><span>Gr\u00e2ce \u00e0 notre r\u00e9seau logistique europ\u00e9en \u00e9tabli, nous pouvons fournir un service complet de bout en bout pour que votre \u00e9v\u00e9nement se d\u00e9roule correctement.\u00a0Nous pouvons \u00e9galement organiser la location d&rsquo;a\u00e9ronefs, en outre, nous pouvons fournir des conteneurs pour le fret maritime si vous en avez besoin.\u00a0Pour plus d&rsquo;informations sur nos \u00e9v\u00e9nements de transport, veuillez remplir notre formulaire de contact ou nous appeler.<\/span><\/span><\/p>\n","protected":false},"excerpt":{"rendered":"<p>Logistique et transport d&rsquo;\u00e9v\u00e9nements internationaux\u00a0 Ce service est sp\u00e9cialis\u00e9 dans le transport \u00e9v\u00e9nementiel europ\u00e9en et international avec des bureaux dans toute l&rsquo;Europe.\u00a0Nous sommes pr\u00e9sents depuis plus de 20 ans dans l&rsquo;entreprise \u00e0 la fois en tant que parties prenantes et travaillant dans l&rsquo;industrie de l&rsquo;\u00e9v\u00e9nementiel en direct.\u00a0Nous offrons des services logistiques \u00e0 faible co\u00fbt dans: [&hellip;]<\/p>\n","protected":false},"author":13,"featured_media":0,"parent":7293,"menu_order":0,"comment_status":"closed","ping_status":"closed","template":"","meta":[],"yst_prominent_words":[4315,3948,5368,7597,5364,9877,5133,5342,5275,5367,5271,5254,5299,5363,5360,5277,5366,5371],"_links":{"self":[{"href":"https:\/\/europeanmoving.co.uk\/fr\/wp-json\/wp\/v2\/pages\/7334"}],"collection":[{"href":"https:\/\/europeanmoving.co.uk\/fr\/wp-json\/wp\/v2\/pages"}],"about":[{"href":"https:\/\/europeanmoving.co.uk\/fr\/wp-json\/wp\/v2\/types\/page"}],"author":[{"embeddable":true,"href":"https:\/\/europeanmoving.co.uk\/fr\/wp-json\/wp\/v2\/users\/13"}],"replies":[{"embeddable":true,"href":"https:\/\/europeanmoving.co.uk\/fr\/wp-json\/wp\/v2\/comments?post=7334"}],"version-history":[{"count":2,"href":"https:\/\/europeanmoving.co.uk\/fr\/wp-json\/wp\/v2\/pages\/7334\/revisions"}],"predecessor-version":[{"id":21988,"href":"https:\/\/europeanmoving.co.uk\/fr\/wp-json\/wp\/v2\/pages\/7334\/revisions\/21988"}],"up":[{"embeddable":true,"href":"https:\/\/europeanmoving.co.uk\/fr\/wp-json\/wp\/v2\/pages\/7293"}],"wp:attachment":[{"href":"https:\/\/europeanmoving.co.uk\/fr\/wp-json\/wp\/v2\/media?parent=7334"}],"wp:term":[{"taxonomy":"yst_prominent_words","embeddable":true,"href":"https:\/\/europeanmoving.co.uk\/fr\/wp-json\/wp\/v2\/yst_prominent_words?post=7334"}],"curies":[{"name":"wp","href":"https:\/\/api.w.org\/{rel}","templated":true}]}}