{"id":7331,"date":"2018-07-26T14:36:17","date_gmt":"2018-07-26T14:36:17","guid":{"rendered":"http:\/\/europeanmoving.co.uk\/?page_id=7331"},"modified":"2020-09-16T13:04:57","modified_gmt":"2020-09-16T13:04:57","slug":"transport-pieces-marines","status":"publish","type":"page","link":"https:\/\/europeanmoving.co.uk\/fr\/nos-services-de-transport\/transport-pieces-marines\/","title":{"rendered":"Transport de pi\u00e8ces marines \u00e0 travers l&rsquo;Europe"},"content":{"rendered":"<h1 class=\"title-heading-left\"><strong><span>Transport de pi\u00e8ces marines europ\u00e9ennes<\/span><\/strong><\/h1>\n<p><span>Le transport europ\u00e9en de pi\u00e8ces marines se d\u00e9veloppe \u00e0 un rythme tr\u00e8s rapide, la demande de pi\u00e8ces d&rsquo;occasion ayant fortement augment\u00e9.<\/span><\/p>\n<p><strong><span>Transport maritime europ\u00e9en de pi\u00e8ces: pour quoi faire?<\/span><\/strong><br \/>\n<span>De nos jours, nous nous livrons plus que jamais \u00e0 des activit\u00e9s nautiques &#8211; des petits bateaux pour la p\u00eache comme passe-temps au jetski dans le cadre d&rsquo;une entreprise d&rsquo;\u00e9t\u00e9.\u00a0Par cons\u00e9quent, le maintien de chaque passe-temps ou entreprise n\u00e9cessite un choix de mat\u00e9riaux appropri\u00e9s, de pr\u00e9f\u00e9rence \u00e0 un prix raisonnable.<\/span><br \/>\n<span>Heureusement, le march\u00e9 offre aux clients un large \u00e9ventail de produits pour r\u00e9pondre \u00e0 leurs besoins.\u00a0Cependant, il ne s&rsquo;agit parfois pas de trouver la bonne pi\u00e8ce, mais des moyens de la transporter d&rsquo;un endroit \u00e0 un autre.<\/span><br \/>\n<span>Bien que certains des noms notables de l&rsquo;industrie fournissent leurs propres services de transport, cela ne s&rsquo;applique pas toujours aux petites entreprises ou aux particuliers.\u00a0La meilleure option est de trouver une entreprise de transport fiable avec une exp\u00e9rience dans le domaine.\u00a0C&rsquo;est une t\u00e2che plus facile qu&rsquo;il n&rsquo;y para\u00eet.<\/span><br \/>\n<span>C&rsquo;est l\u00e0 que notre service europ\u00e9en de transport de pi\u00e8ces marines peut vous aider.\u00a0Qu&rsquo;il s&rsquo;agisse d&rsquo;un moteur hors-bord ou d&rsquo;un \u00e9quipement de p\u00eache, nous transporterons toutes les pi\u00e8ces n\u00e9cessaires \u00e0 votre emplacement.\u00a0Ce sera s\u00fbr et abordable.\u00a0Et ce n&rsquo;est pas tout!<\/span><br \/>\n<span>Vous \u00eates peut-\u00eatre celui qui vend des pi\u00e8ces marines et qui envisage d&rsquo;\u00e9tendre son activit\u00e9 aux march\u00e9s europ\u00e9ens.\u00a0Si tel est le cas, nous nous occuperons du transport international dans les m\u00eames bonnes conditions.<\/span><\/p>\n<p><strong><span>Transport maritime europ\u00e9en de pi\u00e8ces: comment \u00e7a marche?<\/span><\/strong><br \/>\n<span>C&rsquo;est une vente en douceur.<\/span><br \/>\n<span>Remplissez simplement le formulaire en ligne ou appelez-nous.\u00a0Notre \u00e9quipe d\u00e9di\u00e9e de coordinateurs de transport prendra vos coordonn\u00e9es et vous donnera un devis gratuit pour vos besoins.\u00a0Nos chauffeurs sillonnent l&rsquo;Europe chaque jour.\u00a0Cela signifie que nous sommes en train de r\u00e9cup\u00e9rer votre moteur ou votre \u00e9quipement de p\u00eache du Royaume-Uni et de vous le faire parvenir en Espagne, ou d&rsquo;Allemagne en Gr\u00e8ce.<\/span><\/p>\n<p><span>Si la mer est votre passion, nous sommes l\u00e0 pour vous aider \u00e0 la poursuivre.<\/span><\/p>\n","protected":false},"excerpt":{"rendered":"<p>Transport de pi\u00e8ces marines europ\u00e9ennes Le transport europ\u00e9en de pi\u00e8ces marines se d\u00e9veloppe \u00e0 un rythme tr\u00e8s rapide, la demande de pi\u00e8ces d&rsquo;occasion ayant fortement augment\u00e9. Transport maritime europ\u00e9en de pi\u00e8ces: pour quoi faire? De nos jours, nous nous livrons plus que jamais \u00e0 des activit\u00e9s nautiques &#8211; des petits bateaux pour la p\u00eache comme [&hellip;]<\/p>\n","protected":false},"author":13,"featured_media":0,"parent":7293,"menu_order":0,"comment_status":"closed","ping_status":"closed","template":"","meta":[],"yst_prominent_words":[4203,11576,14636,4260,5743,11582,14639,240,11615,11629,14642],"_links":{"self":[{"href":"https:\/\/europeanmoving.co.uk\/fr\/wp-json\/wp\/v2\/pages\/7331"}],"collection":[{"href":"https:\/\/europeanmoving.co.uk\/fr\/wp-json\/wp\/v2\/pages"}],"about":[{"href":"https:\/\/europeanmoving.co.uk\/fr\/wp-json\/wp\/v2\/types\/page"}],"author":[{"embeddable":true,"href":"https:\/\/europeanmoving.co.uk\/fr\/wp-json\/wp\/v2\/users\/13"}],"replies":[{"embeddable":true,"href":"https:\/\/europeanmoving.co.uk\/fr\/wp-json\/wp\/v2\/comments?post=7331"}],"version-history":[{"count":6,"href":"https:\/\/europeanmoving.co.uk\/fr\/wp-json\/wp\/v2\/pages\/7331\/revisions"}],"predecessor-version":[{"id":22013,"href":"https:\/\/europeanmoving.co.uk\/fr\/wp-json\/wp\/v2\/pages\/7331\/revisions\/22013"}],"up":[{"embeddable":true,"href":"https:\/\/europeanmoving.co.uk\/fr\/wp-json\/wp\/v2\/pages\/7293"}],"wp:attachment":[{"href":"https:\/\/europeanmoving.co.uk\/fr\/wp-json\/wp\/v2\/media?parent=7331"}],"wp:term":[{"taxonomy":"yst_prominent_words","embeddable":true,"href":"https:\/\/europeanmoving.co.uk\/fr\/wp-json\/wp\/v2\/yst_prominent_words?post=7331"}],"curies":[{"name":"wp","href":"https:\/\/api.w.org\/{rel}","templated":true}]}}