{"id":7326,"date":"2018-07-26T14:31:10","date_gmt":"2018-07-26T14:31:10","guid":{"rendered":"http:\/\/europeanmoving.co.uk\/?page_id=7326"},"modified":"2020-09-16T11:51:46","modified_gmt":"2020-09-16T11:51:46","slug":"transport-productions-cinematographiques","status":"publish","type":"page","link":"https:\/\/europeanmoving.co.uk\/fr\/nos-services-de-transport\/transport-productions-cinematographiques\/","title":{"rendered":"Transport de productions cin\u00e9matographiques"},"content":{"rendered":"<p><strong><span>\u00catre le responsable des transports d&rsquo;un plateau de tournage europ\u00e9en est un travail difficile.\u00a0<\/span><\/strong><span>Que vous fassiez un blockbuster hollywoodien ou une publicit\u00e9 de quinze secondes, vous devrez amener tous ces acteurs, cameramen, r\u00e9alisateurs et maquilleurs au m\u00eame endroit au m\u00eame moment.\u00a0Et puis il y a tout l&rsquo;\u00e9quipement, les logements et la restauration \u00e0 consid\u00e9rer.\u00a0Les livraisons retard\u00e9es causent par cons\u00e9quent du stress et co\u00fbtent de l&rsquo;argent &#8211; et en tant que telles, elles sont le fl\u00e9au de la vie professionnelle de tout cin\u00e9aste.\u00a0Les choses ne seraient-elles pas meilleures s&rsquo;il y avait une entreprise de logistique europ\u00e9enne fiable disponible pour donner un coup de main?<\/span><br \/>\n<span>C&rsquo;est l\u00e0 que nous intervenons. Nous sommes dans le jeu du d\u00e9m\u00e9nagement europ\u00e9en depuis 2010 et avons une exp\u00e9rience de la logistique et du transport qui remonte \u00e0 des ann\u00e9es auparavant.\u00a0Parall\u00e8lement \u00e0 de nombreux autres types de d\u00e9m\u00e9nagements, nous proposons un transport de production cin\u00e9matographique europ\u00e9enne &#8211; y compris des d\u00e9m\u00e9nagements internationaux.\u00a0Nous vous aiderons \u00e0 amener tout votre personnel et votre mat\u00e9riel l\u00e0 o\u00f9 ils doivent \u00eatre, et nous offrons un entreposage s\u00e9curis\u00e9 qui prot\u00e9gera m\u00eame les accessoires les plus grands et les plus d\u00e9licats.\u00a0Notre r\u00e9seau de partenaires nous permet d&rsquo;affr\u00e9ter des transports professionnels par voie terrestre, maritime ou a\u00e9rienne, tandis que notre \u00e9quipe multilingue n\u00e9gociera tous les obstacles douaniers en votre nom.<\/span><br \/>\n<span>Si vous filmez au milieu d&rsquo;une ville europ\u00e9enne, alors pas de probl\u00e8me: nous avons des d\u00e9p\u00f4ts \u00e0 quelques minutes en voiture de chacun d&rsquo;eux.\u00a0Mais que se passe-t-il si vous devez emballer tout le monde et vous d\u00e9placer pour photographier une \u00eele m\u00e9diterran\u00e9enne ou un ski-lodge scandinave?\u00a0Nos chauffeurs pourront vous emmener partout.\u00a0Ils sont tous \u00e9quip\u00e9s d&rsquo;une navigation par satellite qui les \u00e9valuera des probl\u00e8mes de circulation et leur fournira un itin\u00e9raire autour d&rsquo;eux.\u00a0De cette fa\u00e7on, vous pouvez \u00eatre tenu au courant de tout retard et vous aurez des informations \u00e0 jour sur chaque envoi.\u00a0Avec l&rsquo;aide de notre transport de production cin\u00e9matographique europ\u00e9en, d\u00e9m\u00e9nager n&rsquo;importe o\u00f9 en Europe ne doit pas \u00eatre un probl\u00e8me.<\/span><\/p>\n<h2><strong><span>Lieux que nous transportons vers et depuis<\/span><\/strong><\/h2>\n<p><span>Si vous avez besoin d&rsquo;une solution logistique europ\u00e9enne pour votre film, pourquoi ne pas travailler avec nous?\u00a0Notre bureau est compos\u00e9 de personnes sympathiques et bien inform\u00e9es qui se feront un plaisir de r\u00e9pondre \u00e0 vos questions.\u00a0Notre service de transport de production cin\u00e9matographique europ\u00e9enne et internationale est disponible dans l&rsquo;UE, au Royaume-Uni et dans quelques autres pays.<\/span><\/p>\n<h2><strong><span>Plus pr\u00e9cis\u00e9ment, nous exp\u00e9dions aux endroits suivants:<\/span><\/strong><\/h2>\n<ul class=\"list-with-tick\">\n<li><span>Autriche et Belgique<\/span><\/li>\n<li><span>Lituanie et Luxembourg<\/span><\/li>\n<li><span>Bulgarie et Croatie<\/span><\/li>\n<li><span>Malte et les Pays-Bas<\/span><\/li>\n<li><span>Chypre et Tch\u00e9quie<\/span><\/li>\n<li><span>Irlande du Nord et Norv\u00e8ge<\/span><\/li>\n<li><span>Danemark et Estonie<\/span><\/li>\n<li><span>Pologne et Portugal<\/span><\/li>\n<li><span>Finlande et France<\/span><\/li>\n<li><span>Roumanie et Espagne<\/span><\/li>\n<li><span>Allemagne et Gr\u00e8ce<\/span><\/li>\n<li><span>Slovaquie et Slov\u00e9nie<\/span><\/li>\n<li><span>Hongrie et Irlande<\/span><\/li>\n<li><span>Su\u00e8de, Suisse et Royaume-Uni<\/span><\/li>\n<li><span>Italie et Lettonie<\/span><\/li>\n<li><span>Les \u00eeles Canaries et les \u00eeles Bal\u00e9ares<\/span><\/li>\n<\/ul>\n","protected":false},"excerpt":{"rendered":"<p>\u00catre le responsable des transports d&rsquo;un plateau de tournage europ\u00e9en est un travail difficile.\u00a0Que vous fassiez un blockbuster hollywoodien ou une publicit\u00e9 de quinze secondes, vous devrez amener tous ces acteurs, cameramen, r\u00e9alisateurs et maquilleurs au m\u00eame endroit au m\u00eame moment.\u00a0Et puis il y a tout l&rsquo;\u00e9quipement, les logements et la restauration \u00e0 consid\u00e9rer.\u00a0Les livraisons [&hellip;]<\/p>\n","protected":false},"author":13,"featured_media":0,"parent":7293,"menu_order":0,"comment_status":"closed","ping_status":"closed","template":"","meta":[],"yst_prominent_words":[3948,5304,5297,5812,3913,3516,9909,5299,5303,3473,11615,3863,3862],"_links":{"self":[{"href":"https:\/\/europeanmoving.co.uk\/fr\/wp-json\/wp\/v2\/pages\/7326"}],"collection":[{"href":"https:\/\/europeanmoving.co.uk\/fr\/wp-json\/wp\/v2\/pages"}],"about":[{"href":"https:\/\/europeanmoving.co.uk\/fr\/wp-json\/wp\/v2\/types\/page"}],"author":[{"embeddable":true,"href":"https:\/\/europeanmoving.co.uk\/fr\/wp-json\/wp\/v2\/users\/13"}],"replies":[{"embeddable":true,"href":"https:\/\/europeanmoving.co.uk\/fr\/wp-json\/wp\/v2\/comments?post=7326"}],"version-history":[{"count":4,"href":"https:\/\/europeanmoving.co.uk\/fr\/wp-json\/wp\/v2\/pages\/7326\/revisions"}],"predecessor-version":[{"id":21977,"href":"https:\/\/europeanmoving.co.uk\/fr\/wp-json\/wp\/v2\/pages\/7326\/revisions\/21977"}],"up":[{"embeddable":true,"href":"https:\/\/europeanmoving.co.uk\/fr\/wp-json\/wp\/v2\/pages\/7293"}],"wp:attachment":[{"href":"https:\/\/europeanmoving.co.uk\/fr\/wp-json\/wp\/v2\/media?parent=7326"}],"wp:term":[{"taxonomy":"yst_prominent_words","embeddable":true,"href":"https:\/\/europeanmoving.co.uk\/fr\/wp-json\/wp\/v2\/yst_prominent_words?post=7326"}],"curies":[{"name":"wp","href":"https:\/\/api.w.org\/{rel}","templated":true}]}}