{"id":7322,"date":"2018-07-26T14:26:35","date_gmt":"2018-07-26T14:26:35","guid":{"rendered":"http:\/\/europeanmoving.co.uk\/?page_id=7322"},"modified":"2020-09-16T12:32:10","modified_gmt":"2020-09-16T12:32:10","slug":"transport-expositions-europe","status":"publish","type":"page","link":"https:\/\/europeanmoving.co.uk\/fr\/nos-services-de-transport\/transport-expositions-europe\/","title":{"rendered":"Transport d&rsquo;expositions \u00e0 travers l&rsquo;Europe"},"content":{"rendered":"<p><span>Prendre un stand pour une exposition en Europe?\u00a0Ou peut-\u00eatre \u00eates-vous en charge de tout organiser?\u00a0Nous avons ce qu&rsquo;il vous faut.\u00a0Gr\u00e2ce \u00e0 notre vaste exp\u00e9rience des r\u00e9seaux de transport europ\u00e9ens, nous pourrons acheminer votre fret directement au palais des congr\u00e8s.\u00a0Nous orchestrerons chaque envoi, que ce soit par voie terrestre, maritime ou a\u00e9rienne.\u00a0Avec des d\u00e9p\u00f4ts \u00e0 travers le continent, nous sommes en mesure d&rsquo;\u00e9liminer le stress m\u00eame des expositions les plus complexes.\u00a0De plus, nous avons \u00e9galement \u00e0 notre disposition des installations de stockage s\u00fbres.\u00a0Nous comprenons que l&rsquo;organisation du transport des expositions europ\u00e9ennes, ou n&rsquo;importe quel autre, n&rsquo;est pas une t\u00e2che simple.\u00a0Laissez notre \u00e9quipe d&rsquo;experts all\u00e9ger le fardeau d&rsquo;un transport parfois difficile!<\/span><br \/>\n<span>Notre service est adapt\u00e9 pour r\u00e9pondre aux exigences de nos clients.\u00a0Nous vous affecterons un sp\u00e9cialiste d&rsquo;exp\u00e9dition d\u00e9di\u00e9, qui sera charg\u00e9 de g\u00e9rer votre fret.\u00a0Lorsque vous travaillez avec nous, vous aurez acc\u00e8s \u00e0 certains des meilleurs transporteurs de fret du secteur.<\/span><br \/>\n<span>Au cours de nos huit ann\u00e9es dans le domaine du transport maritime, nous avons acquis une connaissance approfondie de la logistique des expositions.\u00a0Par cons\u00e9quent, nous serons en mesure d&rsquo;anticiper et d&rsquo;\u00e9viter tout probl\u00e8me \u00e9ventuel de mise en place de votre stand.\u00a0De plus, notre r\u00e9seau de contacts exp\u00e9riment\u00e9s nous permet d&rsquo;atteindre m\u00eame les r\u00e9gions les plus \u00e9loign\u00e9es du continent.\u00a0En d&rsquo;autres termes, o\u00f9 que vous soyez en Europe, nous sommes en mesure de vous aider \u00e0 tout amener l\u00e0 o\u00f9 il doit \u00eatre.<\/span><br \/>\n<span>Un salon europ\u00e9en peut faire ou d\u00e9faire votre entreprise.\u00a0Si tout va bien, vous pouvez g\u00e9n\u00e9rer un buzz et vous exposer \u00e0 un vaste public.\u00a0Ne laissez pas une mauvaise gestion logistique vous priver de cette opportunit\u00e9!\u00a0Contactez d\u00e8s aujourd&rsquo;hui notre personnel de bureau sympathique et comp\u00e9tent.\u00a0Ils mettront en place une solution de fret qui r\u00e9pondra aux exigences de transport de votre salon europ\u00e9en et international.\u00a0Ainsi, vous laissant libre de vous concentrer sur la gestion de votre stand.<\/span><\/p>\n<h2><strong><span>Lieux que nous transportons vers et depuis<\/span><\/strong><\/h2>\n<p><strong><span>Nous assurons la livraison dans presque tous les pays d&rsquo;Europe, y compris les \u00c9tats non membres de l&rsquo;UE et les \u00eeles \u00e9loign\u00e9es.\u00a0Plus pr\u00e9cis\u00e9ment, nous couvrons:<\/span><\/strong><\/p>\n<ul class=\"list-with-tick\">\n<li><span>Autriche et Belgique<\/span><\/li>\n<li><span>Lituanie et Luxembourg<\/span><\/li>\n<li><span>Bulgarie et Croatie<\/span><\/li>\n<li><span>Malte et les Pays-Bas<\/span><\/li>\n<li><span>Chypre et Tch\u00e9quie<\/span><\/li>\n<li><span>Irlande du Nord et Norv\u00e8ge<\/span><\/li>\n<li><span>Danemark et Estonie<\/span><\/li>\n<li><span>Pologne et Portugal<\/span><\/li>\n<li><span>Finlande et France<\/span><\/li>\n<li><span>Roumanie et Espagne<\/span><\/li>\n<li><span>Allemagne et Gr\u00e8ce<\/span><\/li>\n<li><span>Slovaquie et Slov\u00e9nie<\/span><\/li>\n<li><span>Hongrie et Irlande<\/span><\/li>\n<li><span>Su\u00e8de, Suisse et Royaume-Uni<\/span><\/li>\n<li><span>Italie et Lettonie<\/span><\/li>\n<li><span>Les \u00eeles Canaries et les \u00eeles Bal\u00e9ares<\/span><\/li>\n<\/ul>\n","protected":false},"excerpt":{"rendered":"<p>Prendre un stand pour une exposition en Europe?\u00a0Ou peut-\u00eatre \u00eates-vous en charge de tout organiser?\u00a0Nous avons ce qu&rsquo;il vous faut.\u00a0Gr\u00e2ce \u00e0 notre vaste exp\u00e9rience des r\u00e9seaux de transport europ\u00e9ens, nous pourrons acheminer votre fret directement au palais des congr\u00e8s.\u00a0Nous orchestrerons chaque envoi, que ce soit par voie terrestre, maritime ou a\u00e9rienne.\u00a0Avec des d\u00e9p\u00f4ts \u00e0 travers [&hellip;]<\/p>\n","protected":false},"author":13,"featured_media":0,"parent":7293,"menu_order":0,"comment_status":"closed","ping_status":"closed","template":"","meta":[],"yst_prominent_words":[4260,5105,5269,3484,5106,5276,3913,5777,3516,5254,5306,5277,5404,5401,5405,3862],"_links":{"self":[{"href":"https:\/\/europeanmoving.co.uk\/fr\/wp-json\/wp\/v2\/pages\/7322"}],"collection":[{"href":"https:\/\/europeanmoving.co.uk\/fr\/wp-json\/wp\/v2\/pages"}],"about":[{"href":"https:\/\/europeanmoving.co.uk\/fr\/wp-json\/wp\/v2\/types\/page"}],"author":[{"embeddable":true,"href":"https:\/\/europeanmoving.co.uk\/fr\/wp-json\/wp\/v2\/users\/13"}],"replies":[{"embeddable":true,"href":"https:\/\/europeanmoving.co.uk\/fr\/wp-json\/wp\/v2\/comments?post=7322"}],"version-history":[{"count":3,"href":"https:\/\/europeanmoving.co.uk\/fr\/wp-json\/wp\/v2\/pages\/7322\/revisions"}],"predecessor-version":[{"id":22002,"href":"https:\/\/europeanmoving.co.uk\/fr\/wp-json\/wp\/v2\/pages\/7322\/revisions\/22002"}],"up":[{"embeddable":true,"href":"https:\/\/europeanmoving.co.uk\/fr\/wp-json\/wp\/v2\/pages\/7293"}],"wp:attachment":[{"href":"https:\/\/europeanmoving.co.uk\/fr\/wp-json\/wp\/v2\/media?parent=7322"}],"wp:term":[{"taxonomy":"yst_prominent_words","embeddable":true,"href":"https:\/\/europeanmoving.co.uk\/fr\/wp-json\/wp\/v2\/yst_prominent_words?post=7322"}],"curies":[{"name":"wp","href":"https:\/\/api.w.org\/{rel}","templated":true}]}}