{"id":7319,"date":"2018-07-26T14:21:45","date_gmt":"2018-07-26T14:21:45","guid":{"rendered":"http:\/\/europeanmoving.co.uk\/?page_id=7319"},"modified":"2020-09-16T17:56:18","modified_gmt":"2020-09-16T17:56:18","slug":"transport-caritatif-transeuropeen","status":"publish","type":"page","link":"https:\/\/europeanmoving.co.uk\/fr\/nos-services-de-transport\/transport-caritatif-transeuropeen\/","title":{"rendered":"Transport caritatif transeurop\u00e9en"},"content":{"rendered":"<p><strong><span>Des services de transport caritatif europ\u00e9en et international<\/span><\/strong><span>\u00a0avec des services de camionnette et d&rsquo;homme de d\u00e9m\u00e9nagement europ\u00e9en sont fournis \u00e0 travers le Royaume-Uni, la France, l&rsquo;Allemagne, l&rsquo;Irlande, l&rsquo;Irlande du Nord, l&rsquo;Espagne, les \u00eeles Caries et les \u00eeles Bal\u00e9ares, la Belgique, le Danemark, l&rsquo;Estonie, le Luxembourg, les Pays-Bas, la Pologne, l&rsquo;Autriche, Bulgarie, Croatie, R\u00e9publique tch\u00e8que, Finlande, Gr\u00e8ce, Hongrie, Italie, Lettonie, Lituanie, Malte, Chypre, Portugal, Roumanie, Slovaquie, Slov\u00e9nie, Su\u00e8de, Royaume-Uni, Suisse, Norv\u00e8ge et toute l&rsquo;Union europ\u00e9enne.<\/span><\/p>\n","protected":false},"excerpt":{"rendered":"<p>Des services de transport caritatif europ\u00e9en et international\u00a0avec des services de camionnette et d&rsquo;homme de d\u00e9m\u00e9nagement europ\u00e9en sont fournis \u00e0 travers le Royaume-Uni, la France, l&rsquo;Allemagne, l&rsquo;Irlande, l&rsquo;Irlande du Nord, l&rsquo;Espagne, les \u00eeles Caries et les \u00eeles Bal\u00e9ares, la Belgique, le Danemark, l&rsquo;Estonie, le Luxembourg, les Pays-Bas, la Pologne, l&rsquo;Autriche, Bulgarie, Croatie, R\u00e9publique tch\u00e8que, Finlande, [&hellip;]<\/p>\n","protected":false},"author":13,"featured_media":0,"parent":7293,"menu_order":0,"comment_status":"closed","ping_status":"closed","template":"","meta":[],"yst_prominent_words":[3823,3952,9086,10015,3469,5255,5764,409,3470,3516,5254,5763,199,5750],"_links":{"self":[{"href":"https:\/\/europeanmoving.co.uk\/fr\/wp-json\/wp\/v2\/pages\/7319"}],"collection":[{"href":"https:\/\/europeanmoving.co.uk\/fr\/wp-json\/wp\/v2\/pages"}],"about":[{"href":"https:\/\/europeanmoving.co.uk\/fr\/wp-json\/wp\/v2\/types\/page"}],"author":[{"embeddable":true,"href":"https:\/\/europeanmoving.co.uk\/fr\/wp-json\/wp\/v2\/users\/13"}],"replies":[{"embeddable":true,"href":"https:\/\/europeanmoving.co.uk\/fr\/wp-json\/wp\/v2\/comments?post=7319"}],"version-history":[{"count":2,"href":"https:\/\/europeanmoving.co.uk\/fr\/wp-json\/wp\/v2\/pages\/7319\/revisions"}],"predecessor-version":[{"id":22036,"href":"https:\/\/europeanmoving.co.uk\/fr\/wp-json\/wp\/v2\/pages\/7319\/revisions\/22036"}],"up":[{"embeddable":true,"href":"https:\/\/europeanmoving.co.uk\/fr\/wp-json\/wp\/v2\/pages\/7293"}],"wp:attachment":[{"href":"https:\/\/europeanmoving.co.uk\/fr\/wp-json\/wp\/v2\/media?parent=7319"}],"wp:term":[{"taxonomy":"yst_prominent_words","embeddable":true,"href":"https:\/\/europeanmoving.co.uk\/fr\/wp-json\/wp\/v2\/yst_prominent_words?post=7319"}],"curies":[{"name":"wp","href":"https:\/\/api.w.org\/{rel}","templated":true}]}}