{"id":7313,"date":"2018-07-26T14:20:56","date_gmt":"2018-07-26T14:20:56","guid":{"rendered":"http:\/\/europeanmoving.co.uk\/?page_id=7313"},"modified":"2020-09-16T11:38:42","modified_gmt":"2020-09-16T11:38:42","slug":"transport-et-logistique-des-materiaux-de-construction","status":"publish","type":"page","link":"https:\/\/europeanmoving.co.uk\/fr\/nos-services-de-transport\/transport-et-logistique-des-materiaux-de-construction\/","title":{"rendered":"Transport et logistique des Mat\u00e9riaux de construction"},"content":{"rendered":"<h2><strong><span>Transport de mat\u00e9riaux de construction dans l&rsquo;UE<\/span><\/strong><\/h2>\n<p><span>Le transport des mat\u00e9riaux de construction est un secteur en forte croissance, \u00e0 la fois vers et depuis le Royaume-Uni vers l&rsquo;Europe.\u00a0La raison de cette croissance est le nombre de personnes qui d\u00e9m\u00e9nagent et s&rsquo;installent en Europe et r\u00e9alisent leurs projets de construction.\u00a0Ces projets de construction n\u00e9cessitent le plus souvent les services sp\u00e9cialis\u00e9s d&rsquo;une entreprise europ\u00e9enne de transport de mat\u00e9riaux de construction.<\/span><br \/>\n<span>Nous avons une vaste exp\u00e9rience dans le transport de mat\u00e9riaux de construction \u00e0 travers l&rsquo;Europe.\u00a0Il n&rsquo;y a pas grand-chose que nous n&rsquo;avons pas d\u00e9plac\u00e9 pour les clients, y compris les briques et l&rsquo;isolation pour les nouvelles constructions et les r\u00e9novations immobili\u00e8res en Europe.\u00a0Les autres d\u00e9m\u00e9nagements comprennent les panneaux de b\u00e9ton, l&rsquo;acier et les mat\u00e9riaux de toiture, les cloisons s\u00e8ches et les produits en bois.\u00a0Nous avons \u00e9galement transport\u00e9 des plaques de pl\u00e2tre en Europe, des rev\u00eatements de sol, des cadres de b\u00e2timents, de l&rsquo;acier et bien plus encore.<\/span><br \/>\n<span>La nature des mat\u00e9riaux de construction que vous souhaitez transporter vers l&rsquo;UE est un \u00e9l\u00e9ment crucial lors de la d\u00e9termination du prix.\u00a0Il est essentiel de s\u00e9lectionner le v\u00e9hicule le plus appropri\u00e9 et le plus rentable pour acheminer vos mat\u00e9riaux de construction jusqu&rsquo;\u00e0 votre destination.\u00a0Par exemple, vos mat\u00e9riaux de construction sont-ils \u00e9tanches ou ont-ils besoin d&rsquo;une protection pendant le transport vers l&rsquo;UE?\u00a0Peuvent-ils \u00eatre emball\u00e9s \u00e0 plat sur un transporteur de remorque ouvert?\u00a0Ou s&rsquo;agit-il de mat\u00e9riaux de construction inhabituels ou peu pratiques, comme certains produits de toiture?<\/span><\/p>\n<h1 class=\"title-heading-left\"><strong><span>Transport et logistique des mat\u00e9riaux de construction<\/span><\/strong><\/h1>\n<p><span>Le poids de vos mat\u00e9riaux de construction destin\u00e9s \u00e0 l&rsquo;UE est \u00e9galement, bien entendu, une consid\u00e9ration importante.\u00a0Les briques, les solins en plomb et les plaques de pl\u00e2tre totalisent tous des poids substantiels.<\/span><br \/>\n<span>De nombreuses personnes ont besoin de transporter des mat\u00e9riaux de construction vers l&rsquo;Europe en raison de la nature sp\u00e9cialis\u00e9e des produits disponibles au Royaume-Uni ou parce qu&rsquo;ils sont tout simplement beaucoup moins chers, m\u00eame apr\u00e8s avoir inclus les frais de transport.\u00a0Les grands projets de construction ou les r\u00e9novations de b\u00e2timents dans l&rsquo;UE peuvent \u00eatre co\u00fbteux, et il est souvent rentable de transporter des mat\u00e9riaux de construction vers l&rsquo;UE plut\u00f4t que de les acheter l\u00e0-bas.<\/span><br \/>\n<span>Ferry ou tunnel?\u00a0Routes \u00e0 p\u00e9age ou cross-country?\u00a0Combien de temps faudra-t-il pour transporter les mat\u00e9riaux de construction en Europe?\u00a0Y a-t-il une date limite pour leur arriv\u00e9e ou une certaine flexibilit\u00e9?\u00a0Les mat\u00e9riaux de construction sont-ils assur\u00e9s pendant le transport?\u00a0L&rsquo;assurance les couvre-t-elle une fois sortis du fourgon \u00e0 destination?\u00a0Le site est-il facile d&rsquo;acc\u00e8s et facile \u00e0 d\u00e9charger \u00e9galement?\u00a0Aurez-vous besoin d&rsquo;ascenseurs pour d\u00e9charger vos mat\u00e9riaux de construction ou les chauffeurs de l&rsquo;entreprise europ\u00e9enne de d\u00e9m\u00e9nagement peuvent-ils s&rsquo;en charger pour vous?\u00a0Voici quelques-unes des questions \u00e0 prendre en compte lors de la s\u00e9lection d&rsquo;une entreprise d&rsquo;enl\u00e8vement et de transport de mat\u00e9riaux de construction pour vous rendre en Europe.<\/span><\/p>\n","protected":false},"excerpt":{"rendered":"<p>Transport de mat\u00e9riaux de construction dans l&rsquo;UE Le transport des mat\u00e9riaux de construction est un secteur en forte croissance, \u00e0 la fois vers et depuis le Royaume-Uni vers l&rsquo;Europe.\u00a0La raison de cette croissance est le nombre de personnes qui d\u00e9m\u00e9nagent et s&rsquo;installent en Europe et r\u00e9alisent leurs projets de construction.\u00a0Ces projets de construction n\u00e9cessitent le [&hellip;]<\/p>\n","protected":false},"author":13,"featured_media":0,"parent":7293,"menu_order":0,"comment_status":"closed","ping_status":"closed","template":"","meta":[],"yst_prominent_words":[9106,9107,9104,9098,9093,9101,9092,9089,9105,9095,9091,9088,9097,9103,9100,9099,9094,9090,9102,9096],"_links":{"self":[{"href":"https:\/\/europeanmoving.co.uk\/fr\/wp-json\/wp\/v2\/pages\/7313"}],"collection":[{"href":"https:\/\/europeanmoving.co.uk\/fr\/wp-json\/wp\/v2\/pages"}],"about":[{"href":"https:\/\/europeanmoving.co.uk\/fr\/wp-json\/wp\/v2\/types\/page"}],"author":[{"embeddable":true,"href":"https:\/\/europeanmoving.co.uk\/fr\/wp-json\/wp\/v2\/users\/13"}],"replies":[{"embeddable":true,"href":"https:\/\/europeanmoving.co.uk\/fr\/wp-json\/wp\/v2\/comments?post=7313"}],"version-history":[{"count":2,"href":"https:\/\/europeanmoving.co.uk\/fr\/wp-json\/wp\/v2\/pages\/7313\/revisions"}],"predecessor-version":[{"id":21968,"href":"https:\/\/europeanmoving.co.uk\/fr\/wp-json\/wp\/v2\/pages\/7313\/revisions\/21968"}],"up":[{"embeddable":true,"href":"https:\/\/europeanmoving.co.uk\/fr\/wp-json\/wp\/v2\/pages\/7293"}],"wp:attachment":[{"href":"https:\/\/europeanmoving.co.uk\/fr\/wp-json\/wp\/v2\/media?parent=7313"}],"wp:term":[{"taxonomy":"yst_prominent_words","embeddable":true,"href":"https:\/\/europeanmoving.co.uk\/fr\/wp-json\/wp\/v2\/yst_prominent_words?post=7313"}],"curies":[{"name":"wp","href":"https:\/\/api.w.org\/{rel}","templated":true}]}}