{"id":7311,"date":"2018-07-26T14:19:00","date_gmt":"2018-07-26T14:19:00","guid":{"rendered":"http:\/\/europeanmoving.co.uk\/?page_id=7311"},"modified":"2020-09-17T09:30:29","modified_gmt":"2020-09-17T09:30:29","slug":"livraison-europeenne-et-internationale-en-europe","status":"publish","type":"page","link":"https:\/\/europeanmoving.co.uk\/fr\/livraison-europeenne-et-internationale-en-europe\/","title":{"rendered":"Livraison europ\u00e9enne et internationale en Europe"},"content":{"rendered":"<h1 class=\"title-heading-left\"><strong><span>Livraison en magasin en Europe<\/span><\/strong><\/h1>\n<p><img src=\"https:\/\/europeanmoving.im\/wp-content\/uploads\/2018\/07\/store-to-home.jpg\" \/><\/p>\n<p><strong><span>Livraison en magasin europ\u00e9enne et internationale en Europe &#8211; European Moving<\/span><\/strong><span>\u00a0peut vous proposer une proposition concurrentielle pour d\u00e9placer les articles achet\u00e9s de l&rsquo;entrep\u00f4t du d\u00e9taillant \u00e0 votre porte ou ces articles peuvent nous \u00eatre livr\u00e9s si le fabricant ne livre pas \u00e0 votre destination europ\u00e9enne et \u00e0 nos destinations europ\u00e9ennes et internationales. L&rsquo;\u00e9quipe de livraison en magasin en Europe peut organiser professionnellement l&rsquo;exp\u00e9dition en \u00e9vitant les frais de livraison \u00e0 l&rsquo;\u00e9tranger des d\u00e9taillants \u00e9normes.<\/span><br \/>\n<span>Que vous ayez achet\u00e9 un canap\u00e9 aupr\u00e8s de DFS ou toute une charge d&rsquo;articles m\u00e9nagers de TK Maxx par exemple, et ceux-ci n&rsquo;ont pas d&rsquo;option pour la livraison europ\u00e9enne en utilisant notre option de livraison en magasin europ\u00e9enne et internationale en Europe, l&rsquo;un de nos chauffeurs de confiance peut collecter directement \u00e0 partir de l&rsquo;entrep\u00f4t du d\u00e9taillant et livrer \u00e0 votre porte sans tracas ou nous pouvons accepter la livraison dans notre d\u00e9p\u00f4t au Royaume-Uni et stocker l&rsquo;article en toute s\u00e9curit\u00e9 jusqu&rsquo;\u00e0 ce que vous soyez pr\u00eat pour la livraison \u00e0 la destination europ\u00e9enne choisie.<\/span><\/p>\n<p><strong><span>Les services de livraison de magasins europ\u00e9ens et internationaux d&rsquo;European Moving en Europe<\/span><\/strong><span>\u00a0sont fournis au<\/span><strong><span>\u00a0Royaume<\/span><\/strong><span>\u00a0&#8211;<strong>\u00a0Uni, en France, en Allemagne, en Irlande, en Irlande du Nord, en Espagne, aux \u00eeles Caries et aux Bal\u00e9ares, en Belgique, au Danemark, en Estonie, au Luxembourg, aux Pays-Bas, en Pologne, en Autriche, en Bulgarie Croatie, R\u00e9publique tch\u00e8que, Finlande, Gr\u00e8ce, Hongrie, Italie, Lettonie, Lituanie, Malte, Chypre, Portugal, Roumanie, Slovaquie, Slov\u00e9nie, Su\u00e8de, Royaume-Uni, Suisse, Norv\u00e8ge et toute l&rsquo;Union europ\u00e9enne.\u00a0<\/strong>\u00a0Veuillez nous contacter pour savoir comment nous pouvons vous aider ou remplissez le formulaire de contact et nous nous efforcerons de vous proposer la meilleure proposition possible pour votre d\u00e9m\u00e9nagement unique.<\/span><\/p>\n","protected":false},"excerpt":{"rendered":"<p>Livraison en magasin en Europe Livraison en magasin europ\u00e9enne et internationale en Europe &#8211; European Moving\u00a0peut vous proposer une proposition concurrentielle pour d\u00e9placer les articles achet\u00e9s de l&rsquo;entrep\u00f4t du d\u00e9taillant \u00e0 votre porte ou ces articles peuvent nous \u00eatre livr\u00e9s si le fabricant ne livre pas \u00e0 votre destination europ\u00e9enne et \u00e0 nos destinations europ\u00e9ennes [&hellip;]<\/p>\n","protected":false},"author":13,"featured_media":0,"parent":0,"menu_order":0,"comment_status":"closed","ping_status":"closed","template":"","meta":[],"yst_prominent_words":[5106],"_links":{"self":[{"href":"https:\/\/europeanmoving.co.uk\/fr\/wp-json\/wp\/v2\/pages\/7311"}],"collection":[{"href":"https:\/\/europeanmoving.co.uk\/fr\/wp-json\/wp\/v2\/pages"}],"about":[{"href":"https:\/\/europeanmoving.co.uk\/fr\/wp-json\/wp\/v2\/types\/page"}],"author":[{"embeddable":true,"href":"https:\/\/europeanmoving.co.uk\/fr\/wp-json\/wp\/v2\/users\/13"}],"replies":[{"embeddable":true,"href":"https:\/\/europeanmoving.co.uk\/fr\/wp-json\/wp\/v2\/comments?post=7311"}],"version-history":[{"count":7,"href":"https:\/\/europeanmoving.co.uk\/fr\/wp-json\/wp\/v2\/pages\/7311\/revisions"}],"predecessor-version":[{"id":22062,"href":"https:\/\/europeanmoving.co.uk\/fr\/wp-json\/wp\/v2\/pages\/7311\/revisions\/22062"}],"wp:attachment":[{"href":"https:\/\/europeanmoving.co.uk\/fr\/wp-json\/wp\/v2\/media?parent=7311"}],"wp:term":[{"taxonomy":"yst_prominent_words","embeddable":true,"href":"https:\/\/europeanmoving.co.uk\/fr\/wp-json\/wp\/v2\/yst_prominent_words?post=7311"}],"curies":[{"name":"wp","href":"https:\/\/api.w.org\/{rel}","templated":true}]}}