{"id":7306,"date":"2018-07-26T14:17:46","date_gmt":"2018-07-26T14:17:46","guid":{"rendered":"http:\/\/europeanmoving.co.uk\/?page_id=7306"},"modified":"2020-09-17T09:43:51","modified_gmt":"2020-09-17T09:43:51","slug":"livraison-europeenne-et-transport-de-salles-de-bains","status":"publish","type":"page","link":"https:\/\/europeanmoving.co.uk\/fr\/livraison-europeenne-et-transport-de-salles-de-bains\/","title":{"rendered":"Livraison europ\u00e9enne et transport de salles de bains"},"content":{"rendered":"<h1 class=\"title-heading-left\"><strong><span>Livraison et transport de salle de bain en Europe<\/span><\/strong><\/h1>\n<p><span>La livraison et le transport dans les salles de bains en Europe sont l&rsquo;un des types de marchandises les plus courants r\u00e9guli\u00e8rement transport\u00e9s dans l&rsquo;UE.\u00a0Le co\u00fbt d\u00e9pend du type de mat\u00e9riau, du poids et de la distance jusqu&rsquo;\u00e0 la destination.\u00a0Des services de camionnette et d&rsquo;homme de d\u00e9m\u00e9nagement europ\u00e9ens sont fournis dans toute l&rsquo;UE.\u00a0Le mat\u00e9riel de salle de bain n\u00e9cessite un transport s\u00fbr et efficace, que ce soit pour un court trajet ou un long trajet.\u00a0Nous avons une vaste exp\u00e9rience dans le d\u00e9m\u00e9nagement de salles de bains et de meubles de salle de bain \u00e0 travers l&rsquo;UE, vers et depuis le Royaume-Uni vers et depuis l&rsquo;Europe.<\/span><\/p>\n<p><span>Nous accueillons les demandes des fabricants de salles de bains qui ont besoin des services d&rsquo;un coursier de salle de bains europ\u00e9en comp\u00e9tent pour d\u00e9placer ces charges souvent fragiles et volumineuses.\u00a0Si vous avez besoin de transporter vos meubles de salle de bain vers un entrep\u00f4t europ\u00e9en ou directement chez des d\u00e9taillants de l&rsquo;UE ou du Royaume-Uni, nous avons l&rsquo;exp\u00e9rience et les connaissances n\u00e9cessaires pour assurer une livraison s\u00fbre et ponctuelle partout dans l&rsquo;UE.\u00a0Voici quelques exemples, mais sans s&rsquo;y limiter, de l&rsquo;endroit o\u00f9 nous r\u00e9cup\u00e9rons:<\/span><\/p>\n<ul class=\"list-with-tick col4\">\n<li><span>B n Q<\/span><\/li>\n<li><span>Base d&rsquo;accueil<\/span><\/li>\n<li><span>Bunnings<\/span><\/li>\n<li><span>M\u00e8ches<\/span><\/li>\n<\/ul>\n<p><span>Les particuliers ayant besoin de meubles de salle de bain transport\u00e9s vers, depuis ou \u00e0 l&rsquo;int\u00e9rieur de l&rsquo;UE sont \u00e9galement une sp\u00e9cialit\u00e9.\u00a0Nous avons d\u00e9plac\u00e9 des baignoires, des lavabos, des toilettes et des douches \u00e0 travers l&rsquo;Europe, notamment en Allemagne, en Espagne, en Finlande, au Danemark, aux Pays-Bas, en Angleterre, en Italie, en France, en Autriche, aux \u00eeles Canaries, en Gr\u00e8ce et dans les \u00eeles grecques ainsi que dans le reste des pays de l&rsquo;UE.<\/span><br \/>\n<span>Les petites ou grandes charges des fabricants de meubles de salle de bain qui ont besoin de leurs marchandises en Europe et hors d&rsquo;Europe sont les bienvenues.\u00a0Nous comprenons la logistique du transport des salles de bain \u00e0 travers l&rsquo;Europe qui comprend non seulement le transport proprement dit, mais aussi l&#8217;emballage de ces articles d\u00e9licats, le chargement et le d\u00e9chargement avec le plus grand soin pour \u00e9viter tout dommage ou \u00e9gratignure aux meubles de la salle de bain pendant le transport.<\/span><\/p>\n<p><strong><span>Entrer en contact!<\/span><\/strong><\/p>\n<p><span>Les d\u00e9taillants en ligne \u00e0 la recherche d&rsquo;un service de messagerie europ\u00e9en fiable et rentable n&rsquo;ont pas besoin de chercher plus loin.\u00a0Nous pouvons proposer des prix de livraison de salle de bain comp\u00e9titifs.\u00a0Nous disposons \u00e9galement d&rsquo;un r\u00e9seau d&rsquo;entreposage s\u00e9curis\u00e9 mature et s\u00fbr dans toute l&rsquo;UE.\u00a0Il offre au fur et \u00e0 mesure des rangements de meubles de salle de bain \u00e9conomiques.\u00a0Souvent, les meubles de salle de bain sont vendus mais ne sont pas n\u00e9cessaires imm\u00e9diatement.\u00a0il peut \u00eatre rentable de d\u00e9placer les baignoires, \u00e9viers, douches et autres meubles de salle de bain de l&rsquo;usine ou de la zone de vente au d\u00e9tail dans des installations de stockage de salle de bain europ\u00e9ennes pr\u00eates \u00e0 \u00eatre cueillies, charg\u00e9es et livr\u00e9es directement aux d\u00e9taillants ou aux clients \u00e0 travers l&rsquo;Europe et le Royaume-Uni.<\/span><\/p>\n<p><strong><span>Contactez European Moving pour un service de messagerie \u00e0 bas prix dans toute l&rsquo;Europe et l&rsquo;UE.<\/span><\/strong><\/p>\n","protected":false},"excerpt":{"rendered":"<p>Livraison et transport de salle de bain en Europe La livraison et le transport dans les salles de bains en Europe sont l&rsquo;un des types de marchandises les plus courants r\u00e9guli\u00e8rement transport\u00e9s dans l&rsquo;UE.\u00a0Le co\u00fbt d\u00e9pend du type de mat\u00e9riau, du poids et de la distance jusqu&rsquo;\u00e0 la destination.\u00a0Des services de camionnette et d&rsquo;homme de [&hellip;]<\/p>\n","protected":false},"author":13,"featured_media":0,"parent":0,"menu_order":0,"comment_status":"closed","ping_status":"closed","template":"","meta":[],"yst_prominent_words":[5188,5597,5591,9127,9119,9129,9121,9125,9122,5599,9123,9118,9130,9126],"_links":{"self":[{"href":"https:\/\/europeanmoving.co.uk\/fr\/wp-json\/wp\/v2\/pages\/7306"}],"collection":[{"href":"https:\/\/europeanmoving.co.uk\/fr\/wp-json\/wp\/v2\/pages"}],"about":[{"href":"https:\/\/europeanmoving.co.uk\/fr\/wp-json\/wp\/v2\/types\/page"}],"author":[{"embeddable":true,"href":"https:\/\/europeanmoving.co.uk\/fr\/wp-json\/wp\/v2\/users\/13"}],"replies":[{"embeddable":true,"href":"https:\/\/europeanmoving.co.uk\/fr\/wp-json\/wp\/v2\/comments?post=7306"}],"version-history":[{"count":2,"href":"https:\/\/europeanmoving.co.uk\/fr\/wp-json\/wp\/v2\/pages\/7306\/revisions"}],"predecessor-version":[{"id":22071,"href":"https:\/\/europeanmoving.co.uk\/fr\/wp-json\/wp\/v2\/pages\/7306\/revisions\/22071"}],"wp:attachment":[{"href":"https:\/\/europeanmoving.co.uk\/fr\/wp-json\/wp\/v2\/media?parent=7306"}],"wp:term":[{"taxonomy":"yst_prominent_words","embeddable":true,"href":"https:\/\/europeanmoving.co.uk\/fr\/wp-json\/wp\/v2\/yst_prominent_words?post=7306"}],"curies":[{"name":"wp","href":"https:\/\/api.w.org\/{rel}","templated":true}]}}