{"id":7302,"date":"2018-07-26T14:13:38","date_gmt":"2018-07-26T14:13:38","guid":{"rendered":"http:\/\/europeanmoving.co.uk\/?page_id=7302"},"modified":"2020-09-17T09:12:37","modified_gmt":"2020-09-17T09:12:37","slug":"en-europe","status":"publish","type":"page","link":"https:\/\/europeanmoving.co.uk\/fr\/en-europe\/","title":{"rendered":"En Europe"},"content":{"rendered":"<h1 class=\"title-heading-left\"><strong><span>Transport maritime europ\u00e9en et international<\/span><\/strong><\/h1>\n<p><strong><span>Notre \u00e9quipe d\u00e9di\u00e9e au transport maritime international<\/span><\/strong><\/p>\n<p><span>Chez European Moving, nous avons notre propre \u00e9quipe de transport maritime europ\u00e9en et international bas\u00e9e sur la mer Noire &#8211; Port Varna.\u00a0Notre exp\u00e9rience significative dans les transports maritimes europ\u00e9ens pour les conteneurs complets ou partiels &#8211; s&rsquo;\u00e9tend aux domaines suivants:<\/span><\/p>\n<ul class=\"list-with-tick fullCol\">\n<li><span>Les \u00eeles grecques: Cr\u00e8te, Eub\u00e9e, Lesbos, Rhodes, Ch\u00edos, C\u00e9phalonie, Corfou, Lemnos, Samos, Naxos, Zante, Thassos, Andros, Lefkada, Karpathos, Kos, Cyth\u00e8re, Icaria, Skyros, Paros, Tinos, Samothrace, Milos, Kea, Amorgos, Kalymnos, Ios, Kythnos, Astypalaia, Ithaca et tout autre sur demande et sous r\u00e9serve de disponibilit\u00e9.<\/span><\/li>\n<li><span>Les pays des Balkans: Albanie, Bulgarie, Bosnie-Herz\u00e9govine, Kosovo, Mac\u00e9doine, Serbie, Croatie et Mont\u00e9n\u00e9gro.<\/span><\/li>\n<li><span>\u00c9tats sovi\u00e9tiques Forma: Arm\u00e9nie, Azerba\u00efdjan, G\u00e9orgie, B\u00e9larus, Moldova et Ukraine.<\/span><\/li>\n<li><span>Les \u00eeles Canaries: El Hierro, Fuerteventura, Gran Canaria, La Gomera, Lanzarote, Archipel Chinijo, La Palma, Tenerife.<\/span><\/li>\n<li><span>Turquie et \u00eeles<\/span><\/li>\n<li><span>Principales \u00eeles de Maderia<\/span><\/li>\n<li><span>Principales \u00eeles d&rsquo;Azures<\/span><\/li>\n<\/ul>\n<p><img src=\"https:\/\/europeanmoving.im\/wp-content\/uploads\/2018\/07\/Marine.jpeg\" \/><\/p>\n<h2><strong><span>Entrer en contact<\/span><\/strong><\/h2>\n<p><span>Traverser les mers d&rsquo;Europe peut \u00eatre un cauchemar logistique, mais repr\u00e9sente \u00e9galement souvent une alternative rentable aux voyages terrestres paneurop\u00e9ens.\u00a0Nous adaptons nos transports maritimes internationaux aux clients individuels, avec une attention aux d\u00e9tails et une organisation soign\u00e9e.\u00a0Notre personnel est sp\u00e9cialis\u00e9 dans le transport, l&rsquo;exportation et les d\u00e9m\u00e9nagements internationaux.\u00a0Que vous ayez un d\u00e9m\u00e9nagement complet ou une charge partielle, nous pouvons offrir un service adapt\u00e9 \u00e0 vos besoins.\u00a0Le transport maritime complet et partiel \u00e0 travers l&rsquo;Europe est la seule chose que notre \u00e9quipe de sp\u00e9cialistes \u00e0 Varna fasse.\u00a0Par cons\u00e9quent, vous pouvez \u00eatre assur\u00e9 que notre exp\u00e9rience profite \u00e0 vos exigences.\u00a0Nous n&rsquo;avons pas fait grand-chose dans ce secteur et nous pouvons r\u00e9pondre \u00e0 toutes vos questions sur le transport maritime europ\u00e9en et sur la mani\u00e8re dont nous pouvons vous aider.\u00a0Peu importe ce que vous d\u00e9m\u00e9nagez \u00e0 travers l&rsquo;Europe et o\u00f9 que vous soyez,\u00a0vous avez besoin de tranquillit\u00e9 d&rsquo;esprit.\u00a0Lorsque vous avez besoin d&rsquo;une exp\u00e9dition, c&rsquo;est encore plus difficile et vous avez besoin d&rsquo;un sp\u00e9cialiste pour vous aider.\u00a0Nous aidons les entreprises \u00e0 travers l&rsquo;Europe chaque jour.\u00a0Si vous souhaitez un devis pour l&rsquo;un des lieux, veuillez contacter notre \u00e9quipe de transport maritime europ\u00e9en en utilisant le formulaire de contact.<\/span><\/p>\n","protected":false},"excerpt":{"rendered":"<p>Transport maritime europ\u00e9en et international Notre \u00e9quipe d\u00e9di\u00e9e au transport maritime international Chez European Moving, nous avons notre propre \u00e9quipe de transport maritime europ\u00e9en et international bas\u00e9e sur la mer Noire &#8211; Port Varna.\u00a0Notre exp\u00e9rience significative dans les transports maritimes europ\u00e9ens pour les conteneurs complets ou partiels &#8211; s&rsquo;\u00e9tend aux domaines suivants: Les \u00eeles grecques: [&hellip;]<\/p>\n","protected":false},"author":13,"featured_media":0,"parent":0,"menu_order":0,"comment_status":"closed","ping_status":"closed","template":"","meta":[],"yst_prominent_words":[5188,5757,9148,14154,5194],"_links":{"self":[{"href":"https:\/\/europeanmoving.co.uk\/fr\/wp-json\/wp\/v2\/pages\/7302"}],"collection":[{"href":"https:\/\/europeanmoving.co.uk\/fr\/wp-json\/wp\/v2\/pages"}],"about":[{"href":"https:\/\/europeanmoving.co.uk\/fr\/wp-json\/wp\/v2\/types\/page"}],"author":[{"embeddable":true,"href":"https:\/\/europeanmoving.co.uk\/fr\/wp-json\/wp\/v2\/users\/13"}],"replies":[{"embeddable":true,"href":"https:\/\/europeanmoving.co.uk\/fr\/wp-json\/wp\/v2\/comments?post=7302"}],"version-history":[{"count":3,"href":"https:\/\/europeanmoving.co.uk\/fr\/wp-json\/wp\/v2\/pages\/7302\/revisions"}],"predecessor-version":[{"id":22048,"href":"https:\/\/europeanmoving.co.uk\/fr\/wp-json\/wp\/v2\/pages\/7302\/revisions\/22048"}],"wp:attachment":[{"href":"https:\/\/europeanmoving.co.uk\/fr\/wp-json\/wp\/v2\/media?parent=7302"}],"wp:term":[{"taxonomy":"yst_prominent_words","embeddable":true,"href":"https:\/\/europeanmoving.co.uk\/fr\/wp-json\/wp\/v2\/yst_prominent_words?post=7302"}],"curies":[{"name":"wp","href":"https:\/\/api.w.org\/{rel}","templated":true}]}}