{"id":7298,"date":"2018-07-26T13:44:47","date_gmt":"2018-07-26T13:44:47","guid":{"rendered":"http:\/\/europeanmoving.co.uk\/?page_id=7298"},"modified":"2020-09-17T09:23:40","modified_gmt":"2020-09-17T09:23:40","slug":"service-de-messagerie","status":"publish","type":"page","link":"https:\/\/europeanmoving.co.uk\/fr\/service-de-messagerie\/","title":{"rendered":"Service de messagerie"},"content":{"rendered":"<h1 class=\"title-heading-left\"><strong><span>Service de courrier europ\u00e9en et international<\/span><\/strong><\/h1>\n<p><strong><span>Le service de courrier international offre une livraison rapide et efficace de vos marchandises et colis dans toute l&rsquo;Europe.<\/span><\/strong><\/p>\n<p><span>Notre \u00e9quipe exp\u00e9riment\u00e9e de coursiers internationaux travaille sans rel\u00e2che dans toute l&rsquo;UE au quotidien.\u00a0Nous veillons \u00e0 respecter les d\u00e9lais de nos clients de mani\u00e8re efficace et ponctuelle, \u00e0 chaque fois.\u00a0Le choix d&rsquo;un service de messagerie europ\u00e9en pr\u00e9sente un potentiel de d\u00e9ception.<\/span><br \/>\n<span>Pensez \u00e0 la logistique d&rsquo;envoi de colis et de produits \u00e0 travers l&rsquo;UE, qui traverse souvent de nombreuses fronti\u00e8res qui peuvent r\u00e9v\u00e9ler des cauchemars de planification.\u00a0Lorsque votre livraison est essentielle \u00e0 votre mission, vous devez s\u00e9lectionner un service de messagerie europ\u00e9en \u00e9prouv\u00e9 et fiable qui poss\u00e8de l&rsquo;exp\u00e9rience n\u00e9cessaire pour pr\u00e9parer et livrer dans des d\u00e9lais serr\u00e9s.<\/span><br \/>\n<span>Nous avons une exp\u00e9rience significative dans la livraison de marchandises \u00e0 travers l&rsquo;UE.\u00a0Des petits colis aux chargements g\u00eanants plus massifs, notre service de courrier international a d\u00e9j\u00e0 \u00e9t\u00e9 l\u00e0.\u00a0Ils savent sans aucun doute comment assurer efficacement la livraison \u00e0 un prix rentable.<\/span><br \/>\n<span>Nous faisons partie du r\u00e9seau de messagerie international du Royaume-Uni et de l&rsquo;UE et n&rsquo;utilisons que les services de fournisseurs professionnels et fiables.\u00a0En effet, nos chauffeurs sont intelligents, pr\u00e9sentables et d\u00e9di\u00e9s \u00e0 offrir un service de la plus haute qualit\u00e9.\u00a0Lorsque vous partez du Royaume-Uni, par exemple, nous planifions des travers\u00e9es en ferry ou en tunnel et maximisons les opportunit\u00e9s d&rsquo;efficacit\u00e9 pour maintenir vos co\u00fbts bas.<\/span><\/p>\n<p><strong><span>Nous contacter!<\/span><\/strong><\/p>\n<p><span>Notre service de messagerie europ\u00e9en couvre toutes les r\u00e9gions de l&rsquo;UE.\u00a0\u00c9dimbourg \u00e0 Turin peut sembler intimidant, mais cela fait partie int\u00e9grante de notre semaine de travail.\u00a0En effet, en proposant des services de messagerie vers la France, l&rsquo;Allemagne, l&rsquo;Espagne, l&rsquo;Italie, la Hongrie, l&rsquo;Autriche, le Portugal, la Gr\u00e8ce et tous les \u00c9tats membres de l&rsquo;UE, la livraison \u00e0 destination \u00e0 temps est notre priorit\u00e9.<\/span><br \/>\n<span>Ind\u00e9pendamment de la taille ou de la forme de votre service de messagerie dans l&rsquo;UE, vous pouvez vous d\u00e9tendre en sachant que nous l&rsquo;avons probablement d\u00e9j\u00e0 fait.\u00a0Livraison de petits et grands colis vers l&rsquo;UE, y compris les bo\u00eetes, les articles en emballage plat, les dimensions et les formes peu pratiques pouvant inclure des meubles plus petits, des ordinateurs, des fichiers et des documents, votre livraison est soign\u00e9e comme si c&rsquo;\u00e9tait la n\u00f4tre.<\/span><br \/>\n<span>Pour le service de messagerie europ\u00e9en et international ultime, vous n&rsquo;avez pas besoin de chercher plus loin.\u00a0Par tous les moyens, remplissez notre formulaire de demande ou appelez-nous.\u00a0Nous vous r\u00e9pondrons dans les plus brefs d\u00e9lais avec le meilleur prix possible pour votre service de livraison de colis dans l&rsquo;UE.<\/span><\/p>\n","protected":false},"excerpt":{"rendered":"<p>Service de courrier europ\u00e9en et international Le service de courrier international offre une livraison rapide et efficace de vos marchandises et colis dans toute l&rsquo;Europe. Notre \u00e9quipe exp\u00e9riment\u00e9e de coursiers internationaux travaille sans rel\u00e2che dans toute l&rsquo;UE au quotidien.\u00a0Nous veillons \u00e0 respecter les d\u00e9lais de nos clients de mani\u00e8re efficace et ponctuelle, \u00e0 chaque fois.\u00a0Le [&hellip;]<\/p>\n","protected":false},"author":13,"featured_media":0,"parent":0,"menu_order":0,"comment_status":"closed","ping_status":"closed","template":"","meta":[],"yst_prominent_words":[9135,9156,9150,5298,9142,5733,5305,5595,5246,9137],"_links":{"self":[{"href":"https:\/\/europeanmoving.co.uk\/fr\/wp-json\/wp\/v2\/pages\/7298"}],"collection":[{"href":"https:\/\/europeanmoving.co.uk\/fr\/wp-json\/wp\/v2\/pages"}],"about":[{"href":"https:\/\/europeanmoving.co.uk\/fr\/wp-json\/wp\/v2\/types\/page"}],"author":[{"embeddable":true,"href":"https:\/\/europeanmoving.co.uk\/fr\/wp-json\/wp\/v2\/users\/13"}],"replies":[{"embeddable":true,"href":"https:\/\/europeanmoving.co.uk\/fr\/wp-json\/wp\/v2\/comments?post=7298"}],"version-history":[{"count":2,"href":"https:\/\/europeanmoving.co.uk\/fr\/wp-json\/wp\/v2\/pages\/7298\/revisions"}],"predecessor-version":[{"id":22056,"href":"https:\/\/europeanmoving.co.uk\/fr\/wp-json\/wp\/v2\/pages\/7298\/revisions\/22056"}],"wp:attachment":[{"href":"https:\/\/europeanmoving.co.uk\/fr\/wp-json\/wp\/v2\/media?parent=7298"}],"wp:term":[{"taxonomy":"yst_prominent_words","embeddable":true,"href":"https:\/\/europeanmoving.co.uk\/fr\/wp-json\/wp\/v2\/yst_prominent_words?post=7298"}],"curies":[{"name":"wp","href":"https:\/\/api.w.org\/{rel}","templated":true}]}}