{"id":7291,"date":"2018-07-26T11:52:23","date_gmt":"2018-07-26T11:52:23","guid":{"rendered":"http:\/\/europeanmoving.co.uk\/?page_id=7291"},"modified":"2020-09-17T09:52:19","modified_gmt":"2020-09-17T09:52:19","slug":"livraison-de-cuisines-en-europe","status":"publish","type":"page","link":"https:\/\/europeanmoving.co.uk\/fr\/livraison-de-cuisines-en-europe\/","title":{"rendered":"Livraison de cuisines en Europe"},"content":{"rendered":"<h1 class=\"title-heading-left\"><strong><span>Livraison et transport de cuisines europ\u00e9ennes<\/span><\/strong><\/h1>\n<p><span>La livraison de cuisines europ\u00e9ennes est l&rsquo;un des types de produits les plus courants r\u00e9guli\u00e8rement transport\u00e9s dans l&rsquo;UE.\u00a0Le co\u00fbt d\u00e9pend du type de mat\u00e9riau, du poids et de la distance jusqu&rsquo;\u00e0 la destination.\u00a0Des services de camionnette et d&rsquo;homme de d\u00e9m\u00e9nagement europ\u00e9ens sont fournis dans toute l&rsquo;UE.\u00a0Le mat\u00e9riel de cuisine n\u00e9cessite un transport s\u00fbr et efficace, que ce soit pour un court trajet ou un long trajet.\u00a0Nous avons une vaste exp\u00e9rience dans le d\u00e9m\u00e9nagement de salles de bains et de meubles de salle de bain \u00e0 travers l&rsquo;UE, vers et depuis le Royaume-Uni vers et depuis l&rsquo;Europe.<\/span><\/p>\n<p><span>Nous accueillons les demandes des fabricants de cuisines qui ont besoin des services d&rsquo;un coursier de cuisine europ\u00e9en comp\u00e9tent pour d\u00e9placer ces charges souvent fragiles et volumineuses.\u00a0Si vous avez besoin de transporter vos meubles de cuisine vers un entrep\u00f4t europ\u00e9en ou directement chez des d\u00e9taillants de l&rsquo;UE ou du Royaume-Uni, nous avons l&rsquo;exp\u00e9rience et les connaissances n\u00e9cessaires pour assurer une livraison s\u00fbre et ponctuelle partout dans l&rsquo;UE.\u00a0Voici quelques exemples, mais sans s&rsquo;y limiter, de l&rsquo;endroit o\u00f9 nous r\u00e9cup\u00e9rons:<\/span><\/p>\n<ul class=\"list-with-tick col4\">\n<li><span>B n Q<\/span><\/li>\n<li><span>Base d&rsquo;accueil<\/span><\/li>\n<li><span>Bunnings<\/span><\/li>\n<li><span>M\u00e8ches<\/span><\/li>\n<\/ul>\n<p><span>Les particuliers ayant besoin de meubles de cuisine transport\u00e9s vers, depuis ou \u00e0 l&rsquo;int\u00e9rieur de l&rsquo;UE sont \u00e9galement une sp\u00e9cialit\u00e9.\u00a0Nous avons d\u00e9plac\u00e9 des cuisini\u00e8res, des r\u00e9frig\u00e9rateurs et des lave-vaisselle dans toute l&rsquo;Europe continentale ainsi que dans les \u00eeles Canaries et les \u00eeles grecques.<\/span><br \/>\n<span>Les petites ou grandes charges des fabricants de meubles de cuisine qui ont besoin de leurs marchandises en Europe et hors d&rsquo;Europe sont les bienvenues.\u00a0Nous comprenons la logistique du transport de la cuisine \u00e0 travers l&rsquo;Europe qui comprend non seulement le transport proprement dit, mais \u00e9galement l&#8217;emballage de ces articles d\u00e9licats, le chargement et le d\u00e9chargement avec le plus grand soin pour \u00e9viter tout dommage ou \u00e9gratignure aux \u00e9l\u00e9ments de la cuisine pendant le transport.<\/span><\/p>\n<p><strong><span>Entrer en contact!<\/span><\/strong><\/p>\n<p><span>Les d\u00e9taillants en ligne \u00e0 la recherche d&rsquo;un coursier de cuisine europ\u00e9en fiable et rentable n&rsquo;ont pas besoin de chercher plus loin.\u00a0Nous pouvons proposer des prix de livraison de cuisine comp\u00e9titifs.\u00a0Nous disposons \u00e9galement d&rsquo;un r\u00e9seau d&rsquo;entreposage s\u00e9curis\u00e9 mature et s\u00fbr dans toute l&rsquo;UE.\u00a0Il offre au fur et \u00e0 mesure des rangements de meubles de cuisine \u00e9conomiques.\u00a0Souvent, les articles de cuisine sont vendus mais pas n\u00e9cessaires imm\u00e9diatement.\u00a0il peut \u00eatre rentable de d\u00e9placer les marchandises de l&rsquo;usine ou de la zone de vente au d\u00e9tail vers une installation de stockage en Europe, pr\u00eates \u00e0 \u00eatre cueillies, charg\u00e9es et livr\u00e9es directement aux d\u00e9taillants ou aux clients \u00e0 travers l&rsquo;Europe et le Royaume-Uni.<\/span><\/p>\n<p><strong><span>Contactez European Moving pour un service de courrier de cuisine \u00e0 bas prix \u00e0 travers l&rsquo;Europe et l&rsquo;UE.<\/span><\/strong><\/p>\n","protected":false},"excerpt":{"rendered":"<p>Livraison et transport de cuisines europ\u00e9ennes La livraison de cuisines europ\u00e9ennes est l&rsquo;un des types de produits les plus courants r\u00e9guli\u00e8rement transport\u00e9s dans l&rsquo;UE.\u00a0Le co\u00fbt d\u00e9pend du type de mat\u00e9riau, du poids et de la distance jusqu&rsquo;\u00e0 la destination.\u00a0Des services de camionnette et d&rsquo;homme de d\u00e9m\u00e9nagement europ\u00e9ens sont fournis dans toute l&rsquo;UE.\u00a0Le mat\u00e9riel de cuisine [&hellip;]<\/p>\n","protected":false},"author":13,"featured_media":0,"parent":0,"menu_order":0,"comment_status":"closed","ping_status":"closed","template":"","meta":[],"yst_prominent_words":[5188,5597,5215,5591,5587,5596,5599,5588,5592],"_links":{"self":[{"href":"https:\/\/europeanmoving.co.uk\/fr\/wp-json\/wp\/v2\/pages\/7291"}],"collection":[{"href":"https:\/\/europeanmoving.co.uk\/fr\/wp-json\/wp\/v2\/pages"}],"about":[{"href":"https:\/\/europeanmoving.co.uk\/fr\/wp-json\/wp\/v2\/types\/page"}],"author":[{"embeddable":true,"href":"https:\/\/europeanmoving.co.uk\/fr\/wp-json\/wp\/v2\/users\/13"}],"replies":[{"embeddable":true,"href":"https:\/\/europeanmoving.co.uk\/fr\/wp-json\/wp\/v2\/comments?post=7291"}],"version-history":[{"count":3,"href":"https:\/\/europeanmoving.co.uk\/fr\/wp-json\/wp\/v2\/pages\/7291\/revisions"}],"predecessor-version":[{"id":22078,"href":"https:\/\/europeanmoving.co.uk\/fr\/wp-json\/wp\/v2\/pages\/7291\/revisions\/22078"}],"wp:attachment":[{"href":"https:\/\/europeanmoving.co.uk\/fr\/wp-json\/wp\/v2\/media?parent=7291"}],"wp:term":[{"taxonomy":"yst_prominent_words","embeddable":true,"href":"https:\/\/europeanmoving.co.uk\/fr\/wp-json\/wp\/v2\/yst_prominent_words?post=7291"}],"curies":[{"name":"wp","href":"https:\/\/api.w.org\/{rel}","templated":true}]}}