{"id":7287,"date":"2018-07-26T11:36:43","date_gmt":"2018-07-26T11:36:43","guid":{"rendered":"http:\/\/europeanmoving.co.uk\/?page_id=7287"},"modified":"2020-09-16T17:44:22","modified_gmt":"2020-09-16T17:44:22","slug":"transport-pieces-auto","status":"publish","type":"page","link":"https:\/\/europeanmoving.co.uk\/fr\/nos-services-de-transport\/transport-pieces-auto\/","title":{"rendered":"Transport de pi\u00e8ces automobiles \u00e0 travers l&rsquo;Europe"},"content":{"rendered":"<h1 class=\"title-heading-left\"><strong><span>Transport de pi\u00e8ces automobiles europ\u00e9ennes<\/span><\/strong><\/h1>\n<p><span>Le transport europ\u00e9en de pi\u00e8ces automobiles repr\u00e9sente un march\u00e9 en croissance, car la demande de pi\u00e8ces d&rsquo;occasion est pass\u00e9e de votre parc \u00e0 ferraille local \u00e0 un march\u00e9 paneurop\u00e9en.<\/span><\/p>\n<h2><strong><span>Transport europ\u00e9en de pi\u00e8ces automobiles: pour quoi faire?<\/span><\/strong><\/h2>\n<p><span>Notre d\u00e9pendance envers les v\u00e9hicules \u00e0 moteur &#8211; voitures, motos, camions, etc. a consid\u00e9rablement augment\u00e9 au cours des 40 derni\u00e8res ann\u00e9es.\u00a0Pourtant, leur entretien est \u00e9galement plus sp\u00e9cialis\u00e9 et plus co\u00fbteux.\u00a0Heureusement, et en grande partie gr\u00e2ce \u00e0 certains sites d&rsquo;ench\u00e8res en ligne, l&rsquo;offre de pi\u00e8ces n&rsquo;a jamais \u00e9t\u00e9 aussi riche.\u00a0Le seul probl\u00e8me \u00e0 r\u00e9soudre est celui des transports.<\/span><\/p>\n<p><span>Bien entendu, la plupart des concessionnaires de pi\u00e8ces automobiles neuves et les plus grands d\u00e9taillants d&rsquo;occasion ont leur propre service de messagerie.\u00a0Mais ce n&rsquo;est gu\u00e8re le cas pour les petits vendeurs et pour les particuliers qui, apr\u00e8s avoir achet\u00e9 un nouvel ensemble d&rsquo;alliages, vendent leurs anciens en ligne.<\/span><br \/>\n<span>Et c&rsquo;est l\u00e0 qu&rsquo;intervient notre service europ\u00e9en de transport de pi\u00e8ces automobiles. Nous transporterons toutes les pi\u00e8ces n\u00e9cessaires jusqu&rsquo;\u00e0 votre emplacement;\u00a0\u00e7a va \u00eatre s\u00fbr, et \u00e0 un prix, vous aimerez.\u00a0Mais il y a plus!<\/span><\/p>\n<p><span>Vous pourriez vendre au lieu d&rsquo;acheter.\u00a0Au lieu de limiter votre march\u00e9 \u00e0 votre ville locale, vous pourriez b\u00e9n\u00e9ficier du r\u00e8glement de l&rsquo;UE qui stipule:<\/span><br \/>\n<span>\u00abLes marchandises qui ont \u00e9t\u00e9 produites dans l&rsquo;Union europ\u00e9enne (UE) ou qui ont \u00e9t\u00e9 import\u00e9es dans un pays de l&rsquo;UE avec droits acquitt\u00e9s sont &lsquo; en libre pratique \u00bbau sein de l&rsquo;UE.\u00a0Les droits de douane ne sont pas exigibles sur les acquisitions (importations ou achats) de marchandises en libre pratique. \u00bb<\/span><br \/>\n<span>En d&rsquo;autres termes, vous pouvez vendre dans toute l&rsquo;UE, nous nous occuperons de votre transport international et vous n&rsquo;aurez ni taxes ni droits \u00e0 payer.<\/span><\/p>\n<h2><strong><span>Transport europ\u00e9en de pi\u00e8ces automobiles: comment \u00e7a marche?<\/span><\/strong><\/h2>\n<p><span>Rapide et facile.<\/span><br \/>\n<span>Remplissez simplement le formulaire en ligne ou appelez-nous.\u00a0Notre \u00e9quipe d\u00e9di\u00e9e de coordinateurs de transport prendra vos coordonn\u00e9es et vous donnera un devis gratuit pour vos besoins.\u00a0Nos chauffeurs sillonnent l&rsquo;Europe chaque jour.\u00a0Cela signifie que nous sommes en train de r\u00e9cup\u00e9rer votre moteur ou votre bo\u00eete de vitesses du Royaume-Uni et de vous l&rsquo;apporter en Espagne, ou d&rsquo;Allemagne en Gr\u00e8ce.<\/span><br \/>\n<span>Le monde progresse \u00e0 un rythme extr\u00eamement rapide et il est crucial pour nous de suivre.\u00a0Alors n&rsquo;h\u00e9sitez pas \u00e0 nous contacter, nous sommes l\u00e0 pour vous aider!<\/span><\/p>\n","protected":false},"excerpt":{"rendered":"<p>Transport de pi\u00e8ces automobiles europ\u00e9ennes Le transport europ\u00e9en de pi\u00e8ces automobiles repr\u00e9sente un march\u00e9 en croissance, car la demande de pi\u00e8ces d&rsquo;occasion est pass\u00e9e de votre parc \u00e0 ferraille local \u00e0 un march\u00e9 paneurop\u00e9en. Transport europ\u00e9en de pi\u00e8ces automobiles: pour quoi faire? Notre d\u00e9pendance envers les v\u00e9hicules \u00e0 moteur &#8211; voitures, motos, camions, etc. a [&hellip;]<\/p>\n","protected":false},"author":13,"featured_media":0,"parent":7293,"menu_order":0,"comment_status":"closed","ping_status":"closed","template":"","meta":[],"yst_prominent_words":[4203,3838,11576,11619,3484,11632,3469,5743,11581,11620,11630,11629,11628],"_links":{"self":[{"href":"https:\/\/europeanmoving.co.uk\/fr\/wp-json\/wp\/v2\/pages\/7287"}],"collection":[{"href":"https:\/\/europeanmoving.co.uk\/fr\/wp-json\/wp\/v2\/pages"}],"about":[{"href":"https:\/\/europeanmoving.co.uk\/fr\/wp-json\/wp\/v2\/types\/page"}],"author":[{"embeddable":true,"href":"https:\/\/europeanmoving.co.uk\/fr\/wp-json\/wp\/v2\/users\/13"}],"replies":[{"embeddable":true,"href":"https:\/\/europeanmoving.co.uk\/fr\/wp-json\/wp\/v2\/comments?post=7287"}],"version-history":[{"count":6,"href":"https:\/\/europeanmoving.co.uk\/fr\/wp-json\/wp\/v2\/pages\/7287\/revisions"}],"predecessor-version":[{"id":22028,"href":"https:\/\/europeanmoving.co.uk\/fr\/wp-json\/wp\/v2\/pages\/7287\/revisions\/22028"}],"up":[{"embeddable":true,"href":"https:\/\/europeanmoving.co.uk\/fr\/wp-json\/wp\/v2\/pages\/7293"}],"wp:attachment":[{"href":"https:\/\/europeanmoving.co.uk\/fr\/wp-json\/wp\/v2\/media?parent=7287"}],"wp:term":[{"taxonomy":"yst_prominent_words","embeddable":true,"href":"https:\/\/europeanmoving.co.uk\/fr\/wp-json\/wp\/v2\/yst_prominent_words?post=7287"}],"curies":[{"name":"wp","href":"https:\/\/api.w.org\/{rel}","templated":true}]}}