{"id":7272,"date":"2018-07-26T10:40:50","date_gmt":"2018-07-26T10:40:50","guid":{"rendered":"http:\/\/europeanmoving.co.uk\/?page_id=7272"},"modified":"2020-11-03T15:05:51","modified_gmt":"2020-11-03T15:05:51","slug":"derniere-minute","status":"publish","type":"page","link":"https:\/\/europeanmoving.co.uk\/fr\/derniere-minute\/","title":{"rendered":"D\u00e9m\u00e9nagements de derni\u00e8re minute en Europe"},"content":{"rendered":"<h2 class=\"title-heading-left\"><strong><span>D\u00e9m\u00e9nagement urgent en Europe: le jour m\u00eame ou le lendemain?<\/span><\/strong><\/h2>\n<p><span>Besoin d&rsquo;un service de d\u00e9m\u00e9nagement de derni\u00e8re minute en Europe?\u00a0Nos d\u00e9m\u00e9nagements europ\u00e9ens \u00e0 court pr\u00e9avis fournissent la r\u00e9ponse.\u00a0Ils couvrent tout le continent et sont id\u00e9aux pour les situations o\u00f9 vous devez obtenir un service le jour m\u00eame ou le lendemain.\u00a0Peut-\u00eatre qu&rsquo;une autre entreprise de d\u00e9m\u00e9nagement vous a laiss\u00e9 tomber.\u00a0Peut-\u00eatre devez-vous partir \u00e0 bref d\u00e9lai, ou pr\u00e9f\u00e9rez-vous simplement faire bouger les choses le plus t\u00f4t possible.<\/span><\/p>\n<h2 class=\"title-heading-left\"><strong><span>Pourquoi nous choisir pour votre d\u00e9m\u00e9nagement?<\/span><\/strong><\/h2>\n<p><span>Quelle que soit votre motivation, vous avez besoin d&rsquo;une solution de suppression sur laquelle vous pouvez compter.\u00a0Nous r\u00e9serverons votre enl\u00e8vement le lendemain dans les vingt-quatre heures et acheminerons vos affaires l\u00e0 o\u00f9 elles doivent \u00eatre.\u00a0Nous faisons cela depuis 2010 et avons une exp\u00e9rience de la distribution qui remonte \u00e0 des ann\u00e9es auparavant.\u00a0Pendant notre temps, nous avons construit un r\u00e9seau de partenaires de confiance et exp\u00e9di\u00e9 tout, des avions aux \u0153uvres d&rsquo;art.\u00a0Cette exp\u00e9rience consid\u00e9rable nous permet de g\u00e9rer \u00e0 court terme m\u00eame les d\u00e9m\u00e9nagements internationaux les plus d\u00e9licats.<\/span><br \/>\n<span>Si vous vous trouvez dans une grande ville europ\u00e9enne, nos chauffeurs peuvent vous accompagner en quelques heures pour un d\u00e9m\u00e9nagement le jour m\u00eame.\u00a0Mais notre service de d\u00e9m\u00e9nagement de derni\u00e8re minute est disponible m\u00eame dans les coins les plus recul\u00e9s du continent.<\/span><\/p>\n<h2 class=\"title-heading-left\"><strong><span>Suppressions de derni\u00e8re minute<\/span><\/strong><\/h2>\n<p><span>Que vous vidiez une maison, un bureau ou une galerie d&rsquo;art, nos chauffeurs pourront emmener vos objets l\u00e0 o\u00f9 ils doivent aller.\u00a0Ils voyagent partout en Europe et sont toujours en mouvement.\u00a0Il y a de fortes chances qu&rsquo;il y en ait un \u00e0 quelques heures de vous en ce moment, n&rsquo;attendant que la chance de r\u00e9soudre votre probl\u00e8me!<\/span><br \/>\n<span>Que votre destination soit Bordeaux, S\u00e9ville ou Stockholm, nous pouvons vous aider \u00e0 r\u00e9soudre votre probl\u00e8me urgent de d\u00e9m\u00e9nagement international.<\/span><br \/>\n<span>Dans un monde id\u00e9al, nous planifions tout des semaines \u00e0 l&rsquo;avance.\u00a0Mais dans le monde r\u00e9el, une solution plus urgente est parfois n\u00e9cessaire.\u00a0Si vous avez besoin d&rsquo;une solution europ\u00e9enne de d\u00e9m\u00e9nagement le jour m\u00eame ou le lendemain, pourquoi ne pas contacter notre bureau?\u00a0Notre \u00e9quipe de conseillers est sympathique, comp\u00e9tente et heureuse de vous aider \u00e0 organiser un d\u00e9m\u00e9nagement de derni\u00e8re minute vers n&rsquo;importe o\u00f9 en Europe.<\/span><\/p>\n","protected":false},"excerpt":{"rendered":"<p>D\u00e9m\u00e9nagement urgent en Europe: le jour m\u00eame ou le lendemain? Besoin d&rsquo;un service de d\u00e9m\u00e9nagement de derni\u00e8re minute en Europe?\u00a0Nos d\u00e9m\u00e9nagements europ\u00e9ens \u00e0 court pr\u00e9avis fournissent la r\u00e9ponse.\u00a0Ils couvrent tout le continent et sont id\u00e9aux pour les situations o\u00f9 vous devez obtenir un service le jour m\u00eame ou le lendemain.\u00a0Peut-\u00eatre qu&rsquo;une autre entreprise de d\u00e9m\u00e9nagement [&hellip;]<\/p>\n","protected":false},"author":13,"featured_media":0,"parent":0,"menu_order":0,"comment_status":"closed","ping_status":"closed","template":"","meta":[],"yst_prominent_words":[5791,5789,9079,5793,5783,5189,5792,5782,5190,9078,5794,5784,5781,9080,5785,5788,5786,5194,5790,5787],"_links":{"self":[{"href":"https:\/\/europeanmoving.co.uk\/fr\/wp-json\/wp\/v2\/pages\/7272"}],"collection":[{"href":"https:\/\/europeanmoving.co.uk\/fr\/wp-json\/wp\/v2\/pages"}],"about":[{"href":"https:\/\/europeanmoving.co.uk\/fr\/wp-json\/wp\/v2\/types\/page"}],"author":[{"embeddable":true,"href":"https:\/\/europeanmoving.co.uk\/fr\/wp-json\/wp\/v2\/users\/13"}],"replies":[{"embeddable":true,"href":"https:\/\/europeanmoving.co.uk\/fr\/wp-json\/wp\/v2\/comments?post=7272"}],"version-history":[{"count":3,"href":"https:\/\/europeanmoving.co.uk\/fr\/wp-json\/wp\/v2\/pages\/7272\/revisions"}],"predecessor-version":[{"id":21961,"href":"https:\/\/europeanmoving.co.uk\/fr\/wp-json\/wp\/v2\/pages\/7272\/revisions\/21961"}],"wp:attachment":[{"href":"https:\/\/europeanmoving.co.uk\/fr\/wp-json\/wp\/v2\/media?parent=7272"}],"wp:term":[{"taxonomy":"yst_prominent_words","embeddable":true,"href":"https:\/\/europeanmoving.co.uk\/fr\/wp-json\/wp\/v2\/yst_prominent_words?post=7272"}],"curies":[{"name":"wp","href":"https:\/\/api.w.org\/{rel}","templated":true}]}}