{"id":7260,"date":"2018-07-31T14:35:19","date_gmt":"2018-07-31T14:35:19","guid":{"rendered":"http:\/\/europeanmoving.co.uk\/?page_id=7260"},"modified":"2020-09-16T08:17:03","modified_gmt":"2020-09-16T08:17:03","slug":"camion-chauffeur","status":"publish","type":"page","link":"https:\/\/europeanmoving.co.uk\/fr\/camion-chauffeur\/","title":{"rendered":"D\u00e9m\u00e9nager en Europe : un camion et son chauffeur"},"content":{"rendered":"<p><strong>Homme et fourgonnette\u00a0bon march\u00e9 pour les d\u00e9m\u00e9nagements europ\u00e9ens<\/strong>\u00a0&#8211; Si vous cherchez \u00e0 minimiser les co\u00fbts de vos d\u00e9m\u00e9nagements internationaux, European Moving peut vous fournir un homme et une fourgonnette en Europe avec un rapport qualit\u00e9-prix exceptionnel.\u00a0Nous sommes fiers d&rsquo;avoir les meilleurs prix pour les hommes et les fourgonnettes tout en fournissant un service professionnel \u00e0 bas prix et sans compromis.<br \/>\nIl n&rsquo;a jamais \u00e9t\u00e9 aussi facile de trouver un homme et une camionnette bon march\u00e9 pour les d\u00e9m\u00e9nagements europ\u00e9ens gr\u00e2ce \u00e0 notre nouveau syst\u00e8me de devis et de r\u00e9servation en ligne instantan\u00e9.<\/p>\n<p>Vous pouvez \u00eatre assur\u00e9 que le prix que vous voyez est le prix que vous payez, avec tous les frais associ\u00e9s (ferry, p\u00e9ages) et TVA incluse.\u00a0Alors pourquoi ne pas remplir notre formulaire en ligne et obtenir votre devis gratuit maintenant?<br \/>\nEuropean Moving est une entreprise de d\u00e9m\u00e9nagement bien \u00e9tablie et r\u00e9put\u00e9e.\u00a0Nos services de d\u00e9m\u00e9nagement en Europe sont fournis \u00e0 travers\u00a0<strong>le Royaume-Uni, la France, l&rsquo;Allemagne, l&rsquo;Irlande, l&rsquo;Irlande du Nord, l&rsquo;Espagne, les \u00eeles Canaries, les \u00eeles Bal\u00e9ares, la Belgique, le Danemark, l&rsquo;Estonie, le Luxembourg, les Pays-Bas, la Pologne, l&rsquo;Autriche, la Bulgarie, la Croatie, la R\u00e9publique tch\u00e8que, la Finlande, Gr\u00e8ce, Hongrie, Italie, Lettonie, Lituanie, Malte, Chypre, Portugal, Roumanie, Slovaquie, Slov\u00e9nie, Su\u00e8de, Royaume-Uni, Suisse, Norv\u00e8ge.<\/strong><br \/>\nNos gestionnaires de d\u00e9m\u00e9nagements d\u00e9vou\u00e9s sont enti\u00e8rement form\u00e9s, professionnels et courtois, alors pourquoi ne pas nous appeler et discuter de vos besoins de d\u00e9m\u00e9nagement \u00e0 faible co\u00fbt.<\/p>\n","protected":false},"excerpt":{"rendered":"<p>Homme et fourgonnette\u00a0bon march\u00e9 pour les d\u00e9m\u00e9nagements europ\u00e9ens\u00a0&#8211; Si vous cherchez \u00e0 minimiser les co\u00fbts de vos d\u00e9m\u00e9nagements internationaux, European Moving peut vous fournir un homme et une fourgonnette en Europe avec un rapport qualit\u00e9-prix exceptionnel.\u00a0Nous sommes fiers d&rsquo;avoir les meilleurs prix pour les hommes et les fourgonnettes tout en fournissant un service professionnel \u00e0 [&hellip;]<\/p>\n","protected":false},"author":13,"featured_media":0,"parent":0,"menu_order":0,"comment_status":"closed","ping_status":"closed","template":"","meta":[],"yst_prominent_words":[15930,3908],"_links":{"self":[{"href":"https:\/\/europeanmoving.co.uk\/fr\/wp-json\/wp\/v2\/pages\/7260"}],"collection":[{"href":"https:\/\/europeanmoving.co.uk\/fr\/wp-json\/wp\/v2\/pages"}],"about":[{"href":"https:\/\/europeanmoving.co.uk\/fr\/wp-json\/wp\/v2\/types\/page"}],"author":[{"embeddable":true,"href":"https:\/\/europeanmoving.co.uk\/fr\/wp-json\/wp\/v2\/users\/13"}],"replies":[{"embeddable":true,"href":"https:\/\/europeanmoving.co.uk\/fr\/wp-json\/wp\/v2\/comments?post=7260"}],"version-history":[{"count":4,"href":"https:\/\/europeanmoving.co.uk\/fr\/wp-json\/wp\/v2\/pages\/7260\/revisions"}],"predecessor-version":[{"id":21905,"href":"https:\/\/europeanmoving.co.uk\/fr\/wp-json\/wp\/v2\/pages\/7260\/revisions\/21905"}],"wp:attachment":[{"href":"https:\/\/europeanmoving.co.uk\/fr\/wp-json\/wp\/v2\/media?parent=7260"}],"wp:term":[{"taxonomy":"yst_prominent_words","embeddable":true,"href":"https:\/\/europeanmoving.co.uk\/fr\/wp-json\/wp\/v2\/yst_prominent_words?post=7260"}],"curies":[{"name":"wp","href":"https:\/\/api.w.org\/{rel}","templated":true}]}}