{"id":7257,"date":"2018-07-26T09:15:43","date_gmt":"2018-07-26T09:15:43","guid":{"rendered":"http:\/\/europeanmoving.co.uk\/?page_id=7257"},"modified":"2020-11-03T15:04:49","modified_gmt":"2020-11-03T15:04:49","slug":"bureaux","status":"publish","type":"page","link":"https:\/\/europeanmoving.co.uk\/fr\/bureaux\/","title":{"rendered":"D\u00e9m\u00e9nagements de soci\u00e9t\u00e9s en Europe"},"content":{"rendered":"<h1 class=\"title-heading-left\"><strong><span>D\u00e9m\u00e9nagements de bureaux internationaux et europ\u00e9ens<\/span><\/strong><\/h1>\n<h2 class=\"title-heading-left\"><strong><span>D\u00e9m\u00e9nagement de bureaux Europe &#8211; Entreprise de d\u00e9m\u00e9nagement europ\u00e9enne et internationale sp\u00e9cialis\u00e9e<\/span><\/strong><\/h2>\n<p><img src=\"https:\/\/europeanmoving.info\/wp-content\/uploads\/2018\/07\/Office-Removals.jpeg\" \/><\/p>\n<p><span>D\u00e9m\u00e9nagements de bureaux: plus que jamais, les entreprises d\u00e9m\u00e9nagent des bureaux \u00e0 travers l&rsquo;Europe et ont besoin des services d&rsquo;un sp\u00e9cialiste europ\u00e9en des d\u00e9m\u00e9nagements de bureaux.<\/span><br \/>\n<b><span>Si vous envisagez de d\u00e9m\u00e9nager, laissez-nous vous inviter \u00e0 consulter notre guide des d\u00e9m\u00e9nageurs: il vous aidera \u00e0 planifier et pr\u00e9parer votre d\u00e9m\u00e9nagement.<\/span><\/b><br \/>\n<span>Sur papier, les d\u00e9m\u00e9nagements de bureaux \u00e0 travers l&rsquo;Europe sont un simple exercice de liste de contr\u00f4le.\u00a0La r\u00e9alit\u00e9, cependant, peut \u00eatre quelque peu diff\u00e9rente.\u00a0Vous devez consid\u00e9rer la logistique de la fourniture de services aux deux bureaux.\u00a0Lorsque vous envisagez de d\u00e9m\u00e9nager un bureau \u00e0 travers l&rsquo;UE, vous penserez au mobilier et aux accessoires de bureau qui doivent \u00eatre d\u00e9m\u00e9nag\u00e9s.<\/span><br \/>\n<span>Naturellement, vous devez \u00e9galement vous assurer que l&rsquo;entreprise continue de n\u00e9gocier pendant cette p\u00e9riode.\u00a0Pour cette raison, les d\u00e9m\u00e9nagements de bureaux se font g\u00e9n\u00e9ralement en deux \u00e9tapes.\u00a0Une f\u00eate joue le r\u00f4le de t\u00eate de pont avec l&rsquo;\u00e9quipement n\u00e9cessaire pour commencer \u00e0 n\u00e9gocier depuis les nouveaux locaux.\u00a0Le reste de l&rsquo;entreprise ferme alors les anciens bureaux et fait le voyage.<\/span><br \/>\n<span>La fermeture d&rsquo;un bureau et la r\u00e9ouverture d&rsquo;un nouveau bureau en Europe n\u00e9cessitent une planification minutieuse pour \u00e9viter le minimum de perturbation des services aux entreprises.<\/span><br \/>\n<span>Comment emballer au mieux votre camionnette europ\u00e9enne de d\u00e9m\u00e9nagement?\u00a0Quels articles seront les premiers dans votre nouveau bureau de l&rsquo;UE et lesquels pourront \u00eatre tri\u00e9s plus tard?\u00a0Et aurez-vous besoin d&rsquo;aide pour les articles de bureau les plus encombrants tels que les bureaux, les ordinateurs, etc.?<\/span><br \/>\n<span>De plus, avant de s\u00e9lectionner votre d\u00e9m\u00e9nageur europ\u00e9en, il y a d&rsquo;autres choses \u00e0 consid\u00e9rer.\u00a0Garantir la s\u00e9curit\u00e9 de votre \u00e9quipement de bureau pendant le trajet potentiellement long \u00e0 travers l&rsquo;Europe jusqu&rsquo;\u00e0 votre nouveau bureau.\u00a0Temps d&rsquo;arr\u00eat pour p\u00e9riodes de repos, h\u00e9bergement possible pour la nuit, etc.<\/span><\/p>\n<h2><strong><span>Services de d\u00e9m\u00e9nagement<\/span><\/strong><\/h2>\n<p><span>European Moving propose 2 services pour vous aider \u00e0 d\u00e9m\u00e9nager votre bureau dans l&rsquo;UE.\u00a0Load and Go est notre service o\u00f9 vous chargez vous-m\u00eame la \/ les fourgonnette et nous r\u00e9alisons l&rsquo;\u00e9l\u00e9ment de conduite \u00e0 travers l&rsquo;Europe.\u00a0Notre service de d\u00e9m\u00e9nagement de bureau EasyMoves aide nos chauffeurs \u00e0 charger en toute s\u00e9curit\u00e9 votre \u00e9quipement de bureau.<\/span><br \/>\n<span>Chez European Moving, nous avons aid\u00e9 de nombreuses entreprises \u00e0 d\u00e9m\u00e9nager.\u00a0Des petites start-ups qui ont d\u00e9pass\u00e9 leur espace de bureau existant, aux entreprises plus \u00e9tablies qui ont ouvert de nouveaux bureaux.\u00a0Quelle que soit la taille de l&rsquo;entreprise, chez European Moving, nous leur fournissons toujours un service de d\u00e9m\u00e9nagement de bureaux rapide et abordable.\u00a0Tout comme pour les d\u00e9m\u00e9nagements m\u00e9nagers, nous proposons \u00e0 nos clients deux types de services de d\u00e9m\u00e9nagement.<\/span><\/p>\n","protected":false},"excerpt":{"rendered":"<p>D\u00e9m\u00e9nagements de bureaux internationaux et europ\u00e9ens D\u00e9m\u00e9nagement de bureaux Europe &#8211; Entreprise de d\u00e9m\u00e9nagement europ\u00e9enne et internationale sp\u00e9cialis\u00e9e D\u00e9m\u00e9nagements de bureaux: plus que jamais, les entreprises d\u00e9m\u00e9nagent des bureaux \u00e0 travers l&rsquo;Europe et ont besoin des services d&rsquo;un sp\u00e9cialiste europ\u00e9en des d\u00e9m\u00e9nagements de bureaux. Si vous envisagez de d\u00e9m\u00e9nager, laissez-nous vous inviter \u00e0 consulter notre [&hellip;]<\/p>\n","protected":false},"author":13,"featured_media":0,"parent":0,"menu_order":0,"comment_status":"closed","ping_status":"closed","template":"","meta":[],"yst_prominent_words":[5116,5188,9087,9081,9082,5557,3948,5117,5161,9086,5106,133,9085,3516,5115,9084,5558,5705,9083,4108],"_links":{"self":[{"href":"https:\/\/europeanmoving.co.uk\/fr\/wp-json\/wp\/v2\/pages\/7257"}],"collection":[{"href":"https:\/\/europeanmoving.co.uk\/fr\/wp-json\/wp\/v2\/pages"}],"about":[{"href":"https:\/\/europeanmoving.co.uk\/fr\/wp-json\/wp\/v2\/types\/page"}],"author":[{"embeddable":true,"href":"https:\/\/europeanmoving.co.uk\/fr\/wp-json\/wp\/v2\/users\/13"}],"replies":[{"embeddable":true,"href":"https:\/\/europeanmoving.co.uk\/fr\/wp-json\/wp\/v2\/comments?post=7257"}],"version-history":[{"count":5,"href":"https:\/\/europeanmoving.co.uk\/fr\/wp-json\/wp\/v2\/pages\/7257\/revisions"}],"predecessor-version":[{"id":23203,"href":"https:\/\/europeanmoving.co.uk\/fr\/wp-json\/wp\/v2\/pages\/7257\/revisions\/23203"}],"wp:attachment":[{"href":"https:\/\/europeanmoving.co.uk\/fr\/wp-json\/wp\/v2\/media?parent=7257"}],"wp:term":[{"taxonomy":"yst_prominent_words","embeddable":true,"href":"https:\/\/europeanmoving.co.uk\/fr\/wp-json\/wp\/v2\/yst_prominent_words?post=7257"}],"curies":[{"name":"wp","href":"https:\/\/api.w.org\/{rel}","templated":true}]}}