{"id":7245,"date":"2018-07-26T08:06:33","date_gmt":"2018-07-26T08:06:33","guid":{"rendered":"http:\/\/europeanmoving.co.uk\/?page_id=7245"},"modified":"2020-11-03T15:09:02","modified_gmt":"2020-11-03T15:09:02","slug":"particuliers","status":"publish","type":"page","link":"https:\/\/europeanmoving.co.uk\/fr\/particuliers\/","title":{"rendered":"D\u00e9m\u00e9nagement de particuliers"},"content":{"rendered":"<h1><strong><span>D\u00e9m\u00e9nagement de maison et de maison pour d\u00e9m\u00e9nagement en Europe<\/span><\/strong><\/h1>\n<p><span>Les d\u00e9m\u00e9nagements \u00e0 travers l&rsquo;Europe peuvent \u00eatre une exp\u00e9rience intimidante.\u00a0En v\u00e9rit\u00e9, la logistique consistant \u00e0 tout rassembler lors d&rsquo;un d\u00e9m\u00e9nagement dans un nouvel appartement, appartement ou maison ailleurs en Europe n&rsquo;est pas pour les timides.\u00a0De plus, le co\u00fbt des d\u00e9m\u00e9nagements \u00e0 travers l&rsquo;Europe peut \u00eatre pour le moins difficile.<\/span><\/p>\n<p><img src=\"https:\/\/europeanmoving.info\/wp-content\/uploads\/2018\/07\/House-Removals.jpg\" \/><\/p>\n<p><strong><span>Si vous envisagez de d\u00e9m\u00e9nager, laissez-nous vous inviter \u00e0 consulter notre guide des d\u00e9m\u00e9nageurs: il vous aidera \u00e0 planifier et pr\u00e9parer votre d\u00e9m\u00e9nagement.\u00a0<\/span><\/strong><\/p>\n<p><span>Nous nous sp\u00e9cialisons &#8211; selon notre nom, dans le d\u00e9m\u00e9nagement europ\u00e9en.\u00a0En tant que tel, nous avons une vaste exp\u00e9rience dans la collecte de vos meubles et autres biens pr\u00e9cieux de votre maison et de les d\u00e9placer partout en Europe.<\/span><br \/>\n<span>La planification et la pr\u00e9paration sont des \u00e9l\u00e9ments essentiels lorsque vous envisagez de d\u00e9m\u00e9nager en Europe et lorsque vous s\u00e9lectionnez une entreprise de d\u00e9m\u00e9nagement europ\u00e9enne r\u00e9put\u00e9e, recherchez toujours son accr\u00e9ditation.\u00a0En effet, il est imp\u00e9ratif de s&rsquo;assurer que les dates de vacances dans votre ancienne maison et les dates d&rsquo;acc\u00e8s \u00e0 votre nouvelle maison correspondent \u00e0 vos exigences.\u00a0Cela permettra \u00e0 l&rsquo;entreprise de d\u00e9m\u00e9nagement de partir en sachant qu&rsquo;elle pourra acc\u00e9der \u00e0 la fois \u00e0 votre ancienne et \u00e0 votre nouvelle maison.\u00a0Pensez \u00e9galement au temps de repos potentiel si le trajet entre votre ancienne maison et votre nouvelle maison europ\u00e9enne est important.<\/span><br \/>\n<span>Nous sommes des sp\u00e9cialistes europ\u00e9ens du d\u00e9m\u00e9nagement et proposons des forfaits comp\u00e9titifs pour vos d\u00e9m\u00e9nagements.\u00a0Notre offre est un forfait tout compris o\u00f9 nous incluons tous les passages frontaliers, les routes \u00e0 p\u00e9age et les frais de carburant.\u00a0Assurez-vous de clarifier ce point avec les entreprises qui vous ont cit\u00e9 pour votre d\u00e9m\u00e9nagement en Europe.<\/span><\/p>\n<h2><strong><span>Nous couvrons les d\u00e9m\u00e9nagements de maisons en Europe dans les pays suivants de l&rsquo;UE:<\/span><\/strong><\/h2>\n<ul class=\"list-with-tick\">\n<li><span>Autriche et Belgique<\/span><\/li>\n<li><span>Lituanie et Luxembourg<\/span><\/li>\n<li><span>Bulgarie et Croatie<\/span><\/li>\n<li><span>Malte et les Pays-Bas<\/span><\/li>\n<li><span>Chypre et Tch\u00e9quie<\/span><\/li>\n<li><span>Irlande du Nord et Norv\u00e8ge<\/span><\/li>\n<li><span>Danemark et Estonie<\/span><\/li>\n<li><span>Pologne et Portugal<\/span><\/li>\n<li><span>Finlande et France<\/span><\/li>\n<li><span>Roumanie et Espagne<\/span><\/li>\n<li><span>Allemagne et Gr\u00e8ce<\/span><\/li>\n<li><span>Slovaquie et Slov\u00e9nie<\/span><\/li>\n<li><span>Hongrie et Irlande<\/span><\/li>\n<li><span>Su\u00e8de, Suisse et Royaume-Uni<\/span><\/li>\n<li><span>Italie et Lettonie<\/span><\/li>\n<li><span>Les \u00eeles Canaries et les \u00eeles Bal\u00e9ares<\/span><\/li>\n<\/ul>\n<p><span>Le d\u00e9m\u00e9nagement international peut \u00eatre une exp\u00e9rience tr\u00e8s stressante.\u00a0Dans cet esprit, laissez-nous vous aider en offrant notre gamme compl\u00e8te de services allant des conseils d&#8217;emballage et des dates de livraison aux estimations de temps pour vos d\u00e9m\u00e9nagements transeurop\u00e9ens de maison ainsi que toute connaissance locale que nous avons acquise en cours de route.<\/span><\/p>\n","protected":false},"excerpt":{"rendered":"<p>D\u00e9m\u00e9nagement de maison et de maison pour d\u00e9m\u00e9nagement en Europe Les d\u00e9m\u00e9nagements \u00e0 travers l&rsquo;Europe peuvent \u00eatre une exp\u00e9rience intimidante.\u00a0En v\u00e9rit\u00e9, la logistique consistant \u00e0 tout rassembler lors d&rsquo;un d\u00e9m\u00e9nagement dans un nouvel appartement, appartement ou maison ailleurs en Europe n&rsquo;est pas pour les timides.\u00a0De plus, le co\u00fbt des d\u00e9m\u00e9nagements \u00e0 travers l&rsquo;Europe peut \u00eatre [&hellip;]<\/p>\n","protected":false},"author":13,"featured_media":0,"parent":0,"menu_order":0,"comment_status":"closed","ping_status":"closed","template":"","meta":[],"yst_prominent_words":[5116,3515,5108,5109,5113,5117,5114,3484,3913,9295,5154,5110,4166,5155,5153,5111,3471,5100,4430,9296],"_links":{"self":[{"href":"https:\/\/europeanmoving.co.uk\/fr\/wp-json\/wp\/v2\/pages\/7245"}],"collection":[{"href":"https:\/\/europeanmoving.co.uk\/fr\/wp-json\/wp\/v2\/pages"}],"about":[{"href":"https:\/\/europeanmoving.co.uk\/fr\/wp-json\/wp\/v2\/types\/page"}],"author":[{"embeddable":true,"href":"https:\/\/europeanmoving.co.uk\/fr\/wp-json\/wp\/v2\/users\/13"}],"replies":[{"embeddable":true,"href":"https:\/\/europeanmoving.co.uk\/fr\/wp-json\/wp\/v2\/comments?post=7245"}],"version-history":[{"count":9,"href":"https:\/\/europeanmoving.co.uk\/fr\/wp-json\/wp\/v2\/pages\/7245\/revisions"}],"predecessor-version":[{"id":23204,"href":"https:\/\/europeanmoving.co.uk\/fr\/wp-json\/wp\/v2\/pages\/7245\/revisions\/23204"}],"wp:attachment":[{"href":"https:\/\/europeanmoving.co.uk\/fr\/wp-json\/wp\/v2\/media?parent=7245"}],"wp:term":[{"taxonomy":"yst_prominent_words","embeddable":true,"href":"https:\/\/europeanmoving.co.uk\/fr\/wp-json\/wp\/v2\/yst_prominent_words?post=7245"}],"curies":[{"name":"wp","href":"https:\/\/api.w.org\/{rel}","templated":true}]}}