{"id":7017,"date":"2018-07-17T21:47:06","date_gmt":"2018-07-17T21:47:06","guid":{"rendered":"http:\/\/europeanmoving.co.uk\/removal-offices\/"},"modified":"2020-09-17T12:01:27","modified_gmt":"2020-09-17T12:01:27","slug":"contactez-nous","status":"publish","type":"page","link":"https:\/\/europeanmoving.co.uk\/fr\/contactez-nous\/","title":{"rendered":"Contactez-nous"},"content":{"rendered":"<section class=\"content-area location-head\">\n<div class=\"container\">\n<div class=\"row\">\n<div class=\"col-sm-4\">\n<h1><span>ENTRER EN CONTACT<\/span><\/h1>\n<p><span>Si vous souhaitez nous contacter pour toute question, n&rsquo;h\u00e9sitez pas \u00e0 utiliser le num\u00e9ro de t\u00e9l\u00e9phone appropri\u00e9 pour votre pays pour nous appeler!\u00a0Si vous pr\u00e9f\u00e9rez nous envoyer un e-mail, veuillez utiliser le formulaire \u00e0 droite!<\/span><\/p>\n<p><img src=\"https:\/\/europeanmoving.im\/wp-content\/uploads\/2018\/07\/contactpageimage.png\" \/><\/p>\n<\/div>\n<div class=\"col-sm-8\">\n<link rel='stylesheet' id='formidable-css'  href='https:\/\/europeanmoving.co.uk\/wp-content\/plugins\/formidable\/css\/formidableforms.css?ver=7171552' media='all' \/>\n<div class=\"frm_forms  with_frm_style frm_style_formidable-style\" id=\"frm_form_16_container\" >\n<form enctype=\"multipart\/form-data\" method=\"post\" class=\"frm-show-form  frm_pro_form \" id=\"form_contact-form32\"  >\n<div class=\"frm_form_fields \">\n<fieldset>\n<legend class=\"frm_screen_reader\">Contact Us<\/legend>\r\n\r\n<div class=\"frm_fields_container\">\n<input type=\"hidden\" name=\"frm_action\" value=\"create\" \/>\n<input type=\"hidden\" name=\"form_id\" value=\"16\" \/>\n<input type=\"hidden\" name=\"frm_hide_fields_16\" id=\"frm_hide_fields_16\" value=\"\" \/>\n<input type=\"hidden\" name=\"form_key\" value=\"contact-form32\" \/>\n<input type=\"hidden\" name=\"item_meta[0]\" value=\"\" \/>\n<input type=\"hidden\" id=\"frm_submit_entry_16\" name=\"frm_submit_entry_16\" value=\"50f7c68549\" \/><input type=\"hidden\" name=\"_wp_http_referer\" value=\"\/fr\/wp-json\/wp\/v2\/pages\/7017\" \/><div id=\"frm_field_424_container\" class=\"frm_form_field form-field  frm_required_field frm_top_container frm_first frm_half\">\r\n    <label for=\"field_qh4icy52\" id=\"field_qh4icy52_label\" class=\"frm_primary_label\">Name\r\n        <span class=\"frm_required\" aria-hidden=\"true\"><\/span>\r\n    <\/label>\r\n    <input type=\"text\" id=\"field_qh4icy52\" name=\"item_meta[424]\" value=\"\"  data-reqmsg=\"This field cannot be blank.\" aria-required=\"true\" data-invmsg=\"Name is invalid\" aria-invalid=\"false\"   aria-describedby=\"frm_desc_field_qh4icy52\"\/>\r\n    <div class=\"frm_description\" id=\"frm_desc_field_qh4icy52\">First<\/div>\r\n    \r\n<\/div>\n<div id=\"frm_field_425_container\" class=\"frm_form_field form-field  frm_required_field frm_hidden_container frm_half\">\r\n    <label for=\"field_ocfup152\" id=\"field_ocfup152_label\" class=\"frm_primary_label\">Last\r\n        <span class=\"frm_required\" aria-hidden=\"true\"><\/span>\r\n    <\/label>\r\n    <input type=\"text\" id=\"field_ocfup152\" name=\"item_meta[425]\" value=\"\"  data-reqmsg=\"This field cannot be blank.\" aria-required=\"true\" data-invmsg=\"Last is invalid\" aria-invalid=\"false\"   aria-describedby=\"frm_desc_field_ocfup152\"\/>\r\n    <div class=\"frm_description\" id=\"frm_desc_field_ocfup152\">Last<\/div>\r\n    \r\n<\/div>\n<div id=\"frm_field_426_container\" class=\"frm_form_field form-field  frm_required_field frm_top_container frm_full\">\r\n    <label for=\"field_29yf4d52\" id=\"field_29yf4d52_label\" class=\"frm_primary_label\">Email\r\n        <span class=\"frm_required\" aria-hidden=\"true\"><\/span>\r\n    <\/label>\r\n    <input type=\"email\" id=\"field_29yf4d52\" name=\"item_meta[426]\" value=\"\"  data-reqmsg=\"This field cannot be blank.\" aria-required=\"true\" data-invmsg=\"Please enter a valid email address\" aria-invalid=\"false\"  \/>\r\n    \r\n    \r\n<\/div>\n<div id=\"frm_field_428_container\" class=\"frm_form_field form-field  frm_top_container frm_other_container\">\r\n    <label for=\"field_43b9d\" class=\"frm_primary_label\">About\r\n        <span class=\"frm_required\"><\/span>\r\n    <\/label>\r\n    \t\t<select name=\"item_meta[428]\" id=\"field_43b9d\"  data-frmval=\"Get a quote\" data-invmsg=\"About est non valide\" aria-invalid=\"false\"  >\n\t\t\t\t<option value=\"Get a quote\"  selected=\"selected\" class=\"\">\n\t\t\tGet a quote\t\t<\/option>\n\t\t\t<option value=\"Question for customer service\"  class=\"\">\n\t\t\tQuestion for customer service\t\t<\/option>\n\t\t\t<option value=\"Question for management\"  class=\"\">\n\t\t\tQuestion for management\t\t<\/option>\n\t\t\t<option value=\"Other\"  class=\"frm_other_trigger\">\n\t\t\tOther\t\t<\/option>\n\t\t<\/select>\n\t<label for=\"field_43b9d-otext\" class=\"frm_screen_reader frm_hidden\">About<\/label><input type=\"text\" id=\"field_43b9d-otext\" class=\"frm_other_input frm_pos_none\"  name=\"item_meta[other][428]\" value=\"\" \/>\r\n    \r\n    \r\n<\/div>\n<div id=\"frm_field_427_container\" class=\"frm_form_field form-field  frm_required_field frm_top_container frm_full\">\r\n    <label for=\"field_9jv0r142\" id=\"field_9jv0r142_label\" class=\"frm_primary_label\">Message\r\n        <span class=\"frm_required\" aria-hidden=\"true\"><\/span>\r\n    <\/label>\r\n    <textarea name=\"item_meta[427]\" id=\"field_9jv0r142\" rows=\"5\"  data-reqmsg=\"This field cannot be blank.\" aria-required=\"true\" data-invmsg=\"Message est non valide\" aria-invalid=\"false\"  ><\/textarea>\r\n    \r\n    \r\n<\/div>\n<div id=\"frm_field_896_container\" class=\"frm_form_field  frm_html_container form-field\"><\/div>\n<input type=\"hidden\" name=\"item_meta[2386]\" id=\"field_sdr15\" value=\"\"  data-invmsg=\"All Traffic Sources est non valide\"   \/>\n<input type=\"hidden\" name=\"item_meta[2388]\" id=\"field_8bdlf\" value=\"\"  data-invmsg=\"Hidden Field est non valide\"   \/>\n<div id=\"frm_field_432_container\" class=\"frm_form_field form-field  frm_none_container\">\r\n    <label  class=\"frm_primary_label\">reCAPTCHA\r\n        <span class=\"frm_required\"><\/span>\r\n    <\/label>\r\n    <div id=\"field_839ld\" class=\"g-recaptcha\" data-sitekey=\"6LfVnIYrAAAAAJAcsQ2SACHHxGPi9FtlBHA6fpaR\" data-size=\"normal\" data-theme=\"light\"><\/div>\r\n    \r\n    \r\n<\/div>\n\t<input type=\"hidden\" name=\"item_key\" value=\"\" \/>\n\t\t\t\t<div class=\"frm_verify\" aria-hidden=\"true\">\n\t\t\t\t<label for=\"frm_email_16\">\n\t\t\t\t\tSi vous \u00eates un humain, ne remplissez pas ce champ.\t\t\t\t<\/label>\n\t\t\t\t<input type=\"text\" class=\"frm_verify\" id=\"frm_email_16\" name=\"frm_verify\" value=\"\"  \/>\n\t\t\t<\/div>\n\t\t<input name=\"frm_state\" type=\"hidden\" value=\"9wGhWMVGxM1ttoY\/RiOi7EKkDPHbcWwunm3ooOzGUN0=\" \/><div class=\"frm_submit\">\r\n\r\n<button class=\"frm_button_submit frm_final_submit\" type=\"submit\"   formnovalidate=\"formnovalidate\">Submit<\/button>\r\n\r\n<\/div><\/div>\n<\/fieldset>\n<\/div>\n<\/form>\n<\/div>\n\n<\/div>\n<p>&nbsp;<\/p>\n<\/div>\n<p>&nbsp;<\/p>\n<\/div>\n<\/section>\n<section class=\"content-area location-list\">\n<div class=\"container\">\n<div class=\"row\">\n<div class=\"col-sm-4\">\n<h4><span>European Moving Royaume-Uni (UK London Office)<\/span><\/h4>\n<p><img src=\"https:\/\/europeanmoving.im\/wp-content\/uploads\/2018\/07\/redicon.png\" alt=\"fl\u00e8che rouge\" \/><a href=\"https:\/\/europeanmoving.co.uk\/\" target=\"_blank\" rel=\"noopener noreferrer\"><strong><span>europeen.fr<\/span><\/strong><\/a><br \/>\n<span>+44 (0) 203 966 2905<\/span><br \/>\n<span>265 Kingston Road<\/span><br \/>\n<span>Londres<\/span><br \/>\n<span>SW19 3NW<\/span><br \/>\n<span>Royaume-Uni |\u00a0<\/span><a href=\"https:\/\/www.google.com\/maps\/place\/European+Moving\/@51.4117509,-0.210236,17z\/data=!3m1!4b1!4m5!3m4!1s0x0:0xe0f9831f658dc837!8m2!3d51.4117509!4d-0.2080473?hl=en\" target=\"_blank\" rel=\"noopener noreferrer\"><span>obtenir des directions<\/span><\/a><\/p>\n<\/div>\n<div class=\"col-sm-4\">\n<h4><span>D\u00e9m\u00e9nagement Europ\u00e9en Royaume-Uni (UK Folkestone Depot)<\/span><\/h4>\n<p><img src=\"https:\/\/europeanmoving.im\/wp-content\/uploads\/2018\/07\/redicon.png\" alt=\"fl\u00e8che rouge\" \/><a href=\"https:\/\/europeanmoving.co.uk\/\" target=\"_blank\" rel=\"noopener noreferrer\"><strong><span>Europeanmoving.co.uk<\/span><\/strong><\/a><br \/>\n<span>+44 (0) 1303 610 024<\/span><br \/>\n<span>Bradley House<\/span><br \/>\n<span>Park Farm Close<\/span><br \/>\n<span>CT19 5DU<\/span><br \/>\n<span>Royaume-Uni |\u00a0<\/span><a href=\"https:\/\/www.google.com\/maps\/place\/European+Moving+(Removals)+-+UK+Folkestone+Depot\/@51.0942807,1.1689098,17z\/data=!3m1!4b1!4m5!3m4!1s0x0:0x5325b44a4002361!8m2!3d51.0942807!4d1.1710985?hl=en\" target=\"_blank\" rel=\"noopener noreferrer\"><span>obtenir des directions<\/span><\/a><\/p>\n<\/div>\n<div class=\"col-sm-4\">\n<h4><span>D\u00e9m\u00e9nagement europ\u00e9en en Irlande<\/span><\/h4>\n<p><img src=\"https:\/\/europeanmoving.im\/wp-content\/uploads\/2018\/07\/redicon.png\" alt=\"fl\u00e8che rouge\" \/><a href=\"https:\/\/europeanmoving.ie\/\" target=\"_blank\" rel=\"noopener noreferrer\"><strong><span>Europeanmoving.ie<\/span><\/strong><\/a><br \/>\n<span>+ 44 (0) 203 966 2905<\/span><br \/>\n<span>26A Oaktree Business Park<\/span><br \/>\n<span>Dublin<\/span><br \/>\n<span>A94RT20<\/span><br \/>\n<span>Irlande |\u00a0<\/span><a href=\"https:\/\/www.google.com\/maps\/place\/European+Moving+-+Irish+Office\/@53.279063,-6.2220987,17z\/data=!3m1!4b1!4m5!3m4!1s0x0:0xc7efb0087cbc4338!8m2!3d53.279063!4d-6.21991?hl=en\" target=\"_blank\" rel=\"noopener noreferrer\"><span>obtenir des directions<\/span><\/a><\/p>\n<\/div>\n<div class=\"col-sm-4\">\n<h4><span>D\u00e9m\u00e9nagement Europ\u00e9en Belgique<\/span><\/h4>\n<p><img src=\"https:\/\/europeanmoving.im\/wp-content\/uploads\/2018\/07\/redicon.png\" alt=\"fl\u00e8che rouge\" \/><a href=\"https:\/\/europeanmoving.co.uk\/\" target=\"_blank\" rel=\"noopener noreferrer\"><strong><span>europeen.fr<\/span><\/strong><\/a><br \/>\n<span>+32 280 861 99<\/span><br \/>\n<span>Avenue Rogier 351-355<\/span><br \/>\n<span>1030<\/span><br \/>\n<span>Schaerbeek<\/span><br \/>\n<span>Belgique |\u00a0<\/span><a href=\"https:\/\/www.google.com\/maps\/place\/European+Moving+(D%C3%A9m%C3%A9nagements)+-+Bureau+Belgique\/@50.8559165,4.3906415,17z\/data=!3m1!4b1!4m5!3m4!1s0x0:0x71ac1a9d01673b03!8m2!3d50.8559165!4d4.3928302?hl=en\" target=\"_blank\" rel=\"noopener noreferrer\"><span>obtenir des directions<\/span><\/a><\/p>\n<\/div>\n<div class=\"col-sm-4\">\n<h4><span>D\u00e9m\u00e9nagement Europ\u00e9en Luxembourg<\/span><\/h4>\n<p><img src=\"https:\/\/europeanmoving.im\/wp-content\/uploads\/2018\/07\/redicon.png\" alt=\"fl\u00e8che rouge\" \/><a href=\"https:\/\/europeanmoving.lu\/\" target=\"_blank\" rel=\"noopener noreferrer\"><strong><span>Europeanmoving.lu<\/span><\/strong><\/a><br \/>\n<span>+352 27 86 70 91<\/span><br \/>\n<span>28 Route de Capellen<\/span><br \/>\n<span>8279<\/span><br \/>\n<span>Luxembourg |\u00a0<\/span><a href=\"https:\/\/www.google.com\/maps\/place\/European+Moving+(D%C3%A9m%C3%A9nagements)+-+Bureau+Luxembourg\/@49.6217708,5.9799039,17z\/data=!3m1!4b1!4m5!3m4!1s0x0:0xdb2f9c94259902ea!8m2!3d49.6217708!4d5.9820926?hl=en\" target=\"_blank\" rel=\"noopener noreferrer\"><span>obtenir des directions<\/span><\/a><\/p>\n<\/div>\n<div class=\"col-sm-4\">\n<h4><span>D\u00e9m\u00e9nagement Europ\u00e9en Bulgarie<\/span><\/h4>\n<p><img src=\"https:\/\/europeanmoving.im\/wp-content\/uploads\/2018\/07\/redicon.png\" alt=\"fl\u00e8che rouge\" \/><a href=\"https:\/\/europeanmoving.bg\/\" target=\"_blank\" rel=\"noopener noreferrer\"><strong><span>Europeanmoving.bg<\/span><\/strong><\/a><br \/>\n<span>+ 359 52462 746<\/span><br \/>\n<span>Business Park Varna, Building B8<\/span><br \/>\n<span>9000<\/span><br \/>\n<span>Varna<\/span><br \/>\n<span>Bulgarie<\/span><\/p>\n<\/div>\n<div class=\"col-sm-4\">\n<h4><span>D\u00e9m\u00e9nagement europ\u00e9en en Allemagne<\/span><\/h4>\n<p><img src=\"https:\/\/europeanmoving.im\/wp-content\/uploads\/2018\/07\/redicon.png\" alt=\"fl\u00e8che rouge\" \/><a href=\"https:\/\/europeanmoving.de\/\" target=\"_blank\" rel=\"noopener noreferrer\"><strong><span>europeanmoving.de<\/span><\/strong><\/a><br \/>\n<span>+49 421 365 832 95<\/span><br \/>\n<span>Flughafenallee 26, Centre A\u00e9roport<\/span><br \/>\n<span>28199<\/span><br \/>\n<span>Bremen<\/span><br \/>\n<span>Allemagne<\/span><\/p>\n<\/div>\n<div class=\"col-sm-4\">\n<h4><span>D\u00e9m\u00e9nagement Europ\u00e9en Suisse<\/span><\/h4>\n<p><img src=\"https:\/\/europeanmoving.im\/wp-content\/uploads\/2018\/07\/redicon.png\" alt=\"fl\u00e8che rouge\" \/><a href=\"https:\/\/europeanmoving.ch\/\" target=\"_blank\" rel=\"noopener noreferrer\"><strong><span>europeanmoving.ch<\/span><\/strong><\/a><br \/>\n<span>+41 225 180 342<\/span><br \/>\n<span>1233 Bernex<\/span><br \/>\n<span>CP215<\/span><br \/>\n<span>1209<\/span><br \/>\n<span>Gen\u00e8ve<\/span><br \/>\n<span>Suisse<\/span><\/p>\n<\/div>\n<div class=\"col-sm-4\">\n<h4><span>D\u00e9m\u00e9nagement Europ\u00e9en Espagne<\/span><\/h4>\n<p><img src=\"https:\/\/europeanmoving.im\/wp-content\/uploads\/2018\/07\/redicon.png\" alt=\"fl\u00e8che rouge\" \/><a href=\"https:\/\/europeanmoving.es\/\" target=\"_blank\" rel=\"noopener noreferrer\"><strong><span>Europeanmoving.es<\/span><\/strong><\/a><br \/>\n<span>+ 34 (91) 143 84 99<\/span><br \/>\n<span>Arquitecto Gaudi 11<\/span><br \/>\n<span>28016<\/span><br \/>\n<span>Madrid<\/span><br \/>\n<span>Espagne |\u00a0<\/span><a href=\"https:\/\/www.google.com\/maps\/place\/European+Moving+-+Oficina+Espa%C3%B1a\/@40.4630599,-3.6705019,17z\/data=!3m1!4b1!4m5!3m4!1s0x0:0xeffe3679216c594e!8m2!3d40.4630599!4d-3.6683132?hl=en\" target=\"_blank\" rel=\"noopener noreferrer\"><span>obtenir des directions<\/span><\/a><\/p>\n<\/div>\n<div class=\"col-sm-4\">\n<h4><span>D\u00e9m\u00e9nagement europ\u00e9en en Italie<\/span><\/h4>\n<p><img src=\"https:\/\/europeanmoving.im\/wp-content\/uploads\/2018\/07\/redicon.png\" alt=\"fl\u00e8che rouge\" \/><a href=\"https:\/\/europeanmoving.it\/\" target=\"_blank\" rel=\"noopener noreferrer\"><strong><span>Europeanmoving.it<\/span><\/strong><\/a><br \/>\n<span>+44 (0) 203966 2905<\/span><br \/>\n<span>Via della Moscova 13<\/span><br \/>\n<span>20121<\/span><br \/>\n<span>Lombardie<\/span><br \/>\n<span>Italie<\/span><\/p>\n<\/div>\n<div class=\"col-sm-4\">\n<h4><span>D\u00e9m\u00e9nagement Europ\u00e9en France<\/span><\/h4>\n<p><img src=\"https:\/\/europeanmoving.im\/wp-content\/uploads\/2018\/07\/redicon.png\" alt=\"fl\u00e8che rouge\" \/><a href=\"https:\/\/europeanmoving.fr\/\" target=\"_blank\" rel=\"noopener noreferrer\"><strong><span>Europeanmoving.fr<\/span><\/strong><\/a><br \/>\n<span>+33 (1) 84 88 33 23<\/span><br \/>\n<span>25 place de la Madeleine<\/span><br \/>\n<span>75008<\/span><br \/>\n<span>Paris<\/span><br \/>\n<span>France<\/span><\/p>\n<\/div>\n<div class=\"col-sm-4\">\n<h4><span>D\u00e9m\u00e9nagement Europ\u00e9en Pays-Bas<\/span><\/h4>\n<p><img src=\"https:\/\/europeanmoving.im\/wp-content\/uploads\/2018\/07\/redicon.png\" alt=\"fl\u00e8che rouge\" \/><a href=\"https:\/\/europeanmoving.nl\/\" target=\"_blank\" rel=\"noopener noreferrer\"><strong><span>Europeanmoving.nl<\/span><\/strong><\/a><br \/>\n<span>+44 (0) 203 966 2905<\/span><br \/>\n<span>Mauritskade 55c<\/span><br \/>\n<span>1092AD<\/span><br \/>\n<span>Amsterdam<\/span><br \/>\n<span>Pays-Bas |\u00a0<\/span><a href=\"https:\/\/www.google.com\/maps\/place\/European+Moving+-+Nederland+Kantoor\/@52.361075,4.9156743,17z\/data=!3m1!4b1!4m5!3m4!1s0x0:0x209039b1a2c0428c!8m2!3d52.361075!4d4.917863?hl=en\" target=\"_blank\" rel=\"noopener noreferrer\"><span>obtenir des directions<\/span><\/a><\/p>\n<\/div>\n<div class=\"col-sm-4\">\n<h4><span>D\u00e9m\u00e9nagement europ\u00e9en au Portugal<\/span><\/h4>\n<p><img src=\"https:\/\/europeanmoving.im\/wp-content\/uploads\/2018\/07\/redicon.png\" alt=\"fl\u00e8che rouge\" \/><a href=\"https:\/\/europeanmoving.pt\/\" target=\"_blank\" rel=\"noopener noreferrer\"><strong><span>Europeanmoving.pt<\/span><\/strong><\/a><br \/>\n<span>+ 44 (0) 203966 2905<\/span><br \/>\n<span>Rua Correia Teles, 28 A<\/span><br \/>\n<span>1350-100<\/span><br \/>\n<span>Lisbonne<\/span><br \/>\n<span>Portugal<\/span><\/p>\n<\/div>\n<div class=\"col-sm-4\">\n<h4><span>D\u00e9m\u00e9nagement europ\u00e9en en Pologne<\/span><\/h4>\n<p><img src=\"https:\/\/europeanmoving.im\/wp-content\/uploads\/2018\/07\/redicon.png\" alt=\"fl\u00e8che rouge\" \/><a href=\"https:\/\/europeanmoving.pl\/\" target=\"_blank\" rel=\"noopener noreferrer\"><strong><span>Europeanmoving.pl<\/span><\/strong><\/a><br \/>\n<span>+48 22307 96 66<\/span><br \/>\n<span>Ul.\u00a0Chmielna 73B \/ 14<\/span><br \/>\n<span>00-801<\/span><br \/>\n<span>Pologne<\/span><\/p>\n<\/div>\n<div class=\"col-sm-4\">\n<h4><span>D\u00e9m\u00e9nagement Europ\u00e9en Autriche<\/span><\/h4>\n<p><img src=\"https:\/\/europeanmoving.im\/wp-content\/uploads\/2018\/07\/redicon.png\" alt=\"fl\u00e8che rouge\" \/><a href=\"https:\/\/europeanmoving.co.uk\/\" target=\"_blank\" rel=\"noopener noreferrer\"><strong><span>Europeanmoving.au<\/span><\/strong><\/a><br \/>\n<span>+44 (0) 203966 2905<\/span><br \/>\n<span>Gumpendorfer Str 142<\/span><br \/>\n<span>Vienne<\/span><br \/>\n<span>1060<\/span><br \/>\n<span>Autriche<\/span><\/p>\n<\/div>\n<div class=\"col-sm-4\">\n<h4><span>D\u00e9m\u00e9nagement Europ\u00e9en Finlande<\/span><\/h4>\n<p><img src=\"https:\/\/europeanmoving.im\/wp-content\/uploads\/2018\/07\/redicon.png\" alt=\"fl\u00e8che rouge\" \/><br \/>\n<a href=\"https:\/\/europeanmoving.fi\/\" target=\"_blank\" rel=\"noopener noreferrer\"><strong><span>Europeanmoving.fi<\/span><\/strong><\/a><br \/>\n<span>+358 (0) 942450351<\/span><\/p>\n<\/div>\n<div class=\"col-sm-4\">\n<h4><span>D\u00e9m\u00e9nagement europ\u00e9en R\u00e9publique tch\u00e8que<\/span><\/h4>\n<p><img src=\"https:\/\/europeanmoving.im\/wp-content\/uploads\/2018\/07\/redicon.png\" alt=\"fl\u00e8che rouge\" \/><a href=\"https:\/\/europeanmoving.cz\/\" target=\"_blank\" rel=\"noopener noreferrer\"><strong><span>Europeanmoving.cz<\/span><\/strong><\/a><br \/>\n<span>+420 (2)<\/span><br \/>\n<span>28880744Havanka 1087 \/ 3a<\/span><br \/>\n<span>170 00 7-Bubene\u010d<\/span><br \/>\n<span>Prague<\/span><\/p>\n<\/div>\n<div class=\"col-sm-4\">\n<h4><span>D\u00e9m\u00e9nagement europ\u00e9en au Danemark<\/span><\/h4>\n<p><img src=\"https:\/\/europeanmoving.im\/wp-content\/uploads\/2018\/07\/redicon.png\" alt=\"fl\u00e8che rouge\" \/><br \/>\n<a href=\"http:\/\/europeanmoving.dk\/\" target=\"_blank\" rel=\"noopener noreferrer\"><strong><span>Europeanmoving.dk<\/span><\/strong><\/a><br \/>\n<span>+44 (0) 203966 2905<\/span><\/p>\n<\/div>\n<div class=\"col-sm-4\">\n<h4><span>D\u00e9m\u00e9nagement europ\u00e9en en Norv\u00e8ge<\/span><\/h4>\n<p><img src=\"https:\/\/europeanmoving.im\/wp-content\/uploads\/2018\/07\/redicon.png\" alt=\"fl\u00e8che rouge\" \/><br \/>\n<a href=\"http:\/\/europeanmoving.co.no\/\" target=\"_blank\" rel=\"noopener noreferrer\"><strong><span>Europeanmoving.co.no<\/span><\/strong><\/a><br \/>\n<span>+44 (0) 203966 2905<\/span><\/p>\n<\/div>\n<div class=\"col-sm-4\">\n<h4><span>D\u00e9m\u00e9nagement europ\u00e9en Su\u00e8de<\/span><\/h4>\n<p><img src=\"https:\/\/europeanmoving.im\/wp-content\/uploads\/2018\/07\/redicon.png\" alt=\"fl\u00e8che rouge\" \/><a href=\"https:\/\/europeanmoving.co.uk\/\" target=\"_blank\" rel=\"noopener noreferrer\"><strong><span>Europeanmoving.co.uk<\/span><\/strong><\/a><br \/>\n<span>+46 (0) 84<\/span><br \/>\n<span>4687034L\u00e5nggatan 4,<\/span><br \/>\n<span>276 60 Skillinge<\/span><br \/>\n<span>Su\u00e8de<\/span><\/p>\n<\/div>\n<div class=\"col-sm-4\">\n<h4><span>D\u00e9m\u00e9nagement europ\u00e9en \u00e0 Malte<\/span><\/h4>\n<p><img src=\"https:\/\/europeanmoving.im\/wp-content\/uploads\/2018\/07\/redicon.png\" alt=\"fl\u00e8che rouge\" \/><a href=\"https:\/\/europeanmoving.co.uk\/\" target=\"_blank\" rel=\"noopener noreferrer\"><strong><span>Europeanmoving.mt<\/span><\/strong><\/a><br \/>\n<span>+35 62 778 04 90<\/span><br \/>\n<span>Misrah 28 ta &lsquo;Frar 1883<\/span><br \/>\n<span>Birkirkara BKR1501<\/span><br \/>\n<span>Malte |\u00a0<\/span><a href=\"https:\/\/www.google.com\/maps\/place\/European+Moving+-+Malta\/@35.8954362,14.4641896,17z\/data=!3m1!4b1!4m5!3m4!1s0x0:0x5bf21926b9b90ef0!8m2!3d35.8954362!4d14.4663783?hl=en\" target=\"_blank\" rel=\"noopener noreferrer\"><span>obtenir des directions<\/span><\/a><\/p>\n<\/div>\n<\/div>\n<\/div>\n<\/section>\n","protected":false},"excerpt":{"rendered":"<p>ENTRER EN CONTACT Si vous souhaitez nous contacter pour toute question, n&rsquo;h\u00e9sitez pas \u00e0 utiliser le num\u00e9ro de t\u00e9l\u00e9phone appropri\u00e9 pour votre pays pour nous appeler!\u00a0Si vous pr\u00e9f\u00e9rez nous envoyer un e-mail, veuillez utiliser le formulaire \u00e0 droite! &nbsp; &nbsp; European Moving Royaume-Uni (UK London Office) europeen.fr +44 (0) 203 966 2905 265 Kingston Road [&hellip;]<\/p>\n","protected":false},"author":13,"featured_media":0,"parent":0,"menu_order":0,"comment_status":"closed","ping_status":"closed","template":"","meta":[],"yst_prominent_words":[2260,13515,13514,13517,13516,2262,2255,13513,13512],"_links":{"self":[{"href":"https:\/\/europeanmoving.co.uk\/fr\/wp-json\/wp\/v2\/pages\/7017"}],"collection":[{"href":"https:\/\/europeanmoving.co.uk\/fr\/wp-json\/wp\/v2\/pages"}],"about":[{"href":"https:\/\/europeanmoving.co.uk\/fr\/wp-json\/wp\/v2\/types\/page"}],"author":[{"embeddable":true,"href":"https:\/\/europeanmoving.co.uk\/fr\/wp-json\/wp\/v2\/users\/13"}],"replies":[{"embeddable":true,"href":"https:\/\/europeanmoving.co.uk\/fr\/wp-json\/wp\/v2\/comments?post=7017"}],"version-history":[{"count":16,"href":"https:\/\/europeanmoving.co.uk\/fr\/wp-json\/wp\/v2\/pages\/7017\/revisions"}],"predecessor-version":[{"id":22198,"href":"https:\/\/europeanmoving.co.uk\/fr\/wp-json\/wp\/v2\/pages\/7017\/revisions\/22198"}],"wp:attachment":[{"href":"https:\/\/europeanmoving.co.uk\/fr\/wp-json\/wp\/v2\/media?parent=7017"}],"wp:term":[{"taxonomy":"yst_prominent_words","embeddable":true,"href":"https:\/\/europeanmoving.co.uk\/fr\/wp-json\/wp\/v2\/yst_prominent_words?post=7017"}],"curies":[{"name":"wp","href":"https:\/\/api.w.org\/{rel}","templated":true}]}}