{"id":7012,"date":"2018-04-06T16:31:34","date_gmt":"2018-04-06T16:31:34","guid":{"rendered":"http:\/\/europeanmoving.co.uk\/how-to-book\/"},"modified":"2020-09-18T12:18:51","modified_gmt":"2020-09-18T12:18:51","slug":"comment-reserver","status":"publish","type":"page","link":"https:\/\/europeanmoving.co.uk\/fr\/comment-reserver\/","title":{"rendered":"Comment r\u00e9server"},"content":{"rendered":"<div class=\"banner-wrapper\">\n<ul class=\"main-slider\">\n<li>\n<div class=\"container\">\n<div class=\"banner-main first-banner\">\n<div class=\"row d-flex justify-content-between align-items-center w-100\">\n<div class=\"col-md-6\">\n<div class=\"banner-commen-left\"><img class=\"img-fluid\" src=\"https:\/\/europeanmoving.co.uk\/wp-content\/themes\/EuropeanMoving\/img\/first-slide-img-1.png\" \/><\/div>\n<\/div>\n<div class=\"col-md-6\">\n<div class=\"banner-commen-right\">\n<p class=\"pblc\">Complete our simple online enquiry form<\/p>\n<\/div>\n<\/div>\n<\/div>\n<\/div>\n<\/div>\n<\/li>\n<li>\n<div class=\"container\">\n<div class=\"banner-main second-banner\">\n<div class=\"row d-flex justify-content-between align-items-center w-100\">\n<div class=\"col-md-6\">\n<div class=\"banner-commen-left\"><img class=\"img-fluid\" src=\"https:\/\/europeanmoving.co.uk\/wp-content\/themes\/EuropeanMoving\/img\/second-slide-img-1.png\" \/><\/div>\n<\/div>\n<div class=\"col-md-6\">\n<div class=\"banner-commen-right\"><img class=\"img-fluid\" src=\"https:\/\/europeanmoving.co.uk\/wp-content\/themes\/EuropeanMoving\/img\/second-slide-img-2.png\" \/><\/div>\n<\/div>\n<\/div>\n<\/div>\n<\/div>\n<\/li>\n<li>\n<div class=\"container\">\n<div class=\"banner-main second-banner\">\n<div class=\"row d-flex justify-content-between align-items-center w-100\">\n<div class=\"col-md-6\">\n<div class=\"banner-commen-left\"><img class=\"img-fluid\" src=\"https:\/\/europeanmoving.co.uk\/wp-content\/themes\/EuropeanMoving\/img\/third-slide-img-1.png\" \/><\/div>\n<\/div>\n<div class=\"col-md-6\">\n<div class=\"banner-commen-right\"><img class=\"img-fluid\" src=\"https:\/\/europeanmoving.co.uk\/wp-content\/themes\/EuropeanMoving\/img\/third-slide-img-2.png\" \/><\/div>\n<\/div>\n<\/div>\n<\/div>\n<\/div>\n<\/li>\n<li>\n<div class=\"container\">\n<div class=\"banner-main fourth-banner\">\n<div class=\"row d-flex justify-content-between align-items-center w-100\">\n<div class=\"col-md-6\">\n<div class=\"banner-commen-left\"><center><\/p>\n<p class=\"pblc\">If you are happy,<br \/>\napprove the quote<\/p>\n<p>&nbsp;<\/p>\n<p><\/center><\/div>\n<\/div>\n<div class=\"col-md-6\">\n<div class=\"banner-commen-right\"><img class=\"img-fluid\" src=\"https:\/\/europeanmoving.co.uk\/wp-content\/themes\/EuropeanMoving\/img\/fourth-slide-img-2.png\" \/><\/div>\n<\/div>\n<\/div>\n<\/div>\n<\/div>\n<\/li>\n<li>\n<div class=\"container\">\n<div class=\"banner-main fifth-banner\">\n<div class=\"row d-flex justify-content-between align-items-center w-100\">\n<div class=\"col-md-4\">\n<div class=\"banner-commen-left\"><img class=\"img-fluid\" src=\"https:\/\/europeanmoving.co.uk\/wp-content\/themes\/EuropeanMoving\/img\/five-slide-img-1.png\" \/><\/div>\n<\/div>\n<div class=\"col-md-8\">\n<div class=\"banner-commen-right\"><img class=\"img-fluid\" src=\"https:\/\/europeanmoving.co.uk\/wp-content\/themes\/EuropeanMoving\/img\/five-slide-img-2.png\" \/><\/div>\n<\/div>\n<\/div>\n<\/div>\n<\/div>\n<\/li>\n<li>\n<div class=\"container\">\n<div class=\"banner-main sixth-banner\">\n<div class=\"row d-flex justify-content-between align-items-center w-100\">\n<div class=\"col-md-7\">\n<div class=\"banner-commen-left\"><img class=\"img-fluid\" src=\"https:\/\/europeanmoving.co.uk\/wp-content\/themes\/EuropeanMoving\/img\/six-slide-img-1.png\" \/><\/div>\n<\/div>\n<div class=\"col-md-5\">\n<div class=\"banner-commen-right\"><img class=\"img-fluid\" src=\"https:\/\/europeanmoving.co.uk\/wp-content\/themes\/EuropeanMoving\/img\/six-slide-img-2.png\" \/><\/div>\n<\/div>\n<\/div>\n<\/div>\n<\/div>\n<\/li>\n<li>\n<div class=\"container\">\n<div class=\"banner-main seven-banner\">\n<div class=\"row d-flex justify-content-between align-items-center w-100\">\n<div class=\"col-md-5\">\n<div class=\"banner-commen-left\"><img class=\"img-fluid\" src=\"https:\/\/europeanmoving.co.uk\/wp-content\/themes\/EuropeanMoving\/img\/seven-slide-img-1.png\" \/><\/div>\n<\/div>\n<div class=\"col-md-7\">\n<div class=\"banner-commen-right\"><img class=\"img-fluid\" src=\"https:\/\/europeanmoving.co.uk\/wp-content\/themes\/EuropeanMoving\/img\/seven-slide-img-2.png\" \/><\/div>\n<\/div>\n<\/div>\n<\/div>\n<\/div>\n<\/li>\n<li>\n<div class=\"container\">\n<div class=\"banner-main eight-banner\">\n<div class=\"row d-flex justify-content-between align-items-center w-100\">\n<div class=\"col-md-12\">\n<div class=\"banner-commen-left\"><img class=\"img-fluid\" src=\"https:\/\/europeanmoving.co.uk\/wp-content\/themes\/EuropeanMoving\/img\/eight-slide-img-1.png\" \/><\/div>\n<\/div>\n<\/div>\n<\/div>\n<\/div>\n<\/li>\n<li>\n<div class=\"container\">\n<div class=\"banner-main nine-banner\">\n<div class=\"row d-flex justify-content-between align-items-center w-100\">\n<div class=\"col-md-12\">\n<div class=\"banner-commen-left\"><img class=\"img-fluid\" src=\"https:\/\/europeanmoving.co.uk\/wp-content\/themes\/EuropeanMoving\/img\/nine-slide-img-1.png\" \/><\/div>\n<\/div>\n<\/div>\n<\/div>\n<\/div>\n<\/li>\n<li>\n<div class=\"container\">\n<div class=\"banner-main nine-banner\">\n<div class=\"row d-flex justify-content-between align-items-center w-100\">\n<div class=\"col-md-12\">\n<div class=\"banner-commen-left\"><img class=\"img-fluid\" src=\"https:\/\/europeanmoving.co.uk\/wp-content\/themes\/EuropeanMoving\/img\/ten-slide-img-11.png\" \/><\/div>\n<\/div>\n<\/div>\n<\/div>\n<\/div>\n<\/li>\n<\/ul>\n<\/div>\n<p style=\"text-align: justify;\">\n<strong><span>L&rsquo;utilisation de la plateforme de d\u00e9m\u00e9nagement europ\u00e9enne est facile.\u00a0Nos coordinateurs de d\u00e9m\u00e9nagement exp\u00e9riment\u00e9s s&rsquo;efforceront de vous envoyer un devis dans les 24 heures.\u00a0Si vous ne savez pas encore combien vous devez d\u00e9m\u00e9nager, ne vous inqui\u00e9tez pas, cela peut toujours \u00eatre chang\u00e9.\u00a0Suivez notre processus simple en 10 \u00e9tapes, de la collecte \u00e0 la livraison!<\/span><\/strong><\/p>\n<div class=\"row\">\n<div class=\"col-sm-6\">\n<div class=\"zig\"><img src=\"https:\/\/europeanmoving.im\/wp-content\/uploads\/2018\/07\/FrameVisuals-WhiteBG_Frame1.jpg\" \/><\/div>\n<p>&nbsp;<\/p>\n<\/div>\n<div class=\"col-sm-6\">\n<div class=\"zag\">\n<p><strong><span class=\"num\"><span>1.<\/span><\/span><span>Remplissez simplement le formulaire de soumission rapide ci-dessus.\u00a0Si vous pr\u00e9f\u00e9rez parler directement \u00e0 quelqu&rsquo;un, vous pouvez \u00e9galement nous appeler au +44 (0) 203 966 2905 ou utiliser notre service de chat en ligne en bas de page.<\/span><\/strong><\/p>\n<p>&nbsp;<\/p>\n<\/div>\n<p>&nbsp;<\/p>\n<\/div>\n<div class=\"col-sm-6\">\n<div class=\"zag\">\n<p><strong><span class=\"num\"><span>2.<\/span><\/span><span>Choisissez le service dont vous avez besoin, EasyMoves ou Load &amp; Go.\u00a0Les d\u00e9tails des deux peuvent \u00eatre trouv\u00e9s sous notre onglet \u00abServices\u00bb en haut de la page.\u00a0Si vous avez des questions, vous pouvez \u00e9galement consulter nos FAQ.<\/span><\/strong><\/p>\n<p>&nbsp;<\/p>\n<\/div>\n<p>&nbsp;<\/p>\n<\/div>\n<div class=\"col-sm-6\">\n<div class=\"zig\"><img src=\"https:\/\/europeanmoving.im\/wp-content\/uploads\/2018\/07\/FrameVisuals-WhiteBG_Frame2.jpg\" \/><\/div>\n<p>&nbsp;<\/p>\n<\/div>\n<div class=\"col-sm-6\">\n<div class=\"zig\"><img src=\"https:\/\/europeanmoving.im\/wp-content\/uploads\/2018\/12\/slide-3.jpg\" \/><\/div>\n<p>&nbsp;<\/p>\n<\/div>\n<div class=\"col-sm-6\">\n<div class=\"zag\">\n<p><strong><span class=\"num\"><span>3.<\/span><\/span><span>Vous pouvez discuter de votre d\u00e9m\u00e9nagement plus en d\u00e9tail en utilisant l&rsquo;un de nos services de contact amicaux soit par t\u00e9l\u00e9phone, chat en direct ou par e-mail.\u00a0Notre \u00e9quipe est \u00e0 votre disposition pour r\u00e9pondre \u00e0 toutes vos questions.<\/span><\/strong><\/p>\n<p>&nbsp;<\/p>\n<\/div>\n<p>&nbsp;<\/p>\n<\/div>\n<div class=\"col-sm-6\">\n<div class=\"zag\">\n<p><strong><span class=\"num\"><span>4.<\/span><\/span><span>Une fois que vous \u00eates d&rsquo;accord, vous pouvez approuver le devis vous-m\u00eame en cliquant simplement sur le bouton \u00abapprouver\u00bb.\u00a0Vous pouvez \u00e9galement demander \u00e0 votre coordinateur de d\u00e9m\u00e9nagement de le faire pour vous.<\/span><\/strong><\/p>\n<p>&nbsp;<\/p>\n<\/div>\n<p>&nbsp;<\/p>\n<\/div>\n<div class=\"col-sm-6\">\n<div class=\"zig\"><img src=\"https:\/\/europeanmoving.im\/wp-content\/uploads\/2018\/07\/FrameVisuals-WhiteBG_Frame3.jpg\" \/><\/div>\n<p>&nbsp;<\/p>\n<\/div>\n<div class=\"col-sm-6\">\n<div class=\"zig\"><img src=\"https:\/\/europeanmoving.im\/wp-content\/uploads\/2018\/07\/FrameVisuals-WhiteBG_Frame4.jpg\" \/><\/div>\n<p>&nbsp;<\/p>\n<\/div>\n<div class=\"col-sm-6\">\n<div class=\"zag\">\n<p><strong><span class=\"num\"><span>5.<\/span><\/span><span>Vous pouvez payer votre d\u00e9p\u00f4t de 50 \u00a3 \/ 50 \u20ac par t\u00e9l\u00e9phone avec une carte de cr\u00e9dit \/ d\u00e9bit ou par PayPal, selon ce qui vous convient le mieux.\u00a0N&rsquo;oubliez pas, si vous changez d&rsquo;avis, votre acompte vous sera int\u00e9gralement rembours\u00e9.<\/span><\/strong><\/p>\n<p>&nbsp;<\/p>\n<\/div>\n<p>&nbsp;<\/p>\n<\/div>\n<div class=\"col-sm-6\">\n<div class=\"zag\">\n<p><strong><span class=\"num\"><span>6.<\/span><\/span><span>Envoyez-nous une copie de votre inventaire 3 \u00e0 5 jours avant la collecte, votre coordinateur de d\u00e9m\u00e9nagement v\u00e9rifiera cela pour \u00e9viter toute surprise inattendue dans la journ\u00e9e.\u00a0Nous appr\u00e9cions que vous fassiez vos bagages jusqu&rsquo;\u00e0 la derni\u00e8re minute, mais un inventaire presque complet conviendra.\u00a0Vous devrez \u00e9galement pr\u00e9parer 2 exemplaires imprim\u00e9s pr\u00eats pour le jour de la collecte, ceux-ci doivent \u00eatre d\u00e9finitifs et pr\u00e9cis.<\/span><\/strong><\/p>\n<p>&nbsp;<\/p>\n<\/div>\n<p>&nbsp;<\/p>\n<\/div>\n<div class=\"col-sm-6\">\n<div class=\"zig\"><img src=\"https:\/\/europeanmoving.im\/wp-content\/uploads\/2018\/12\/slide-6.jpg\" \/><\/div>\n<p>&nbsp;<\/p>\n<\/div>\n<div class=\"col-sm-6\">\n<div class=\"zig\"><img src=\"https:\/\/europeanmoving.im\/wp-content\/uploads\/2018\/07\/UM-FramesWhiteBGFR_Frame6.jpg\" \/><\/div>\n<p>&nbsp;<\/p>\n<\/div>\n<div class=\"col-sm-6\">\n<div class=\"zag\">\n<p><strong><span class=\"num\"><span>7.<\/span><\/span><span>Une fois que vous aurez confirm\u00e9 vos dates et sign\u00e9 votre r\u00e9sum\u00e9 de contrat de service, l&rsquo;un de nos chauffeurs agr\u00e9\u00e9s sera affect\u00e9 \u00e0 votre r\u00e9servation.<\/span><\/strong><\/p>\n<p>&nbsp;<\/p>\n<\/div>\n<p>&nbsp;<\/p>\n<\/div>\n<div class=\"col-sm-6\">\n<div class=\"zag\">\n<p><strong><span class=\"num\"><span>8.<\/span><\/span><span>Le paiement du solde final est d\u00fb 14 jours avant la collecte et devra \u00eatre pay\u00e9 par virement bancaire.\u00a0Tous ces d\u00e9tails se trouvent sur votre facture, vous recevrez \u00e9galement un rappel au cas o\u00f9 cela vous \u00e9chapperait.<\/span><\/strong><\/p>\n<p>&nbsp;<\/p>\n<\/div>\n<p>&nbsp;<\/p>\n<\/div>\n<div class=\"col-sm-6\">\n<div class=\"zig\"><img src=\"https:\/\/europeanmoving.im\/wp-content\/uploads\/2018\/12\/slide-8-1.jpg\" \/><\/div>\n<p>&nbsp;<\/p>\n<\/div>\n<div class=\"col-sm-6\">\n<div class=\"zig\"><img src=\"https:\/\/europeanmoving.im\/wp-content\/uploads\/2018\/07\/FrameVisuals-WhiteBG_Frame9.jpg\" \/><\/div>\n<p>&nbsp;<\/p>\n<\/div>\n<div class=\"col-sm-6\">\n<div class=\"zag\">\n<p><strong><span class=\"num\"><span>9.<\/span><\/span><span>Une fois que votre chauffeur arrive, assurez-vous d&rsquo;avoir deux copies imprim\u00e9es de votre inventaire \u00e0 port\u00e9e de main &#8211; une pour vous-m\u00eame et une pour le chauffeur.\u00a0Toutes les marchandises doivent \u00eatre v\u00e9rifi\u00e9es sur et en dehors des fourgons et l&rsquo;inventaire doit \u00eatre sign\u00e9 par vous et le chauffeur.\u00a0Pour les chargements partiels, vous devrez \u00e9galement vous assurer que chaque bo\u00eete ou article est \u00e9tiquet\u00e9 et correspond \u00e0 votre inventaire.<\/span><\/strong><\/p>\n<p>&nbsp;<\/p>\n<\/div>\n<p>&nbsp;<\/p>\n<\/div>\n<div class=\"col-sm-6\">\n<div class=\"zag\">\n<p><strong><span class=\"num\"><span>dix.<\/span><\/span><span>Une fois que nous avons re\u00e7u une notification de votre part ou du chauffeur indiquant que toutes vos marchandises ont \u00e9t\u00e9 livr\u00e9es, nous vous enverrons un lien pour \u00e9valuer notre chauffeur et nos services clients.\u00a0Nous offrons un remboursement de 50 \u00a3 \/ 50 \u20ac pour toutes les critiques laiss\u00e9es!<\/span><\/strong><\/p>\n<p>&nbsp;<\/p>\n<\/div>\n<p>&nbsp;<\/p>\n<\/div>\n<div class=\"col-sm-6\">\n<div class=\"zig\"><img src=\"https:\/\/europeanmoving.im\/wp-content\/uploads\/2018\/07\/FrameVisuals-WhiteBG_Frame10.jpg\" \/><\/div>\n<\/div>\n<\/div>\n","protected":false},"excerpt":{"rendered":"<p>Complete our simple online enquiry form If you are happy, approve the quote &nbsp; L&rsquo;utilisation de la plateforme de d\u00e9m\u00e9nagement europ\u00e9enne est facile.\u00a0Nos coordinateurs de d\u00e9m\u00e9nagement exp\u00e9riment\u00e9s s&rsquo;efforceront de vous envoyer un devis dans les 24 heures.\u00a0Si vous ne savez pas encore combien vous devez d\u00e9m\u00e9nager, ne vous inqui\u00e9tez pas, cela peut toujours \u00eatre chang\u00e9.\u00a0Suivez [&hellip;]<\/p>\n","protected":false},"author":13,"featured_media":0,"parent":0,"menu_order":0,"comment_status":"closed","ping_status":"closed","template":"","meta":[],"yst_prominent_words":[13977,3948,5105,11954,9857,6559,3473,9848,9840,11953,3830,3476],"_links":{"self":[{"href":"https:\/\/europeanmoving.co.uk\/fr\/wp-json\/wp\/v2\/pages\/7012"}],"collection":[{"href":"https:\/\/europeanmoving.co.uk\/fr\/wp-json\/wp\/v2\/pages"}],"about":[{"href":"https:\/\/europeanmoving.co.uk\/fr\/wp-json\/wp\/v2\/types\/page"}],"author":[{"embeddable":true,"href":"https:\/\/europeanmoving.co.uk\/fr\/wp-json\/wp\/v2\/users\/13"}],"replies":[{"embeddable":true,"href":"https:\/\/europeanmoving.co.uk\/fr\/wp-json\/wp\/v2\/comments?post=7012"}],"version-history":[{"count":6,"href":"https:\/\/europeanmoving.co.uk\/fr\/wp-json\/wp\/v2\/pages\/7012\/revisions"}],"predecessor-version":[{"id":22359,"href":"https:\/\/europeanmoving.co.uk\/fr\/wp-json\/wp\/v2\/pages\/7012\/revisions\/22359"}],"wp:attachment":[{"href":"https:\/\/europeanmoving.co.uk\/fr\/wp-json\/wp\/v2\/media?parent=7012"}],"wp:term":[{"taxonomy":"yst_prominent_words","embeddable":true,"href":"https:\/\/europeanmoving.co.uk\/fr\/wp-json\/wp\/v2\/yst_prominent_words?post=7012"}],"curies":[{"name":"wp","href":"https:\/\/api.w.org\/{rel}","templated":true}]}}