{"id":7004,"date":"2018-07-19T11:47:29","date_gmt":"2018-07-19T11:47:29","guid":{"rendered":"http:\/\/europeanmoving.co.uk\/?page_id=7004"},"modified":"2020-09-16T09:57:22","modified_gmt":"2020-09-16T09:57:22","slug":"le-basic-charge-partielle-charge-entiere","status":"publish","type":"page","link":"https:\/\/europeanmoving.co.uk\/fr\/le-basic-charge-partielle-charge-entiere\/","title":{"rendered":"Le Basic \u2013 Charge Partielle \/ Charge Enti\u00e8re"},"content":{"rendered":"<h1><strong><span>Load &amp; Go, notre service de transport uniquement \u00e0 bas prix<\/span><\/strong><\/h1>\n<p><b><span>La chose la plus importante \u00e0 retenir avec Load &amp; Go est que chacun de nos fourgons est livr\u00e9 avec un seul chauffeur<\/span><\/b><\/p>\n<p><span>Notre service Load &amp; Go s&rsquo;adresse aux clients qui sont heureux de faire tout le chargement et le d\u00e9chargement eux-m\u00eames, c&rsquo;est un excellent moyen d&rsquo;\u00e9conomiser de l&rsquo;argent si vous \u00eates en mesure d&rsquo;apporter tout ce que vous avez \u00e0 la camionnette ou si vous avez beaucoup d&rsquo;amis et la famille pour aider aux d\u00e9m\u00e9nagements plus importants.\u00a0Notre chauffeur agr\u00e9\u00e9 vous aidera \u00e0 empiler et \u00e0 attacher les marchandises sur la camionnette.\u00a0Il convient de rappeler qu&rsquo;il incombe \u00e0 la fois au client et au chauffeur d&#8217;empiler et de s\u00e9curiser le chargement.<\/span><\/p>\n<p><img src=\"https:\/\/europeanmoving.info\/wp-content\/uploads\/2018\/08\/loadngo.png\" \/><\/p>\n<h2><strong><span>Load &amp; Go: chargement \/ d\u00e9chargement<\/span><\/strong><\/h2>\n<p><span>Notre chauffeur fournira une assistance pour empiler et s\u00e9curiser le chargement \u00e0 l&rsquo;arri\u00e8re du fourgon uniquement<\/span><\/p>\n<p><span>Veuillez comprendre que pour r\u00e9duire les co\u00fbts au minimum,\u00a0<\/span><b><span>nous ne fournissons qu&rsquo;un seul chauffeur par fourgonnette<\/span><\/b><span>\u00a0.\u00a0Vous devez donc fournir une main-d&rsquo;\u0153uvre ad\u00e9quate d&rsquo;amis et \/ ou de famille aux deux extr\u00e9mit\u00e9s de votre d\u00e9m\u00e9nagement.\u00a0Le nombre de personnes requises d\u00e9pend de la nature, du volume et du poids de vos articles.\u00a0Les bo\u00eetes peuvent \u00eatre facilement manipul\u00e9es par une seule personne si vous gardez un poids inf\u00e9rieur \u00e0 20 kg;\u00a0Un canap\u00e9 n\u00e9cessite un minimum de deux personnes et une grande armoire un total de quatre personnes suppl\u00e9mentaires.\u00a0En g\u00e9n\u00e9ral, pour un van complet, on consid\u00e8re qu&rsquo;il faut au moins deux personnes, trois ou quatre est l&rsquo;id\u00e9al.\u00a0N&rsquo;oubliez pas que vous connaissez vos articles m\u00e9nagers mieux que nous.<\/span><\/p>\n<p><span>Pour les chargements partiels plus petits de 10 \u00e0 20 cartons, il est possible pour une seule personne de faire tout le chargement et le d\u00e9chargement seul.\u00a0N&rsquo;oubliez pas que lors de la r\u00e9servation de notre service Load &amp; Go, le chauffeur aidera uniquement \u00e0 empiler et s\u00e9curiser les marchandises \u00e0 l&rsquo;arri\u00e8re du fourgon.<\/span><\/p>\n<h2><strong><span>Load &amp; Go: temps de chargement \/ d\u00e9chargement<\/span><\/strong><\/h2>\n<h3><b><span>Service de camionnette d\u00e9di\u00e9 &#8211; Charge compl\u00e8te<\/span><\/b><\/h3>\n<p><span>Temps de chargement &#8211; 5 heures<\/span><br \/>\n<span>Temps de d\u00e9chargement &#8211; 3 heures<\/span><\/p>\n<h3><b><span>Service de chargement partiel<\/span><\/b><\/h3>\n<p><span>Temps de chargement &#8211; 2-3 heures<\/span><br \/>\n<span>Temps de d\u00e9chargement &#8211; 1-2 heures\u00a0<\/span><strong><span>Load &amp; Go: dates et heures de collecte et de livraison<\/span><\/strong><\/p>\n<h3><b><span>Service de camionnette d\u00e9di\u00e9 &#8211; Charge compl\u00e8te<\/span><\/b><\/h3>\n<p><span>Lorsque vous avez r\u00e9serv\u00e9 un van d\u00e9di\u00e9 sur notre service Load &amp; Go, vous pouvez choisir un jour de collecte de votre choix du lundi au samedi et la livraison sera directe, le temps de transit du trajet d\u00e9pendra de la distance.\u00a0Si votre jour de livraison est plus important, parlez-en \u00e0 votre coordinateur de d\u00e9m\u00e9nagement qui saura vous conseiller sur le meilleur jour de collecte possible pour y rem\u00e9dier.<\/span><br \/>\n<span>Vous pouvez modifier la date choisie pour votre collecte jusqu&rsquo;\u00e0 3 jours avant sans frais.\u00a0Cependant, si vous devez le changer moins de 3 jours avant la collecte, des frais suppl\u00e9mentaires peuvent s&rsquo;appliquer.<\/span><br \/>\n<span>Vous aurez l&rsquo;usage exclusif de la camionnette et ne partagerez pas l&rsquo;espace avec les biens d&rsquo;autres clients.\u00a0Vous pouvez utiliser l&rsquo;espace et l&rsquo;allocation de poids de 20m3 ou 1 tonne (fourgon complet) \u00e0 votre guise.<\/span><b><span>N&rsquo;oubliez pas que le fourgon peut transporter une capacit\u00e9 maximale de 20 m3 ou 1 tonne, soit ou, selon la premi\u00e8re \u00e9ventualit\u00e9.<\/span><\/b><\/p>\n<p><b><span>Pour la Norv\u00e8ge, la Suisse et l&rsquo;Autriche, le poids est limit\u00e9 \u00e0 800 kg pour un chargement complet<\/span><\/b><\/p>\n<p><span>Vous pouvez choisir un cr\u00e9neau horaire le matin ou l&rsquo;apr\u00e8s-midi, le matin entre 8h00 et 12h00 et l&rsquo;apr\u00e8s-midi entre 12h00 et 16h00 (heure britannique).\u00a0En raison de la nature des retards commerciaux peuvent parfois survenir, nous ne communiquons donc pas d&rsquo;heures sp\u00e9cifiques pour la collecte ou la livraison.\u00a0Toutes les heures qui vous sont donn\u00e9es le sont de bonne foi.<\/span><br \/>\n<span>Veuillez tenir compte des retards potentiels car certains probl\u00e8mes ne peuvent \u00eatre \u00e9vit\u00e9s, par exemple, des probl\u00e8mes de circulation ou m\u00e9caniques.\u00a0<\/span><b><span>Nous ne compensons pas les retards de collecte ou de livraison.<\/span><\/b><\/p>\n<h3><b><span>Service \u00e0 charge partielle<\/span><\/b><\/h3>\n<p><span>Nous avons besoin d&rsquo;une fen\u00eatre de 3 jours ouvrables pour la collecte.\u00a0Nous ne nous attendons pas \u00e0 ce que vous restiez pendant cette p\u00e9riode et nous nous efforcerons de vous donner un pr\u00e9avis minimum de 24 heures.Cependant, si nous avons de la place dans l&rsquo;un de nos camionnettes dans votre r\u00e9gion ce jour-l\u00e0, nous pouvons vous appeler pour offrir. vous cette option aussi.<\/span><br \/>\n<span>Nous exigeons que quelqu&rsquo;un soit disponible entre 8h et 18h (heure britannique), veuillez \u00e9galement garder \u00e0 l&rsquo;esprit que des retards peuvent parfois survenir en raison des multiples collectes et livraisons.\u00a0Si le chauffeur est s\u00e9rieusement retard\u00e9, nous pouvons reporter votre collecte au lendemain matin.<\/span><br \/>\n<b><span>Nous ne compensons pas les retards de collecte ou de livraison.<\/span><\/b><br \/>\n<span>La livraison pour les chargements partiels est g\u00e9n\u00e9ralement comprise entre 1 jour et 14 jours selon l&rsquo;itin\u00e9raire.\u00a0Une personne doit \u00eatre disponible pour prendre livraison le plus t\u00f4t possible.\u00a0Bien que nous nous efforcions toujours d&rsquo;envoyer vos marchandises directement, nous pouvons les apporter \u00e0 notre d\u00e9p\u00f4t de stockage pour le groupage avec d&rsquo;autres charges allant dans le m\u00eame sens, votre coordinateur de d\u00e9m\u00e9nagement vous en informera lors de la confirmation de votre date de collecte.<\/span><br \/>\n<span>Cependant, si vous ne disposez pas de la flexibilit\u00e9 requise pour vos dates de collecte et de livraison, vous pouvez envisager une camionnette d\u00e9di\u00e9e (pleine charge).\u00a0Cela fonctionnera probablement encore moins cher que la plupart de nos concurrents.\u00a0<\/span><strong><span>Load &amp; Go: inventaire<\/span><\/strong><\/p>\n<p><span>Nous vous demandons de bien vouloir fournir une copie de votre inventaire \u00e0 votre coordinateur de d\u00e9m\u00e9nagement 3-5 jours avant la collecte afin qu&rsquo;il puisse vous aider \u00e0 \u00e9tablir et confirmer la capacit\u00e9 cubique.<\/span><\/p>\n<p><b><span>N&rsquo;oubliez pas qu&rsquo;il nous est impossible d&rsquo;estimer le poids.<\/span><\/b><\/p>\n<p><span>Vous devrez \u00e9galement imprimer deux exemplaires de l&rsquo;inventaire en format papier pr\u00eats pour le jour de la collecte.\u00a0Vous ou votre repr\u00e9sentant devrez v\u00e9rifier vos marchandises sur et en dehors de la camionnette par rapport \u00e0 cet inventaire avec le chauffeur.\u00a0Un exemplaire est \u00e0 conserver et un exemplaire est destin\u00e9 au chauffeur, qui doit tous deux signer chaque inventaire lors de la collecte et de la livraison.<\/span><\/p>\n<p><b><span>Remarque: si vous souhaitez envoyer vos marchandises sans inventaire, cela se fait enti\u00e8rement \u00e0 vos propres risques.<\/span><\/b><\/p>\n<p><b><span>Les douanes peuvent \u00e9galement demander \u00e0 voir une liste s&rsquo;ils arr\u00eatent la camionnette \u00e0 une fronti\u00e8re.<\/span><\/b><\/p>\n<p><b><span>Veuillez lire notre\u00a0<\/span><a href=\"https:\/\/europeanmoving.co.uk\/movers-guide\/\" target=\"_blank\" rel=\"noopener noreferrer\"><span>guide des d\u00e9m\u00e9nageurs<\/span><\/a><span>\u00a0pour d&rsquo;autres conseils utiles.\u00a0<\/span><\/b><strong><span>Load &amp; Go: volume et poids de la charge<\/span><\/strong><\/p>\n<p><span>Nos fourgons Luton de 3,5 tonnes ont la m\u00eame capacit\u00e9 de poids que la plupart des autres v\u00e9hicules de ce type dans le secteur du transport.\u00a0La plus grande consid\u00e9ration lors du d\u00e9placement de vos marchandises doit \u00eatre le poids.\u00a0Nos fourgons Luton peuvent transporter entre 20m3-24m3 de volume avec une charge utile de 1000 kg (800 kg dans certains pays, comme la Suisse, la Norv\u00e8ge et l&rsquo;Autriche).\u00a0La limite de poids reste la m\u00eame, que la fourgonnette mesure 20m3 ou 24m3.<\/span><\/p>\n<p><b><span>Votre r\u00e9servation sera toujours bas\u00e9e sur la capacit\u00e9 cubique OU le poids &#8211; selon la premi\u00e8re \u00e9ventualit\u00e9.<\/span><\/b><\/p>\n<p><span>Il convient de noter que si vous avez plusieurs bo\u00eetes pesant chacune 20 kg, vous ne pourrez en obtenir que 50 dans la camionnette avant que la limite de poids ne soit atteinte.\u00a0Cela signifie que bien que votre fourgon ne soit qu&rsquo;\u00e0 moiti\u00e9 plein en volume, il sera \u00e0 la pleine capacit\u00e9 de poids.\u00a0Il ne peut\u00a0<\/span><u><b><span>l\u00e9galement en<\/span><\/b><\/u><span>\u00a0prendre plus.<\/span><\/p>\n<p><b><span>Remarque<\/span><\/b><span>\u00a0: bien que la plupart de nos fourgonnettes\u00a0<\/span><b><span>ne disposent pas de hayon \u00e9l\u00e9vateur<\/span><\/b><span>\u00a0, nous pourrons peut-\u00eatre vous en fournir un moyennant des frais suppl\u00e9mentaires et sous r\u00e9serve de disponibilit\u00e9.\u00a0Sachez cependant que l&rsquo;hydraulique r\u00e9duit le poids maximum de 250 kg suppl\u00e9mentaires (cela n&rsquo;affecte pas le volume).<\/span><\/p>\n<p><strong><span>Load &amp; Go: emballage<\/span><\/strong><\/p>\n<p><span>Toutes les marchandises doivent \u00eatre correctement emball\u00e9es et prot\u00e9g\u00e9es avant la collecte.\u00a0Les fourgons ne transportent aucune couverture de d\u00e9m\u00e9nagement et \/ ou \u00e9quipement de chargement.<\/span><\/p>\n<p><span>Veuillez consulter notre\u00a0<\/span><a href=\"https:\/\/europeanmoving.co.uk\/en\/movers-guide-table\/\" target=\"_blank\" rel=\"noopener noreferrer\"><b><span>guide des d\u00e9m\u00e9nageurs<\/span><\/b><\/a><span>\u00a0, et plus particuli\u00e8rement nos\u00a0<\/span><a href=\"https:\/\/europeanmoving.co.uk\/en\/movers-guide-table\/general-info-for-moving-to-a-new-country\/\" target=\"_blank\" rel=\"noopener noreferrer\"><b><span>conseils d&#8217;emballage<\/span><\/b><\/a><span>\u00a0.<\/span><\/p>\n<p><b><span>N&rsquo;oubliez pas de lire notre\u00a0<\/span><a href=\"https:\/\/europeanmoving.co.uk\/en\/removals-insurance-and-compensation\/\" target=\"_blank\" rel=\"noopener noreferrer\"><span>page Assurances<\/span><\/a><\/b><\/p>\n","protected":false},"excerpt":{"rendered":"<p>Load &amp; Go, notre service de transport uniquement \u00e0 bas prix La chose la plus importante \u00e0 retenir avec Load &amp; Go est que chacun de nos fourgons est livr\u00e9 avec un seul chauffeur Notre service Load &amp; Go s&rsquo;adresse aux clients qui sont heureux de faire tout le chargement et le d\u00e9chargement eux-m\u00eames, c&rsquo;est [&hellip;]<\/p>\n","protected":false},"author":13,"featured_media":0,"parent":0,"menu_order":0,"comment_status":"closed","ping_status":"closed","template":"","meta":[],"yst_prominent_words":[4419,3501,3492,4417,9904,4421,9905,3469,4422,3496,9903,4420,3502,3500,3511,4418,3504,9906,3506,4416],"_links":{"self":[{"href":"https:\/\/europeanmoving.co.uk\/fr\/wp-json\/wp\/v2\/pages\/7004"}],"collection":[{"href":"https:\/\/europeanmoving.co.uk\/fr\/wp-json\/wp\/v2\/pages"}],"about":[{"href":"https:\/\/europeanmoving.co.uk\/fr\/wp-json\/wp\/v2\/types\/page"}],"author":[{"embeddable":true,"href":"https:\/\/europeanmoving.co.uk\/fr\/wp-json\/wp\/v2\/users\/13"}],"replies":[{"embeddable":true,"href":"https:\/\/europeanmoving.co.uk\/fr\/wp-json\/wp\/v2\/comments?post=7004"}],"version-history":[{"count":2,"href":"https:\/\/europeanmoving.co.uk\/fr\/wp-json\/wp\/v2\/pages\/7004\/revisions"}],"predecessor-version":[{"id":21927,"href":"https:\/\/europeanmoving.co.uk\/fr\/wp-json\/wp\/v2\/pages\/7004\/revisions\/21927"}],"wp:attachment":[{"href":"https:\/\/europeanmoving.co.uk\/fr\/wp-json\/wp\/v2\/media?parent=7004"}],"wp:term":[{"taxonomy":"yst_prominent_words","embeddable":true,"href":"https:\/\/europeanmoving.co.uk\/fr\/wp-json\/wp\/v2\/yst_prominent_words?post=7004"}],"curies":[{"name":"wp","href":"https:\/\/api.w.org\/{rel}","templated":true}]}}