{"id":6997,"date":"2018-07-19T11:06:33","date_gmt":"2018-07-19T11:06:33","guid":{"rendered":"http:\/\/europeanmoving.co.uk\/?page_id=6997"},"modified":"2020-09-17T11:48:06","modified_gmt":"2020-09-17T11:48:06","slug":"quelle-assurance-choisir","status":"publish","type":"page","link":"https:\/\/europeanmoving.co.uk\/fr\/quelle-assurance-choisir\/","title":{"rendered":"Assurance et d\u00e9m\u00e9nagement"},"content":{"rendered":"<p>Lorsque vous d\u00e9placez vos marchandises avec une entreprise de d\u00e9m\u00e9nagement ou de transport, vous aurez g\u00e9n\u00e9ralement 3 options d&rsquo;assurance \u00e0 consid\u00e9rer en ce qui concerne l&rsquo;assurance de transit, d&rsquo;exp\u00e9dition ou de d\u00e9m\u00e9nagement.<\/p>\n<p>1. Couverture de votre propre compagnie d&rsquo;assurance sur votre propre assurance habitation &#8211;\u00a0<strong>Propri\u00e9taire ou Emballage professionnel<\/strong><\/p>\n<p>2. L&rsquo;assurance de l&rsquo;entreprise de d\u00e9m\u00e9nagement ou la compagnie d&rsquo;assurance tierce &#8211;\u00a0\u00a0<strong>Owner Packed<\/strong><\/p>\n<p>3. L&rsquo;assurance de la compagnie de d\u00e9m\u00e9nagement ou la compagnie d&rsquo;assurance tierce &#8211;\u00a0\u00a0<strong>Emball\u00e9 professionnellement<\/strong><\/p>\n<p>La plupart des entreprises de d\u00e9m\u00e9nagement offrent une couverture d&rsquo;assurance suppl\u00e9mentaire d&rsquo;environ 3% de la valeur totale des marchandises exp\u00e9di\u00e9es et vous devrez faire un inventaire d\u00e9taill\u00e9 de chaque article ou bo\u00eete.<br \/>\nChez European Moving, nous n&rsquo;offrons pas une telle couverture d&rsquo;assurance suppl\u00e9mentaire car g\u00e9n\u00e9ralement ces polices d&rsquo;assurance ne couvrent pas beaucoup et en excluent beaucoup, ce qui signifie que lorsque vous devez faire une r\u00e9clamation, il est probable que vous ne serez PAS couvert pour ce que vous pensiez \u00eatre. .<br \/>\nNous ne consid\u00e9rons pas qu&rsquo;il soit \u00e9thique ou juste d&rsquo;offrir \u00e0 nos clients ces libell\u00e9s injustement et dans de nombreux cas injustement empil\u00e9s vers les polices d&rsquo;assurance des compagnies d&rsquo;assurance.<br \/>\nCes polices seront souvent loin de r\u00e9pondre aux attentes de nos clients en mati\u00e8re de couverture d&rsquo;assurance.<br \/>\nCependant, nous couvrons les pires sc\u00e9narios absolus, vos marchandises sont indemnis\u00e9es avec nous pour 40 \u00a3 par article ou par bo\u00eete (conform\u00e9ment aux conditions g\u00e9n\u00e9rales de BAR, sections 8.1 et 8.2) jusqu&rsquo;\u00e0 une valeur de 10000 \u00a3 en cas de incendie, vol, accident de v\u00e9hicule ou catastrophe de navire.<br \/>\nNous proposons \u00e9galement une politique de compensation de 40 \u00a3 par article manquant ou par bo\u00eete.<br \/>\nDans un souci de clart\u00e9, vos marchandises ne sont pas assur\u00e9es contre les bris, les dommages de transport mineurs ou les articles manquants divers aupr\u00e8s d&rsquo;European Moving, qu&rsquo;ils soient emball\u00e9s par vous-m\u00eame ou par nous.<br \/>\nEuropean Moving recommande toujours de souscrire une couverture d&rsquo;assurance suppl\u00e9mentaire si une couverture d&rsquo;assurance compl\u00e8te est requise, mais l&rsquo;option vous appartient enti\u00e8rement.<br \/>\nNous recommandons que toutes les marchandises soient emball\u00e9es et prot\u00e9g\u00e9es avant la collecte, quelles que soient vos assurances.<br \/>\nSi vos marchandises sont correctement emball\u00e9es et prot\u00e9g\u00e9es, elles doivent pouvoir r\u00e9sister \u00e0 la manutention et au transport normaux.<br \/>\nNotre conseil est de v\u00e9rifier d&rsquo;abord la couverture de votre police d&rsquo;assurance habitation car vous avez peut-\u00eatre d\u00e9j\u00e0 une assurance d\u00e9m\u00e9nagement int\u00e9gr\u00e9e \u00e0 votre police ou vous pouvez ajouter une couverture suppl\u00e9mentaire pour une petite prime.<br \/>\nSi vous avez toujours besoin d&rsquo;une couverture suppl\u00e9mentaire, il existe de nombreuses entreprises disponibles en ligne qui peuvent vous donner un devis pour l&rsquo;assurance et \/ ou les d\u00e9m\u00e9nagements maritimes.<br \/>\nDes assurances telles que v\u00a0<a href=\"https:\/\/www.freightcover.com\/\" target=\"_blank\" rel=\"noopener noreferrer\"><strong>https:\/\/www.freightcover.com<\/strong><\/a>\u00a0ou\u00a0<a href=\"https:\/\/www.insure-your-move.com\/\" target=\"_blank\" rel=\"noopener noreferrer\"><strong>https:\/\/www.insure-your-move.com<\/strong><\/a>\u00a0.<br \/>\nVous pouvez \u00e9galement faire une recherche sur Google pour \u00abAssurance maritime\u00bb ou \u00abAssurance d\u00e9m\u00e9nagement\u00bb, il existe de nombreuses entreprises qui peuvent vous offrir exactement le type de couverture dont vous avez besoin et dans la plupart des cas, la couverture sera bien plus sup\u00e9rieure que la Une couverture d&rsquo;assurance fournie en vrac qui vous est offerte \u00e0 3% par une entreprise de d\u00e9m\u00e9nagement qui, pour \u00eatre franc dans de nombreux cas, ne vaut pas le papier sur lequel elle est \u00e9crite.<\/p>\n<p><strong>Veuillez ne pas lister European Moving comme les emballeurs professionnels \u00e0 moins que nous ne l&rsquo;ayons convenu avec vous par arrangement pr\u00e9alable et par \u00e9crit que ce service sera fourni car cela pourrait invalider votre police d&rsquo;assurance.<\/strong><\/p>\n<h2><strong>Faire des r\u00e9clamations d&rsquo;assurance<\/strong><\/h2>\n<p>La r\u00e9alit\u00e9 du transport d&rsquo;effets personnels par une entreprise de d\u00e9m\u00e9nagement, de transport et d&rsquo;exp\u00e9dition sur de longues distances est qu&rsquo;il y aura toujours un risque que quelque chose se brise pendant le transport.<br \/>\nDans la plupart des cas, il s&rsquo;agit normalement d&rsquo;une perte n\u00e9gligeable, mais dans certains cas, il peut \u00eatre n\u00e9cessaire de faire une r\u00e9clamation d&rsquo;assurance ou une r\u00e9clamation contre notre propre programme d&rsquo;indemnisation de 40 \u00a3 par bo\u00eete ou article.<br \/>\nEn raison des nombreux milliers d&rsquo;exp\u00e9ditions que nous envoyons chaque ann\u00e9e, et du grand nombre de pays et de langues concern\u00e9s, votre r\u00e9clamation si vous en avez une sera trait\u00e9e par des experts internationaux en sinistres Crawford &amp; Company Adjusters (UK) Limited<br \/>\nPour faire une r\u00e9clamation aupr\u00e8s de nos experts en sinistres, veuillez nous demander un formulaire de r\u00e9clamation.\u00a0Si vous faites une r\u00e9clamation contre votre propre assurance, assurez-vous d&rsquo;avoir v\u00e9rifi\u00e9 le libell\u00e9 de votre police d&rsquo;assurance pour \u00e9tablir que vous avez la couverture que vous allez r\u00e9clamer.<br \/>\nVeuillez noter que vos biens ne sont pas assur\u00e9s pour les bris ou les dommages de transit avec European Moving, mais nous pouvons vous aider avec certains aspects de votre r\u00e9clamation aupr\u00e8s de votre propre compagnie d&rsquo;assurance.<br \/>\nSi vous avez besoin d&rsquo;informations ou de documents lors d&rsquo;une r\u00e9clamation contre votre propre compagnie d&rsquo;assurance, veuillez nous contacter \u00e0 l&rsquo;adresse suivante:\u00a0<strong>claims@europeanmoving.eu\u00a0.<\/strong><br \/>\nVeuillez vous assurer de fournir autant de d\u00e9tails que possible, y compris le nom complet du demandeur, le num\u00e9ro de police et le point de contact pour toute correspondance, assurez-vous de fournir autant d&rsquo;informations que possible.<br \/>\nVoici une liste de certaines des choses dont vous pourriez avoir besoin pour faire votre r\u00e9clamation:<\/p>\n<ul class=\"list-with-tick fullCol\">\n<li>Num\u00e9ro de police<\/li>\n<li>Nom de l&rsquo;assur\u00e9<\/li>\n<li>Une copie des bons de collecte et de livraison sign\u00e9s ou des CMR<\/li>\n<li>Une copie d&rsquo;un inventaire sign\u00e9 avec les signatures du chauffeur pick-up et du livreur<\/li>\n<li>Une estimation par une entreprise professionnelle du co\u00fbt des r\u00e9parations ou du remplacement des pertes<\/li>\n<li>Preuve photographique de l&#8217;emballage avant et apr\u00e8s l&rsquo;incident<\/li>\n<li>Preuve photographique des dommages, preuve d&rsquo;achat et \/ ou de propri\u00e9t\u00e9<\/li>\n<\/ul>\n<p>Lorsque vous retournez le formulaire de r\u00e9clamation \u00e0 Crawford, assurez-vous d&rsquo;avoir autant d&rsquo;informations \u00e0 port\u00e9e de main et si vous avez souscrit \u00e0 une assurance, ils auront besoin du nom, du num\u00e9ro de t\u00e9l\u00e9phone, du num\u00e9ro de r\u00e9clamation et de l&rsquo;adresse e-mail de la personne de votre compagnie d&rsquo;assurance qui s&rsquo;occupe de votre pr\u00e9tendre.<\/p>\n<p>Les d\u00e9tails complets pour Crawford sont ci-dessous:<br \/>\n<strong>Crawford &amp; Company Adjusters (UK) Limited<\/strong><br \/>\nNum\u00e9ro d&rsquo;enregistrement: 2908444<br \/>\nSi\u00e8ge social: 70 Mark Lane, Londres EC3R 7NQ<\/p>\n","protected":false},"excerpt":{"rendered":"<p>Lorsque vous d\u00e9placez vos marchandises avec une entreprise de d\u00e9m\u00e9nagement ou de transport, vous aurez g\u00e9n\u00e9ralement 3 options d&rsquo;assurance \u00e0 consid\u00e9rer en ce qui concerne l&rsquo;assurance de transit, d&rsquo;exp\u00e9dition ou de d\u00e9m\u00e9nagement. 1. Couverture de votre propre compagnie d&rsquo;assurance sur votre propre assurance habitation &#8211;\u00a0Propri\u00e9taire ou Emballage professionnel 2. L&rsquo;assurance de l&rsquo;entreprise de d\u00e9m\u00e9nagement ou [&hellip;]<\/p>\n","protected":false},"author":13,"featured_media":0,"parent":0,"menu_order":0,"comment_status":"closed","ping_status":"closed","template":"","meta":[],"yst_prominent_words":[7577,7568,13977,5105],"_links":{"self":[{"href":"https:\/\/europeanmoving.co.uk\/fr\/wp-json\/wp\/v2\/pages\/6997"}],"collection":[{"href":"https:\/\/europeanmoving.co.uk\/fr\/wp-json\/wp\/v2\/pages"}],"about":[{"href":"https:\/\/europeanmoving.co.uk\/fr\/wp-json\/wp\/v2\/types\/page"}],"author":[{"embeddable":true,"href":"https:\/\/europeanmoving.co.uk\/fr\/wp-json\/wp\/v2\/users\/13"}],"replies":[{"embeddable":true,"href":"https:\/\/europeanmoving.co.uk\/fr\/wp-json\/wp\/v2\/comments?post=6997"}],"version-history":[{"count":5,"href":"https:\/\/europeanmoving.co.uk\/fr\/wp-json\/wp\/v2\/pages\/6997\/revisions"}],"predecessor-version":[{"id":22195,"href":"https:\/\/europeanmoving.co.uk\/fr\/wp-json\/wp\/v2\/pages\/6997\/revisions\/22195"}],"wp:attachment":[{"href":"https:\/\/europeanmoving.co.uk\/fr\/wp-json\/wp\/v2\/media?parent=6997"}],"wp:term":[{"taxonomy":"yst_prominent_words","embeddable":true,"href":"https:\/\/europeanmoving.co.uk\/fr\/wp-json\/wp\/v2\/yst_prominent_words?post=6997"}],"curies":[{"name":"wp","href":"https:\/\/api.w.org\/{rel}","templated":true}]}}