{"id":5616,"date":"2018-07-12T14:23:51","date_gmt":"2018-07-12T14:23:51","guid":{"rendered":"http:\/\/europeanmoving.co.uk\/?page_id=5616"},"modified":"2020-09-17T10:58:17","modified_gmt":"2020-09-17T10:58:17","slug":"conseils-pour-le-camion","status":"publish","type":"page","link":"https:\/\/europeanmoving.co.uk\/fr\/conseils-pour-le-camion\/","title":{"rendered":"Conseils pour le Camion"},"content":{"rendered":"<h1 class=\"title-heading-left\"><strong><span>Conseils relatifs au v\u00e9hicule<\/span><\/strong><\/h1>\n<p><span>Nous avons rassembl\u00e9 quelques \u00e9l\u00e9ments li\u00e9s aux fourgonnettes.\u00a0Ces conseils relatifs au v\u00e9hicule vous aideront \u00e0 estimer le volume de votre d\u00e9m\u00e9nagement et \u00e0 vous assurer que la camionnette peut acc\u00e9der \u00e0 votre propri\u00e9t\u00e9 aux deux extr\u00e9mit\u00e9s du trajet.<\/span><\/p>\n<p><img src=\"https:\/\/europeanmoving.im\/wp-content\/uploads\/2018\/07\/vehicle-tips.jpg\" \/><\/p>\n<h2><strong><span>Conseils relatifs aux v\u00e9hicules: nos fourgons<\/span><\/strong><\/h2>\n<p><span>Nous avons des camionnettes qui voyagent tous les jours dans tous les pays europ\u00e9ens.\u00a0La plupart d&rsquo;entre eux sont des fourgons Luton de 3,5 tonnes, avec les dimensions ext\u00e9rieures suivantes:<\/span><\/p>\n<ul class=\"list-with-tick col4\">\n<li><span>Longueur = 7,5 m\u00e8tres<\/span><\/li>\n<li><span>Largeur = 2,2 m\u00e8tres<\/span><\/li>\n<li><span>Hauteur = 3,3 m\u00e8tres<\/span><\/li>\n<\/ul>\n<p><strong><span>V\u00e9rifiez toujours avec votre coordinateur de d\u00e9m\u00e9nagement avant la collecte et la livraison pour obtenir des \u00e9claircissements.<\/span><\/strong><br \/>\n<span>Un Luton Transit est l&rsquo;un des b\u00eates de somme de l&rsquo;industrie des d\u00e9m\u00e9nagements.\u00a0C&rsquo;est une camionnette de d\u00e9m\u00e9nagement tr\u00e8s populaire pour de nombreuses raisons.\u00a0Ce type de v\u00e9hicule est maniable et pas trop gros.\u00a0Il se garera sur votre route si vous en avez un.\u00a0De plus, pour des volumes plus importants, deux fourgons ensemble sont g\u00e9n\u00e9ralement plus rapides et moins chers qu&rsquo;un seul, plus grand comme un 7,5 tonnes.<\/span><br \/>\n<span>Un fourgon Luton peut contenir 20 m\u00e8tres cubes et peut transporter jusqu&rsquo;\u00e0 1 000 kg.\u00a0Dans certains pays, les m\u00eames camionnettes ne peuvent l\u00e9galement transporter plus de 800 kg.\u00a0Le volume maximum reste cependant inchang\u00e9.\u00a0Une camionnette de cette taille peut g\u00e9n\u00e9ralement faire face \u00e0 un d\u00e9m\u00e9nagement de petite \u00e0 moyenne taille.\u00a0\u00c0 moins que vous ne soyez un accumulateur s\u00e9rieux, vous pourrez probablement ranger vos effets personnels de n&rsquo;importe quoi jusqu&rsquo;\u00e0 une maison de deux chambres dans une fourgonnette de d\u00e9m\u00e9nagement domestique comme celle-ci.<\/span><\/p>\n<h2><strong><span>Conseils relatifs au v\u00e9hicule: le probl\u00e8me critique du poids<\/span><\/strong><\/h2>\n<p>&nbsp;<\/p>\n<p><strong><span>Estimer le poids est difficile.\u00a0Cette contrainte de poids est la raison pour laquelle nous vous avons conseill\u00e9 de peser chaque article lorsque vous l&rsquo;avez emball\u00e9 dans nos pages Salle d&#8217;emballage par pi\u00e8ce.\u00a0<\/span><\/strong><span>Le chauffeur peut parfois conseiller lorsque la camionnette est surcharg\u00e9e bien que cela puisse \u00eatre difficile m\u00eame pour les conducteurs les plus exp\u00e9riment\u00e9s!\u00a0Dans certaines circonstances et pour des chargements complets seulement, nous pouvons organiser l&rsquo;envoi de la camionnette \u00e0 un pont-bascule de votre r\u00e9gion s&rsquo;il y en a un disponible.\u00a0Cela peut entra\u00eener des frais suppl\u00e9mentaires en fonction du co\u00fbt et de l&#8217;emplacement de ce service.<\/span><br \/>\n<span>Pour clarification, il appartient au client d&rsquo;estimer le poids de leur enl\u00e8vement.\u00a0Si la police arr\u00eate la camionnette parce qu&rsquo;elle est en surpoids, le client devra payer l&rsquo;amende.\u00a0Si nous devons envoyer un autre v\u00e9hicule pour enlever l&rsquo;exc\u00e9dent de poids, le co\u00fbt sera \u00e9galement \u00e0 la charge du client.<\/span><br \/>\n<span>Si nous ne pouvons pas vous joindre \u00e0 ce moment-l\u00e0, European Moving peut couvrir ces frais pour maintenir les fourgons en mouvement.\u00a0Dans ce cas, le client devra rembourser tous les frais suppl\u00e9mentaires avant de commencer le d\u00e9chargement.<\/span><br \/>\n<span>Les frais pour une fourgonnette suppl\u00e9mentaire d\u00e9pendront de l&#8217;emplacement du v\u00e9hicule arr\u00eat\u00e9 et de l&#8217;emplacement de la fourgonnette disponible la plus proche.\u00a0N&rsquo;oubliez pas que le co\u00fbt sera en plus de l&rsquo;amende.<\/span><br \/>\n<strong><span>Vous devrez payer le montant total de l&rsquo;amende, plus les frais pour amener une camionnette \u00e0 l&rsquo;endroit o\u00f9 se trouve le premier v\u00e9hicule et de l\u00e0 \u00e0 votre destination.<\/span><\/strong><\/p>\n<h2><strong><span>Conseils relatifs au v\u00e9hicule: Estimer le volume de votre d\u00e9m\u00e9nagement<\/span><\/strong><\/h2>\n<p><span>La charge utile doit \u00eatre correctement estim\u00e9e.\u00a0Nous avons con\u00e7u\u00a0<\/span><strong><span>ce calculateur en ligne<\/span><\/strong><span>\u00a0pour votre lecture.\u00a0Tout ce que vous avez \u00e0 faire est de remplir la colonne du milieu (quantit\u00e9) avec le montant de chaque article, pi\u00e8ce par pi\u00e8ce.<\/span><br \/>\n<span>Nous pr\u00e9f\u00e9rons travailler en m\u00e8tres cubes plut\u00f4t qu&rsquo;en pieds cubes, mais nous sommes heureux de vous parler si vous le souhaitez.\u00a0Voici un convertisseur en ligne pour convertir les pieds cubes en m\u00e8tres cubes.<\/span><br \/>\n<span>Si vous avez besoin d&rsquo;aide pour estimer la taille de votre chargement, veuillez contacter votre repr\u00e9sentant commercial.\u00a0Vous pouvez toujours transmettre une copie de votre inventaire \u00e0 l&rsquo;un de nos planificateurs de chargement.\u00a0Nous travaillerons sur la base des moyennes de l&rsquo;industrie.\u00a0Nous sommes l\u00e0 pour vous aider et rendre votre d\u00e9m\u00e9nagement aussi fluide que possible.<\/span><\/p>\n<h2><strong><span>Conseils relatifs au v\u00e9hicule: acc\u00e8s \u00e0 votre propri\u00e9t\u00e9<\/span><\/strong><\/h2>\n<p><span>Il est essentiel que nous en sachions le plus possible sur les d\u00e9tails d&rsquo;acc\u00e8s des sites de collecte et de livraison pour vous donner un devis pr\u00e9cis.\u00a0Si nous d\u00e9couvrons un probl\u00e8me d&rsquo;acc\u00e8s inad\u00e9quat ou non d\u00e9clar\u00e9 &#8211; par exemple, si vous \u00eates au 3\u00e8me \u00e9tage d&rsquo;un immeuble et ne disposez pas d&rsquo;ascenseur et que vous ne nous en avez pas inform\u00e9 &#8211; nous devrons vous facturer les travaux suppl\u00e9mentaires.<\/span><br \/>\n<span>Veuillez \u00e9galement vous assurer que vous avez v\u00e9rifi\u00e9 les conditions d&rsquo;acc\u00e8s et les restrictions aux extr\u00e9mit\u00e9s de chargement et de d\u00e9chargement.\u00a0Par exemple, si des portes ou des fen\u00eatres doivent \u00eatre retir\u00e9es, vous devez les retirer avant que nous arrivions \u00e0 destination.<\/span><br \/>\n<span>Vous devez vous assurer qu&rsquo;il y a un bon acc\u00e8s \u00e0 votre v\u00e9hicule r\u00e9serv\u00e9 \u00e0 l&rsquo;adresse de collecte et de livraison.\u00a0Vous devez \u00e9galement prendre des dispositions pour tout permis de stationnement si n\u00e9cessaire avant le jour de la collecte ou de la livraison.<\/span><br \/>\n<span>Veuillez vous assurer que la distance entre la place de parking et la propri\u00e9t\u00e9 (aux deux extr\u00e9mit\u00e9s) est r\u00e9duite au minimum.\u00a0Si elle d\u00e9passe 30 m\u00e8tres ou \u00e0 peu pr\u00e8s, veuillez en informer votre coordinateur Move le plus t\u00f4t possible.\u00a0Nous pouvons vous facturer des frais suppl\u00e9mentaires si la distance est trop grande ou si vous ne nous en informez pas.<\/span><br \/>\n<span>S&rsquo;il n&rsquo;y a pas de stationnement ad\u00e9quat pour que le v\u00e9hicule s&rsquo;arr\u00eate, et que cela entra\u00eene une amende de stationnement, le client est responsable du paiement int\u00e9gral avant que le conducteur ne quitte la propri\u00e9t\u00e9.<\/span><br \/>\n<span>Informez vos voisins \u00e0 l&rsquo;avance afin qu&rsquo;ils soient pr\u00e9par\u00e9s \u00e0 toute perturbation le jour de votre collecte ou de votre livraison.\u00a0Non seulement c&rsquo;est poli, mais ils peuvent m\u00eame offrir un coup de main ou une tasse de th\u00e9!<\/span><br \/>\n<span>Assurez-vous que vous disposez de la main-d&rsquo;\u0153uvre ad\u00e9quate pour charger tous vos articles dans notre v\u00e9hicule et le d\u00e9charger \u00e0 votre destination.\u00a0Si vous avez r\u00e9serv\u00e9 notre niveau de service TRANSPORT UNIQUEMENT, cet \u00e9l\u00e9ment devient crucial car le chauffeur ne vous aidera qu&rsquo;\u00e0 partir du van.<\/span><\/p>\n<h2><strong><span>Conseils relatifs au v\u00e9hicule: chargement de la camionnette<\/span><\/strong><\/h2>\n<p><strong><span>Pensez \u00e0 la charge comme un puzzle et utilisez au mieux n&rsquo;importe quel espace.<\/span><\/strong><br \/>\n<span>Placez des pi\u00e8ces plus importantes, telles que des armoires et des canap\u00e9s contre la paroi interne avant de la camionnette derri\u00e8re la cabine.\u00a0Fixez-les correctement avec des cordes ou des sangles.\u00a0Nos v\u00e9hicules sont livr\u00e9s avec des sangles en standard, mais il est toujours bon d&rsquo;avoir une corde \u00e0 port\u00e9e de main pour un soutien suppl\u00e9mentaire pour les objets inhabituellement lourds.\u00a0N&rsquo;oubliez pas que nos fourgons ne sont pas livr\u00e9s avec des couvertures.<\/span><br \/>\n<span>Placez les gros articles solides sur la couche inf\u00e9rieure et les objets les plus fragiles sur le dessus.\u00a0Utilisez des objets plus petits tels que des tapis et des coussins pour boucher les trous et combler les lacunes.\u00a0Les couvertures et les draps sont utiles car ils offrent une protection suppl\u00e9mentaire.\u00a0Les objets longs et fragiles, comme les miroirs ou les peintures, s&rsquo;int\u00e8grent bien entre les matelas.\u00a0Enfin, assurez-vous que tout est correctement s\u00e9curis\u00e9.<\/span><\/p>\n","protected":false},"excerpt":{"rendered":"<p>Conseils relatifs au v\u00e9hicule Nous avons rassembl\u00e9 quelques \u00e9l\u00e9ments li\u00e9s aux fourgonnettes.\u00a0Ces conseils relatifs au v\u00e9hicule vous aideront \u00e0 estimer le volume de votre d\u00e9m\u00e9nagement et \u00e0 vous assurer que la camionnette peut acc\u00e9der \u00e0 votre propri\u00e9t\u00e9 aux deux extr\u00e9mit\u00e9s du trajet. Conseils relatifs aux v\u00e9hicules: nos fourgons Nous avons des camionnettes qui voyagent tous [&hellip;]<\/p>\n","protected":false},"author":13,"featured_media":0,"parent":0,"menu_order":0,"comment_status":"closed","ping_status":"closed","template":"","meta":[],"yst_prominent_words":[3948,5105,409,3521,3516,3862],"_links":{"self":[{"href":"https:\/\/europeanmoving.co.uk\/fr\/wp-json\/wp\/v2\/pages\/5616"}],"collection":[{"href":"https:\/\/europeanmoving.co.uk\/fr\/wp-json\/wp\/v2\/pages"}],"about":[{"href":"https:\/\/europeanmoving.co.uk\/fr\/wp-json\/wp\/v2\/types\/page"}],"author":[{"embeddable":true,"href":"https:\/\/europeanmoving.co.uk\/fr\/wp-json\/wp\/v2\/users\/13"}],"replies":[{"embeddable":true,"href":"https:\/\/europeanmoving.co.uk\/fr\/wp-json\/wp\/v2\/comments?post=5616"}],"version-history":[{"count":2,"href":"https:\/\/europeanmoving.co.uk\/fr\/wp-json\/wp\/v2\/pages\/5616\/revisions"}],"predecessor-version":[{"id":22131,"href":"https:\/\/europeanmoving.co.uk\/fr\/wp-json\/wp\/v2\/pages\/5616\/revisions\/22131"}],"wp:attachment":[{"href":"https:\/\/europeanmoving.co.uk\/fr\/wp-json\/wp\/v2\/media?parent=5616"}],"wp:term":[{"taxonomy":"yst_prominent_words","embeddable":true,"href":"https:\/\/europeanmoving.co.uk\/fr\/wp-json\/wp\/v2\/yst_prominent_words?post=5616"}],"curies":[{"name":"wp","href":"https:\/\/api.w.org\/{rel}","templated":true}]}}