{"id":5614,"date":"2018-07-12T14:40:01","date_gmt":"2018-07-12T14:40:01","guid":{"rendered":"http:\/\/europeanmoving.co.uk\/?page_id=5614"},"modified":"2020-11-03T15:06:48","modified_gmt":"2020-11-03T15:06:48","slug":"le-dynamic-chauffeur-porteur-2","status":"publish","type":"page","link":"https:\/\/europeanmoving.co.uk\/fr\/le-dynamic-chauffeur-porteur-2\/","title":{"rendered":"Le Dynamic \u2013 Un Chauffeur-porteur"},"content":{"rendered":"<h1><strong><span>Mouvements faciles<\/span><\/strong><\/h1>\n<p><b><span>La chose la plus importante \u00e0 retenir avec EasyMoves est que chacune de nos fourgonnettes est livr\u00e9e avec un seul chauffeur<\/span><\/b><\/p>\n<p><span>EasyMoves est notre service de d\u00e9m\u00e9nagement le plus populaire pour les clients qui ont besoin d&rsquo;une paire de mains suppl\u00e9mentaire.\u00a0Notre chauffeur agr\u00e9\u00e9 vous assistera pour le chargement et le d\u00e9chargement depuis et vers le rez-de-chauss\u00e9e de votre propri\u00e9t\u00e9, vers n&rsquo;importe quelle pi\u00e8ce de votre choix.\u00a0Si vous avez besoin d&rsquo;aide depuis et vers les \u00e9tages sup\u00e9rieurs, veuillez en parler \u00e0 votre coordinateur de d\u00e9m\u00e9nagement qui sera en mesure d&rsquo;organiser cela pour vous, des frais suppl\u00e9mentaires s&rsquo;appliqueront.\u00a0Le co\u00fbt de ce service d\u00e9pend du niveau du sol et de la disponibilit\u00e9 d&rsquo;un ascenseur.<\/span><\/p>\n<p><img src=\"https:\/\/europeanmoving.im\/wp-content\/uploads\/2018\/08\/easymoves.png\" \/><\/p>\n<h2><strong><span>EasyMoves: chargement \/ d\u00e9chargement<\/span><\/strong><\/h2>\n<p><span>Notre chauffeur vous assistera pour d\u00e9placer vos marchandises du rez-de-chauss\u00e9e de votre propri\u00e9t\u00e9 lors de la collecte et au rez-de-chauss\u00e9e de votre propri\u00e9t\u00e9 lors de la livraison dans n&rsquo;importe quelle pi\u00e8ce de votre choix.<\/span><\/p>\n<p><span>Veuillez comprendre que pour r\u00e9duire les co\u00fbts au minimum,\u00a0<\/span><b><span>nous ne fournissons qu&rsquo;un seul chauffeur par fourgonnette<\/span><\/b><span>\u00a0.\u00a0Vous devez donc fournir une main-d&rsquo;\u0153uvre ad\u00e9quate d&rsquo;amis et \/ ou de famille aux deux extr\u00e9mit\u00e9s de votre d\u00e9m\u00e9nagement.\u00a0Le nombre de personnes requises d\u00e9pend de la nature, du volume et du poids de vos articles.\u00a0Les bo\u00eetes peuvent \u00eatre facilement manipul\u00e9es par une seule personne si vous gardez un poids inf\u00e9rieur \u00e0 20 kg;\u00a0Un canap\u00e9 n\u00e9cessite un minimum de deux personnes et une grande armoire un total de quatre personnes suppl\u00e9mentaires.\u00a0En g\u00e9n\u00e9ral, pour une camionnette compl\u00e8te, on consid\u00e8re qu&rsquo;au moins une personne pour aider le conducteur est un minimum, deux ou trois est id\u00e9al.\u00a0N&rsquo;oubliez pas que vous connaissez vos articles m\u00e9nagers mieux que nous.<\/span><\/p>\n<p><span>Pour les chargements partiels plus petits de 10 \u00e0 20 cartons, il est souvent possible pour le chauffeur de faire tout le chargement et le d\u00e9chargement seul moyennant des frais suppl\u00e9mentaires, veuillez contacter votre coordinateur de d\u00e9m\u00e9nagement pour plus de d\u00e9tails.\u00a0N&rsquo;oubliez pas que cela n&rsquo;est possible que si chaque article ou bo\u00eete peut \u00eatre transport\u00e9 par une seule personne.<\/span><\/p>\n<p><strong><span>EasyMoves: temps de chargement \/ d\u00e9chargement<\/span><\/strong><\/p>\n<h3><b><span>Service de camionnette d\u00e9di\u00e9 &#8211; Charge compl\u00e8te<\/span><\/b><\/h3>\n<p><span>Temps de chargement &#8211; 5 heures<\/span><br \/>\n<span>Temps de d\u00e9chargement &#8211; 3 heures<\/span><\/p>\n<h3><b><span>Service de chargement partiel<\/span><\/b><\/h3>\n<p><span>Temps de chargement &#8211; 2-3 heures<\/span><br \/>\n<span>Temps de d\u00e9chargement &#8211; 1-2 heures\u00a0<strong>EasyMoves: dates et<\/strong>\u00a0heures de<\/span><br \/>\n<strong><span>collecte et de livraison<\/span><\/strong><\/p>\n<h3><b><span>Service de camionnette d\u00e9di\u00e9 &#8211; Charge compl\u00e8te<\/span><\/b><\/h3>\n<p><span>Lorsque vous avez r\u00e9serv\u00e9 un van d\u00e9di\u00e9 sur notre service EasyMoves, vous pouvez choisir un jour de collecte de votre choix du lundi au samedi et la livraison sera directe, le temps de transit du trajet d\u00e9pendra de la distance.\u00a0Si votre jour de livraison est plus important, parlez-en \u00e0 votre coordinateur de d\u00e9m\u00e9nagement qui saura vous conseiller sur le meilleur jour de collecte possible pour y rem\u00e9dier.<\/span><br \/>\n<span>Vous pouvez modifier la date choisie pour votre collecte jusqu&rsquo;\u00e0 3 jours avant sans frais.\u00a0Cependant, si vous devez le changer moins de 3 jours avant la collecte, des frais suppl\u00e9mentaires peuvent s&rsquo;appliquer.<\/span><br \/>\n<span>Vous aurez l&rsquo;usage exclusif de la camionnette et ne partagerez pas l&rsquo;espace avec les biens d&rsquo;autres clients.\u00a0Vous pouvez utiliser l&rsquo;espace et l&rsquo;allocation de poids de 20m3 ou 1 tonne (fourgon complet) \u00e0 votre guise.<\/span><b><span>N&rsquo;oubliez pas que la camionnette peut transporter une capacit\u00e9 maximale de 20 m3 ou 1 tonne, soit ou, selon la premi\u00e8re \u00e9ventualit\u00e9.<\/span><\/b><br \/>\n<span>Vous pouvez choisir un cr\u00e9neau horaire le matin ou l&rsquo;apr\u00e8s-midi, le matin entre 8h00 et 12h00 et l&rsquo;apr\u00e8s-midi entre 12h00 et 16h00 (heure britannique).\u00a0En raison de la nature des retards commerciaux peuvent parfois survenir, nous ne communiquons donc pas d&rsquo;heures sp\u00e9cifiques pour la collecte ou la livraison.\u00a0Toutes les heures qui vous sont donn\u00e9es le sont de bonne foi.<\/span><br \/>\n<span>Veuillez tenir compte des retards potentiels car certains probl\u00e8mes ne peuvent \u00eatre \u00e9vit\u00e9s, par exemple, des probl\u00e8mes de circulation ou m\u00e9caniques.\u00a0<\/span><b><span>Nous ne compensons pas les retards de collecte ou de livraison.<\/span><\/b><\/p>\n<h3><b><span>Service \u00e0 charge partielle<\/span><\/b><\/h3>\n<p><span>Nous avons besoin d&rsquo;une fen\u00eatre de 3 jours ouvrables pour la collecte.\u00a0Bien s\u00fbr, nous ne nous attendons pas \u00e0 ce que vous restiez pendant cette p\u00e9riode et nous nous efforcerons de vous donner un pr\u00e9avis minimum de 24 heures;\u00a0cependant, si nous avons de l&rsquo;espace disponible sur l&rsquo;une de nos fourgonnettes dans votre r\u00e9gion ce jour-l\u00e0, nous pouvons vous appeler pour vous offrir \u00e9galement cette option.<\/span><br \/>\n<span>Nous exigeons \u00e9galement que quelqu&rsquo;un soit disponible entre 8h et 18h (heure britannique).\u00a0Veuillez garder \u00e0 l&rsquo;esprit que des retards peuvent parfois survenir en raison des multiples collectes et livraisons.\u00a0Si le chauffeur est s\u00e9rieusement retard\u00e9, nous pouvons reporter votre collecte au lendemain matin.<\/span><br \/>\n<b><span>Nous ne compensons pas les retards de collecte ou de livraison.<\/span><\/b><br \/>\n<span>La livraison pour les chargements partiels est g\u00e9n\u00e9ralement comprise entre 1 jour et 14 jours selon l&rsquo;itin\u00e9raire.\u00a0Une personne doit \u00eatre disponible pour prendre livraison le plus t\u00f4t possible.\u00a0Nous nous efforcerons toujours d&rsquo;envoyer vos marchandises directement.\u00a0Cependant, nous pouvons les apporter \u00e0 notre d\u00e9p\u00f4t de stockage pour le groupage avec d&rsquo;autres charges allant dans le m\u00eame sens.\u00a0Votre coordinateur de d\u00e9m\u00e9nagement vous en informera lors de la confirmation de votre date de collecte.<\/span><br \/>\n<span>Cependant, si vous ne disposez pas de la flexibilit\u00e9 requise pour vos dates de collecte et de livraison, vous pouvez envisager une camionnette d\u00e9di\u00e9e (pleine charge).\u00a0Cela fonctionnera probablement encore moins cher que la plupart de nos concurrents.<\/span><\/p>\n<p><strong><span>EasyMoves: inventaire<\/span><\/strong><\/p>\n<p><span>Nous vous demandons de bien vouloir fournir une copie de votre inventaire \u00e0 votre coordinateur de d\u00e9m\u00e9nagement 3 \u00e0 5 jours avant la collecte.\u00a0Cela leur permettra d&rsquo;\u00e9tablir et de confirmer la cylindr\u00e9e.<\/span><\/p>\n<p><b><span>N&rsquo;oubliez pas qu&rsquo;il nous est impossible d&rsquo;estimer le poids.<\/span><\/b><\/p>\n<p><span>Vous devrez \u00e9galement imprimer deux exemplaires de l&rsquo;inventaire en format papier pr\u00eats pour le jour de la collecte.\u00a0Vous ou votre repr\u00e9sentant devrez v\u00e9rifier vos marchandises sur et en dehors de la camionnette par rapport \u00e0 cet inventaire avec le chauffeur.\u00a0Une copie est pour vous \u00e0 conserver et une copie est pour le conducteur.\u00a0Les deux doivent signer chaque inventaire lors de la collecte et de la livraison.<\/span><\/p>\n<p><b><span>Remarque: si vous souhaitez envoyer vos marchandises sans inventaire, cela se fait enti\u00e8rement \u00e0 vos propres risques.<\/span><\/b><\/p>\n<p><b><span>Les douanes peuvent \u00e9galement demander \u00e0 voir une liste s&rsquo;ils arr\u00eatent la camionnette \u00e0 une fronti\u00e8re.<\/span><\/b><\/p>\n<p><b><span>Veuillez lire notre\u00a0<\/span><a href=\"https:\/\/europeanmoving.im\/movers-guide\/\" target=\"_blank\" rel=\"noopener noreferrer\"><span>guide des d\u00e9m\u00e9nageurs<\/span><\/a><span>\u00a0pour d&rsquo;autres conseils utiles.\u00a0<\/span><\/b><strong><span>EasyMoves: volume et poids de la charge<\/span><\/strong><\/p>\n<p><span>Nous utilisons principalement des fourgons Luton de 3,5 tonnes.\u00a0Ils ont la capacit\u00e9 standard pour ce type de v\u00e9hicule dans le secteur du transport.\u00a0La plus grande consid\u00e9ration lors du d\u00e9placement de vos marchandises doit \u00eatre le poids.\u00a0Nos fourgons peuvent transporter entre 20 m3 et 24 m3 de volume avec une charge utile de 1000 kg.\u00a0Certains pays, comme la Suisse, la Norv\u00e8ge et l&rsquo;Autriche, r\u00e9duisent la capacit\u00e9 juridique \u00e0 800 kg.\u00a0La limite de poids reste la m\u00eame, que la fourgonnette mesure 20m3 ou 24m3.<\/span><\/p>\n<p><b><span>Votre r\u00e9servation sera toujours bas\u00e9e sur la capacit\u00e9 cubique OU le poids &#8211; selon la premi\u00e8re \u00e9ventualit\u00e9.<\/span><\/b><\/p>\n<p><span>Vous voudrez peut-\u00eatre consid\u00e9rer que si vous avez plusieurs bo\u00eetes pesant chacune 20 kg, vous ne pourrez obtenir que 50 bo\u00eetes sur la camionnette avant d&rsquo;atteindre la limite de poids.\u00a0Cela signifie que bien que votre fourgon ne soit qu&rsquo;\u00e0 moiti\u00e9 plein en volume, il sera \u00e0 pleine capacit\u00e9 de poids.\u00a0Il ne peut\u00a0<\/span><u><b><span>l\u00e9galement en<\/span><\/b><\/u><span>\u00a0prendre plus.<\/span><\/p>\n<p><b><span>Attention<\/span><\/b><span>\u00a0: la plupart de nos fourgons\u00a0<\/span><b><span>ne disposent pas de hayon \u00e9l\u00e9vateur.\u00a0<\/span><\/b><span>Nous pouvons toutefois \u00eatre en mesure de vous en fournir un moyennant des frais suppl\u00e9mentaires et sous r\u00e9serve de disponibilit\u00e9.\u00a0Sachez cependant que l&rsquo;hydraulique r\u00e9duit le poids maximum de 250 kg suppl\u00e9mentaires (cela n&rsquo;affecte pas le volume).<\/span><\/p>\n<p><strong><span>EasyMoves: emballage<\/span><\/strong><\/p>\n<p><span>Toutes les marchandises doivent \u00eatre correctement emball\u00e9es et prot\u00e9g\u00e9es avant la collecte.\u00a0Les fourgons ne transportent aucune couverture de d\u00e9m\u00e9nagement et \/ ou \u00e9quipement de chargement.<\/span><\/p>\n<p><span>Veuillez consulter notre\u00a0<\/span><a href=\"https:\/\/europeanmoving.im\/en\/movers-guide-table\/\" target=\"_blank\" rel=\"noopener noreferrer\"><b><span>guide des d\u00e9m\u00e9nageurs<\/span><\/b><\/a><span>\u00a0, et plus particuli\u00e8rement nos\u00a0<\/span><a href=\"https:\/\/europeanmoving.im\/en\/movers-guide-table\/general-info-for-moving-to-a-new-country\/\" target=\"_blank\" rel=\"noopener noreferrer\"><b><span>conseils d&#8217;emballage<\/span><\/b><\/a><span>\u00a0.<\/span><\/p>\n<p><b><span>N&rsquo;oubliez pas de lire notre\u00a0<\/span><a href=\"https:\/\/europeanmoving.im\/en\/removals-insurance-and-compensation\/\" target=\"_blank\" rel=\"noopener noreferrer\"><span>page Assurances<\/span><\/a><\/b><\/p>\n<p><b><span>Si vous pouvez avoir suffisamment d&rsquo;amis, de membres de votre famille ou de voisins pour vous aider \u00e0 la fois avec le chargement ET le d\u00e9chargement, vous pouvez envisager\u00a0<\/span><a href=\"https:\/\/europeanmoving.im\/en\/international-load-and-go-transport-only-service\/\" target=\"_blank\" rel=\"noopener noreferrer\"><span>notre service Load &amp; Go<\/span><\/a><span>\u00a0car il est encore moins cher<\/span><\/b><\/p>\n","protected":false},"excerpt":{"rendered":"<p>Mouvements faciles La chose la plus importante \u00e0 retenir avec EasyMoves est que chacune de nos fourgonnettes est livr\u00e9e avec un seul chauffeur EasyMoves est notre service de d\u00e9m\u00e9nagement le plus populaire pour les clients qui ont besoin d&rsquo;une paire de mains suppl\u00e9mentaire.\u00a0Notre chauffeur agr\u00e9\u00e9 vous assistera pour le chargement et le d\u00e9chargement depuis et [&hellip;]<\/p>\n","protected":false},"author":13,"featured_media":0,"parent":0,"menu_order":0,"comment_status":"closed","ping_status":"closed","template":"","meta":[],"yst_prominent_words":[11951,3948,5105,3497,11953],"_links":{"self":[{"href":"https:\/\/europeanmoving.co.uk\/fr\/wp-json\/wp\/v2\/pages\/5614"}],"collection":[{"href":"https:\/\/europeanmoving.co.uk\/fr\/wp-json\/wp\/v2\/pages"}],"about":[{"href":"https:\/\/europeanmoving.co.uk\/fr\/wp-json\/wp\/v2\/types\/page"}],"author":[{"embeddable":true,"href":"https:\/\/europeanmoving.co.uk\/fr\/wp-json\/wp\/v2\/users\/13"}],"replies":[{"embeddable":true,"href":"https:\/\/europeanmoving.co.uk\/fr\/wp-json\/wp\/v2\/comments?post=5614"}],"version-history":[{"count":6,"href":"https:\/\/europeanmoving.co.uk\/fr\/wp-json\/wp\/v2\/pages\/5614\/revisions"}],"predecessor-version":[{"id":21915,"href":"https:\/\/europeanmoving.co.uk\/fr\/wp-json\/wp\/v2\/pages\/5614\/revisions\/21915"}],"wp:attachment":[{"href":"https:\/\/europeanmoving.co.uk\/fr\/wp-json\/wp\/v2\/media?parent=5614"}],"wp:term":[{"taxonomy":"yst_prominent_words","embeddable":true,"href":"https:\/\/europeanmoving.co.uk\/fr\/wp-json\/wp\/v2\/yst_prominent_words?post=5614"}],"curies":[{"name":"wp","href":"https:\/\/api.w.org\/{rel}","templated":true}]}}