{"id":5610,"date":"2018-07-08T13:06:44","date_gmt":"2018-07-08T13:06:44","guid":{"rendered":"http:\/\/europeanmoving.co.uk\/general-tips-on-packing\/"},"modified":"2020-11-03T15:07:54","modified_gmt":"2020-11-03T15:07:54","slug":"conseils-generaux","status":"publish","type":"page","link":"https:\/\/europeanmoving.co.uk\/fr\/movers-guide-table\/conseils-generaux\/","title":{"rendered":"Conseils g\u00e9n\u00e9raux d&#8217;emballage pour d\u00e9m\u00e9nager"},"content":{"rendered":"<h1 class=\"title-heading-left\"><strong><span>Conseils d&#8217;emballage g\u00e9n\u00e9raux<\/span><\/strong><\/h1>\n<p><img src=\"https:\/\/europeanmoving.im\/wp-content\/uploads\/2020\/01\/PackingV2.png\" \/><\/p>\n<p><span>Tout le monde peut faire ses valises car il faut avant tout du bon sens.\u00a0Cependant, l&#8217;emballage pour le transport international n\u00e9cessite un niveau de protection suppl\u00e9mentaire.\u00a0Vous trouverez sur cette page quelques conseils d&#8217;emballage qui, nous l&rsquo;esp\u00e9rons, vous seront utiles.<\/span><\/p>\n<h2><strong><span>Conseils d&#8217;emballage: \u00e9tiqueter vos articles<\/span><\/strong><\/h2>\n<p><span>Que vous preniez en charge le d\u00e9m\u00e9nagement vous-m\u00eame ou que vous demandiez \u00e0 European Moving de prendre en charge votre transport (voir les services que nous proposons,\u00a0\u00a0<\/span><a href=\"https:\/\/europeanmoving.co.uk\/international-load-and-go-transport-only-service\/\" target=\"_blank\" rel=\"noopener noreferrer\"><span>Load &amp; Go<\/span><\/a><span>\u00a0\u00a0et\u00a0\u00a0<\/span><a href=\"https:\/\/europeanmoving.info\/basic-international-removal-service\/\" target=\"_blank\" rel=\"noopener noreferrer\"><span>Easymoves<\/span><\/a><span>\u00a0), il est bon de marquer chaque case avec un num\u00e9ro, votre nom et une liste de son contenu .\u00a0Codage couleur des \u00e9tiquettes en fonction de la pi\u00e8ce, avec du papier de couleur ou du ruban de couleur.<\/span><br \/>\n<span>Quelle que soit l&rsquo;entreprise que vous utilisez, vous devrez faire un inventaire.\u00a0Vous devriez en cr\u00e9er un m\u00eame si vous d\u00e9m\u00e9nagez seul.\u00a0De cette fa\u00e7on, si une \u00e9tiquette est d\u00e9chir\u00e9e ou mouill\u00e9e, vous aurez un papier avec le contenu de ces bo\u00eetes avec vous.<\/span><br \/>\n<span>Cela peut sembler beaucoup de travail pour peu de gain: ce n&rsquo;est pas le cas.\u00a0Il s&rsquo;av\u00e9rera inestimable \u00e0 votre destination et vous \u00e9vitera d&rsquo;ouvrir toutes vos bo\u00eetes lorsque vous recherchez un article sp\u00e9cifique.<\/span><br \/>\n<span>NB\u00a0<\/span><b><span>Si vous r\u00e9servez vos marchandises \u00e0 chargement partiel<\/span><\/b><span>\u00a0, vous partagerez probablement l&rsquo;espace du fourgon avec les envois d&rsquo;autres personnes.\u00a0Par cons\u00e9quent, il est essentiel que vous \u00e9tiquetiez clairement vos marchandises avec votre nom complet (cela doit \u00e9galement \u00eatre le nom sur la r\u00e9servation) et l&rsquo;adresse de destination.\u00a0Vous pouvez les faire dans le format de votre choix, mais quoi que vous d\u00e9cidiez, vous devez \u00e9tiqueter vos marchandises et nous vous recommandons d&rsquo;utiliser le format suivant:<\/span><\/p>\n<ul class=\"list-with-tick col4\">\n<li><span>Bo\u00eete 1 de 20<\/span><\/li>\n<li><span>Nom du client<\/span><\/li>\n<li><span>Num\u00e9ro et nom de la route<\/span><\/li>\n<li><span>Ville<\/span><\/li>\n<li><span>Comt\u00e9<\/span><\/li>\n<li><span>Pays<\/span><\/li>\n<li><span>Num\u00e9ro de t\u00e9l\u00e9phone<\/span><\/li>\n<\/ul>\n<h3><strong><span>Conseils d&#8217;emballage: liste d&rsquo;inventaire<\/span><\/strong><\/h3>\n<p><span>Quelle que soit l&rsquo;entreprise que vous utilisez, vous devrez faire un inventaire.\u00a0Vous devriez en cr\u00e9er un m\u00eame si vous d\u00e9m\u00e9nagez seul.\u00a0De cette fa\u00e7on, si une \u00e9tiquette est d\u00e9chir\u00e9e ou mouill\u00e9e, vous aurez un papier avec le contenu de ces bo\u00eetes avec vous.<\/span><br \/>\n<span>Cela peut sembler beaucoup de travail pour peu de gain: ce n&rsquo;est pas le cas.\u00a0Il s&rsquo;av\u00e9rera inestimable \u00e0 votre destination et vous \u00e9vitera d&rsquo;ouvrir toutes vos bo\u00eetes lorsque vous recherchez un article sp\u00e9cifique.<\/span><br \/>\n<span>Nous vous demandons de fournir \u00e0 votre coordinateur de d\u00e9m\u00e9nagement une liste d&rsquo;inventaire des articles 3 \u00e0 5 jours avant le jour de votre collecte, cela nous aidera \u00e0 \u00e9valuer la taille de votre chargement et, esp\u00e9rons-le, \u00e0 \u00e9viter tout probl\u00e8me inattendu dans la journ\u00e9e.\u00a0N&rsquo;oubliez pas que nous ne sommes pas en mesure d&rsquo;\u00e9valuer le poids de vos marchandises car les bo\u00eetes et les meubles varient si largement.<\/span><br \/>\n<span>Nous vous demandons \u00e9galement d&rsquo;imprimer deux exemplaires de votre inventaire pr\u00eats pour le jour de la collecte, un pour vous-m\u00eame et un pour le chauffeur.<\/span><br \/>\n<span>V\u00e9rifiez toutes les marchandises dans le fourgon au lieu de chargement et assurez-vous que vous (le client) et le chauffeur signez les deux copies.\u00a0Cela confirmera que tout ce qui est r\u00e9pertori\u00e9 a \u00e9t\u00e9 charg\u00e9.<\/span><br \/>\n<span>Veuillez vous assurer de v\u00e9rifier toutes les marchandises de la camionnette au lieu de d\u00e9chargement et que vous (le client) et le chauffeur signiez \u00e0 nouveau les deux copies.<\/span><br \/>\n<strong><span>Ne signez aucun document de livraison en cas de divergence.\u00a0Une fois la CMR sign\u00e9e, nous ne pouvons traiter aucune r\u00e9clamation.<\/span><\/strong><\/p>\n<h2><strong><span>Conseils d&#8217;emballage: Pianos<\/span><\/strong><\/h2>\n<p><span>Nous ne sommes pas des d\u00e9m\u00e9nageurs de pianos sp\u00e9cialis\u00e9s.\u00a0Par cons\u00e9quent, si vous avez un piano co\u00fbteux \u00e0 d\u00e9placer, nous vous recommandons fortement de faire appel \u00e0 une entreprise de d\u00e9m\u00e9nagement de piano sp\u00e9cialis\u00e9e.<\/span><\/p>\n<p><span>Nous avons d\u00e9m\u00e9nag\u00e9 avec succ\u00e8s des pianos et sommes pr\u00eats \u00e0 le faire.\u00a0Cependant, veuillez garder \u00e0 l&rsquo;esprit les points suivants:<\/span><\/p>\n<ul>\n<li><span>Nous n&rsquo;assumerons aucune responsabilit\u00e9 pour tout dommage.<\/span><\/li>\n<li><span>Le client devra assumer l&rsquo;enti\u00e8re responsabilit\u00e9 du chargement et du d\u00e9chargement, y compris les chariots, rampes, etc.<\/span><\/li>\n<li><span>Nos fourgons ne sont pas \u00e9quip\u00e9s de hayons \u00e9l\u00e9vateurs.\u00a0Vous devez r\u00e9fl\u00e9chir \u00e0 la mani\u00e8re dont vous allez le monter et le descendre du camion qui mesure environ 1,5 m de haut.<\/span><\/li>\n<li><span>Nos fourgons ne portent pas de couvertures de d\u00e9m\u00e9nagement en standard.\u00a0Vous devez en acheter vous-m\u00eame avant la collecte.\u00a0Ceux-ci resteront avec vous apr\u00e8s la livraison.<\/span><\/li>\n<li><span>Dans la plupart des cas, nous ne pouvons pas empiler sur le piano.\u00a0Par cons\u00e9quent, tout espace au-dessus ou en dessous est un espace mort.\u00a0Cependant, vous devrez payer pour la zone inutilis\u00e9e.<\/span><\/li>\n<li><span>Nos fourgons ne sont livr\u00e9s qu&rsquo;avec un seul chauffeur, alors assurez-vous de fournir la main-d&rsquo;\u0153uvre ad\u00e9quate.\u00a0Veuillez prendre en consid\u00e9ration le poids du piano.<\/span><\/li>\n<\/ul>\n<h2><strong><span>Conseils d&#8217;emballage: Meubles<\/span><\/strong><\/h2>\n<p><span>Veuillez vous assurer de vider tous les tiroirs et compartiments.\u00a0Retirez les tiroirs et les portes et emballez-les s\u00e9par\u00e9ment si cela rend l&rsquo;article trop lourd.\u00a0Vos meubles seront soumis \u00e0 des vibrations mineures, ainsi qu&rsquo;\u00e0 des contraintes structurelles li\u00e9es aux mouvements du fourgon.\u00a0Cela peut faire vibrer certaines des vis en dehors du meuble et endommager vos biens.\u00a0Pour \u00e9viter cela, nous vous sugg\u00e9rons de d\u00e9monter tous les meubles plats et de les emballer dans du carton.\u00a0Assurez-vous de bien prot\u00e9ger les coins pour un transport en toute s\u00e9curit\u00e9.\u00a0Ni nos assureurs ni nous n&rsquo;accepterons de responsabilit\u00e9 pour les meubles plats assembl\u00e9s endommag\u00e9s pendant le transport.<\/span><\/p>\n<h2><strong><span>Conseils d&#8217;emballage: meubles en tissu et en cuir<\/span><\/strong><\/h2>\n<p><iframe loading=\"lazy\" src=\"https:\/\/www.youtube.com\/embed\/QbT04NwjDWk\" width=\"560\" height=\"315\" frameborder=\"0\" allowfullscreen=\"allowfullscreen\" data-origwidth=\"560\" data-origheight=\"315\" data-mce-fragment=\"1\"><\/iframe><\/p>\n<p><span>Les articles tels que les canap\u00e9s et les chaises s&rsquo;usent et se marquent facilement si vous ne les prot\u00e9gez pas ad\u00e9quatement.\u00a0Nos chauffeurs traiteront votre propri\u00e9t\u00e9 avec le plus grand soin et la plus grande consid\u00e9ration;\u00a0cependant, vous voulez que votre suite de trois pi\u00e8ces cr\u00e8me arrive en parfait \u00e9tat.\u00a0European Moving vous conseille fortement d&#8217;emballer les meubles dans des couvertures de d\u00e9m\u00e9nagement, ou au moins du papier bulle et des b\u00e2ches en plastique r\u00e9sistantes.\u00a0Renforcez tous les coins avec un bo\u00eetier en carton ou en plastique.<\/span><br \/>\n<span>Veuillez vous assurer de retirer tous les coussins et de les prot\u00e9ger \u00e0 votre satisfaction.\u00a0Les coussins sont parfaits pour remplir l&rsquo;espace restant sur les bo\u00eetes de livres ou d&rsquo;autres objets encombrants.<\/span><br \/>\n<span>Nous avons trouv\u00e9 cette vid\u00e9o YouTube utile sur l&#8217;emballage des meubles en tissu et en cuir:<\/span><\/p>\n<h2><strong><span>Conseils d&#8217;emballage: choisir vos mat\u00e9riaux d&#8217;emballage<\/span><\/strong><\/h2>\n<p><span>Afin de faire un bon travail d&#8217;emballage, vous devez commencer avec les bons mat\u00e9riaux!\u00a0Il est \u00e0 noter que nous ne fournissons PAS de couvertures de d\u00e9m\u00e9nagement.\u00a0Tous nos fourgons seront livr\u00e9s avec des sangles pour s\u00e9curiser les articles plus volumineux dans le v\u00e9hicule.<\/span><\/p>\n<p><strong><span>Bo\u00eetes de rangement en plastique<\/span><\/strong><br \/>\n<span>Veuillez ne pas utiliser de bo\u00eetes de rangement en plastique pour votre d\u00e9m\u00e9nagement!\u00a0Ces caisses sont utilis\u00e9es pour le stockage car elles sont g\u00e9n\u00e9ralement transparentes et s&#8217;empilent facilement, mais elles ne sont pas du tout adapt\u00e9es au transport.\u00a0M\u00eame en stockage, on constate qu&rsquo;ils ne peuvent pas \u00eatre empil\u00e9s plus de deux en hauteur sans risquer l&rsquo;int\u00e9grit\u00e9 des couvercles, qui sont toujours tr\u00e8s cassants et se fissurent tr\u00e8s facilement.<\/span><br \/>\n<span>De plus, les parois et la base en plastique sont presque toujours trop minces et \u00e9galement tr\u00e8s fragiles.\u00a0Cela rend les parois sujettes \u00e0 la fissuration, et surtout, ne permet pas assez de \u00abdonner\u00bb, ce qui est essentiel pour prot\u00e9ger les marchandises \u00e0 l&rsquo;int\u00e9rieur pendant le transport.\u00a0Il est \u00e9galement tr\u00e8s difficile de coller correctement les bords afin qu&rsquo;ils ne puissent pas \u00eatre rendus \u00e9tanches, ce qui est un autre probl\u00e8me.\u00a0En l&rsquo;absence de \u00abdonner\u00bb dans les bo\u00eetes et en l&rsquo;absence de moyen de les rendre herm\u00e9tiques, chaque petite vibration du voyage est transf\u00e9r\u00e9e directement aux objets fragiles \u00e0 l&rsquo;int\u00e9rieur.<\/span><br \/>\n<b><span>Bref, n&rsquo;utilisez pas de bo\u00eetes de rangement en plastique pour un trajet de 20 km, et encore moins un trajet de plus de 2000 km.<\/span><\/b><\/p>\n<p><strong><span>Bo\u00eetes Inutile d&rsquo;<\/span><\/strong><br \/>\n<span>investir beaucoup de temps dans un emballage soign\u00e9 de vos cartons si vous avez choisi des cartons trop minces ou en plastique cassant et non adapt\u00e9s au transport.\u00a0Une excellente source de bo\u00eetes gratuites est votre supermarch\u00e9 (ou pharmacie) local.\u00a0Parfois, vous devrez peut-\u00eatre vous rendre \u00e0 une heure pr\u00e9cise de la journ\u00e9e, car certaines \u00e9piceries ne re\u00e7oivent des envois qu&rsquo;une fois par semaine.<\/span><br \/>\n<span>Ramassez les grandes et les petites bo\u00eetes et si vous connaissez quelqu&rsquo;un qui a r\u00e9cemment d\u00e9m\u00e9nag\u00e9, demandez-lui s&rsquo;il peut vous donner une bo\u00eete ou deux.\u00a0Il est acceptable d&rsquo;utiliser des bo\u00eetes d&rsquo;occasion tant qu&rsquo;elles sont en bon \u00e9tat, non \u00e9cras\u00e9es, froiss\u00e9es de quelque mani\u00e8re que ce soit ou endommag\u00e9es par l&rsquo;humidit\u00e9, etc. Elles doivent \u00eatre enti\u00e8rement scellables et non ouvertes.\u00a0Il est pr\u00e9f\u00e9rable de ne pas utiliser des bo\u00eetes plus grandes qu&rsquo;elles sont trop lourdes ou difficiles \u00e0 transporter.<\/span><br \/>\n<span>Il est \u00e9galement possible de commander des bo\u00eetes de taille sp\u00e9cifique pour des articles sp\u00e9cifiques si n\u00e9cessaire (par exemple: v\u00e9los, cannes \u00e0 p\u00eache), bien que la plupart des gens se contentent de bo\u00eetes normales afin d&rsquo;\u00e9viter le co\u00fbt \u00e9lev\u00e9 de la commande de pi\u00e8ces uniques.<\/span><\/p>\n<p><strong><span>Ruban d&#8217;emballage<\/span><\/strong><br \/>\n<span>Facile \u00e0 acqu\u00e9rir dans n&rsquo;importe quel magasin de bricolage ou de papeterie, nous sommes donc convaincus que vous n&rsquo;aurez aucun probl\u00e8me \u00e0 trouver ces fournitures.\u00a0Le ruban est, bien entendu, essentiel pour coller et sceller les bo\u00eetes et s\u00e9curiser les mat\u00e9riaux d&#8217;emballage de protection sur vos meubles.\u00a0Il existe plusieurs types disponibles &#8211; bien que nous ayons tendance \u00e0 utiliser le type le plus cher car il est plus facile \u00e0 utiliser (il a tendance \u00e0 ne pas se casser et \u00e0 se d\u00e9chirer \u00e0 un angle aussi souvent), il est acceptable d&rsquo;utiliser du ruban moins cher si vous pr\u00e9f\u00e9rez, le ruban peut \u00eatre tr\u00e8s cher s&rsquo;il est achet\u00e9 en petites quantit\u00e9s.<\/span><\/p>\n<p><strong><span>Papier d&#8217;emballage Le papier d&rsquo;<\/span><\/strong><br \/>\n<span>emballage est essentiel pour emballer les articles fragiles avant de les mettre dans les bo\u00eetes.\u00a0La vari\u00e9t\u00e9 la plus couramment utilis\u00e9e est parfois appel\u00e9e papier de boucherie ou papier \u00abnews off cut\u00bb.\u00a0Veuillez noter que ce n&rsquo;est pas la m\u00eame chose que du papier journal: n&rsquo;utilisez pas de papier journal pour emballer des articles fragiles.\u00a0L&rsquo;encre est partout et le papier lui-m\u00eame n&rsquo;est pas aussi flexible que le papier de boucherie ou le papier de soie.\u00a0Il ne peut pas \u00eatre froiss\u00e9 et moul\u00e9 aussi facilement et ne fait pas un aussi bon travail.<\/span><br \/>\n<span>Le papier de soie est \u00e9galement tr\u00e8s utile &#8211; il est plus fin que les nouvelles coup\u00e9es et se d\u00e9cline en deux types &#8211; traditionnel et \u00absans acide\u00bb.\u00a0Ce dernier est utile pour emballer l&rsquo;argenterie et aider \u00e0 emballer les peintures \u00e0 l&rsquo;huile.\u00a0Chacun de ces trois types de papier convient &#8211; vous n&rsquo;avez pas n\u00e9cessairement besoin des trois types.\u00a0N&rsquo;utilisez pas de journal!<\/span><\/p>\n<p><strong><span>Papier \u00e0 bulles et mousse<\/span><\/strong><br \/>\n<span>Vous pouvez \u00e9galement utiliser du papier \u00e0 bulles ou de la mousse pour emballer des articles fragiles, mais ceux-ci ne sont pas absolument n\u00e9cessaires.\u00a0Les d\u00e9capants professionnels ont tendance \u00e0 utiliser le papier de soie de pr\u00e9f\u00e9rence dans la plupart des cas.\u00a0\u00c0 l&rsquo;occasion, vous pouvez utiliser des mat\u00e9riaux de remplissage des vides, mais ces mat\u00e9riaux ne sont pas absolument n\u00e9cessaires si vous faites votre propre emballage.<\/span><\/p>\n<p><strong><span>Bo\u00eetes de<\/span><\/strong><br \/>\n<span>garde-<strong>\u00a0robe Les bo\u00eetes de<\/strong>\u00a0garde-robe sont incroyablement utiles car elles vous \u00e9vitent d&rsquo;avoir \u00e0 plier tous vos v\u00eatements dans des bo\u00eetes et \u00e0 les repasser \u00e0 l&rsquo;autre extr\u00e9mit\u00e9.\u00a0Au lieu de cela, ils sont suspendus en toute s\u00e9curit\u00e9 sur un cintre tout au long du trajet.\u00a0Les mat\u00e9riaux d&#8217;emballage de protection sont essentiels pour un emballage d&rsquo;exportation appropri\u00e9.\u00a0Le produit de r\u00e9f\u00e9rence est la \u00abcouverture \u00e0 bulles\u00bb, qui est le terme g\u00e9n\u00e9rique pour la gamme Jiffy&rsquo;s Furniguard et Furnisoft.\u00a0Nous trouvons ces produits excellents.\u00a0Ils ne sont pas aussi faciles \u00e0 trouver dans les petits d\u00e9taillants ou les centres de stockage.<\/span><br \/>\n<span>Si vous ne poss\u00e9dez pas de produit de type Furnisoft, vous pouvez utiliser du papier bulle.\u00a0Nous recommandons d&rsquo;utiliser au moins 2 couches plus une couche de plastique \u00e0 l&rsquo;ext\u00e9rieur, afin de donner plus de r\u00e9sistance \u00e0 l&#8217;emballage.\u00a0Le film \u00e0 bulles seul est g\u00e9n\u00e9ralement trop fin pour offrir une protection ad\u00e9quate \u00e0 lui seul, \u00e0 moins qu&rsquo;il ne soit enroul\u00e9 plusieurs fois.<\/span><br \/>\n<span>Les autres mat\u00e9riaux \u00abagr\u00e9ables \u00e0 avoir\u00bb comprennent les protecteurs de coin et le carton ondul\u00e9.\u00a0Veuillez noter \u00e0 nouveau que l\u2019emballage de couverture \u00e0 lui seul ne suffit pas pour les d\u00e9m\u00e9nagements longue distance \u00e0 l\u2019\u00e9tranger.\u00a0Les couvertures sont un outil utile pour fournir une protection suppl\u00e9mentaire aux meubles qui ont d\u00e9j\u00e0 \u00e9t\u00e9 emball\u00e9s.<\/span><\/p>\n<h2><strong><span>Conseils d&#8217;emballage: articles fragiles<\/span><\/strong><\/h2>\n<p><span>Beaucoup de nos clients nous posent des questions sur les m\u00e9thodes les plus appropri\u00e9es pour emballer la porcelaine, la verrerie et les ornements fragiles.\u00a0Avec du papier de soie, vous devrez peut-\u00eatre une couche suppl\u00e9mentaire ou deux simplement parce qu&rsquo;il est plus mince.\u00a0Si vous emballez de l&rsquo;argenterie ou des articles avec placage d&rsquo;argent, veuillez utiliser du papier de soie sans acide pour ceux-ci.\u00a0Avec des articles particuli\u00e8rement fragiles, il est acceptable d&rsquo;utiliser du papier bulle ou de la mousse suppl\u00e9mentaire, mais pas au d\u00e9triment du papier de soie, en particulier le \u00abrebond\u00bb froiss\u00e9 autour et entre les articles, qui remplit la bo\u00eete et emp\u00eache tout de bouger.<\/span><\/p>\n<h2><strong><span>Conseils d&#8217;emballage: meubles ext\u00e9rieurs et antenne parabolique<\/span><\/strong><\/h2>\n<p><span>Veuillez vous assurer que tout le mobilier ext\u00e9rieur est d\u00e9tach\u00e9 de la propri\u00e9t\u00e9, d\u00e9mont\u00e9 et emball\u00e9 pr\u00eat pour le transport avant que nos v\u00e9hicules n&rsquo;arrivent \u00e0 votre propri\u00e9t\u00e9.\u00a0N&rsquo;oubliez pas que l&#8217;emballage prot\u00e8ge \u00e9galement les autres articles de la camionnette.<\/span><\/p>\n<h2><strong><span>Conseils d&#8217;emballage: appareils \u00e0 gaz et \u00e9lectriques<\/span><\/strong><\/h2>\n<p><span>Si n\u00e9cessaire, faites-les pr\u00e9parer pour le retrait par des agents de service qualifi\u00e9s.\u00a0Vous devrez peut-\u00eatre d\u00e9connecter les cuisini\u00e8res ou les radiateurs, boulonner les moteurs de r\u00e9frig\u00e9rateur ou les tambours de machine \u00e0 laver, d\u00e9monter les \u00e9quipements \u00e9lectriques (radiateurs muraux, horloges \u00e9lectriques, etc.) qui sont c\u00e2bl\u00e9s au secteur ou faire descendre l&rsquo;antenne de t\u00e9l\u00e9vision du toit.<\/span><\/p>\n<h2><strong><span>Conseils d&#8217;emballage: appareils et accessoires<\/span><\/strong><\/h2>\n<p><span>Techniquement, ils sont d\u00e9finis comme des \u00e9l\u00e9ments fix\u00e9s au mur, au plafond ou au sol, mais certains \u00e9l\u00e9ments tels que les antennes de t\u00e9l\u00e9vision, les s\u00e8che-linge et les radiateurs \u00e0 accumulation de nuit peuvent ne pas entrer dans cette cat\u00e9gorie.\u00a0Il est pr\u00e9f\u00e9rable de faire de tous ces \u00e9l\u00e9ments douteux le sujet d&rsquo;un accord formel entre European Moving et vous-m\u00eame.\u00a0Il vaut \u00e9galement la peine d&rsquo;inclure des \u00e9l\u00e9ments tels que les cuisines \u00e9quip\u00e9es dans l&rsquo;accord.<\/span><\/p>\n<h2><strong><span>Conseils d&#8217;emballage: tapis et d\u00e9corations<\/span><\/strong><\/h2>\n<p><span>Si vous posez de la moquette, peignez ou scellez les sols de la nouvelle maison, il est pr\u00e9f\u00e9rable de le faire avant le d\u00e9m\u00e9nagement.\u00a0Si vous avez des tapis, des rideaux, des housses de chaise, etc., c&rsquo;est une bonne id\u00e9e de les faire nettoyer et \/ ou modifier &#8211; \u00e0 l&rsquo;avance.<\/span><\/p>\n<h2><strong><span>Conseils d&#8217;emballage: cl\u00e9s<\/span><\/strong><\/h2>\n<p><span>Les avocats conseillent g\u00e9n\u00e9ralement aux clients de ne remettre les cl\u00e9s que lors du r\u00e8glement ou apr\u00e8s.\u00a0Bien que cela puisse \u00eatre g\u00eanant, cela \u00e9vite d&rsquo;\u00e9ventuels probl\u00e8mes.\u00a0Votre avocat ou l&rsquo;agent immobilier peut g\u00e9n\u00e9ralement vous aider \u00e0 assurer la remise des cl\u00e9s \u00e0 un moment et \u00e0 un endroit convenant \u00e0 votre emploi du temps.\u00a0Veuillez contacter European Moving en cas de retard avec la destination d\u00e8s que possible car cela affectera votre d\u00e9m\u00e9nagement.<\/span><\/p>\n<h2><strong><span>Conseils d&#8217;emballage: arrangements de voyage personnels<\/span><\/strong><\/h2>\n<p><span>Vous avez besoin d&rsquo;un h\u00e9bergement \u00e0 l&rsquo;h\u00f4tel, en route ou pour quelques jours \u00e0 l&rsquo;autre bout?\u00a0Pensez \u00e0 r\u00e9server t\u00f4t.<\/span><br \/>\n<b><span>Veuillez ne pas planifier votre d\u00e9part imm\u00e9diatement apr\u00e8s le chargement, surtout si vous prenez le train ou si vous volez<\/span><\/b><span>\u00a0.\u00a0Des retards surviennent, qu&rsquo;il s&rsquo;agisse de trafic, de main-d&rsquo;\u0153uvre insuffisante, de poids excessif\u2026 Nous ne serons pas tenus responsables des cons\u00e9quences des retards de chargement ou de d\u00e9chargement.<\/span><\/p>\n<p><b><span>Avez-vous des conseils d&#8217;emballage utiles \u00e0 partager?\u00a0<\/span><a href=\"mailto:hello@europeanmoving.eu\"><span>Envoyez-<\/span><\/a><span>\u00a0nous un e-mail \u00e0\u00a0\u00a0<a href=\"mailto:hello@europeanmoving.eu\">hello@europeanmoving.eu<\/a>\u00a0.\u00a0Nous ajouterons les meilleurs \u00e0 notre page Conseils d&#8217;emballage.<\/span><\/b><\/p>\n","protected":false},"excerpt":{"rendered":"<p>Conseils d&#8217;emballage g\u00e9n\u00e9raux Tout le monde peut faire ses valises car il faut avant tout du bon sens.\u00a0Cependant, l&#8217;emballage pour le transport international n\u00e9cessite un niveau de protection suppl\u00e9mentaire.\u00a0Vous trouverez sur cette page quelques conseils d&#8217;emballage qui, nous l&rsquo;esp\u00e9rons, vous seront utiles. Conseils d&#8217;emballage: \u00e9tiqueter vos articles Que vous preniez en charge le d\u00e9m\u00e9nagement vous-m\u00eame [&hellip;]<\/p>\n","protected":false},"author":13,"featured_media":0,"parent":19698,"menu_order":0,"comment_status":"closed","ping_status":"closed","template":"","meta":[],"yst_prominent_words":[3948,3952,3469,3487,3470,3516,9847,3473,3862],"_links":{"self":[{"href":"https:\/\/europeanmoving.co.uk\/fr\/wp-json\/wp\/v2\/pages\/5610"}],"collection":[{"href":"https:\/\/europeanmoving.co.uk\/fr\/wp-json\/wp\/v2\/pages"}],"about":[{"href":"https:\/\/europeanmoving.co.uk\/fr\/wp-json\/wp\/v2\/types\/page"}],"author":[{"embeddable":true,"href":"https:\/\/europeanmoving.co.uk\/fr\/wp-json\/wp\/v2\/users\/13"}],"replies":[{"embeddable":true,"href":"https:\/\/europeanmoving.co.uk\/fr\/wp-json\/wp\/v2\/comments?post=5610"}],"version-history":[{"count":8,"href":"https:\/\/europeanmoving.co.uk\/fr\/wp-json\/wp\/v2\/pages\/5610\/revisions"}],"predecessor-version":[{"id":22115,"href":"https:\/\/europeanmoving.co.uk\/fr\/wp-json\/wp\/v2\/pages\/5610\/revisions\/22115"}],"up":[{"embeddable":true,"href":"https:\/\/europeanmoving.co.uk\/fr\/wp-json\/wp\/v2\/pages\/19698"}],"wp:attachment":[{"href":"https:\/\/europeanmoving.co.uk\/fr\/wp-json\/wp\/v2\/media?parent=5610"}],"wp:term":[{"taxonomy":"yst_prominent_words","embeddable":true,"href":"https:\/\/europeanmoving.co.uk\/fr\/wp-json\/wp\/v2\/yst_prominent_words?post=5610"}],"curies":[{"name":"wp","href":"https:\/\/api.w.org\/{rel}","templated":true}]}}