{"id":22296,"date":"2020-09-18T08:40:54","date_gmt":"2020-09-18T08:40:54","guid":{"rendered":"http:\/\/europeanmoving.im\/?page_id=22296"},"modified":"2020-09-18T08:46:30","modified_gmt":"2020-09-18T08:46:30","slug":"transport-de-pieces-aeronautiques-europeennes","status":"publish","type":"page","link":"https:\/\/europeanmoving.co.uk\/fr\/nos-services-de-transport\/transport-de-pieces-aeronautiques-europeennes\/","title":{"rendered":"Transport de pi\u00e8ces a\u00e9ronautiques europ\u00e9ennes"},"content":{"rendered":"<p>Au cours des derni\u00e8res d\u00e9cennies, l&rsquo;aviation est devenue l&rsquo;un des \u00e9l\u00e9ments essentiels du progr\u00e8s moderne.\u00a0Avec cela, la n\u00e9cessit\u00e9 d&rsquo;un transport efficace se fait \u00e9galement sentir.<\/p>\n<p><strong>Transport europ\u00e9en de pi\u00e8ces a\u00e9ronautiques: pourquoi?<\/strong><br \/>\nLes avions ont un large \u00e9ventail d&rsquo;utilisations &#8211; d\u00e9placement de personnes et de marchandises, agriculture, s\u00e9curit\u00e9 nationale, etc., ce qui signifie que la gamme de pi\u00e8ces est tout aussi large.\u00a0Et le plus l\u00e9ger, mieux c&rsquo;est.<\/p>\n<p>Heureusement, le march\u00e9 peut bien r\u00e9pondre aux exigences des clients en mati\u00e8re de pi\u00e8ces a\u00e9ronautiques ultral\u00e9g\u00e8res.<\/p>\n<p>Mais si les services de messagerie font partie de nombreuses grandes entreprises manufacturi\u00e8res, ce n&rsquo;est pas toujours le cas pour les plus petites ou les particuliers.\u00a0Un service de transport fiable, de pr\u00e9f\u00e9rence avec une exp\u00e9rience dans le domaine, s&rsquo;av\u00e9rera favorable dans de telles circonstances.<\/p>\n<p>C&rsquo;est l\u00e0 qu&rsquo;intervient notre service europ\u00e9en de transport de pi\u00e8ces a\u00e9ronautiques. Nous transporterons les pi\u00e8ces a\u00e9ronautiques ultral\u00e9g\u00e8res dont vous avez besoin, en toute s\u00e9curit\u00e9 et \u00e0 un prix adapt\u00e9 \u00e0 vos attentes.\u00a0Et ce n&rsquo;est pas tout!<br \/>\nSi vous distribuez des pi\u00e8ces a\u00e9ronautiques pour des avions priv\u00e9s et que vous cherchez \u00e0 \u00e9tendre votre activit\u00e9 au-del\u00e0 du march\u00e9 local, nous pouvons vous aider en prenant en charge le transport international.<\/p>\n<p><strong>Transport europ\u00e9en de pi\u00e8ces a\u00e9ronautiques: comment \u00e7a marche?<\/strong><br \/>\nRapide et l\u00e9ger comme un oiseau.<br \/>\nRemplissez simplement le formulaire en ligne ou appelez-nous.\u00a0Notre \u00e9quipe d\u00e9di\u00e9e de coordinateurs de transport prendra vos coordonn\u00e9es et vous donnera un devis gratuit pour vos besoins.\u00a0Nos chauffeurs sillonnent l&rsquo;Europe chaque jour.\u00a0Cela signifie que nous sommes en mesure de r\u00e9cup\u00e9rer vos pi\u00e8ces a\u00e9ronautiques du Royaume-Uni et de vous les apporter en Espagne ou d&rsquo;Allemagne en Gr\u00e8ce.<\/p>\n<p>Voler \u00e9tait l&rsquo;un des plus grands r\u00eaves de l&rsquo;humanit\u00e9, r\u00e9alis\u00e9 par la merveilleuse invention de l&rsquo;aviation.\u00a0Maintenant, dans le cadre de la vie quotidienne, il est de la plus haute importance de poursuivre le d\u00e9veloppement et l&rsquo;am\u00e9lioration de ce r\u00eave.<\/p>\n","protected":false},"excerpt":{"rendered":"<p>Au cours des derni\u00e8res d\u00e9cennies, l&rsquo;aviation est devenue l&rsquo;un des \u00e9l\u00e9ments essentiels du progr\u00e8s moderne.\u00a0Avec cela, la n\u00e9cessit\u00e9 d&rsquo;un transport efficace se fait \u00e9galement sentir. Transport europ\u00e9en de pi\u00e8ces a\u00e9ronautiques: pourquoi? Les avions ont un large \u00e9ventail d&rsquo;utilisations &#8211; d\u00e9placement de personnes et de marchandises, agriculture, s\u00e9curit\u00e9 nationale, etc., ce qui signifie que la gamme [&hellip;]<\/p>\n","protected":false},"author":13,"featured_media":0,"parent":7293,"menu_order":0,"comment_status":"closed","ping_status":"closed","template":"","meta":[],"yst_prominent_words":[4348,4338,11576,4260,3469,5364,5743,11368,4045],"_links":{"self":[{"href":"https:\/\/europeanmoving.co.uk\/fr\/wp-json\/wp\/v2\/pages\/22296"}],"collection":[{"href":"https:\/\/europeanmoving.co.uk\/fr\/wp-json\/wp\/v2\/pages"}],"about":[{"href":"https:\/\/europeanmoving.co.uk\/fr\/wp-json\/wp\/v2\/types\/page"}],"author":[{"embeddable":true,"href":"https:\/\/europeanmoving.co.uk\/fr\/wp-json\/wp\/v2\/users\/13"}],"replies":[{"embeddable":true,"href":"https:\/\/europeanmoving.co.uk\/fr\/wp-json\/wp\/v2\/comments?post=22296"}],"version-history":[{"count":2,"href":"https:\/\/europeanmoving.co.uk\/fr\/wp-json\/wp\/v2\/pages\/22296\/revisions"}],"predecessor-version":[{"id":22305,"href":"https:\/\/europeanmoving.co.uk\/fr\/wp-json\/wp\/v2\/pages\/22296\/revisions\/22305"}],"up":[{"embeddable":true,"href":"https:\/\/europeanmoving.co.uk\/fr\/wp-json\/wp\/v2\/pages\/7293"}],"wp:attachment":[{"href":"https:\/\/europeanmoving.co.uk\/fr\/wp-json\/wp\/v2\/media?parent=22296"}],"wp:term":[{"taxonomy":"yst_prominent_words","embeddable":true,"href":"https:\/\/europeanmoving.co.uk\/fr\/wp-json\/wp\/v2\/yst_prominent_words?post=22296"}],"curies":[{"name":"wp","href":"https:\/\/api.w.org\/{rel}","templated":true}]}}