{"id":21947,"date":"2020-09-16T10:32:29","date_gmt":"2020-09-16T10:32:29","guid":{"rendered":"http:\/\/europeanmoving.im\/?page_id=21947"},"modified":"2020-09-16T10:35:51","modified_gmt":"2020-09-16T10:35:51","slug":"demenagements-internationaux","status":"publish","type":"page","link":"https:\/\/europeanmoving.co.uk\/fr\/demenagements-internationaux\/","title":{"rendered":"D\u00e9m\u00e9nagements internationaux"},"content":{"rendered":"<h1 class=\"title-heading-left\"><strong><span>D\u00e9m\u00e9nagements europ\u00e9ens et internationaux<\/span><\/strong><\/h1>\n<p><img src=\"https:\/\/europeanmoving.info\/wp-content\/uploads\/2018\/07\/international-removals-european-moving.jpg\" \/><\/p>\n<p><span>Vous d\u00e9m\u00e9nagez en France, en Espagne, en Belgique, en Italie, ou peut-\u00eatre un peu plus aventureux et plus loin?\u00a0Budapest en Hongrie, en Gr\u00e8ce ou dans un \u00c9tat balte?\u00a0Vous aurez besoin d&rsquo;une entreprise de d\u00e9m\u00e9nagement internationale pour vous assurer que votre escapade \u00e0 travers l&rsquo;Europe se d\u00e9roule de mani\u00e8re efficace et fluide.<\/span><br \/>\n<strong><span>Si vous pr\u00e9voyez vos d\u00e9m\u00e9nagements internationaux, laissez-nous vous inviter \u00e0 consulter notre guide des d\u00e9m\u00e9nageurs: il vous aidera \u00e0 planifier et pr\u00e9parer votre d\u00e9m\u00e9nagement.<\/span><\/strong><br \/>\n<span>Planifiez avant l&rsquo;\u00e9v\u00e9nement et vous aurez beaucoup plus de chances de r\u00e9ussir vos d\u00e9m\u00e9nagements internationaux sans incident.\u00a0Par exemple, conna\u00eetre le volume et le poids de votre d\u00e9m\u00e9nagement vous permettra de d\u00e9terminer le nombre de fourgons de d\u00e9m\u00e9nagement dont vous avez besoin.\u00a0De m\u00eame, la quantit\u00e9 de mat\u00e9riel d&#8217;emballage pour le voyage \u00e0 kilom\u00e9trage potentiellement \u00e9lev\u00e9 \u00e0 travers l&rsquo;Europe;\u00a0Les bo\u00eetes, les emballages en plastique, etc. ont tous leur place.<\/span><br \/>\n<span>Vos d\u00e9m\u00e9nagements internationaux commencent \u00e0 votre domicile actuel.\u00a0Assurez-vous de planifier votre emballage de mani\u00e8re \u00e0 ce que les articles dont vous avez besoin rapidement dans votre nouveau domicile europ\u00e9en soient faciles d&rsquo;acc\u00e8s.\u00a0Assurez-vous que vos biens pr\u00e9cieux sont bien emball\u00e9s.\u00a0D\u00e9m\u00e9nager en Europe est un voyage potentiellement long et difficile, vous ne pouvez pas vraiment emballer et prot\u00e9ger.<\/span><br \/>\n<span>Bien qu&rsquo;il soit commun\u00e9ment connu que la gratuit\u00e9 des d\u00e9placements \u00e0 travers l&rsquo;Europe est normale, il reste des consid\u00e9rations telles que les frais de p\u00e9age, les contr\u00f4les aux fronti\u00e8res souples des chargements ainsi que des probl\u00e8mes locaux tels que les ponts et les tunnels pour potentiellement naviguer dans de grandes camionnettes de d\u00e9m\u00e9nagement europ\u00e9ennes.\u00a0Laissez-nous nous occuper de tous ces probl\u00e8mes potentiels pour vous.<\/span><\/p>\n<p><span>Le co\u00fbt des d\u00e9m\u00e9nagements internationaux est potentiellement un probl\u00e8me pour de nombreuses personnes et pour cette raison, nous proposons deux services pour vos d\u00e9m\u00e9nagements internationaux.<\/span><\/p>\n<h2><strong><span>D\u00e9m\u00e9nagements internationaux: EasyMoves<\/span><\/strong><\/h2>\n<p><span>Destin\u00e9 principalement \u00e0 ceux qui ont un plus grand nombre d&rsquo;articles \u00e0 d\u00e9placer \u00e0 travers l&rsquo;Europe, comprenant jusqu&rsquo;\u00e0 4 camionnettes de d\u00e9m\u00e9nagement europ\u00e9ennes.\u00a05 heures de temps de chargement &#8211; ce qui est amplement suffisant, et l&rsquo;aide de nos chauffeurs et assistants de d\u00e9m\u00e9nagement pour le chargement des fourgons.<\/span><\/p>\n<h2><strong><span>D\u00e9m\u00e9nagements internationaux: Load &amp; Go<\/span><\/strong><\/h2>\n<p><span>Convient aux personnes qui travaillent sur un budget pour transporter des quantit\u00e9s maximales \u00e0 travers l&rsquo;Europe aux prix les plus bas possibles.<\/span><\/p>\n","protected":false},"excerpt":{"rendered":"<p>D\u00e9m\u00e9nagements europ\u00e9ens et internationaux Vous d\u00e9m\u00e9nagez en France, en Espagne, en Belgique, en Italie, ou peut-\u00eatre un peu plus aventureux et plus loin?\u00a0Budapest en Hongrie, en Gr\u00e8ce ou dans un \u00c9tat balte?\u00a0Vous aurez besoin d&rsquo;une entreprise de d\u00e9m\u00e9nagement internationale pour vous assurer que votre escapade \u00e0 travers l&rsquo;Europe se d\u00e9roule de mani\u00e8re efficace et fluide. [&hellip;]<\/p>\n","protected":false},"author":13,"featured_media":0,"parent":0,"menu_order":0,"comment_status":"closed","ping_status":"closed","template":"","meta":[],"yst_prominent_words":[5116,5188,13977,9907,5195,5191,3483,9813,4259,5705,9908,4147,5194],"_links":{"self":[{"href":"https:\/\/europeanmoving.co.uk\/fr\/wp-json\/wp\/v2\/pages\/21947"}],"collection":[{"href":"https:\/\/europeanmoving.co.uk\/fr\/wp-json\/wp\/v2\/pages"}],"about":[{"href":"https:\/\/europeanmoving.co.uk\/fr\/wp-json\/wp\/v2\/types\/page"}],"author":[{"embeddable":true,"href":"https:\/\/europeanmoving.co.uk\/fr\/wp-json\/wp\/v2\/users\/13"}],"replies":[{"embeddable":true,"href":"https:\/\/europeanmoving.co.uk\/fr\/wp-json\/wp\/v2\/comments?post=21947"}],"version-history":[{"count":1,"href":"https:\/\/europeanmoving.co.uk\/fr\/wp-json\/wp\/v2\/pages\/21947\/revisions"}],"predecessor-version":[{"id":21948,"href":"https:\/\/europeanmoving.co.uk\/fr\/wp-json\/wp\/v2\/pages\/21947\/revisions\/21948"}],"wp:attachment":[{"href":"https:\/\/europeanmoving.co.uk\/fr\/wp-json\/wp\/v2\/media?parent=21947"}],"wp:term":[{"taxonomy":"yst_prominent_words","embeddable":true,"href":"https:\/\/europeanmoving.co.uk\/fr\/wp-json\/wp\/v2\/yst_prominent_words?post=21947"}],"curies":[{"name":"wp","href":"https:\/\/api.w.org\/{rel}","templated":true}]}}