{"id":19698,"date":"2018-07-27T12:54:20","date_gmt":"2018-07-27T12:54:20","guid":{"rendered":"https:\/\/europeanmoving.info\/movers-guide-table\/"},"modified":"2020-09-17T13:30:11","modified_gmt":"2020-09-17T13:30:11","slug":"movers-guide-table","status":"publish","type":"page","link":"https:\/\/europeanmoving.co.uk\/fr\/movers-guide-table\/","title":{"rendered":"Movers Guide"},"content":{"rendered":"<h1><span>Guide des d\u00e9m\u00e9nageurs<\/span><\/h1>\n<p><span>Vous \u00eates donc sur le point de d\u00e9m\u00e9nager, le camion va arriver d&rsquo;ici quelques jours et vous n&rsquo;avez m\u00eame pas commenc\u00e9 \u00e0 vous y pr\u00e9parer?\u00a0Pas de soucis, nous sommes tous pass\u00e9s par l\u00e0!\u00a0D\u00e9m\u00e9nager est terrifiant, et on a toujours l&rsquo;impression que, m\u00eame si nous nous occupons du transport, vous \u00eates toujours oblig\u00e9 de penser \u00e0 un milliard de choses \u00e0 la fois sans d\u00e9but, milieu et fin clairs.\u00a0Bien que nous ne puissions pas vous aider physiquement avec vos emballages et autres pr\u00e9parations, nous pouvons vous soutenir et vous encourager dans l&rsquo;esprit, tout en vous fournissant \u00e9galement quelques conseils, astuces et \u00abastuces de vie\u00bb en cours de route!<\/span><\/p>\n<p><span>Pour utiliser notre guide des d\u00e9m\u00e9nageurs le plus efficacement possible, veuillez consulter attentivement les articles pertinents ci-dessous dans l&rsquo;ordre tout en gardant la liste d&rsquo;inventaire \u00e0 port\u00e9e de main et en utilisant la calculatrice cubique si n\u00e9cessaire.<\/span><\/p>\n<div class=\"guide-table\">\n<div class=\"container\">\n<div class=\"row\">\n<div class=\"col-sm-4\"><a href=\"https:\/\/europeanmoving.co.uk\/en\/movers-guide-table\/general-info-for-moving-to-a-new-country\/\"><strong><i class=\"fa fa-check-circle\" aria-hidden=\"true\"><\/i><span>Conseils g\u00e9n\u00e9raux sur l&#8217;emballage<\/span><\/strong><\/a><br \/>\n<span>Le premier et, diront certains, l&rsquo;article le plus important \u00e0 lire.\u00a0Vous apprendrez des choses essentielles sur l&#8217;emballage, comme l&rsquo;\u00e9tiquetage appropri\u00e9, le suivi de vos articles, l&#8217;emballage d&rsquo;articles fragiles ou de tapis, etc.<\/span><\/div>\n<div class=\"col-sm-4\"><a href=\"https:\/\/europeanmoving.co.uk\/en\/prepare-your-items-for-removal\/\"><strong><i class=\"fa fa-check-circle\" aria-hidden=\"true\"><\/i><span>Emballage pi\u00e8ce par pi\u00e8ce<\/span><\/strong><\/a><br \/>\n<span>Vous n&#8217;emballez pas votre chambre comme vous le feriez pour votre garage ou votre salle de bain, n&rsquo;est-ce pas?\u00a0Puisqu&rsquo;il n&rsquo;existe pas de guide d&#8217;emballage universel, nous en avons cr\u00e9\u00e9 un pour chaque pi\u00e8ce de votre maison!<\/span><\/div>\n<div class=\"col-sm-4\"><a href=\"https:\/\/europeanmoving.co.uk\/en\/movers-guide\/weight-reduction-and-van-info\/\"><strong><i class=\"fa fa-check-circle\" aria-hidden=\"true\"><\/i><span>Conseils relatifs aux v\u00e9hicules<\/span><\/strong><\/a><br \/>\n<span>Tout et tout ce qui concerne nos fourgons de d\u00e9m\u00e9nagement, comme la taille, le volume et la limite de poids, ainsi que divers conseils de chargement pour vous assurer que rien ne sera perdu pendant le long trajet jusqu&rsquo;\u00e0 votre destination.<\/span><\/div>\n<div class=\"col-sm-4\"><a href=\"https:\/\/europeanmoving.co.uk\/en\/lifting-properly-without-injuries\/\"><strong><i class=\"fa fa-check-circle\" aria-hidden=\"true\"><\/i><span>Conseils de levage manuel<\/span><\/strong><\/a><br \/>\n<span>Si vous avez d\u00e9j\u00e0 tir\u00e9 un muscle apr\u00e8s avoir soulev\u00e9 quelque chose de lourd, vous savez que soulever et transporter des objets ne se r\u00e9sume pas \u00e0 les ramasser.\u00a0C&rsquo;est une science exacte, et nous sommes sur le point de vous donner votre doctorat!<\/span><\/div>\n<div class=\"col-sm-4\"><a href=\"https:\/\/europeanmoving.co.uk\/en\/keep-track-of-items-and-inventory\/\"><strong><i class=\"fa fa-check-circle\" aria-hidden=\"true\"><\/i><span>Formulaire de liste d&rsquo;inventaire<\/span><\/strong><\/a><br \/>\n<span>Un outil essentiel pour vous assurer que vous avez emball\u00e9 tout ce dont vous avez besoin et que les articles que vous avez emball\u00e9s ont tous atteint leur destination.\u00a0Vous devriez l&rsquo;avoir \u00e0 port\u00e9e de main d\u00e8s que vous commencez \u00e0 emballer.<\/span><\/div>\n<div class=\"col-sm-4\"><a href=\"https:\/\/europeanmoving.co.uk\/en\/calculate-volume-and-weight-cubic-calculator\/\"><strong><i class=\"fa fa-check-circle\" aria-hidden=\"true\"><\/i><span>Calculatrice cubique<\/span><\/strong><\/a><br \/>\n<span>Nos fourgons ont certaines limites de volume, c&rsquo;est pourquoi vous devriez toujours avoir une id\u00e9e g\u00e9n\u00e9rale de la capacit\u00e9 de vos biens. Heureusement, notre calculateur complet peut prendre en compte la plupart de vos articles!<\/span><\/div>\n<\/div>\n<\/div>\n<\/div>\n","protected":false},"excerpt":{"rendered":"<p>Guide des d\u00e9m\u00e9nageurs Vous \u00eates donc sur le point de d\u00e9m\u00e9nager, le camion va arriver d&rsquo;ici quelques jours et vous n&rsquo;avez m\u00eame pas commenc\u00e9 \u00e0 vous y pr\u00e9parer?\u00a0Pas de soucis, nous sommes tous pass\u00e9s par l\u00e0!\u00a0D\u00e9m\u00e9nager est terrifiant, et on a toujours l&rsquo;impression que, m\u00eame si nous nous occupons du transport, vous \u00eates toujours oblig\u00e9 [&hellip;]<\/p>\n","protected":false},"author":13,"featured_media":0,"parent":0,"menu_order":0,"comment_status":"closed","ping_status":"closed","template":"","meta":[],"yst_prominent_words":[5619,5628,5618,3470,10412,5620,3950,3471,5617,4429,5621,5616,9083,4416,7429],"_links":{"self":[{"href":"https:\/\/europeanmoving.co.uk\/fr\/wp-json\/wp\/v2\/pages\/19698"}],"collection":[{"href":"https:\/\/europeanmoving.co.uk\/fr\/wp-json\/wp\/v2\/pages"}],"about":[{"href":"https:\/\/europeanmoving.co.uk\/fr\/wp-json\/wp\/v2\/types\/page"}],"author":[{"embeddable":true,"href":"https:\/\/europeanmoving.co.uk\/fr\/wp-json\/wp\/v2\/users\/13"}],"replies":[{"embeddable":true,"href":"https:\/\/europeanmoving.co.uk\/fr\/wp-json\/wp\/v2\/comments?post=19698"}],"version-history":[{"count":3,"href":"https:\/\/europeanmoving.co.uk\/fr\/wp-json\/wp\/v2\/pages\/19698\/revisions"}],"predecessor-version":[{"id":22220,"href":"https:\/\/europeanmoving.co.uk\/fr\/wp-json\/wp\/v2\/pages\/19698\/revisions\/22220"}],"wp:attachment":[{"href":"https:\/\/europeanmoving.co.uk\/fr\/wp-json\/wp\/v2\/media?parent=19698"}],"wp:term":[{"taxonomy":"yst_prominent_words","embeddable":true,"href":"https:\/\/europeanmoving.co.uk\/fr\/wp-json\/wp\/v2\/yst_prominent_words?post=19698"}],"curies":[{"name":"wp","href":"https:\/\/api.w.org\/{rel}","templated":true}]}}