{"id":16438,"date":"2019-10-15T08:32:29","date_gmt":"2019-10-15T08:32:29","guid":{"rendered":"http:\/\/europeanmoving.co.uk\/pricing-details\/"},"modified":"2020-09-18T09:16:58","modified_gmt":"2020-09-18T09:16:58","slug":"pricing-details","status":"publish","type":"page","link":"https:\/\/europeanmoving.co.uk\/fr\/pricing-details\/","title":{"rendered":"Pricing Details"},"content":{"rendered":"<p>&nbsp;<\/p>\n<h1 data-fontsize=\"30\" data-lineheight=\"42\"><span>Important: le prix indiqu\u00e9 est bas\u00e9 sur la cylindr\u00e9e ou le poids (selon la valeur la plus \u00e9lev\u00e9e)<\/span><\/h1>\n<p><strong><span>Par exemple:<\/span><\/strong><span>\u00a0vos marchandises ne peuvent mesurer que 10 m\u00b3 de cylindr\u00e9e mais peser 1 000 kg, auquel cas ce sera une charge totale en poids.\u00a0S&rsquo;il vous pla\u00eet voir ce qui suit &#8211;\u00a0<\/span><\/p>\n<p><strong><span>Pleine charge<\/span><\/strong><span>\u00a0= 20 m\u00b3 ou 1000 kg (selon la valeur la plus \u00e9lev\u00e9e)<\/span><\/p>\n<p><strong><span>Charges<\/span><\/strong><span>\u00a0partielles = Chaque unit\u00e9 est compos\u00e9e de 1 m\u00b3 ou 50 kg (selon la valeur la plus \u00e9lev\u00e9e)<\/span><\/p>\n<h1 data-fontsize=\"30\" data-lineheight=\"42\"><u><strong><span>Manpower suppl\u00e9mentaire pour le\u00a0<\/span><\/strong><\/u><u><strong><span>Royaume-Uni<\/span><\/strong><\/u><\/h1>\n<p><strong><span>1 assistant = 200 \u00a3 + TVA<\/span><\/strong><\/p>\n<p><strong><span>2 aides = 350 \u00a3 + TVA<\/span><\/strong><\/p>\n<p><strong><span>3 aides = 500 \u00a3 + TVA<\/span><\/strong><\/p>\n<p>&nbsp;<\/p>\n<h1 data-fontsize=\"30\" data-lineheight=\"42\"><u><strong><span>Manpower suppl\u00e9mentaire pour tous les autres pays europ\u00e9ens (\u00a0<\/span><\/strong><\/u><u><strong><span>hors\u00a0<\/span><span>Royaume-Uni\u00a0<\/span><\/strong><\/u><u><strong><span>)<\/span><\/strong><\/u><\/h1>\n<p><strong><span>1 assistant = 250 \u20ac + TVA<\/span><\/strong><\/p>\n<p><strong><span>2 aides = 450 \u20ac + TVA<\/span><\/strong><\/p>\n<p><strong><span>3 aides = 600 \u20ac + TVA<\/span><\/strong><\/p>\n<p>&nbsp;<\/p>\n<p><span>Disponible dans la plupart des villes et des grandes villes c\u00f4ti\u00e8res, veuillez contacter votre coordinateur de d\u00e9m\u00e9nagement pour plus de d\u00e9tails au +44203 9662905 ou par e-mail \u00e0 l&rsquo;adresse\u00a0<\/span><a href=\"mailto:europeanmoving@europeanmoving.org\"><span>europ\u00e9ennemoving@europeanmoving.org<\/span><\/a><\/p>\n<p>&nbsp;<\/p>\n<h1 data-fontsize=\"30\" data-lineheight=\"42\"><span style=\"font-size: x-large;\"><strong><u><span>Services d&#8217;emballage.<\/span><\/u><\/strong><\/span><\/h1>\n<p><strong><span>1 van = 1375 \u20ac \/ 1235 \u00a3 + TVA<\/span><\/strong><\/p>\n<p><strong><span>2 fourgons = 2695 \u20ac \/ 2420 \u00a3 + TVA<\/span><\/strong><\/p>\n<p><strong><span>3 fourgons = 3850 \u20ac \/ 3450 \u00a3 + TVA<\/span><\/strong><\/p>\n<p>&nbsp;<\/p>\n<p><em><strong><span>Comprend une assistance pour le chargement de la \/ des fourgonnette<\/span><\/strong><\/em><\/p>\n<p><span>Ce service comprend tous les mat\u00e9riaux d&#8217;emballage le jour de la collecte, veuillez vous adresser \u00e0 votre coordinateur de d\u00e9m\u00e9nagement pour plus de d\u00e9tails au +44203 9662905 ou par courrier \u00e9lectronique \u00e0 l&rsquo;adresse\u00a0<\/span><a href=\"mailto:europeanmoving@europeanmoving.org\"><span>europ\u00e9ennemoving@europeanmoving.org<\/span><\/a><\/p>\n<p>&nbsp;<\/p>\n<h1 data-fontsize=\"30\" data-lineheight=\"42\"><span style=\"font-size: x-large;\"><strong><u><span>D\u00e9ballage \u00e0 la livraison<\/span><\/u><\/strong><\/span><\/h1>\n<p><strong><span>1 van = 1100 \u20ac \/ 995 \u00a3 + TVA<\/span><\/strong><\/p>\n<p><strong><span>2 fourgons = 2200 \u20ac \/ 1950 \u00a3 + TVA<\/span><\/strong><\/p>\n<p><strong><span>3 fourgons = 3300 \u20ac \/ 2950 \u00a3 + TVA<\/span><\/strong><\/p>\n<p>&nbsp;<\/p>\n<p>&nbsp;<\/p>\n<p><em><strong><span>Comprend une aide au d\u00e9chargement de la \/ des fourgonnette<\/span><\/strong><\/em><\/p>\n<p><span>Veuillez contacter votre coordinateur de d\u00e9m\u00e9nagement pour plus de d\u00e9tails au +44203 9662905 ou par e-mail \u00e0 l&rsquo;adresse\u00a0<\/span><a href=\"mailto:europeanmoving@europeanmoving.org\"><span>europ\u00e9ennemoving@europeanmoving.org<\/span><\/a><\/p>\n<p><strong><span>Uniquement disponible au Royaume-Uni et en Irlande, d&rsquo;autres pays disponibles sur demande<\/span><\/strong><\/p>\n<p>&nbsp;<\/p>\n<h1 data-fontsize=\"30\" data-lineheight=\"42\"><span style=\"font-size: x-large;\"><strong><a href=\"https:\/\/europeanmoving.co.uk\/international-load-and-go-transport-only-service\/?utm_source=emailNiftyQuote&amp;utm_medium=loadNgo&amp;utm_campaign=a&amp;utm_term=b&amp;utm_content=c\"><u><span>Load N Go &#8211; collecte et livraison en bordure de route<\/span><\/u><\/a><\/strong><\/span><\/h1>\n<p>&nbsp;<\/p>\n<p><span>Il s&rsquo;agit de notre solution la moins ch\u00e8re et s&rsquo;adresse aux clients avec des chargements partiels plus petits qui sont capables de transporter tous leurs effets personnels vers et depuis la camionnette ou pour les clients qui ont beaucoup d&rsquo;aide pour la collecte et la livraison pour effectuer le chargement et le d\u00e9chargement\u00a0<\/span><strong><span>le chauffeur aidera uniquement \u00e0 monter et \u00e0 descendre du fourgon.<\/span><\/strong><\/p>\n<h1 data-fontsize=\"30\" data-lineheight=\"42\"><a href=\"https:\/\/europeanmoving.co.uk\/international-removal-service-easy-moves\/?utm_source=emailNiftyQuote&amp;utm_medium=easyMoves&amp;utm_campaign=a&amp;utm_term=b&amp;utm_content=c\"><span style=\"font-size: x-large;\"><strong><u><span>EasyMoves &#8211; aide du conducteur &#8211; rez-de-chauss\u00e9e uniquement<\/span><\/u><\/strong><\/span><\/a><\/h1>\n<p>&nbsp;<\/p>\n<p><span>Notre solution \u00e0 faible co\u00fbt la plus populaire est destin\u00e9e aux clients avec des articles plus volumineux ou des d\u00e9m\u00e9nagements complets.\u00a0Chacune de nos fourgonnettes Luton est livr\u00e9e avec un chauffeur qui assistera au chargement et au d\u00e9chargement de la pi\u00e8ce \u00e0 la pi\u00e8ce &#8211; au rez-de-chauss\u00e9e uniquement.\u00a0Il est recommand\u00e9 que pour chaque fourgon et chauffeur Luton que nous fournissons, le client fournisse au moins une personne valide pour l&rsquo;aider.\u00a0Par exemple: 1 fourgon = 1 assistant suppl\u00e9mentaire ou 2 fourgons = 2 aides suppl\u00e9mentaires<\/span><\/p>\n<p>&nbsp;<\/p>\n<h1 data-fontsize=\"30\" data-lineheight=\"42\"><a href=\"https:\/\/europeanmoving.co.uk\/?utm_source=emailNiftyQuote&amp;utm_medium=loadingUnloadingTimes&amp;utm_campaign=a&amp;utm_term=b&amp;utm_content=c\"><span style=\"font-size: x-large;\"><strong><u><span>Temps de chargement et de d\u00e9chargement<\/span><\/u><\/strong><\/span><\/a><\/h1>\n<p>&nbsp;<\/p>\n<ul>\n<li><span>Charges compl\u00e8tes (1 fourgon ou plus) = 5 heures de chargement et 3 heures de d\u00e9chargement<\/span><\/li>\n<li><span>Charges partielles (moins de 16m\u00b3) = 3 heures de chargement et 3 heures de d\u00e9chargement<\/span><\/li>\n<\/ul>\n<h1 data-fontsize=\"30\" data-lineheight=\"42\"><a href=\"https:\/\/europeanmoving.co.uk\/?utm_source=emailNiftyQuote&amp;utm_medium=collectionDayTimes&amp;utm_campaign=a&amp;utm_term=b&amp;utm_content=c\"><span style=\"font-size: x-large;\"><strong><u><span>Jour et heures de collecte<\/span><\/u><\/strong><\/span><\/a><\/h1>\n<p>&nbsp;<\/p>\n<p><u><strong><span>Charges partielles<\/span><\/strong>\u00a0\u00a0<\/u><\/p>\n<p>&nbsp;<\/p>\n<p><strong><span>Collecte<\/span><\/strong><span>\u00a0&#8211;\u00a0<strong>Collecte<\/strong>\u00a0flexible 3 \u00e0 14 jours ouvr\u00e9s cons\u00e9cutifs, en fonction du service choisi.<\/span><\/p>\n<p><strong><span>Livraison\u00a0<\/span><\/strong><span>\u00a0\u00a0 &#8211; Entre 1 jour et 2 semaines, selon le service choisi &#8211; vous ne pouvez pas choisir une date pr\u00e9cise entre cette p\u00e9riode.<\/span><\/p>\n<p><span>Nous exigeons que quelqu&rsquo;un soit disponible entre 8 h et 18 h pour la collecte et la livraison.\u00a0<\/span><\/p>\n<p>&nbsp;<\/p>\n<p><strong><span>Remarque<\/span><\/strong><span>\u00a0: si vous avez re\u00e7u un env.\u00a0Une fois que cela a \u00e9t\u00e9 fait de bonne foi, il est important que quelqu&rsquo;un soit disponible toute la journ\u00e9e car des retards peuvent parfois se produire en raison de multiples ramassages et d\u00e9pose.<\/span><\/p>\n<p>&nbsp;<\/p>\n<p><u><strong><span>Charges compl\u00e8tes<\/span><\/strong>\u00a0<\/u><\/p>\n<p>&nbsp;<\/p>\n<p><span>Jour de collecte au choix du lundi au samedi et livraison directe (selon distance)<\/span><\/p>\n<p><span>Nous vous proposons le choix d&rsquo;un cr\u00e9neau horaire du matin ou de l&rsquo;apr\u00e8s-midi afin de permettre d&rsquo;\u00e9ventuels probl\u00e8mes de circulation ou retards, ceux-ci sont les suivants &#8211;\u00a0<\/span><\/p>\n<p><strong><span>Matin<\/span><\/strong><span>\u00a0&#8211; 8h00 &#8211; 12h00<\/span><\/p>\n<p><strong><span>Apr\u00e8s<\/span><\/strong><span>\u00a0&#8211;\u00a0<strong>midi<\/strong>\u00a0&#8211; 12h &#8211; 16h<\/span><\/p>\n<p><strong><span>Remarque:<\/span><\/strong><span>\u00a0vos marchandises seront envoy\u00e9es directement \u00e0 la destination de livraison d\u00e8s leur enl\u00e8vement et par cons\u00e9quent, quelqu&rsquo;un devra \u00eatre disponible pour prendre livraison de vos marchandises \u00e0 leur arriv\u00e9e.\u00a0<\/span><\/p>\n<p><span>Si vous avez besoin de plus de temps pour vous rendre \u00e0 votre destination, nous pouvons vous proposer les alternatives suivantes, mais gardez \u00e0 l&rsquo;esprit que le\u00a0<\/span><strong><span>moyen<\/span><\/strong><span>\u00a0le\u00a0<strong>moins cher<\/strong>\u00a0d&rsquo;envoyer vos marchandises est direct.<\/span><\/p>\n<p>&nbsp;<\/p>\n<p><strong><span>1.<\/span><\/strong><span>\u00a0Nous pouvons garder vos marchandises dans la camionnette pendant un\u00a0<\/span><strong><span>maximum<\/span><\/strong><span>\u00a0de 2 jours, le co\u00fbt sera au\u00a0<\/span><strong><span>minimum<\/span><\/strong><span>\u00a0de 200 \u20ac ou 180 \u00a3 par jour.\u00a0Veuillez vous adresser \u00e0 l&rsquo;un de nos coordinateurs de d\u00e9m\u00e9nagement pour plus d&rsquo;informations.<\/span><\/p>\n<p>&nbsp;<\/p>\n<p><strong><span>2.<\/span><\/strong><span>\u00a0Si votre envoi passe par l&rsquo;un de nos d\u00e9p\u00f4ts \u00e0 Folkestone, au Royaume-Uni ou au Luxembourg, nous pouvons organiser le stockage de vos marchandises, veuillez consulter les co\u00fbts suivants pour ce service &#8211;<\/span><br \/>\n<span>Pour les collectes et les livraisons depuis et vers l&rsquo;\u00eele de Venise, le prix comprend uniquement jusqu&rsquo;au point le plus proche auquel le van peut acc\u00e9der.\u00a0Veuillez garder \u00e0 l&rsquo;esprit qu&rsquo;il s&rsquo;agit g\u00e9n\u00e9ralement du parking principal de l&rsquo;\u00eele.Par cons\u00e9quent, vous (en tant que client) devrez organiser la partie locale de votre collecte ou livraison par bateau si n\u00e9cessaire.\u00a0Ceci est valable pour toutes les \u00eeles o\u00f9 nous avons des restrictions sur le transport routier.<\/span><\/p>\n<p><strong><em><span>Remarque: pendant le mois d&rsquo;ao\u00fbt, nous ne pouvons pas garantir que les chargements partiels seront livr\u00e9s dans le d\u00e9lai sp\u00e9cifi\u00e9 et peuvent prendre plus de temps.<\/span><\/em><\/strong><\/p>\n<p><em><span>Toutes les heures et plages horaires sont donn\u00e9es de bonne foi, mais en raison de la nature de l&rsquo;entreprise et des longues distances parcourues par les chauffeurs, des retards peuvent parfois survenir.\u00a0Nous chercherons toujours \u00e0 trouver une solution alternative si possible, cependant pour clarification nous n&rsquo;offrons pas de compensation pour les retards de collecte ou de livraison<\/span><\/em><\/p>\n<h1 data-fontsize=\"30\" data-lineheight=\"42\"><a href=\"https:\/\/europeanmoving.co.uk\/international-storage-solutions-for-goods\/?utm_source=emailNiftyQuote&amp;utm_medium=storage&amp;utm_campaign=a&amp;utm_term=b&amp;utm_content=c\"><span style=\"font-size: x-large;\"><strong><u><span>Stockage &#8211; tous les prix\u00a0incluent la\u00a0<\/span><span>TVA britannique<\/span><\/u><\/strong><\/span><\/a><\/h1>\n<p><span>Pour les prix du stockage, veuillez cliquer ici:\u00a0\u00a0<\/span><strong><a href=\"https:\/\/europeanmoving.co.uk\/international-storage-solutions-for-goods\/\"><span>https:\/\/europeanmoving.co.uk\/international-storage-solutions-for-goods\/<\/span><\/a><\/strong><\/p>\n<h1 title=\"Cliquez pour modifier\" data-fontsize=\"30\" data-lineheight=\"42\"><\/h1>\n<h1 data-fontsize=\"30\" data-lineheight=\"42\"><a href=\"https:\/\/europeanmoving.co.uk\/?utm_source=emailNiftyQuote&amp;utm_medium=packingProtectingYourGoods&amp;utm_campaign=a&amp;utm_term=b&amp;utm_content=c\"><span style=\"font-size: x-large;\"><strong><u><span>Emballage et protection de vos marchandises<\/span><\/u><\/strong><\/span><\/a><\/h1>\n<p data-pd-redactor=\"\"><span>Veuillez lire notre guide des d\u00e9m\u00e9nageurs afin de vous assurer que vos articles sont correctement emball\u00e9s:<\/span><\/p>\n<p data-pd-redactor=\"\"><span>http:\/\/europeanmoving.co.uk\/transportation-and-movers-guide<\/span><\/p>\n<p data-pd-redactor=\"\">\n<p data-pd-redactor=\"\"><span>Nos fourgons\u00a0<\/span><strong><span>ne<\/span><\/strong><span>\u00a0sont\u00a0<strong>PAS<\/strong>\u00a0livr\u00e9s avec des couvertures ou des \u00e9quipements de chargement, ceux-ci devront \u00eatre fournis par le client si n\u00e9cessaire<\/span><\/p>\n<p data-pd-redactor=\"\">\n<p data-pd-redactor=\"\"><span>Nos fourgons\u00a0<\/span><strong><span>ne<\/span><\/strong><span>\u00a0\u00a0sont\u00a0<strong>PAS<\/strong>\u00a0livr\u00e9s avec des hayons \u00e9l\u00e9vateurs en standard (vous devez en faire la demande lors de la r\u00e9servation et cela sera soumis \u00e0 disponibilit\u00e9)<\/span><\/p>\n<p data-pd-redactor=\"\">\n<p data-pd-redactor=\"\">\n<h1 data-fontsize=\"30\" data-lineheight=\"42\"><a href=\"https:\/\/europeanmoving.co.uk\/international-movers-and-removers-insurance\/?utm_source=emailNiftyQuote&amp;utm_medium=insurance&amp;utm_campaign=a&amp;utm_term=b&amp;utm_content=c\"><span style=\"font-size: x-large;\"><strong><u><span>Assurance<\/span><\/u><\/strong><\/span><\/a><\/h1>\n<p data-pd-redactor=\"\"><span>Notre devis exclut la couverture d&rsquo;assurance, mais plut\u00f4t que d&rsquo;essayer de vous vendre une assurance inutile comme la plupart de nos concurrents le font pour 3% suppl\u00e9mentaires seulement pour constater que votre assurance a toute une liste de limitations, nous offrons une indemnit\u00e9 de 40 \u00a3 par article ou par bo\u00eete jusqu&rsquo;\u00e0 concurrence de \u00e0 10 000 \u00a3 par envoi.\u00a0Ceci est en cas de perte totale uniquement ou d&rsquo;un \u00e9l\u00e9ment manquant sur preuve d&rsquo;un inventaire sign\u00e9.\u00a0Vous pouvez \u00e9galement constater que vous avez d\u00e9j\u00e0 une assurance en place dans le cadre de votre police domestique ou que vous pourrez ajouter une assurance d\u00e9m\u00e9nagement \u00e0 votre police domestique pour environ 30 \u00a3 et sinon, il existe de nombreux fournisseurs tiers sur Internet qui peuvent vous aider \u00e0 des tarifs beaucoup plus bas que que les 3% souvent cit\u00e9s par la plupart des entreprises de d\u00e9m\u00e9nagement.\u00a0Veuillez consulter notre\u00a0<\/span><strong><a href=\"https:\/\/europeanmoving.co.uk\/international-movers-and-removers-insurance\/?utm_source=emailNiftyQuote&amp;utm_medium=insurance&amp;utm_campaign=a&amp;utm_term=b&amp;utm_content=c\"><span>PAGE ASSURANCE<\/span><\/a>\u00a0<\/strong><span>sur notre site Web pour plus de d\u00e9tails o\u00f9 vous trouverez \u00e9galement des suggestions si vous souhaitez obtenir une couverture compl\u00e8te.\u00a0<\/span><\/p>\n<p data-pd-redactor=\"\"><strong><span>Il n&rsquo;y a pas de couverture en place pour les casses g\u00e9n\u00e9rales ou les dommages de transport avec nous ou nos assureurs, veuillez donc vous assurer que vos choses sont bien prot\u00e9g\u00e9es et que votre assurance habitation vous couvre pour de tels probl\u00e8mes, la plupart ont d\u00e9j\u00e0 une couverture int\u00e9gr\u00e9e, mais veuillez v\u00e9rifier les petits caract\u00e8res.<\/span><\/strong><\/p>\n<p data-pd-redactor=\"\">\n<h1 data-fontsize=\"30\" data-lineheight=\"42\"><a href=\"https:\/\/europeanmoving.co.uk\/?utm_source=emailNiftyQuote&amp;utm_medium=inventory3-5DaysBeforeCollection&amp;utm_campaign=a&amp;utm_term=b&amp;utm_content=c\"><span style=\"font-size: x-large;\"><strong><u><span>Inventaire 3-5 jours avant la collecte<\/span><\/u><\/strong><\/span><\/a><\/h1>\n<p><span>Vous devez nous faire parvenir un \u00e9tat des lieux au moins 3 \u00e0 5 jours ouvr\u00e9s avant votre d\u00e9m\u00e9nagement.\u00a0Veuillez \u00e9galement imprimer deux copies papier, une pour vous-m\u00eame et une pour le chauffeur.\u00a0Toutes les marchandises doivent \u00eatre v\u00e9rifi\u00e9es et retir\u00e9es de la \/ des fourgonnette lors de la collecte et de la livraison, vous-m\u00eame et le chauffeur devez signer les deux copies.\u00a0<\/span><\/p>\n<h1 data-fontsize=\"30\" data-lineheight=\"42\"><a href=\"https:\/\/europeanmoving.co.uk\/?utm_source=emailNiftyQuote&amp;utm_medium=excessiveWeight&amp;utm_campaign=a&amp;utm_term=b&amp;utm_content=c\"><span style=\"font-size: x-large;\"><strong><u><span>Poids excessif<\/span><\/u><\/strong><\/span><\/a><\/h1>\n<p data-pd-redactor=\"\">\n<p><em><strong><span>Chaque fourgon peut transporter un maximum de 1000 kg (pleine charge)<\/span><\/strong><\/em><\/p>\n<p><em><strong><span>ou 50 kg par m3 (charge partielle)<\/span><\/strong><\/em><br \/>\n<strong><span>Si votre charge devient en surpoids lors de la collecte, vous serez factur\u00e9 comme suit &#8211;<\/span><\/strong><\/p>\n<p>&nbsp;<\/p>\n<p><u><strong><span>CHARGES DES PI\u00c8CES\u00a0<\/span><\/strong><\/u><strong>\u00a0\u00a0<\/strong><\/p>\n<p><strong><span>Chaque unit\u00e9 est compos\u00e9e de 1 m ou 50 kg (selon la premi\u00e8re \u00e9ventualit\u00e9 atteinte)<\/span><\/strong><\/p>\n<p><strong><span>Vous serez factur\u00e9 pour chaque unit\u00e9 suppl\u00e9mentaire au prorata de votre r\u00e9servation initiale<\/span><\/strong><\/p>\n<p>&nbsp;<\/p>\n<p><u><strong><span>CHARGES<\/span><\/strong><\/u><strong><span>\u00a0\u00a0PLEINES (20m3 ou 1000kgs, selon la plus grande des deux)<\/span><\/strong><\/p>\n<p>&nbsp;<\/p>\n<p><strong><span>Si vos marchandises d\u00e9passent 20 m3 ou 1000 kg, vous aurez la possibilit\u00e9 de r\u00e9server une charge partielle suppl\u00e9mentaire pour une autre fois ou une camionnette suppl\u00e9mentaire en fonction du reste des marchandises restantes.\u00a0Nous pouvons g\u00e9n\u00e9ralement organiser des camionnettes suppl\u00e9mentaires le m\u00eame jour ou le lendemain.<\/span><\/strong><\/p>\n<p>&nbsp;<\/p>\n<p data-pd-redactor=\"\"><strong data-redactor-tag=\"strong\"><span>Le poids excessif d\u00fb \u00e0 la surcharge des fourgons est \u00e0 la charge du client, toutes les amendes de la police, de VOSA ou de toute autre autorit\u00e9 \u00e9trang\u00e8re devront \u00eatre pay\u00e9es par le client avant que les v\u00e9hicules ne soient envoy\u00e9s \u00e0 la destination de d\u00e9chargement.\u00a0Des frais de r\u00e9cup\u00e9ration de marchandises surcharg\u00e9es s&rsquo;appliqueront \u00e9galement.<\/span><\/strong><\/p>\n<p data-pd-redactor=\"\">\n<h1 data-fontsize=\"30\" data-lineheight=\"42\"><a href=\"https:\/\/europeanmoving.co.uk\/?utm_source=emailNiftyQuote&amp;utm_medium=ferryTollCrossingCharges&amp;utm_campaign=a&amp;utm_term=b&amp;utm_content=c\"><span style=\"font-size: x-large;\"><strong><u><span>Frais de traversier et de p\u00e9age<\/span><\/u><\/strong><\/span><\/a><\/h1>\n<p><span>Tous les p\u00e9ages et travers\u00e9es en ferry sur le continent sont inclus dans le devis.\u00a0Cependant, certaines des \u00eeles ou destinations les plus \u00e9loign\u00e9es ou obscures\u00a0\u00a0<\/span><strong><span>ne sont pas incluses<\/span><\/strong><span>\u00a0(y compris certaines \u00eeles grecques).\u00a0En cas de doute, parlez-en \u00e0 l&rsquo;un de nos coordinateurs de d\u00e9m\u00e9nagement exp\u00e9riment\u00e9s.<\/span><\/p>\n<p><em><span>** Dans certains cas, pour des envois plus petits, g\u00e9n\u00e9ralement inf\u00e9rieurs \u00e0 5m\u00b3, vos marchandises peuvent \u00eatre envoy\u00e9es sur un service de palettes **<\/span><\/em><\/p>\n<p><em><span>** Dans de rares cas, si vos marchandises sont transport\u00e9es vers certaines des plus petites \u00eeles europ\u00e9ennes, vos marchandises peuvent \u00eatre envoy\u00e9es par conteneur d&rsquo;exp\u00e9dition &#8211; tous les frais suppl\u00e9mentaires utilisant ce service seront couverts par European Moving **<\/span><\/em><\/p>\n<p>&nbsp;<\/p>\n<p>&nbsp;<\/p>\n<h1 data-fontsize=\"30\" data-lineheight=\"42\"><a href=\"https:\/\/europeanmoving.co.uk\/?utm_source=emailNiftyQuote&amp;utm_medium=customsClearance&amp;utm_campaign=a&amp;utm_term=b&amp;utm_content=c\"><span style=\"font-size: x-large;\"><strong><u><span>D\u00e9douanement<\/span><\/u><\/strong><\/span><\/a><\/h1>\n<p><span>Nos devis incluent les frais de d\u00e9douanement.\u00a0Nous organiserons cela en votre nom pour la Suisse et la Norv\u00e8ge, \u00e0 moins que vous ne pr\u00e9f\u00e9riez organiser vous-m\u00eame le d\u00e9douanement (avec une agence des douanes).\u00a0Ce service n&rsquo;inclut pas les taxes ou droits qui pourraient devoir \u00eatre pay\u00e9s.\u00a0Veuillez contacter votre coordinateur de d\u00e9m\u00e9nagement si vous n&rsquo;avez pas besoin de ce service.<\/span><\/p>\n<p><strong><span>** Pour tous les autres pays ayant des implications douani\u00e8res (y compris la Turquie, les \u00eeles Canaries et le Groenland), il est de la responsabilit\u00e9 du client de prendre les dispositions avant la collecte.\u00a0Nous ne serons pas en mesure de r\u00e9cup\u00e9rer vos marchandises sans les papiers appropri\u00e9s **<\/span><\/strong><\/p>\n<p>&nbsp;<\/p>\n<p><strong><span>FAQ &#8211; Veuillez consulter nos FAQ<\/span><\/strong><span>\u00a0sur notre site Web: http:\/\/europeanmoving.co.uk\/moving-faqs-for-international-removals<\/span><\/p>\n<p><span>Vous avez d\u00e9j\u00e0 un devis d&rsquo;un autre fournisseur et souhaitez voir si nous pouvons \u00e9galer ou battre le prix?<\/span><\/p>\n<p><span>Nous offrons une garantie d&rsquo;\u00e9galisation des prix o\u00f9 nous ferons de notre mieux pour \u00e9galer tout prix similaire propos\u00e9 par une autre soci\u00e9t\u00e9.\u00a0Veuillez nous envoyer une copie du devis ou une capture d&rsquo;\u00e9cran \/ capture de l&rsquo;offre \u00e0 l&rsquo;adresse e-mail suivante:\u00a0<\/span><strong><a href=\"mailto:PriceMatch@europeanmoving.co.uk\"><span>PriceMatch@europeanmoving.co.uk<\/span><\/a><\/strong><\/p>\n<h1 data-fontsize=\"30\" data-lineheight=\"42\"><a href=\"https:\/\/europeanmoving.co.uk\/live-chat\/?utm_source=emailNiftyQuote&amp;utm_medium=liveChat&amp;utm_campaign=a&amp;utm_term=b&amp;utm_content=c\"><span style=\"font-size: x-large;\"><strong><u><span>Des questions<\/span><\/u><\/strong><\/span><\/a><\/h1>\n<p><span>Si vous avez des questions, n&rsquo;h\u00e9sitez pas \u00e0\u00a0<\/span><strong><a href=\"mailto:europeanmoving@europeanmoving.org?subject=European%20Moving%20-%20Quote%20Question\"><span>nous contacter<\/span><\/a><span>\u00a0.\u00a0<\/span><\/strong><span>Vous \u00eates invit\u00e9s \u00e0 nous envoyer un e-mail ou \u00e0 nous contacter sur notre\u00a0<\/span><strong><a href=\"https:\/\/europeanmoving.co.uk\/live-chat\/?utm_source=emailNiftyQuote&amp;utm_medium=liveChat&amp;utm_campaign=a&amp;utm_term=b&amp;utm_content=c\"><span>chat en direct<\/span><\/a><\/strong><span>\u00a0sur notre\u00a0<\/span><strong><a href=\"http:\/\/europeanmoving.co.uk\/?utm_source=emailNiftyQuote&amp;utm_medium=website&amp;utm_campaign=a&amp;utm_term=b&amp;utm_content=c\"><span>site Web<\/span><\/a><\/strong><span>\u00a0\u00a0ou sur Whatsapp au\u00a0<\/span><strong><a href=\"https:\/\/api.whatsapp.com\/send?phone=447747713598&amp;text=I%27d%20like%20to%20request%20a%20free%20no%20obligation%20quote\"><span>+44 7747 713 598<\/span><\/a>\u00a0<\/strong><span>\u00a0et nous serons plus qu&rsquo;heureux de vous rappeler.<\/span><\/p>\n<p>&nbsp;<\/p>\n<p><em><span>Ce site Web et tous les noms de domaine associ\u00e9s et son contenu sont la propri\u00e9t\u00e9 d&rsquo;European Moving Holdings Limited, Duba\u00ef et exploit\u00e9s par European Moving Limited, Malte.\u00a0Si vous avez besoin d&rsquo;informations sur la soci\u00e9t\u00e9 locale et les num\u00e9ros de TVA de nos soci\u00e9t\u00e9s fran\u00e7aises, britanniques et irlandaises, veuillez vous r\u00e9f\u00e9rer \u00e0 votre facture de vente.\u00a0Toutes les transactions effectu\u00e9es sur ce site Web, l&rsquo;infrastructure informatique associ\u00e9e ou par t\u00e9l\u00e9phone sont consid\u00e9r\u00e9es comme des transactions num\u00e9riques aux fins de la TVA.<\/span><\/em><\/p>\n<p><em><span>Ce site Web et tous les noms de domaine associ\u00e9s et son contenu sont la propri\u00e9t\u00e9 d&rsquo;European Moving Holdings Limited, Duba\u00ef et exploit\u00e9s par European Moving Limited, Malte.\u00a0Si vous avez besoin d&rsquo;informations sur la soci\u00e9t\u00e9 locale et les num\u00e9ros de TVA de nos soci\u00e9t\u00e9s fran\u00e7aises, britanniques et irlandaises, veuillez vous r\u00e9f\u00e9rer \u00e0 votre facture de vente.\u00a0Toutes les transactions effectu\u00e9es sur ce site Web, l&rsquo;infrastructure informatique associ\u00e9e ou par t\u00e9l\u00e9phone sont consid\u00e9r\u00e9es comme des transactions num\u00e9riques aux fins de la TVA.<\/span><\/em><\/p>\n","protected":false},"excerpt":{"rendered":"<p>&nbsp; Important: le prix indiqu\u00e9 est bas\u00e9 sur la cylindr\u00e9e ou le poids (selon la valeur la plus \u00e9lev\u00e9e) Par exemple:\u00a0vos marchandises ne peuvent mesurer que 10 m\u00b3 de cylindr\u00e9e mais peser 1 000 kg, auquel cas ce sera une charge totale en poids.\u00a0S&rsquo;il vous pla\u00eet voir ce qui suit &#8211;\u00a0 Pleine charge\u00a0= 20 m\u00b3 [&hellip;]<\/p>\n","protected":false},"author":13,"featured_media":0,"parent":0,"menu_order":0,"comment_status":"closed","ping_status":"closed","template":"","meta":[],"yst_prominent_words":[3948,3469,409,3472],"_links":{"self":[{"href":"https:\/\/europeanmoving.co.uk\/fr\/wp-json\/wp\/v2\/pages\/16438"}],"collection":[{"href":"https:\/\/europeanmoving.co.uk\/fr\/wp-json\/wp\/v2\/pages"}],"about":[{"href":"https:\/\/europeanmoving.co.uk\/fr\/wp-json\/wp\/v2\/types\/page"}],"author":[{"embeddable":true,"href":"https:\/\/europeanmoving.co.uk\/fr\/wp-json\/wp\/v2\/users\/13"}],"replies":[{"embeddable":true,"href":"https:\/\/europeanmoving.co.uk\/fr\/wp-json\/wp\/v2\/comments?post=16438"}],"version-history":[{"count":31,"href":"https:\/\/europeanmoving.co.uk\/fr\/wp-json\/wp\/v2\/pages\/16438\/revisions"}],"predecessor-version":[{"id":22334,"href":"https:\/\/europeanmoving.co.uk\/fr\/wp-json\/wp\/v2\/pages\/16438\/revisions\/22334"}],"wp:attachment":[{"href":"https:\/\/europeanmoving.co.uk\/fr\/wp-json\/wp\/v2\/media?parent=16438"}],"wp:term":[{"taxonomy":"yst_prominent_words","embeddable":true,"href":"https:\/\/europeanmoving.co.uk\/fr\/wp-json\/wp\/v2\/yst_prominent_words?post=16438"}],"curies":[{"name":"wp","href":"https:\/\/api.w.org\/{rel}","templated":true}]}}