{"id":9191,"date":"2018-08-29T03:14:10","date_gmt":"2018-08-29T03:14:10","guid":{"rendered":"https:\/\/europeanmoving.de\/?page_id=9191"},"modified":"2020-09-17T13:20:59","modified_gmt":"2020-09-17T13:20:59","slug":"politica-privacidad","status":"publish","type":"page","link":"https:\/\/europeanmoving.co.uk\/es\/politica-privacidad\/","title":{"rendered":"Pol\u00edtica de privacidad"},"content":{"rendered":"<h1><span>Pol\u00edtica de privacidad<\/span><\/h1>\n<p><strong><span>EuropeanMoving Holdings Ltd se compromete a preservar la privacidad de todos los visitantes de europemoving.eu.<\/span><\/strong><br \/>\n<strong><span>Lea la siguiente pol\u00edtica de privacidad para comprender c\u00f3mo usamos y protegemos la informaci\u00f3n que nos proporciona.<\/span><\/strong><br \/>\n<strong><span>Al realizar una consulta a trav\u00e9s de este sitio, usted acepta la recopilaci\u00f3n, el uso y la transferencia de su informaci\u00f3n seg\u00fan los t\u00e9rminos de esta pol\u00edtica.<\/span><\/strong><\/p>\n<h2><span>Informaci\u00f3n que recopilamos de usted<\/span><\/h2>\n<p><span>Cuando se comunique con nosotros a trav\u00e9s de www.europeanmoving.eu, se le pedir\u00e1 que proporcione cierta informaci\u00f3n sobre usted, incluido su nombre, direcci\u00f3n de correo electr\u00f3nico e informaci\u00f3n de navegaci\u00f3n sobre su uso del sitio web de European Moving (como informaci\u00f3n sobre el tipo de navegador y las p\u00e1ginas del sitio web que visita).\u00a0Tambi\u00e9n podemos recopilar informaci\u00f3n sobre usted a trav\u00e9s de correos electr\u00f3nicos o cartas que nos env\u00ede o de llamadas telef\u00f3nicas con usted.<\/span><\/p>\n<h2><span>Galletas<\/span><\/h2>\n<p><span>Cuando visita este sitio web, podemos utilizar cookies para recopilar cierta informaci\u00f3n de navegaci\u00f3n sobre su uso del sitio web de European Moving.\u00a0Las cookies son peque\u00f1os archivos de datos que su navegador almacena en el disco duro de su computadora y los detalles de la informaci\u00f3n de navegaci\u00f3n que recopila European Moving se describen arriba.\u00a0Tambi\u00e9n utilizamos JavaScript para acelerar su experiencia en el sitio web de European Moving.<\/span><br \/>\n<span>Puede cambiar la configuraci\u00f3n de su navegador para rechazar o eliminar las cookies o JavaScript, pero tenga en cuenta que, si lo hace, esto puede afectar la funcionalidad del sitio web de European Moving.\u00a0Dado que el m\u00e9todo por el cual puede optar por rechazar o eliminar las cookies o JavaScript var\u00eda de un navegador a otro, consulte el men\u00fa de ayuda de su navegador para obtener m\u00e1s informaci\u00f3n.<\/span><\/p>\n<h3><span>Uso de su informaci\u00f3n<\/span><\/h3>\n<p><span>Su informaci\u00f3n nos permitir\u00e1 proporcionar la informaci\u00f3n que ha solicitado.\u00a0Tambi\u00e9n nos permitir\u00e1 comunicarnos con usted cuando sea necesario en relaci\u00f3n con su consulta.\u00a0Tambi\u00e9n usaremos y analizaremos la informaci\u00f3n que recopilamos para poder administrar, respaldar, mejorar y desarrollar nuestro negocio.<\/span><\/p>\n<h2><span>Divulgaci\u00f3n de su informaci\u00f3n<\/span><\/h2>\n<p><span>La informaci\u00f3n que nos proporcione se guardar\u00e1 en el Reino Unido y nuestro personal o agentes designados que trabajen en el Reino Unido acceder\u00e1n a ella o se la proporcionar\u00e1n.\u00a0A menos que as\u00ed lo exija la ley, no compartiremos, venderemos ni distribuiremos la informaci\u00f3n que nos proporcione sin su consentimiento.<\/span><\/p>\n<h2><span>Seguridad y retenci\u00f3n de datos<\/span><\/h2>\n<p><span>Empleamos medidas de seguridad para proteger su informaci\u00f3n del acceso de personas no autorizadas y contra el procesamiento ilegal, p\u00e9rdida accidental, destrucci\u00f3n y da\u00f1o.\u00a0Conservaremos su informaci\u00f3n durante un per\u00edodo razonable o mientras la ley lo autorice, lo que sea m\u00e1s corto.<\/span><\/p>\n<h2><span>Acceder y actualizar<\/span><\/h2>\n<p><span>Tiene derecho a ver la informaci\u00f3n que tenemos sobre usted y puede solicitarnos que realicemos los cambios necesarios para garantizar que sea precisa y est\u00e9 actualizada.\u00a0Si desea hacer esto, por favor contactenos.\u00a0Tenemos derecho por ley a cobrar una tarifa para cubrir nuestros costos al brindarle detalles de la informaci\u00f3n que tenemos sobre usted.<\/span><\/p>\n<h2><span>Cambios en nuestra pol\u00edtica de privacidad<\/span><\/h2>\n<p><span>Cualquier cambio en nuestra pol\u00edtica de privacidad en el futuro se publicar\u00e1 en el sitio y, cuando corresponda, a trav\u00e9s de una notificaci\u00f3n por correo electr\u00f3nico.<\/span><\/p>\n<h2><span>Contacto<\/span><\/h2>\n<p><span>Todos los comentarios, consultas y solicitudes relacionadas con nuestro uso de su informaci\u00f3n son bienvenidos y deben dirigirse a:<\/span><\/p>\n<p><span>European Moving<\/span><br \/>\n<span>Park Farm Close, Folkestone, Kent<\/span><br \/>\n<span>CT19 5DU<\/span><br \/>\n<span>Tel\u00e9fono: +44 (0) 203621 9930<\/span><\/p>\n<p><a href=\"https:\/\/europeanmoving.co.uk\/wp-content\/uploads\/2018\/07\/privacy-policy-Europeanmoving-2018.pdf\" target=\"_blank\" rel=\"noopener noreferrer\"><strong><span>Observe nuestra pol\u00edtica de privacidad<\/span><\/strong><\/a><\/p>\n","protected":false},"excerpt":{"rendered":"<p>Pol\u00edtica de privacidad EuropeanMoving Holdings Ltd se compromete a preservar la privacidad de todos los visitantes de europemoving.eu. Lea la siguiente pol\u00edtica de privacidad para comprender c\u00f3mo usamos y protegemos la informaci\u00f3n que nos proporciona. Al realizar una consulta a trav\u00e9s de este sitio, usted acepta la recopilaci\u00f3n, el uso y la transferencia de su [&hellip;]<\/p>\n","protected":false},"author":13,"featured_media":0,"parent":0,"menu_order":0,"comment_status":"closed","ping_status":"closed","template":"","meta":[],"yst_prominent_words":[8977,8975,8970,8984,8976,8971,8974,8978,8983,8986,8982,8972,8969,8979,8980,8981,8973],"_links":{"self":[{"href":"https:\/\/europeanmoving.co.uk\/es\/wp-json\/wp\/v2\/pages\/9191"}],"collection":[{"href":"https:\/\/europeanmoving.co.uk\/es\/wp-json\/wp\/v2\/pages"}],"about":[{"href":"https:\/\/europeanmoving.co.uk\/es\/wp-json\/wp\/v2\/types\/page"}],"author":[{"embeddable":true,"href":"https:\/\/europeanmoving.co.uk\/es\/wp-json\/wp\/v2\/users\/13"}],"replies":[{"embeddable":true,"href":"https:\/\/europeanmoving.co.uk\/es\/wp-json\/wp\/v2\/comments?post=9191"}],"version-history":[{"count":2,"href":"https:\/\/europeanmoving.co.uk\/es\/wp-json\/wp\/v2\/pages\/9191\/revisions"}],"predecessor-version":[{"id":22216,"href":"https:\/\/europeanmoving.co.uk\/es\/wp-json\/wp\/v2\/pages\/9191\/revisions\/22216"}],"wp:attachment":[{"href":"https:\/\/europeanmoving.co.uk\/es\/wp-json\/wp\/v2\/media?parent=9191"}],"wp:term":[{"taxonomy":"yst_prominent_words","embeddable":true,"href":"https:\/\/europeanmoving.co.uk\/es\/wp-json\/wp\/v2\/yst_prominent_words?post=9191"}],"curies":[{"name":"wp","href":"https:\/\/api.w.org\/{rel}","templated":true}]}}