{"id":9137,"date":"2018-08-24T07:57:39","date_gmt":"2018-08-24T07:57:39","guid":{"rendered":"http:\/\/uk.eum.client.localsearchsyndicate.com\/?page_id=9137"},"modified":"2020-09-17T11:47:55","modified_gmt":"2020-09-17T11:47:55","slug":"el-seguro-de-mudanza","status":"publish","type":"page","link":"https:\/\/europeanmoving.co.uk\/es\/el-seguro-de-mudanza\/","title":{"rendered":"El seguro"},"content":{"rendered":"<p>Cuando mueva sus mercanc\u00edas con cualquier empresa de mudanzas o transporte, por lo general tendr\u00e1 3 opciones de seguro a considerar con respecto al seguro de tr\u00e1nsito, env\u00edo o mudanzas.<\/p>\n<p>1. Cobertura de la propia compa\u00f1\u00eda de seguros en el seguro de contenido de su hogar:\u00a0<strong>propietario o empaquetado profesionalmente<\/strong><\/p>\n<p>2. El seguro de la compa\u00f1\u00eda de mudanzas o la compa\u00f1\u00eda de seguros de terceros &#8211;\u00a0\u00a0<strong>Owner Packed<\/strong><\/p>\n<p>3. El seguro de la compa\u00f1\u00eda de mudanzas o la compa\u00f1\u00eda de seguros de terceros:\u00a0\u00a0<strong>empaquetado profesionalmente<\/strong><\/p>\n<p>La mayor\u00eda de las empresas de mudanzas ofrecen una cobertura de seguro adicional de alrededor del 3% del valor total de los bienes que se env\u00edan y se le pedir\u00e1 que realice un inventario detallado de cada art\u00edculo o caja.<br \/>\nEn European Moving no ofrecemos una cobertura de seguro adicional, ya que generalmente estas p\u00f3lizas de seguro no cubren mucho y excluyen mucho, lo que significa que cuando necesita hacer un reclamo es probable que NO est\u00e9 cubierto por lo que pensaba que estar\u00eda. .<br \/>\nNo consideramos \u00e9tico ni justo ofrecer a nuestros clientes estas p\u00f3lizas de seguro redactadas de manera injusta y, en muchos casos, apiladas de manera injusta para las compa\u00f1\u00edas de seguros.<br \/>\nEn muchas ocasiones, estas p\u00f3lizas estar\u00e1n muy por debajo de las expectativas de cobertura de seguro de nuestros clientes.<br \/>\nSin embargo, cubrimos los peores escenarios absolutos, sus bienes est\u00e1n indemnizados con nosotros por \u00a3 40 por art\u00edculo o caja (de acuerdo con los T\u00e9rminos y condiciones de BAR, secci\u00f3n 8.1 y 8.2) hasta el valor de \u00a3 10,000 en caso de incendio, robo, accidente de veh\u00edculo o desastre de embarcaci\u00f3n.<br \/>\nTambi\u00e9n ofrecemos adem\u00e1s una pol\u00edtica de compensaci\u00f3n de \u00a3 40 por art\u00edculo faltante o caja.<br \/>\nEn aras de la claridad, sus productos no est\u00e1n asegurados por roturas, da\u00f1os menores de tr\u00e1nsito o art\u00edculos perdidos diversos con European Moving, ya sea que los empaque usted o nosotros.<br \/>\nEuropean Moving siempre recomienda que se contrate una cobertura de seguro adicional si se requiere una cobertura de seguro completa, sin embargo, la opci\u00f3n depende totalmente de usted.<br \/>\nRecomendamos que todos los productos se empaqueten y protejan antes de la recolecci\u00f3n, sin importar cu\u00e1les sean sus acuerdos de seguro.<br \/>\nSi sus mercanc\u00edas est\u00e1n debidamente embaladas y protegidas, deber\u00edan poder soportar la manipulaci\u00f3n y el transporte normales de retirada.<br \/>\nNuestro consejo es que primero verifique la cobertura de la p\u00f3liza de seguro del contenido de su hogar, ya que es posible que ya tenga alg\u00fan seguro de mudanza integrado en su p\u00f3liza o que pueda agregar una cobertura adicional por una peque\u00f1a prima.<br \/>\nSi a\u00fan necesita una cobertura adicional, hay muchas empresas disponibles en l\u00ednea que pueden ofrecerle una cotizaci\u00f3n para el seguro de carga mar\u00edtima y \/ o mudanzas.<br \/>\nSeguros como\u00a0<a href=\"https:\/\/www.freightcover.com\/\" target=\"_blank\" rel=\"noopener noreferrer\"><strong>https:\/\/www.freightcover.com<\/strong><\/a>\u00a0o\u00a0<a href=\"https:\/\/www.insure-your-move.com\/\" target=\"_blank\" rel=\"noopener noreferrer\"><strong>https:\/\/www.insure-your-move.com<\/strong><\/a>\u00a0.<br \/>\nTambi\u00e9n puede hacer una b\u00fasqueda en Google de \u00abSeguro de carga mar\u00edtima\u00bb o \u00abSeguro de mudanzas\u00bb, hay muchas compa\u00f1\u00edas que pueden brindarle exactamente el tipo de cobertura que necesita y, en la mayor\u00eda de los casos, la cobertura ser\u00e1 mucho m\u00e1s superior que la Una empresa de mudanzas le ofrece una cobertura de seguro a granel al 3% que, para ser franco, en muchos casos no vale ni el papel en el que est\u00e1 escrito.<\/p>\n<p><strong>Por favor, no incluya a European Moving como empacadores profesionales a menos que lo hayamos acordado con usted por acuerdo previo y por escrito que este servicio ser\u00e1 proporcionado, ya que esto puede invalidar su p\u00f3liza de seguro.<\/strong><\/p>\n<h2><strong>Realizaci\u00f3n de reclamaciones de seguros<\/strong><\/h2>\n<p>La realidad de trasladar efectos personales a trav\u00e9s de cualquier empresa de mudanzas, transporte y env\u00edo a largas distancias es que siempre existir\u00e1 el riesgo de que algo se rompa durante el transporte.<br \/>\nEn la mayor\u00eda de los casos, normalmente es una p\u00e9rdida insignificante, pero en algunos casos, puede ser necesario realizar una reclamaci\u00f3n de seguro o una reclamaci\u00f3n contra nuestro propio plan de compensaci\u00f3n de 40 libras por caja o art\u00edculo.<br \/>\nDebido a los muchos miles de env\u00edos que enviamos cada a\u00f1o, y la gran cantidad de pa\u00edses e idiomas involucrados, su reclamo, si tiene uno, ser\u00e1 manejado por ajustadores de siniestros profesionales internacionales Crawford &amp; Company Adjusters (UK) Limited<br \/>\nPara presentar una reclamaci\u00f3n con nuestros ajustadores de p\u00e9rdidas, solicite un formulario de reclamaci\u00f3n.\u00a0Si est\u00e1 reclamando contra su propio seguro, aseg\u00farese de haber verificado la redacci\u00f3n de su p\u00f3liza de seguro para establecer que tiene la cobertura que va a reclamar.<br \/>\nTenga en cuenta que sus bienes no est\u00e1n asegurados por roturas o da\u00f1os de tr\u00e1nsito con European Moving, pero podemos ayudarlo con algunos aspectos de su reclamo con su propia compa\u00f1\u00eda de seguros.<br \/>\nSi necesita informaci\u00f3n o documentos al realizar un reclamo contra su propia compa\u00f1\u00eda de seguros, cont\u00e1ctenos en el siguiente correo electr\u00f3nico\u00a0<strong>Claim@europeanmoving.eu\u00a0.<\/strong><br \/>\nAseg\u00farese de proporcionar tantos detalles como sea posible, incluido el nombre completo del reclamante, el n\u00famero de p\u00f3liza y el punto de contacto para cualquier correspondencia, aseg\u00farese de proporcionar la mayor cantidad de informaci\u00f3n posible.<br \/>\nA continuaci\u00f3n se muestra una lista de algunas de las cosas que puede necesitar para hacer su reclamo:<\/p>\n<ul class=\"list-with-tick fullCol\">\n<li>N\u00famero de p\u00f3liza<\/li>\n<li>Nombre del asegurado<\/li>\n<li>Una copia de los albaranes firmados de recogida y entrega o CMR.<\/li>\n<li>Una copia de un inventario firmado con las firmas del conductor de recogida y del conductor de entrega<\/li>\n<li>Un presupuesto de una empresa profesional por el costo de las reparaciones o reemplazo de las p\u00e9rdidas.<\/li>\n<li>Evidencia fotogr\u00e1fica del embalaje antes y despu\u00e9s del incidente.<\/li>\n<li>Prueba fotogr\u00e1fica de los da\u00f1os, comprobante de compra y \/ o propiedad<\/li>\n<\/ul>\n<p>Cuando devuelva el formulario de reclamaci\u00f3n a Crawford, aseg\u00farese de tener la mayor cantidad de informaci\u00f3n a mano y, si ha contratado un seguro, necesitar\u00e1n el nombre, n\u00famero de tel\u00e9fono, n\u00famero de reclamaci\u00f3n y direcci\u00f3n de correo electr\u00f3nico de la persona de su compa\u00f1\u00eda de seguros que se ocupa de su Reclamaci\u00f3n.<\/p>\n<p>Los detalles completos de Crawford se encuentran a continuaci\u00f3n:<br \/>\n<strong>Crawford &amp; Company Adjusters (UK) Limited<\/strong><br \/>\nN\u00famero de registro: 2908444<br \/>\nOficina registrada: 70 Mark Lane, Londres EC3R 7NQ<\/p>\n","protected":false},"excerpt":{"rendered":"<p>Cuando mueva sus mercanc\u00edas con cualquier empresa de mudanzas o transporte, por lo general tendr\u00e1 3 opciones de seguro a considerar con respecto al seguro de tr\u00e1nsito, env\u00edo o mudanzas. 1. Cobertura de la propia compa\u00f1\u00eda de seguros en el seguro de contenido de su hogar:\u00a0propietario o empaquetado profesionalmente 2. El seguro de la compa\u00f1\u00eda [&hellip;]<\/p>\n","protected":false},"author":13,"featured_media":0,"parent":0,"menu_order":0,"comment_status":"closed","ping_status":"closed","template":"","meta":[],"yst_prominent_words":[9017,6962,6948,6963,6654,6653,9018,6964],"_links":{"self":[{"href":"https:\/\/europeanmoving.co.uk\/es\/wp-json\/wp\/v2\/pages\/9137"}],"collection":[{"href":"https:\/\/europeanmoving.co.uk\/es\/wp-json\/wp\/v2\/pages"}],"about":[{"href":"https:\/\/europeanmoving.co.uk\/es\/wp-json\/wp\/v2\/types\/page"}],"author":[{"embeddable":true,"href":"https:\/\/europeanmoving.co.uk\/es\/wp-json\/wp\/v2\/users\/13"}],"replies":[{"embeddable":true,"href":"https:\/\/europeanmoving.co.uk\/es\/wp-json\/wp\/v2\/comments?post=9137"}],"version-history":[{"count":3,"href":"https:\/\/europeanmoving.co.uk\/es\/wp-json\/wp\/v2\/pages\/9137\/revisions"}],"predecessor-version":[{"id":22192,"href":"https:\/\/europeanmoving.co.uk\/es\/wp-json\/wp\/v2\/pages\/9137\/revisions\/22192"}],"wp:attachment":[{"href":"https:\/\/europeanmoving.co.uk\/es\/wp-json\/wp\/v2\/media?parent=9137"}],"wp:term":[{"taxonomy":"yst_prominent_words","embeddable":true,"href":"https:\/\/europeanmoving.co.uk\/es\/wp-json\/wp\/v2\/yst_prominent_words?post=9137"}],"curies":[{"name":"wp","href":"https:\/\/api.w.org\/{rel}","templated":true}]}}