{"id":8930,"date":"2018-08-17T09:41:49","date_gmt":"2018-08-17T09:41:49","guid":{"rendered":"http:\/\/uk.eum.client.localsearchsyndicate.com\/?page_id=8930"},"modified":"2020-11-03T14:58:10","modified_gmt":"2020-11-03T14:58:10","slug":"consejos-generales-sobre-el-embalaje","status":"publish","type":"page","link":"https:\/\/europeanmoving.co.uk\/es\/movers-guide-table\/consejos-generales-sobre-el-embalaje\/","title":{"rendered":"Consejos del embalaje"},"content":{"rendered":"<h1 class=\"title-heading-left\"><strong><span>Consejos generales de embalaje<\/span><\/strong><\/h1>\n<p><img src=\"https:\/\/europeanmoving.im\/wp-content\/uploads\/2020\/01\/PackingV2.png\" \/><\/p>\n<p><span>Todo el mundo puede empacar, ya que se necesita, ante todo, sentido com\u00fan.\u00a0Sin embargo, el embalaje para el transporte internacional requiere un nivel adicional de protecci\u00f3n.\u00a0En esta p\u00e1gina encontrar\u00e1 algunos consejos de embalaje que esperamos sean de utilidad.<\/span><\/p>\n<h2><strong><span>Consejos de embalaje: etiquetado de sus art\u00edculos<\/span><\/strong><\/h2>\n<p><span>Ya sea que se encargue de la mudanza usted mismo o le pida a European Moving que se encargue de su transporte (consulte los servicios que ofrecemos,\u00a0\u00a0<\/span><a href=\"https:\/\/europeanmoving.co.uk\/international-load-and-go-transport-only-service\/\" target=\"_blank\" rel=\"noopener noreferrer\"><span>Load &amp; Go<\/span><\/a><span>\u00a0\u00a0y\u00a0\u00a0<\/span><a href=\"https:\/\/europeanmoving.info\/basic-international-removal-service\/\" target=\"_blank\" rel=\"noopener noreferrer\"><span>Easymoves<\/span><\/a><span>\u00a0), es una buena pr\u00e1ctica marcar cada casilla con un n\u00famero, su nombre y una lista de su contenido. .\u00a0Codificaci\u00f3n por colores de las etiquetas seg\u00fan la habitaci\u00f3n, con papel de color o cinta de color.<\/span><br \/>\n<span>Independientemente de la empresa que utilice, deber\u00e1 realizar un inventario.\u00a0Deber\u00eda hacer uno incluso si se mueve por su cuenta.\u00a0De esta forma, si una etiqueta est\u00e1 rota o mojada, tendr\u00e1 un papel con el contenido de esas cajas.<\/span><br \/>\n<span>Puede parecer mucho trabajo con poca ganancia: no lo es.\u00a0Ser\u00e1 invaluable en su destino y le evitar\u00e1 abrir todas sus cajas cuando busque un art\u00edculo espec\u00edfico.<\/span><br \/>\n<span>n\u00f3tese bien\u00a0<\/span><b><span>Si reserva sus mercanc\u00edas como carga parcial<\/span><\/b><span>\u00a0, es probable que comparta espacio en la camioneta con los env\u00edos de otras personas.\u00a0Por lo tanto, es esencial que etiquete claramente sus productos con su nombre completo (este tambi\u00e9n debe ser el nombre en la reserva) y la direcci\u00f3n de destino.\u00a0Puedes hacerlo en el formato que elijas, pero lo que sea que decidas necesitas etiquetar tus productos y te recomendamos que utilices el siguiente formato:<\/span><\/p>\n<ul class=\"list-with-tick col4\">\n<li><span>Caja 1 de 20<\/span><\/li>\n<li><span>Nombre del cliente<\/span><\/li>\n<li><span>N\u00famero y nombre de la carretera<\/span><\/li>\n<li><span>Ciudad<\/span><\/li>\n<li><span>Condado<\/span><\/li>\n<li><span>Pa\u00eds<\/span><\/li>\n<li><span>N\u00famero de tel\u00e9fono<\/span><\/li>\n<\/ul>\n<h3><strong><span>Consejos de embalaje: Lista de inventario<\/span><\/strong><\/h3>\n<p><span>Independientemente de la empresa que utilice, deber\u00e1 realizar un inventario.\u00a0Deber\u00eda hacer uno incluso si se mueve por su cuenta.\u00a0De esta forma, si una etiqueta est\u00e1 rota o mojada, tendr\u00e1 un papel con el contenido de esas cajas.<\/span><br \/>\n<span>Puede parecer mucho trabajo con poca ganancia: no lo es.\u00a0Ser\u00e1 invaluable en su destino y le evitar\u00e1 abrir todas sus cajas cuando busque un art\u00edculo espec\u00edfico.<\/span><br \/>\n<span>Le solicitamos que proporcione a su coordinador de mudanzas una lista de inventario de los art\u00edculos de 3 a 5 d\u00edas antes del d\u00eda de recolecci\u00f3n, esto nos ayudar\u00e1 a evaluar el tama\u00f1o de su carga y, con suerte, evitar\u00e1 problemas inesperados durante el d\u00eda.\u00a0Recuerde que no podemos medir el peso de sus productos ya que las cajas y los muebles var\u00edan mucho.<\/span><br \/>\n<span>Tambi\u00e9n le solicitamos que imprima dos copias de su inventario listas para el d\u00eda de la recolecci\u00f3n, una para usted y otra para el conductor.<\/span><br \/>\n<span>Verifique todas las mercanc\u00edas en la camioneta en el lugar de carga y aseg\u00farese de que usted (el cliente) y el conductor firmen ambas copias.\u00a0Esto confirmar\u00e1 que se ha cargado todo lo enumerado.<\/span><br \/>\n<span>Aseg\u00farese de retirar todas las mercanc\u00edas de la camioneta en el lugar de descarga y de que usted (el cliente) y el conductor firmen ambas copias una vez m\u00e1s.<\/span><br \/>\n<strong><span>No firme ning\u00fan documento de entrega si hay alguna discrepancia.\u00a0Una vez que se haya firmado el CMR, no podemos procesar ning\u00fan reclamo.<\/span><\/strong><\/p>\n<h2><strong><span>Consejos de embalaje: pianos<\/span><\/strong><\/h2>\n<p><span>No somos especialistas en mover pianos.\u00a0Por lo tanto, si tiene que mover un piano caro, le recomendamos encarecidamente que utilice una empresa especializada en mudanzas de pianos.<\/span><\/p>\n<p><span>Hemos movido pianos con \u00e9xito y estamos dispuestos a hacerlo.\u00a0Sin embargo, tenga en cuenta lo siguiente:<\/span><\/p>\n<ul>\n<li><span>No asumiremos ninguna responsabilidad por los da\u00f1os.<\/span><\/li>\n<li><span>El cliente deber\u00eda asumir la plena responsabilidad de la carga y descarga, incluidos los carros, rampas, etc.<\/span><\/li>\n<li><span>Nuestras furgonetas no vienen con trampillas elevadoras.\u00a0Debe considerar c\u00f3mo lo subir\u00e1 y bajar\u00e1 del cami\u00f3n, que tiene aproximadamente 1,5 m de altura.<\/span><\/li>\n<li><span>Nuestras furgonetas no llevan mantas m\u00f3viles de serie.\u00a0Necesita comprar algunos propios antes de la recolecci\u00f3n.\u00a0Estos permanecer\u00e1n con usted despu\u00e9s de la entrega.<\/span><\/li>\n<li><span>En la mayor\u00eda de los casos, no podemos apilar sobre el piano.\u00a0Por lo tanto, cualquier espacio arriba o abajo es espacio muerto.\u00a0Sin embargo, tendr\u00eda que pagar por el \u00e1rea no utilizada.<\/span><\/li>\n<li><span>Nuestras camionetas solo vienen con un conductor, as\u00ed que aseg\u00farese de proporcionar la fuerza laboral adecuada.\u00a0Tenga en cuenta el peso del piano.<\/span><\/li>\n<\/ul>\n<h2><strong><span>Consejos de embalaje: muebles<\/span><\/strong><\/h2>\n<p><span>Aseg\u00farese de vaciar todos los cajones y compartimentos.\u00a0Retire los cajones y las puertas y emp\u00e1quelos por separado si esto hace que el art\u00edculo sea demasiado pesado.\u00a0Sus muebles estar\u00e1n sujetos a vibraciones menores, as\u00ed como a limitaciones estructurales de los movimientos de la furgoneta.\u00a0Esto puede hacer que algunos de los tornillos vibren al alejarse de los muebles y da\u00f1ar sus bienes.\u00a0Para evitar esto, le sugerimos que desarme todos los muebles de paquete plano y los empaque en cart\u00f3n.\u00a0Aseg\u00farese de proteger las esquinas adecuadamente para un transporte seguro.\u00a0Ni nuestras aseguradoras ni nosotros aceptaremos responsabilidad por los muebles de paquete plano ensamblados da\u00f1ados durante el transporte.<\/span><\/p>\n<h2><strong><span>Consejos de embalaje: muebles de tela y cuero<\/span><\/strong><\/h2>\n<p><iframe loading=\"lazy\" src=\"https:\/\/www.youtube.com\/embed\/QbT04NwjDWk\" width=\"560\" height=\"315\" frameborder=\"0\" allowfullscreen=\"allowfullscreen\" data-origwidth=\"560\" data-origheight=\"315\" data-mce-fragment=\"1\"><\/iframe><\/p>\n<p><span>Elementos como sof\u00e1s y sillas se rayan y marcan f\u00e1cilmente si no los protege adecuadamente.\u00a0Nuestros conductores tratar\u00e1n su propiedad con el mayor cuidado y consideraci\u00f3n;\u00a0sin embargo, desea que su suite de tres piezas en crema llegue en perfectas condiciones.\u00a0European Moving recomienda encarecidamente que envuelva los muebles en mantas m\u00f3viles, o al menos con pl\u00e1stico de burbujas y l\u00e1minas de pl\u00e1stico de alta resistencia.\u00a0Refuerce todos los rincones con cart\u00f3n o carcasa de pl\u00e1stico.<\/span><br \/>\n<span>Aseg\u00farese de quitar todos los cojines y protegerlos a su satisfacci\u00f3n.\u00a0Los cojines son ideales para llenar el espacio restante en cajas de libros u otros art\u00edculos voluminosos.<\/span><br \/>\n<span>Encontramos este \u00fatil video de YouTube sobre c\u00f3mo empacar muebles de tela y cuero:<\/span><\/p>\n<h2><strong><span>Consejos de embalaje: elecci\u00f3n de los materiales de embalaje<\/span><\/strong><\/h2>\n<p><span>Para hacer un buen trabajo de embalaje, \u00a1debe comenzar con los materiales adecuados!\u00a0Cabe se\u00f1alar que NO proporcionamos mantas de remoci\u00f3n.\u00a0Todas nuestras camionetas vendr\u00e1n con correas para asegurar art\u00edculos m\u00e1s grandes en el veh\u00edculo.<\/span><\/p>\n<p><strong><span>Cajas de almacenamiento de pl\u00e1stico<\/span><\/strong><br \/>\n<span>\u00a1No utilice cajas de almacenamiento de pl\u00e1stico para su mudanza!\u00a0Estas cajas se utilizan para el almacenamiento, ya que suelen ser transparentes y se apilan f\u00e1cilmente, pero no son adecuadas para el transporte.\u00a0Incluso en el almacenamiento, nos encontramos con que no se pueden apilar m\u00e1s de dos de alto sin poner en riesgo la integridad de las tapas, que siempre son muy fr\u00e1giles y se rompen con mucha facilidad.<\/span><br \/>\n<span>Adem\u00e1s, las paredes y la base de pl\u00e1stico son casi siempre demasiado delgadas y tambi\u00e9n muy quebradizas.\u00a0Esto hace que las paredes sean propensas a agrietarse y, lo que es m\u00e1s importante, no permite que \u00abcedan\u00bb lo suficiente, lo que es esencial para proteger las mercanc\u00edas en el interior durante el transporte.\u00a0Tambi\u00e9n es muy dif\u00edcil pegar los bordes con cinta adhesiva correctamente para que no se puedan hacer herm\u00e9ticos, lo cual es otro problema.\u00a0Con un \u00abceder\u00bb insuficiente en las cajas y sin forma de hacerlas herm\u00e9ticas, cada peque\u00f1a vibraci\u00f3n en el viaje se transfiere directamente a los fr\u00e1giles art\u00edculos del interior.<\/span><br \/>\n<b><span>En resumen, no utilice cajas de almacenamiento de pl\u00e1stico para un viaje de 20 km, y mucho menos para un viaje de m\u00e1s de 2000 km.<\/span><\/b><\/p>\n<p><strong><span>Cajas<\/span><\/strong><br \/>\n<span>No tiene sentido invertir mucho tiempo en empacar cuidadosamente sus cajas si ha elegido cajas que son demasiado delgadas o est\u00e1n hechas de pl\u00e1stico quebradizo y no son adecuadas para el transporte.\u00a0Una gran fuente de cajas gratuitas es su supermercado (o farmacia) local.\u00a0A veces, es posible que tenga que ir durante un momento espec\u00edfico del d\u00eda, ya que algunas tiendas de comestibles reciben env\u00edos solo una vez a la semana.<\/span><br \/>\n<span>Re\u00fana cajas grandes y peque\u00f1as y si conoce a alguien que se haya mudado recientemente, preg\u00fantele si puede darle una o dos cajas.\u00a0Est\u00e1 bien usar cajas de segunda mano siempre que est\u00e9n en buenas condiciones, no aplastadas, arrugadas de ninguna manera o da\u00f1adas por la humedad, etc. Deben ser completamente sellables y no abiertas.\u00a0Es mejor no usar cajas m\u00e1s grandes que son demasiado pesadas o dif\u00edciles de transportar.<\/span><br \/>\n<span>Tambi\u00e9n es posible pedir cajas de tama\u00f1o espec\u00edfico para art\u00edculos espec\u00edficos si es necesario (por ejemplo: bicicletas, ca\u00f1as de pescar), aunque la mayor\u00eda de las personas se conforman con cajas normales para evitar el alto costo de pedir una sola vez.<\/span><\/p>\n<p><strong><span>Cinta de embalaje<\/span><\/strong><br \/>\n<span>F\u00e1cil de adquirir en cualquier tienda de bricolaje o papeler\u00eda, por lo que confiamos en que no tendr\u00e1 problemas para encontrar estos suministros.\u00a0La cinta es, por supuesto, fundamental para pegar y sellar las cajas y asegurar los materiales de envoltura protectora en sus muebles.\u00a0Hay varios tipos disponibles, aunque tendemos a usar el tipo m\u00e1s caro porque es m\u00e1s f\u00e1cil de usar (tiende a no romperse ni rasgarse en \u00e1ngulo con tanta frecuencia), est\u00e1 bien usar cinta m\u00e1s barata si lo prefiere, ya que La cinta puede ser muy cara si se compra en peque\u00f1as cantidades.<\/span><\/p>\n<p><strong><span>Papel de embalaje El papel de<\/span><\/strong><br \/>\n<span>embalaje es fundamental para envolver los art\u00edculos fr\u00e1giles antes de colocarlos dentro de las cajas.\u00a0La variedad que se usa con m\u00e1s frecuencia se llama a veces papel de carnicero o papel de \u201cnoticias recortadas\u201d.\u00a0Tenga en cuenta que no es lo mismo que el peri\u00f3dico: no use peri\u00f3dico para envolver art\u00edculos fr\u00e1giles.\u00a0La tinta cubre todo y el papel en s\u00ed no es tan flexible como el papel de carnicero o el papel de seda.\u00a0No se puede arrugar y moldear tan f\u00e1cilmente y no hace un buen trabajo.<\/span><br \/>\n<span>El papel tis\u00fa tambi\u00e9n es muy \u00fatil: es m\u00e1s delgado que las noticias recortadas y viene en dos tipos: tradicional y \u00absin \u00e1cido\u00bb.\u00a0Este \u00faltimo es \u00fatil para envolver cubiertos y ayudar a empacar pinturas al \u00f3leo.\u00a0Cualquiera de estos tres tipos de papel es adecuado; no necesariamente necesita los tres tipos.\u00a0\u00a1No uses peri\u00f3dico!<\/span><\/p>\n<p><strong><span>Pl\u00e1stico de burbujas y espuma<\/span><\/strong><br \/>\n<span>Tambi\u00e9n puede usar pl\u00e1stico de burbujas o espuma para empacar art\u00edculos fr\u00e1giles, pero estos no son absolutamente necesarios.\u00a0Los removedores profesionales tienden a utilizar papel de seda como preferencia en la mayor\u00eda de los casos.\u00a0En ocasiones, puede utilizar materiales de relleno de huecos, pero estos materiales no son absolutamente necesarios si est\u00e1 haciendo su propio embalaje.<\/span><\/p>\n<p><strong><span>Cajas para guardarropas Las cajas para<\/span><\/strong><br \/>\n<span>guardarropas son incre\u00edblemente \u00fatiles, ya que te ahorran tener que doblar toda tu ropa en cajas y volver a plancharla en el otro extremo.\u00a0En cambio, cuelgan de forma segura en una percha durante todo el camino.\u00a0Los materiales de envoltura protectora son esenciales para una adecuada envoltura de exportaci\u00f3n.\u00a0El producto est\u00e1ndar de oro es \u00abmanta de burbujas\u00bb, que es el t\u00e9rmino gen\u00e9rico para la gama Furniguard y Furnisoft de Jiffy.\u00a0Encontramos estos productos excelentes.\u00a0No son tan f\u00e1ciles de encontrar en peque\u00f1os minoristas o centros de almacenamiento.<\/span><br \/>\n<span>Si no tiene un producto tipo Furnisoft, puede utilizar pl\u00e1stico de burbujas.\u00a0Recomendamos utilizar al menos 2 capas m\u00e1s una capa de pl\u00e1stico en el exterior, con el fin de aportar m\u00e1s resistencia al envoltorio.\u00a0El pl\u00e1stico de burbujas solo suele ser demasiado delgado para proporcionar una protecci\u00f3n adecuada por s\u00ed solo, a menos que se envuelva muchas veces.<\/span><br \/>\n<span>Otros materiales \u201cagradables de tener\u201d incluyen protectores de esquinas y cart\u00f3n corrugado.\u00a0Tenga en cuenta nuevamente que la envoltura con mantas por s\u00ed sola no es suficiente para mudanzas de larga distancia al extranjero.\u00a0Las mantas son una herramienta \u00fatil para brindar protecci\u00f3n adicional a los muebles que ya han sido envueltos.<\/span><\/p>\n<h2><strong><span>Consejos de embalaje: art\u00edculos fr\u00e1giles<\/span><\/strong><\/h2>\n<p><span>Muchos de nuestros clientes nos preguntan sobre los m\u00e9todos m\u00e1s adecuados para embalar loza, cristaler\u00eda y adornos fr\u00e1giles.\u00a0Con papel de seda, es posible que necesite una o dos capas adicionales solo porque es m\u00e1s delgado.\u00a0Si est\u00e1 empacando cubiertos o cualquier art\u00edculo con ba\u00f1o de plata, use papel de seda sin \u00e1cido para estos.\u00a0Con art\u00edculos particularmente fr\u00e1giles, est\u00e1 bien usar un poco de pl\u00e1stico de burbujas o espuma, pero no a expensas del papel tis\u00fa, particularmente el \u00abrebote\u00bb arrugado alrededor y entre los art\u00edculos, lo que llena la caja y evita que todo se mueva.<\/span><\/p>\n<h2><strong><span>Consejos de embalaje: muebles de exterior y antena parab\u00f3lica<\/span><\/strong><\/h2>\n<p><span>Aseg\u00farese de que todos los muebles exteriores est\u00e9n separados de la propiedad, desmontados y empaquetados listos para el tr\u00e1nsito antes de que nuestros veh\u00edculos lleguen a su propiedad.\u00a0Recuerde que el embalaje tambi\u00e9n protege los dem\u00e1s elementos de la furgoneta.<\/span><\/p>\n<h2><strong><span>Consejos de embalaje: Aparatos el\u00e9ctricos y de gas<\/span><\/strong><\/h2>\n<p><span>Cuando sea necesario, h\u00e1galo preparar para que lo retire un agente de servicio calificado.\u00a0Es posible que deba desconectar estufas o calentadores, atornillar los motores del refrigerador o los tambores de la lavadora, desmontar los accesorios el\u00e9ctricos (calentadores de pared, relojes el\u00e9ctricos, etc.) que est\u00e1n conectados a la red el\u00e9ctrica o bajar la antena de TV del techo.<\/span><\/p>\n<h2><strong><span>Consejos de embalaje: accesorios y accesorios<\/span><\/strong><\/h2>\n<p><span>T\u00e9cnicamente, se definen como elementos fijados a la pared, el techo o el piso, pero es posible que algunas cosas, como antenas de televisi\u00f3n, secadoras de ropa y calentadores de almacenamiento nocturno, no entren en esta categor\u00eda.\u00a0Lo mejor es hacer que todos estos elementos dudosos sean objeto de un acuerdo formal entre European Moving y usted.\u00a0Tambi\u00e9n merece la pena incluir en el convenio elementos como cocinas empotradas.<\/span><\/p>\n<h2><strong><span>Consejos de embalaje: alfombras y decoraciones<\/span><\/strong><\/h2>\n<p><span>Si va a colocar una alfombra ajustada, pintar o sellar los pisos de la nueva casa, es mejor hacerlo antes de la mudanza.\u00a0Si tiene alfombras, cortinas, fundas para sillas, etc., es una buena idea limpiarlas y \/ o modificarlas con anticipaci\u00f3n.<\/span><\/p>\n<h2><strong><span>Consejos de embalaje: llaves<\/span><\/strong><\/h2>\n<p><span>Los abogados normalmente aconsejan a los clientes que entreguen las llaves solo en o despu\u00e9s de la liquidaci\u00f3n.\u00a0Aunque esto puede ser un inconveniente, evita posibles problemas.\u00a0Su abogado o el agente inmobiliario generalmente pueden ayudarlo a garantizar la entrega de llaves en un momento y lugar convenientes para su horario.\u00a0P\u00f3ngase en contacto con European Moving si hay retrasos con el destino lo antes posible, ya que esto afectar\u00e1 su mudanza.<\/span><\/p>\n<h2><strong><span>Consejos para empacar: Arreglos de viaje personales<\/span><\/strong><\/h2>\n<p><span>\u00bfVas a necesitar alojamiento en un hotel, en ruta o por un par de d\u00edas al otro lado?\u00a0Considere reservar con anticipaci\u00f3n.<\/span><br \/>\n<b><span>No programe su salida inmediatamente despu\u00e9s de la carga, especialmente si est\u00e1 tomando el tren o volando<\/span><\/b><span>\u00a0.\u00a0Se producen retrasos, ya sea por tr\u00e1fico, mano de obra insuficiente, peso excesivo\u2026 No nos hacemos responsables de las consecuencias de los retrasos en la carga o descarga.<\/span><\/p>\n<p><b><span>\u00bfTiene alg\u00fan consejo \u00fatil para compartir?\u00a0<\/span><a href=\"mailto:hello@europeanmoving.eu\"><span>Env\u00edenos<\/span><\/a><span>\u00a0un correo electr\u00f3nico a\u00a0\u00a0<a href=\"mailto:hello@europeanmoving.eu\">hello@europeanmoving.eu<\/a>\u00a0.\u00a0Agregaremos los mejores a nuestra p\u00e1gina de Consejos para empacar.<\/span><\/b><\/p>\n","protected":false},"excerpt":{"rendered":"<p>Consejos generales de embalaje Todo el mundo puede empacar, ya que se necesita, ante todo, sentido com\u00fan.\u00a0Sin embargo, el embalaje para el transporte internacional requiere un nivel adicional de protecci\u00f3n.\u00a0En esta p\u00e1gina encontrar\u00e1 algunos consejos de embalaje que esperamos sean de utilidad. Consejos de embalaje: etiquetado de sus art\u00edculos Ya sea que se encargue de [&hellip;]<\/p>\n","protected":false},"author":13,"featured_media":0,"parent":19701,"menu_order":0,"comment_status":"closed","ping_status":"closed","template":"","meta":[],"yst_prominent_words":[6658,6626,6627,6643,3948,6631,5995,3484,6038,6632,409,6259,6040,6655,6630],"_links":{"self":[{"href":"https:\/\/europeanmoving.co.uk\/es\/wp-json\/wp\/v2\/pages\/8930"}],"collection":[{"href":"https:\/\/europeanmoving.co.uk\/es\/wp-json\/wp\/v2\/pages"}],"about":[{"href":"https:\/\/europeanmoving.co.uk\/es\/wp-json\/wp\/v2\/types\/page"}],"author":[{"embeddable":true,"href":"https:\/\/europeanmoving.co.uk\/es\/wp-json\/wp\/v2\/users\/13"}],"replies":[{"embeddable":true,"href":"https:\/\/europeanmoving.co.uk\/es\/wp-json\/wp\/v2\/comments?post=8930"}],"version-history":[{"count":8,"href":"https:\/\/europeanmoving.co.uk\/es\/wp-json\/wp\/v2\/pages\/8930\/revisions"}],"predecessor-version":[{"id":22117,"href":"https:\/\/europeanmoving.co.uk\/es\/wp-json\/wp\/v2\/pages\/8930\/revisions\/22117"}],"up":[{"embeddable":true,"href":"https:\/\/europeanmoving.co.uk\/es\/wp-json\/wp\/v2\/pages\/19701"}],"wp:attachment":[{"href":"https:\/\/europeanmoving.co.uk\/es\/wp-json\/wp\/v2\/media?parent=8930"}],"wp:term":[{"taxonomy":"yst_prominent_words","embeddable":true,"href":"https:\/\/europeanmoving.co.uk\/es\/wp-json\/wp\/v2\/yst_prominent_words?post=8930"}],"curies":[{"name":"wp","href":"https:\/\/api.w.org\/{rel}","templated":true}]}}