{"id":8909,"date":"2018-08-16T14:50:45","date_gmt":"2018-08-16T14:50:45","guid":{"rendered":"http:\/\/uk.eum.client.localsearchsyndicate.com\/?page_id=8909"},"modified":"2020-09-18T12:22:53","modified_gmt":"2020-09-18T12:22:53","slug":"reservar-su-mudanza-europea","status":"publish","type":"page","link":"https:\/\/europeanmoving.co.uk\/es\/reservar-su-mudanza-europea\/","title":{"rendered":"Como reservar su mudanza europea"},"content":{"rendered":"<div class=\"banner-wrapper\">\n<ul class=\"main-slider\">\n<li>\n<div class=\"container\">\n<div class=\"banner-main first-banner\">\n<div class=\"row d-flex justify-content-between align-items-center w-100\">\n<div class=\"col-md-6\">\n<div class=\"banner-commen-left\"><img class=\"img-fluid\" src=\"https:\/\/europeanmoving.co.uk\/wp-content\/themes\/EuropeanMoving\/img\/first-slide-img-1.png\" \/><\/div>\n<\/div>\n<div class=\"col-md-6\">\n<div class=\"banner-commen-right\">\n<p class=\"pblc\">Complete our simple online enquiry form<\/p>\n<\/div>\n<\/div>\n<\/div>\n<\/div>\n<\/div>\n<\/li>\n<li>\n<div class=\"container\">\n<div class=\"banner-main second-banner\">\n<div class=\"row d-flex justify-content-between align-items-center w-100\">\n<div class=\"col-md-6\">\n<div class=\"banner-commen-left\"><img class=\"img-fluid\" src=\"https:\/\/europeanmoving.co.uk\/wp-content\/themes\/EuropeanMoving\/img\/second-slide-img-1.png\" \/><\/div>\n<\/div>\n<div class=\"col-md-6\">\n<div class=\"banner-commen-right\"><img class=\"img-fluid\" src=\"https:\/\/europeanmoving.co.uk\/wp-content\/themes\/EuropeanMoving\/img\/second-slide-img-2.png\" \/><\/div>\n<\/div>\n<\/div>\n<\/div>\n<\/div>\n<\/li>\n<li>\n<div class=\"container\">\n<div class=\"banner-main second-banner\">\n<div class=\"row d-flex justify-content-between align-items-center w-100\">\n<div class=\"col-md-6\">\n<div class=\"banner-commen-left\"><img class=\"img-fluid\" src=\"https:\/\/europeanmoving.co.uk\/wp-content\/themes\/EuropeanMoving\/img\/third-slide-img-1.png\" \/><\/div>\n<\/div>\n<div class=\"col-md-6\">\n<div class=\"banner-commen-right\"><img class=\"img-fluid\" src=\"https:\/\/europeanmoving.co.uk\/wp-content\/themes\/EuropeanMoving\/img\/third-slide-img-2.png\" \/><\/div>\n<\/div>\n<\/div>\n<\/div>\n<\/div>\n<\/li>\n<li>\n<div class=\"container\">\n<div class=\"banner-main fourth-banner\">\n<div class=\"row d-flex justify-content-between align-items-center w-100\">\n<div class=\"col-md-6\">\n<div class=\"banner-commen-left\"><center><\/p>\n<p class=\"pblc\">If you are happy,<br \/>\napprove the quote<\/p>\n<p>&nbsp;<\/p>\n<p><\/center><\/div>\n<\/div>\n<div class=\"col-md-6\">\n<div class=\"banner-commen-right\"><img class=\"img-fluid\" src=\"https:\/\/europeanmoving.co.uk\/wp-content\/themes\/EuropeanMoving\/img\/fourth-slide-img-2.png\" \/><\/div>\n<\/div>\n<\/div>\n<\/div>\n<\/div>\n<\/li>\n<li>\n<div class=\"container\">\n<div class=\"banner-main fifth-banner\">\n<div class=\"row d-flex justify-content-between align-items-center w-100\">\n<div class=\"col-md-4\">\n<div class=\"banner-commen-left\"><img class=\"img-fluid\" src=\"https:\/\/europeanmoving.co.uk\/wp-content\/themes\/EuropeanMoving\/img\/five-slide-img-1.png\" \/><\/div>\n<\/div>\n<div class=\"col-md-8\">\n<div class=\"banner-commen-right\"><img class=\"img-fluid\" src=\"https:\/\/europeanmoving.co.uk\/wp-content\/themes\/EuropeanMoving\/img\/five-slide-img-2.png\" \/><\/div>\n<\/div>\n<\/div>\n<\/div>\n<\/div>\n<\/li>\n<li>\n<div class=\"container\">\n<div class=\"banner-main sixth-banner\">\n<div class=\"row d-flex justify-content-between align-items-center w-100\">\n<div class=\"col-md-7\">\n<div class=\"banner-commen-left\"><img class=\"img-fluid\" src=\"https:\/\/europeanmoving.co.uk\/wp-content\/themes\/EuropeanMoving\/img\/six-slide-img-1.png\" \/><\/div>\n<\/div>\n<div class=\"col-md-5\">\n<div class=\"banner-commen-right\"><img class=\"img-fluid\" src=\"https:\/\/europeanmoving.co.uk\/wp-content\/themes\/EuropeanMoving\/img\/six-slide-img-2.png\" \/><\/div>\n<\/div>\n<\/div>\n<\/div>\n<\/div>\n<\/li>\n<li>\n<div class=\"container\">\n<div class=\"banner-main seven-banner\">\n<div class=\"row d-flex justify-content-between align-items-center w-100\">\n<div class=\"col-md-5\">\n<div class=\"banner-commen-left\"><img class=\"img-fluid\" src=\"https:\/\/europeanmoving.co.uk\/wp-content\/themes\/EuropeanMoving\/img\/seven-slide-img-1.png\" \/><\/div>\n<\/div>\n<div class=\"col-md-7\">\n<div class=\"banner-commen-right\"><img class=\"img-fluid\" src=\"https:\/\/europeanmoving.co.uk\/wp-content\/themes\/EuropeanMoving\/img\/seven-slide-img-2.png\" \/><\/div>\n<\/div>\n<\/div>\n<\/div>\n<\/div>\n<\/li>\n<li>\n<div class=\"container\">\n<div class=\"banner-main eight-banner\">\n<div class=\"row d-flex justify-content-between align-items-center w-100\">\n<div class=\"col-md-12\">\n<div class=\"banner-commen-left\"><img class=\"img-fluid\" src=\"https:\/\/europeanmoving.co.uk\/wp-content\/themes\/EuropeanMoving\/img\/eight-slide-img-1.png\" \/><\/div>\n<\/div>\n<\/div>\n<\/div>\n<\/div>\n<\/li>\n<li>\n<div class=\"container\">\n<div class=\"banner-main nine-banner\">\n<div class=\"row d-flex justify-content-between align-items-center w-100\">\n<div class=\"col-md-12\">\n<div class=\"banner-commen-left\"><img class=\"img-fluid\" src=\"https:\/\/europeanmoving.co.uk\/wp-content\/themes\/EuropeanMoving\/img\/nine-slide-img-1.png\" \/><\/div>\n<\/div>\n<\/div>\n<\/div>\n<\/div>\n<\/li>\n<li>\n<div class=\"container\">\n<div class=\"banner-main nine-banner\">\n<div class=\"row d-flex justify-content-between align-items-center w-100\">\n<div class=\"col-md-12\">\n<div class=\"banner-commen-left\"><img class=\"img-fluid\" src=\"https:\/\/europeanmoving.co.uk\/wp-content\/themes\/EuropeanMoving\/img\/ten-slide-img-11.png\" \/><\/div>\n<\/div>\n<\/div>\n<\/div>\n<\/div>\n<\/li>\n<\/ul>\n<\/div>\n<p style=\"text-align: justify;\"><strong><span>Usar la plataforma europea de mudanzas es f\u00e1cil.\u00a0Nuestros experimentados coordinadores de mudanzas intentar\u00e1n enviarle un presupuesto en 24 horas.\u00a0Si a\u00fan no sabe cu\u00e1nto tiene que moverse, no se preocupe, esto siempre se puede cambiar.\u00a0\u00a1Siga nuestro sencillo proceso de 10 pasos desde la recogida hasta la entrega!<\/span><\/strong><\/p>\n<div class=\"row\">\n<div class=\"col-sm-6\">\n<div class=\"zig\"><img src=\"https:\/\/europeanmoving.im\/wp-content\/uploads\/2018\/07\/FrameVisuals-WhiteBG_Frame1.jpg\" \/><\/div>\n<p>&nbsp;<\/p>\n<\/div>\n<div class=\"col-sm-6\">\n<div class=\"zag\">\n<p><strong><span class=\"num\"><span>1.<\/span><\/span><span>Simplemente complete el formulario de cotizaci\u00f3n r\u00e1pida anterior.\u00a0Alternativamente, si prefiere hablar con alguien directamente, puede llamarnos al +44 (0) 203966 2905 o utilizar nuestro servicio de chat en l\u00ednea en la parte inferior de la p\u00e1gina.<\/span><\/strong><\/p>\n<p>&nbsp;<\/p>\n<\/div>\n<p>&nbsp;<\/p>\n<\/div>\n<div class=\"col-sm-6\">\n<div class=\"zag\">\n<p><strong><span class=\"num\"><span>2.<\/span><\/span><span>Elija el servicio que necesita, EasyMoves o Load &amp; Go.\u00a0Los detalles de ambos se pueden encontrar en nuestra pesta\u00f1a &#8216;Servicios&#8217; en la parte superior de la p\u00e1gina.\u00a0Si tiene alguna pregunta, tambi\u00e9n puede consultar nuestras preguntas frecuentes.<\/span><\/strong><\/p>\n<p>&nbsp;<\/p>\n<\/div>\n<p>&nbsp;<\/p>\n<\/div>\n<div class=\"col-sm-6\">\n<div class=\"zig\"><img src=\"https:\/\/europeanmoving.im\/wp-content\/uploads\/2018\/07\/FrameVisuals-WhiteBG_Frame2.jpg\" \/><\/div>\n<p>&nbsp;<\/p>\n<\/div>\n<div class=\"col-sm-6\">\n<div class=\"zig\"><img src=\"https:\/\/europeanmoving.im\/wp-content\/uploads\/2018\/12\/slide-3.jpg\" \/><\/div>\n<p>&nbsp;<\/p>\n<\/div>\n<div class=\"col-sm-6\">\n<div class=\"zag\">\n<p><strong><span class=\"num\"><span>3.<\/span><\/span><span>Puede discutir su mudanza con m\u00e1s detalle utilizando uno de nuestros amables servicios de contacto, ya sea por tel\u00e9fono, chat en vivo o por correo electr\u00f3nico.\u00a0Nuestro equipo est\u00e1 disponible para responder cualquier pregunta que pueda tener.<\/span><\/strong><\/p>\n<p>&nbsp;<\/p>\n<\/div>\n<p>&nbsp;<\/p>\n<\/div>\n<div class=\"col-sm-6\">\n<div class=\"zag\">\n<p><strong><span class=\"num\"><span>4.<\/span><\/span><span>Una vez que est\u00e9 satisfecho de continuar, puede aprobar la cotizaci\u00f3n usted mismo simplemente haciendo clic en el \u00abbot\u00f3n de aprobaci\u00f3n\u00bb.\u00a0Tambi\u00e9n puede pedirle a su coordinador de mudanzas que lo haga por usted.<\/span><\/strong><\/p>\n<p>&nbsp;<\/p>\n<\/div>\n<p>&nbsp;<\/p>\n<\/div>\n<div class=\"col-sm-6\">\n<div class=\"zig\"><img src=\"https:\/\/europeanmoving.im\/wp-content\/uploads\/2018\/07\/FrameVisuals-WhiteBG_Frame3.jpg\" \/><\/div>\n<p>&nbsp;<\/p>\n<\/div>\n<div class=\"col-sm-6\">\n<div class=\"zig\"><img src=\"https:\/\/europeanmoving.im\/wp-content\/uploads\/2018\/07\/FrameVisuals-WhiteBG_Frame4.jpg\" \/><\/div>\n<p>&nbsp;<\/p>\n<\/div>\n<div class=\"col-sm-6\">\n<div class=\"zag\">\n<p><strong><span class=\"num\"><span>5.<\/span><\/span><span>Puede pagar su dep\u00f3sito de \u00a3 50 \/ \u20ac 50 por tel\u00e9fono con una tarjeta de cr\u00e9dito \/ d\u00e9bito o por PayPal, lo que sea m\u00e1s conveniente para usted.\u00a0No lo olvide, si cambia de opini\u00f3n, su dep\u00f3sito ser\u00e1 reembolsado en su totalidad.<\/span><\/strong><\/p>\n<p>&nbsp;<\/p>\n<\/div>\n<p>&nbsp;<\/p>\n<\/div>\n<div class=\"col-sm-6\">\n<div class=\"zag\">\n<p><strong><span class=\"num\"><span>6.<\/span><\/span><span>Env\u00edenos una copia de su inventario 3-5 d\u00edas antes de la recolecci\u00f3n, su coordinador de mudanza lo revisar\u00e1 para evitar sorpresas inesperadas durante el d\u00eda.\u00a0Agradecemos que est\u00e9 empacando hasta el \u00faltimo minuto, pero un inventario casi completo estar\u00e1 bien.\u00a0Tambi\u00e9n deber\u00e1 preparar 2 copias impresas listas para el d\u00eda de la recolecci\u00f3n, estas deben ser definitivas y precisas.<\/span><\/strong><\/p>\n<p>&nbsp;<\/p>\n<\/div>\n<p>&nbsp;<\/p>\n<\/div>\n<div class=\"col-sm-6\">\n<div class=\"zig\"><img src=\"https:\/\/europeanmoving.im\/wp-content\/uploads\/2018\/12\/slide-6.jpg\" \/><\/div>\n<p>&nbsp;<\/p>\n<\/div>\n<div class=\"col-sm-6\">\n<div class=\"zig\"><img src=\"https:\/\/europeanmoving.im\/wp-content\/uploads\/2018\/07\/UM-FramesWhiteBGFR_Frame6.jpg\" \/><\/div>\n<p>&nbsp;<\/p>\n<\/div>\n<div class=\"col-sm-6\">\n<div class=\"zag\">\n<p><strong><span class=\"num\"><span>7.<\/span><\/span><span>Una vez que haya confirmado sus fechas y firmado su resumen del contrato de servicio, uno de nuestros conductores aprobados ser\u00e1 asignado a su reserva.<\/span><\/strong><\/p>\n<p>&nbsp;<\/p>\n<\/div>\n<p>&nbsp;<\/p>\n<\/div>\n<div class=\"col-sm-6\">\n<div class=\"zag\">\n<p><strong><span class=\"num\"><span>8.<\/span><\/span><span>El pago del saldo final vence 14 d\u00edas antes del cobro y deber\u00e1 pagarse mediante transferencia bancaria.\u00a0Todos estos detalles se pueden encontrar en su factura, tambi\u00e9n se le enviar\u00e1 un recordatorio en caso de que se le olvide.<\/span><\/strong><\/p>\n<p>&nbsp;<\/p>\n<\/div>\n<p>&nbsp;<\/p>\n<\/div>\n<div class=\"col-sm-6\">\n<div class=\"zig\"><img src=\"https:\/\/europeanmoving.im\/wp-content\/uploads\/2018\/12\/slide-8-1.jpg\" \/><\/div>\n<p>&nbsp;<\/p>\n<\/div>\n<div class=\"col-sm-6\">\n<div class=\"zig\"><img src=\"https:\/\/europeanmoving.im\/wp-content\/uploads\/2018\/07\/FrameVisuals-WhiteBG_Frame9.jpg\" \/><\/div>\n<p>&nbsp;<\/p>\n<\/div>\n<div class=\"col-sm-6\">\n<div class=\"zag\">\n<p><strong><span class=\"num\"><span>9.<\/span><\/span><span>Una vez que llegue su conductor, aseg\u00farese de tener dos copias impresas de su inventario a mano, una para usted y otra para el conductor.\u00a0Todos los bienes deben ser revisados \u200b\u200bdentro y fuera de la (s) camioneta (s) y usted y el conductor deben firmar el inventario.\u00a0Para cargas parciales, tambi\u00e9n deber\u00e1 asegurarse de que cada caja o art\u00edculo est\u00e9 etiquetado y corresponda a su inventario.<\/span><\/strong><\/p>\n<p>&nbsp;<\/p>\n<\/div>\n<p>&nbsp;<\/p>\n<\/div>\n<div class=\"col-sm-6\">\n<div class=\"zag\">\n<p><strong><span class=\"num\"><span>10.<\/span><\/span><span>Una vez que hayamos recibido una notificaci\u00f3n suya o del conductor de que todos sus productos han sido entregados, le enviaremos un enlace para calificar a nuestro conductor y nuestros servicios al cliente.\u00a0\u00a1Ofrecemos un reembolso de 50 \u00a3 \/ 50 \u20ac por todas las rese\u00f1as justas que queden!<\/span><\/strong><\/p>\n<p>&nbsp;<\/p>\n<\/div>\n<p>&nbsp;<\/p>\n<\/div>\n<div class=\"col-sm-6\">\n<div class=\"zig\"><img src=\"https:\/\/europeanmoving.im\/wp-content\/uploads\/2018\/07\/FrameVisuals-WhiteBG_Frame10.jpg\" \/><\/div>\n<\/div>\n<\/div>\n","protected":false},"excerpt":{"rendered":"<p>Complete our simple online enquiry form If you are happy, approve the quote &nbsp; Usar la plataforma europea de mudanzas es f\u00e1cil.\u00a0Nuestros experimentados coordinadores de mudanzas intentar\u00e1n enviarle un presupuesto en 24 horas.\u00a0Si a\u00fan no sabe cu\u00e1nto tiene que moverse, no se preocupe, esto siempre se puede cambiar.\u00a0\u00a1Siga nuestro sencillo proceso de 10 pasos desde [&hellip;]<\/p>\n","protected":false},"author":13,"featured_media":0,"parent":0,"menu_order":0,"comment_status":"closed","ping_status":"closed","template":"","meta":[],"yst_prominent_words":[3948,6124,6690,3484,409,3950,6056,11087,11080,7005],"_links":{"self":[{"href":"https:\/\/europeanmoving.co.uk\/es\/wp-json\/wp\/v2\/pages\/8909"}],"collection":[{"href":"https:\/\/europeanmoving.co.uk\/es\/wp-json\/wp\/v2\/pages"}],"about":[{"href":"https:\/\/europeanmoving.co.uk\/es\/wp-json\/wp\/v2\/types\/page"}],"author":[{"embeddable":true,"href":"https:\/\/europeanmoving.co.uk\/es\/wp-json\/wp\/v2\/users\/13"}],"replies":[{"embeddable":true,"href":"https:\/\/europeanmoving.co.uk\/es\/wp-json\/wp\/v2\/comments?post=8909"}],"version-history":[{"count":6,"href":"https:\/\/europeanmoving.co.uk\/es\/wp-json\/wp\/v2\/pages\/8909\/revisions"}],"predecessor-version":[{"id":22362,"href":"https:\/\/europeanmoving.co.uk\/es\/wp-json\/wp\/v2\/pages\/8909\/revisions\/22362"}],"wp:attachment":[{"href":"https:\/\/europeanmoving.co.uk\/es\/wp-json\/wp\/v2\/media?parent=8909"}],"wp:term":[{"taxonomy":"yst_prominent_words","embeddable":true,"href":"https:\/\/europeanmoving.co.uk\/es\/wp-json\/wp\/v2\/yst_prominent_words?post=8909"}],"curies":[{"name":"wp","href":"https:\/\/api.w.org\/{rel}","templated":true}]}}