{"id":8655,"date":"2018-08-10T11:21:44","date_gmt":"2018-08-10T11:21:44","guid":{"rendered":"https:\/\/europeanmoving.co.uk\/?page_id=8655"},"modified":"2020-09-16T12:05:01","modified_gmt":"2020-09-16T12:05:01","slug":"international-events-logistics-transport","status":"publish","type":"page","link":"https:\/\/europeanmoving.co.uk\/es\/international-events-logistics-transport\/","title":{"rendered":"Log\u00edstica y transporte de eventos internacionales"},"content":{"rendered":"<p><strong><span>Log\u00edstica y Transporte de Eventos Internacionales\u00a0<\/span><\/strong><\/p>\n<p><span lang=\"en\"><span>Este servicio se especializa en el transporte de eventos europeos e internacionales con oficinas en toda Europa.\u00a0Hemos estado presentes durante m\u00e1s de 20 a\u00f1os en el negocio como partes interesadas y trabajando en la industria de eventos en vivo.\u00a0Ofrecemos servicios log\u00edsticos de bajo costo en:<\/span><\/span><\/p>\n<ul class=\"list-with-tick col3\">\n<li><span>M\u00fasica y entretenimiento<\/span><\/li>\n<li><span>Festivales y discotecas<\/span><\/li>\n<li><span>Eventos corporativos<\/span><\/li>\n<li><span>Espect\u00e1culos de teatro<\/span><\/li>\n<li><span>Fiestas y Ferias<\/span><\/li>\n<li><span>Tours promocionales<\/span><\/li>\n<li><span>Eventos emergentes<\/span><\/li>\n<li><span>Conferencias<\/span><\/li>\n<li><span>Ceremonias de premios<\/span><\/li>\n<li><span>Fiestas y celebraciones<\/span><\/li>\n<\/ul>\n<p class=\"tw-data-text tw-ta tw-text-small\"><span lang=\"en\"><span>Cualesquiera que sean sus necesidades, nuestro personal experimentado le dar\u00e1 tranquilidad.\u00a0Nuestros servicios se prestan en Francia, Reino Unido, Alemania, Irlanda, Irlanda del Norte y Espa\u00f1a.\u00a0Otros destinos incluyen las Islas Caries y las Islas Baleares, B\u00e9lgica, Dinamarca, Estonia, Luxemburgo, Pa\u00edses Bajos, Polonia, Austria, Bulgaria y Croacia.\u00a0Para obtener una lista completa de ubicaciones, visite nuestra p\u00e1gina Gu\u00eda de mudanzas.<\/span><\/span><span lang=\"en\"><span>Nuestros clientes se encuentran entre los m\u00e1s reconocidos en el mundo de los negocios, el entretenimiento y la m\u00fasica y con experiencia en la producci\u00f3n y gesti\u00f3n de conciertos y espect\u00e1culos.\u00a0Entendemos la complejidad de organizar y gestionar todos los eventos en esta \u00e1rea.\u00a0Nuestra filosof\u00eda es brindar las mejores soluciones y asegurarnos de que su evento sea un \u00e9xito.\u00a0Sabemos que los eventos en vivo requieren entregas y recolecciones urgentes y nos enorgullecemos de ser confiables y trabajar de manera segura.\u00a0Nuestra reputaci\u00f3n de excelencia es la clave de nuestro \u00e9xito.<\/span><\/span><\/p>\n<p id=\"tw-target-text\" class=\"tw-data-text tw-ta tw-text-small\"><span lang=\"en\"><span>Gracias a nuestra red log\u00edstica europea establecida, podemos proporcionar un servicio completo de principio a fin para que su evento se desarrolle sin problemas.\u00a0Tambi\u00e9n podemos organizar el alquiler de aviones, adem\u00e1s, podemos proporcionar contenedores para el transporte mar\u00edtimo si lo necesita.\u00a0Para obtener m\u00e1s informaci\u00f3n sobre nuestros eventos de transporte, complete nuestro formulario de contacto o ll\u00e1menos.<\/span><\/span><\/p>\n","protected":false},"excerpt":{"rendered":"<p>Log\u00edstica y Transporte de Eventos Internacionales\u00a0 Este servicio se especializa en el transporte de eventos europeos e internacionales con oficinas en toda Europa.\u00a0Hemos estado presentes durante m\u00e1s de 20 a\u00f1os en el negocio como partes interesadas y trabajando en la industria de eventos en vivo.\u00a0Ofrecemos servicios log\u00edsticos de bajo costo en: M\u00fasica y entretenimiento Festivales [&hellip;]<\/p>\n","protected":false},"author":13,"featured_media":0,"parent":0,"menu_order":0,"comment_status":"closed","ping_status":"closed","template":"","meta":[],"yst_prominent_words":[6361,6305,6038,6164,6362,9336,6214,15235,9335,6253,7080],"_links":{"self":[{"href":"https:\/\/europeanmoving.co.uk\/es\/wp-json\/wp\/v2\/pages\/8655"}],"collection":[{"href":"https:\/\/europeanmoving.co.uk\/es\/wp-json\/wp\/v2\/pages"}],"about":[{"href":"https:\/\/europeanmoving.co.uk\/es\/wp-json\/wp\/v2\/types\/page"}],"author":[{"embeddable":true,"href":"https:\/\/europeanmoving.co.uk\/es\/wp-json\/wp\/v2\/users\/13"}],"replies":[{"embeddable":true,"href":"https:\/\/europeanmoving.co.uk\/es\/wp-json\/wp\/v2\/comments?post=8655"}],"version-history":[{"count":3,"href":"https:\/\/europeanmoving.co.uk\/es\/wp-json\/wp\/v2\/pages\/8655\/revisions"}],"predecessor-version":[{"id":21992,"href":"https:\/\/europeanmoving.co.uk\/es\/wp-json\/wp\/v2\/pages\/8655\/revisions\/21992"}],"wp:attachment":[{"href":"https:\/\/europeanmoving.co.uk\/es\/wp-json\/wp\/v2\/media?parent=8655"}],"wp:term":[{"taxonomy":"yst_prominent_words","embeddable":true,"href":"https:\/\/europeanmoving.co.uk\/es\/wp-json\/wp\/v2\/yst_prominent_words?post=8655"}],"curies":[{"name":"wp","href":"https:\/\/api.w.org\/{rel}","templated":true}]}}