{"id":8640,"date":"2018-08-10T10:06:59","date_gmt":"2018-08-10T10:06:59","guid":{"rendered":"https:\/\/europeanmoving.co.uk\/?page_id=8640"},"modified":"2020-11-03T14:54:55","modified_gmt":"2020-11-03T14:54:55","slug":"european-and-international-marine-transport","status":"publish","type":"page","link":"https:\/\/europeanmoving.co.uk\/es\/european-and-international-marine-transport\/","title":{"rendered":"Transporte Mar\u00edtimo Europeo e Internacional"},"content":{"rendered":"<h1 class=\"title-heading-left\"><strong><span>Transporte de piezas mar\u00edtimas europeas<\/span><\/strong><\/h1>\n<p><span>El transporte europeo de piezas mar\u00edtimas se est\u00e1 desarrollando a un ritmo muy r\u00e1pido, ya que la demanda de piezas de segunda mano ha aumentado considerablemente.<\/span><\/p>\n<p><strong><span>Transporte mar\u00edtimo europeo de piezas: \u00bfpara qu\u00e9?<\/span><\/strong><br \/>\n<span>Hoy en d\u00eda participamos en actividades acu\u00e1ticas m\u00e1s que nunca, desde peque\u00f1as embarcaciones para pescar como pasatiempo hasta el jetski como parte de un negocio de verano.\u00a0En consecuencia, el mantenimiento de cada pasatiempo o negocio requiere una selecci\u00f3n de materiales adecuados, preferiblemente a un precio razonable.<\/span><br \/>\n<span>Afortunadamente, el mercado ofrece a los clientes una amplia gama de productos para satisfacer sus necesidades.\u00a0Sin embargo, a veces no se trata de encontrar la pieza adecuada, sino de los medios para transportarla de un lugar a otro.<\/span><br \/>\n<span>Si bien algunos de los nombres notables en la industria brindan sus propios servicios de transporte, esto no siempre se aplica a empresas m\u00e1s peque\u00f1as o particulares.\u00a0La mejor opci\u00f3n es encontrar una empresa de transporte confiable con experiencia en el campo.\u00a0Es una tarea m\u00e1s f\u00e1cil de lo que parece.<\/span><br \/>\n<span>Aqu\u00ed es donde nuestro servicio europeo de transporte de piezas marinas puede ayudar.\u00a0Ya sea un motor fuera de borda o un equipo de pesca, transportaremos todas las piezas necesarias a su ubicaci\u00f3n.\u00a0Ser\u00e1 seguro y econ\u00f3mico.\u00a0\u00a1Y eso no es todo!<\/span><br \/>\n<span>Es posible que sea usted quien est\u00e9 vendiendo piezas marinas y est\u00e9 considerando expandir el negocio a los mercados de toda Europa.\u00a0De ser as\u00ed, nos ocuparemos del transporte internacional en las mismas buenas condiciones.<\/span><\/p>\n<p><strong><span>Transporte mar\u00edtimo europeo de piezas: \u00bfc\u00f3mo funciona?<\/span><\/strong><br \/>\n<span>Es una venta fluida.<\/span><br \/>\n<span>Simplemente complete el formulario en l\u00ednea o ll\u00e1menos.\u00a0Nuestro dedicado equipo de coordinadores de transporte tomar\u00e1 sus datos y le dar\u00e1 un presupuesto gratuito para sus necesidades.\u00a0Nuestros conductores recorren Europa todos los d\u00edas.\u00a0Eso significa que estamos en una oportunidad para recoger su motor o su equipo de pesca del Reino Unido y traerlo a Espa\u00f1a, o de Alemania a Grecia.<\/span><\/p>\n<p><span>Si el mar es su pasi\u00f3n, estamos aqu\u00ed para ayudarlo a perseguirlo.<\/span><\/p>\n","protected":false},"excerpt":{"rendered":"<p>Transporte de piezas mar\u00edtimas europeas El transporte europeo de piezas mar\u00edtimas se est\u00e1 desarrollando a un ritmo muy r\u00e1pido, ya que la demanda de piezas de segunda mano ha aumentado considerablemente. Transporte mar\u00edtimo europeo de piezas: \u00bfpara qu\u00e9? Hoy en d\u00eda participamos en actividades acu\u00e1ticas m\u00e1s que nunca, desde peque\u00f1as embarcaciones para pescar como pasatiempo [&hellip;]<\/p>\n","protected":false},"author":13,"featured_media":0,"parent":0,"menu_order":0,"comment_status":"closed","ping_status":"closed","template":"","meta":[],"yst_prominent_words":[5877,6240,6043,6257,6205,15861,6206,6253,6204,6203],"_links":{"self":[{"href":"https:\/\/europeanmoving.co.uk\/es\/wp-json\/wp\/v2\/pages\/8640"}],"collection":[{"href":"https:\/\/europeanmoving.co.uk\/es\/wp-json\/wp\/v2\/pages"}],"about":[{"href":"https:\/\/europeanmoving.co.uk\/es\/wp-json\/wp\/v2\/types\/page"}],"author":[{"embeddable":true,"href":"https:\/\/europeanmoving.co.uk\/es\/wp-json\/wp\/v2\/users\/13"}],"replies":[{"embeddable":true,"href":"https:\/\/europeanmoving.co.uk\/es\/wp-json\/wp\/v2\/comments?post=8640"}],"version-history":[{"count":2,"href":"https:\/\/europeanmoving.co.uk\/es\/wp-json\/wp\/v2\/pages\/8640\/revisions"}],"predecessor-version":[{"id":22016,"href":"https:\/\/europeanmoving.co.uk\/es\/wp-json\/wp\/v2\/pages\/8640\/revisions\/22016"}],"wp:attachment":[{"href":"https:\/\/europeanmoving.co.uk\/es\/wp-json\/wp\/v2\/media?parent=8640"}],"wp:term":[{"taxonomy":"yst_prominent_words","embeddable":true,"href":"https:\/\/europeanmoving.co.uk\/es\/wp-json\/wp\/v2\/yst_prominent_words?post=8640"}],"curies":[{"name":"wp","href":"https:\/\/api.w.org\/{rel}","templated":true}]}}