{"id":8620,"date":"2018-08-10T09:51:06","date_gmt":"2018-08-10T09:51:06","guid":{"rendered":"https:\/\/europeanmoving.co.uk\/?page_id=8620"},"modified":"2020-09-16T11:57:46","modified_gmt":"2020-09-16T11:57:46","slug":"transporte-producciones-cinematograficas-europea","status":"publish","type":"page","link":"https:\/\/europeanmoving.co.uk\/es\/transporte-producciones-cinematograficas-europea\/","title":{"rendered":"Transporte de producci\u00f3nes cinematogr\u00e1ficas europea e internacional"},"content":{"rendered":"<p><strong>Ser el director de transporte de un set de rodaje europeo es un trabajo duro.\u00a0<\/strong>Ya sea que est\u00e9 haciendo un \u00e9xito de taquilla de Hollywood o un comercial de quince segundos, tendr\u00e1 que llevar a todos esos actores, operadores de c\u00e1mara, directores y maquilladores al mismo lugar al mismo tiempo.\u00a0Y luego est\u00e1 todo el equipo, alojamiento y catering a considerar.\u00a0En consecuencia, las entregas retrasadas causan estr\u00e9s y cuestan dinero, y como tales, son la pesadilla de la vida profesional de cualquier cineasta.\u00a0\u00bfNo ser\u00eda mejor si hubiera una empresa de log\u00edstica europea de confianza disponible para echar una mano?<br \/>\nAh\u00ed es donde entramos nosotros. Hemos estado en el juego de las mudanzas europeas desde 2010 y tenemos experiencia en log\u00edstica y transporte que se remonta a a\u00f1os antes.\u00a0Junto con muchos otros tipos de mudanzas, ofrecemos un transporte de producci\u00f3n de pel\u00edculas europeas, incluidas las mudanzas internacionales.\u00a0Lo ayudaremos a llevar todo su personal y materiales a donde deben estar, y ofrecemos un almacenamiento seguro que proteger\u00e1 incluso los accesorios m\u00e1s grandes y delicados.\u00a0Nuestra red de socios nos permite fletar transporte profesional por tierra, mar o aire, mientras que nuestro equipo multiling\u00fce negociar\u00e1 cualquier obst\u00e1culo aduanero en su nombre.<br \/>\nSi est\u00e1 filmando en medio de una ciudad europea, no hay problema: tenemos dep\u00f3sitos a poca distancia de cada uno de ellos.\u00a0Pero, \u00bfqu\u00e9 pasa si necesita empacar a todos y moverse para fotografiar una isla mediterr\u00e1nea o un albergue de esqu\u00ed escandinavo?\u00a0Nuestros conductores podr\u00e1n llevarlo a cualquier lugar.\u00a0Cada uno est\u00e1 equipado con navegaci\u00f3n por sat\u00e9lite que los evaluar\u00e1 de los problemas de tr\u00e1fico y les proporcionar\u00e1 una ruta a su alrededor.\u00a0De esa manera, podr\u00e1 estar al tanto de cualquier retraso y tendr\u00e1 informaci\u00f3n actualizada sobre cada env\u00edo.\u00a0Con la ayuda de nuestro transporte de producci\u00f3n cinematogr\u00e1fica europea, mudarse a cualquier parte de Europa no tiene por qu\u00e9 ser un problema.<\/p>\n<h2><strong>Ubicaciones que transportamos desde y hacia<\/strong><\/h2>\n<p>Si necesita una soluci\u00f3n log\u00edstica europea para su pel\u00edcula, \u00bfpor qu\u00e9 no trabaja con nosotros?\u00a0Nuestra oficina cuenta con personal amable y conocedor que responder\u00e1 con gusto a sus consultas.\u00a0Nuestro servicio de transporte de producci\u00f3n cinematogr\u00e1fica europea e internacional est\u00e1 disponible para la UE, el Reino Unido y algunos pa\u00edses m\u00e1s.<\/p>\n<h2><strong>En concreto, enviamos a los siguientes lugares:<\/strong><\/h2>\n<ul class=\"list-with-tick\">\n<li>Austria y B\u00e9lgica<\/li>\n<li>Lituania y Luxemburgo<\/li>\n<li>Bulgaria y Croacia<\/li>\n<li>Malta y Holanda<\/li>\n<li>Chipre y Chequia<\/li>\n<li>Irlanda del Norte y Noruega<\/li>\n<li>Dinamarca y Estonia<\/li>\n<li>Polonia y Portugal<\/li>\n<li>Finlandia y Francia<\/li>\n<li>Ruman\u00eda y Espa\u00f1a<\/li>\n<li>Alemania y Grecia<\/li>\n<li>Eslovaquia y Eslovenia<\/li>\n<li>Hungr\u00eda e Irlanda<\/li>\n<li>Suecia, Suiza y Reino Unido<\/li>\n<li>Italia y Letonia<\/li>\n<li>Canarias y Baleares<\/li>\n<\/ul>\n","protected":false},"excerpt":{"rendered":"<p>Ser el director de transporte de un set de rodaje europeo es un trabajo duro.\u00a0Ya sea que est\u00e9 haciendo un \u00e9xito de taquilla de Hollywood o un comercial de quince segundos, tendr\u00e1 que llevar a todos esos actores, operadores de c\u00e1mara, directores y maquilladores al mismo lugar al mismo tiempo.\u00a0Y luego est\u00e1 todo el equipo, [&hellip;]<\/p>\n","protected":false},"author":13,"featured_media":0,"parent":0,"menu_order":0,"comment_status":"closed","ping_status":"closed","template":"","meta":[],"yst_prominent_words":[5877,9333,6117,7076,6253],"_links":{"self":[{"href":"https:\/\/europeanmoving.co.uk\/es\/wp-json\/wp\/v2\/pages\/8620"}],"collection":[{"href":"https:\/\/europeanmoving.co.uk\/es\/wp-json\/wp\/v2\/pages"}],"about":[{"href":"https:\/\/europeanmoving.co.uk\/es\/wp-json\/wp\/v2\/types\/page"}],"author":[{"embeddable":true,"href":"https:\/\/europeanmoving.co.uk\/es\/wp-json\/wp\/v2\/users\/13"}],"replies":[{"embeddable":true,"href":"https:\/\/europeanmoving.co.uk\/es\/wp-json\/wp\/v2\/comments?post=8620"}],"version-history":[{"count":4,"href":"https:\/\/europeanmoving.co.uk\/es\/wp-json\/wp\/v2\/pages\/8620\/revisions"}],"predecessor-version":[{"id":21985,"href":"https:\/\/europeanmoving.co.uk\/es\/wp-json\/wp\/v2\/pages\/8620\/revisions\/21985"}],"wp:attachment":[{"href":"https:\/\/europeanmoving.co.uk\/es\/wp-json\/wp\/v2\/media?parent=8620"}],"wp:term":[{"taxonomy":"yst_prominent_words","embeddable":true,"href":"https:\/\/europeanmoving.co.uk\/es\/wp-json\/wp\/v2\/yst_prominent_words?post=8620"}],"curies":[{"name":"wp","href":"https:\/\/api.w.org\/{rel}","templated":true}]}}