{"id":8599,"date":"2018-08-10T09:09:58","date_gmt":"2018-08-10T09:09:58","guid":{"rendered":"https:\/\/europeanmoving.co.uk\/?page_id=8599"},"modified":"2020-09-16T17:58:19","modified_gmt":"2020-09-16T17:58:19","slug":"transporte-de-caridad-europeo","status":"publish","type":"page","link":"https:\/\/europeanmoving.co.uk\/es\/transporte-de-caridad-europeo\/","title":{"rendered":"Transporte de caridad europeo e internacional"},"content":{"rendered":"<p><strong><span>El transporte ben\u00e9fico europeo e internacional<\/span><\/strong><span>\u00a0con furgonetas de mudanzas europeas y servicios de hombre se proporcionan en el Reino Unido, Francia, Alemania, Irlanda, Irlanda del Norte, Espa\u00f1a, Islas Caries y las Islas Baleares, B\u00e9lgica, Dinamarca, Estonia, Luxemburgo, Pa\u00edses Bajos, Polonia, Austria, Bulgaria, Croacia, Rep\u00fablica Checa, Finlandia, Grecia, Hungr\u00eda, Italia, Letonia, Lituania, Malta, Chipre, Portugal, Ruman\u00eda, Eslovaquia, Eslovenia, Suecia, Reino Unido, Suiza, Noruega y toda la Uni\u00f3n Europea.<\/span><\/p>\n","protected":false},"excerpt":{"rendered":"<p>El transporte ben\u00e9fico europeo e internacional\u00a0con furgonetas de mudanzas europeas y servicios de hombre se proporcionan en el Reino Unido, Francia, Alemania, Irlanda, Irlanda del Norte, Espa\u00f1a, Islas Caries y las Islas Baleares, B\u00e9lgica, Dinamarca, Estonia, Luxemburgo, Pa\u00edses Bajos, Polonia, Austria, Bulgaria, Croacia, Rep\u00fablica Checa, Finlandia, Grecia, Hungr\u00eda, Italia, Letonia, Lituania, Malta, Chipre, Portugal, Ruman\u00eda, [&hellip;]<\/p>\n","protected":false},"author":13,"featured_media":0,"parent":0,"menu_order":0,"comment_status":"closed","ping_status":"closed","template":"","meta":[],"yst_prominent_words":[3823,5995,7074,6215,6285,6193,7073],"_links":{"self":[{"href":"https:\/\/europeanmoving.co.uk\/es\/wp-json\/wp\/v2\/pages\/8599"}],"collection":[{"href":"https:\/\/europeanmoving.co.uk\/es\/wp-json\/wp\/v2\/pages"}],"about":[{"href":"https:\/\/europeanmoving.co.uk\/es\/wp-json\/wp\/v2\/types\/page"}],"author":[{"embeddable":true,"href":"https:\/\/europeanmoving.co.uk\/es\/wp-json\/wp\/v2\/users\/13"}],"replies":[{"embeddable":true,"href":"https:\/\/europeanmoving.co.uk\/es\/wp-json\/wp\/v2\/comments?post=8599"}],"version-history":[{"count":3,"href":"https:\/\/europeanmoving.co.uk\/es\/wp-json\/wp\/v2\/pages\/8599\/revisions"}],"predecessor-version":[{"id":22041,"href":"https:\/\/europeanmoving.co.uk\/es\/wp-json\/wp\/v2\/pages\/8599\/revisions\/22041"}],"wp:attachment":[{"href":"https:\/\/europeanmoving.co.uk\/es\/wp-json\/wp\/v2\/media?parent=8599"}],"wp:term":[{"taxonomy":"yst_prominent_words","embeddable":true,"href":"https:\/\/europeanmoving.co.uk\/es\/wp-json\/wp\/v2\/yst_prominent_words?post=8599"}],"curies":[{"name":"wp","href":"https:\/\/api.w.org\/{rel}","templated":true}]}}