{"id":8595,"date":"2018-08-10T09:04:06","date_gmt":"2018-08-10T09:04:06","guid":{"rendered":"https:\/\/europeanmoving.co.uk\/?page_id=8595"},"modified":"2020-09-16T11:41:26","modified_gmt":"2020-09-16T11:41:26","slug":"transporte-materiales-construccion","status":"publish","type":"page","link":"https:\/\/europeanmoving.co.uk\/es\/transporte-materiales-construccion\/","title":{"rendered":"Transporte de materiales de construcci\u00f3n"},"content":{"rendered":"<h2><strong><span>Transporte de materiales de construcci\u00f3n en la UE<\/span><\/strong><\/h2>\n<p><span>Un sector en crecimiento masivo, tanto dentro como fuera del Reino Unido hacia Europa, es el transporte de materiales de construcci\u00f3n.\u00a0La raz\u00f3n de este crecimiento es el n\u00famero de personas que se trasladan y se trasladan a Europa y llevan a cabo sus proyectos de construcci\u00f3n.\u00a0Estos proyectos de construcci\u00f3n suelen requerir los servicios especializados de una empresa europea de transporte de materiales de construcci\u00f3n.<\/span><br \/>\n<span>Tenemos una vasta experiencia en el transporte de materiales de construcci\u00f3n por Europa.\u00a0No hay mucho que no hayamos movido para los clientes, incluidos ladrillos y aislamiento para nuevas construcciones y renovaciones de propiedades en Europa.\u00a0Otras mudanzas incluyen paneles de concreto, acero y materiales para techos, paneles de yeso y productos de madera.\u00a0Tambi\u00e9n hemos transportado placas de yeso a Europa, pisos, marcos de construcci\u00f3n, acero y mucho m\u00e1s.<\/span><br \/>\n<span>La naturaleza de los materiales de construcci\u00f3n que desea transportar a la UE es un elemento crucial a la hora de determinar el precio.\u00a0Es esencial seleccionar el veh\u00edculo correcto y m\u00e1s rentable que llevar\u00e1 sus materiales de construcci\u00f3n a su destino.\u00a0Por ejemplo, \u00bfsus materiales de construcci\u00f3n son impermeables o necesitan protecci\u00f3n durante el transporte a la UE?\u00a0\u00bfSe pueden embalar en plano en un transportador de remolque abierto?\u00a0\u00bfO son materiales de construcci\u00f3n inusuales o inc\u00f3modos, como algunos productos para techos?<\/span><\/p>\n<h1 class=\"title-heading-left\"><strong><span>Transporte y log\u00edstica de materiales de construcci\u00f3n<\/span><\/strong><\/h1>\n<p><span>El peso de sus materiales de construcci\u00f3n destinados a la UE tambi\u00e9n es, por supuesto, una consideraci\u00f3n importante.\u00a0Los ladrillos, los tapajuntas de plomo y las placas de yeso se suman a pesos sustanciales.<\/span><br \/>\n<span>Mucha gente necesita el transporte de materiales de construcci\u00f3n a Europa debido a la naturaleza especializada de los productos disponibles en el Reino Unido, o simplemente porque son mucho m\u00e1s baratos, incluso despu\u00e9s de incluir los costos de transporte.\u00a0Los proyectos de construcci\u00f3n m\u00e1s grandes o las renovaciones de edificios en la UE pueden ser costosos y, a menudo, es rentable transportar materiales de construcci\u00f3n a la UE en lugar de comprarlos all\u00ed.<\/span><br \/>\n<span>\u00bfFerry o t\u00fanel?\u00a0\u00bfCarreteras de peaje o campo a trav\u00e9s?\u00a0\u00bfCu\u00e1nto tiempo llevar\u00e1 transportar los materiales de construcci\u00f3n a Europa?\u00a0\u00bfExiste una fecha l\u00edmite para su llegada o alguna flexibilidad?\u00a0\u00bfEst\u00e1n asegurados los materiales de construcci\u00f3n durante el tr\u00e1nsito?\u00a0\u00bfLos cubre el seguro una vez que bajan de la furgoneta en su destino?\u00a0\u00bfEs el sitio de f\u00e1cil acceso y f\u00e1cil de descargar tambi\u00e9n?\u00a0\u00bfNecesitar\u00e1 ascensores para descargar sus materiales de construcci\u00f3n o pueden los conductores de la empresa de mudanzas europea manejar esto por usted?\u00a0Solo algunas de las preguntas que deben tenerse en cuenta al seleccionar una empresa de transporte y remoci\u00f3n de materiales de construcci\u00f3n para que se dirija a Europa por usted.<\/span><\/p>\n","protected":false},"excerpt":{"rendered":"<p>Transporte de materiales de construcci\u00f3n en la UE Un sector en crecimiento masivo, tanto dentro como fuera del Reino Unido hacia Europa, es el transporte de materiales de construcci\u00f3n.\u00a0La raz\u00f3n de este crecimiento es el n\u00famero de personas que se trasladan y se trasladan a Europa y llevan a cabo sus proyectos de construcci\u00f3n.\u00a0Estos proyectos [&hellip;]<\/p>\n","protected":false},"author":13,"featured_media":0,"parent":0,"menu_order":0,"comment_status":"closed","ping_status":"closed","template":"","meta":[],"yst_prominent_words":[9405,9401,7072,7070,9399,6304,9398,9394,7046,6182,9404,9397,9402,9403,9400,9395,6253,9396,7071,6284],"_links":{"self":[{"href":"https:\/\/europeanmoving.co.uk\/es\/wp-json\/wp\/v2\/pages\/8595"}],"collection":[{"href":"https:\/\/europeanmoving.co.uk\/es\/wp-json\/wp\/v2\/pages"}],"about":[{"href":"https:\/\/europeanmoving.co.uk\/es\/wp-json\/wp\/v2\/types\/page"}],"author":[{"embeddable":true,"href":"https:\/\/europeanmoving.co.uk\/es\/wp-json\/wp\/v2\/users\/13"}],"replies":[{"embeddable":true,"href":"https:\/\/europeanmoving.co.uk\/es\/wp-json\/wp\/v2\/comments?post=8595"}],"version-history":[{"count":2,"href":"https:\/\/europeanmoving.co.uk\/es\/wp-json\/wp\/v2\/pages\/8595\/revisions"}],"predecessor-version":[{"id":21971,"href":"https:\/\/europeanmoving.co.uk\/es\/wp-json\/wp\/v2\/pages\/8595\/revisions\/21971"}],"wp:attachment":[{"href":"https:\/\/europeanmoving.co.uk\/es\/wp-json\/wp\/v2\/media?parent=8595"}],"wp:term":[{"taxonomy":"yst_prominent_words","embeddable":true,"href":"https:\/\/europeanmoving.co.uk\/es\/wp-json\/wp\/v2\/yst_prominent_words?post=8595"}],"curies":[{"name":"wp","href":"https:\/\/api.w.org\/{rel}","templated":true}]}}