{"id":8576,"date":"2018-08-10T08:58:17","date_gmt":"2018-08-10T08:58:17","guid":{"rendered":"https:\/\/europeanmoving.co.uk\/?page_id=8576"},"modified":"2020-09-16T17:51:11","modified_gmt":"2020-09-16T17:51:11","slug":"transporte-europeo-de-automoviles","status":"publish","type":"page","link":"https:\/\/europeanmoving.co.uk\/es\/transporte-europeo-de-automoviles\/","title":{"rendered":"Transporte europeo de autom\u00f3viles"},"content":{"rendered":"<h1 class=\"title-heading-left\"><strong>Transporte europeo de piezas de autom\u00f3vil<\/strong><\/h1>\n<p>El transporte europeo de piezas de autom\u00f3vil representa un mercado en crecimiento, ya que la demanda de piezas de segunda mano ha pasado de su dep\u00f3sito de chatarra local a un mercado paneuropeo.<\/p>\n<h2><strong>Transporte europeo de piezas de autom\u00f3vil: \u00bfpara qu\u00e9?<\/strong><\/h2>\n<p>Nuestra dependencia de los veh\u00edculos de motor (autom\u00f3viles, bicicletas, camiones, etc.) ha aumentado significativamente en los \u00faltimos 40 a\u00f1os.\u00a0Sin embargo, mantenerlos tambi\u00e9n es m\u00e1s especializado y costoso.\u00a0Afortunadamente, y en gran parte gracias a cierto sitio de subastas en l\u00ednea, el suministro de piezas nunca ha sido tan rico.\u00a0El \u00fanico problema que hay que solucionar es el del transporte.<\/p>\n<p>Por supuesto, la mayor\u00eda de los distribuidores de piezas de autom\u00f3viles nuevos y los minoristas de segunda mano m\u00e1s importantes tienen su propio servicio de mensajer\u00eda.\u00a0Pero ese no es el caso de los proveedores m\u00e1s peque\u00f1os y de los particulares que, despu\u00e9s de comprar un nuevo conjunto de aleaciones, venden sus antiguas en l\u00ednea.<br \/>\nY aqu\u00ed es donde interviene nuestro servicio europeo de transporte de piezas de autom\u00f3viles. Transportaremos todas las piezas necesarias a su ubicaci\u00f3n;\u00a0Va a ser seguro ya un precio que le gustar\u00e1.\u00a0\u00a1Pero hay m\u00e1s!<\/p>\n<p>Podr\u00eda vender en lugar de comprar.\u00a0En lugar de limitar su mercado a su ciudad local, podr\u00eda beneficiarse de la normativa de la UE que establece:<br \/>\n\u00abLos productos que se han producido en la Uni\u00f3n Europea (UE) o que se han importado a un pa\u00eds de la UE con derechos pagados son\u00bb en libre pr\u00e1ctica \u00bbdentro de la UE.\u00a0No se pagan derechos de aduana sobre adquisiciones (importaciones o compras) de bienes que se encuentran en libre circulaci\u00f3n \u00ab.<br \/>\nEn otras palabras, puedes vender en toda la UE, nosotros nos ocupamos de tu transporte internacional y no tendr\u00e1s que pagar impuestos ni aranceles.<\/p>\n<h2><strong>Transporte europeo de piezas de autom\u00f3vil: \u00bfc\u00f3mo funciona?<\/strong><\/h2>\n<p>Rapido y facil.<br \/>\nSimplemente complete el formulario en l\u00ednea o ll\u00e1menos.\u00a0Nuestro dedicado equipo de coordinadores de transporte tomar\u00e1 sus datos y le dar\u00e1 un presupuesto gratuito para sus necesidades.\u00a0Nuestros conductores recorren Europa todos los d\u00edas.\u00a0Eso significa que estamos en una para recoger su motor o su caja de cambios del Reino Unido y traerlos a Espa\u00f1a, o de Alemania a Grecia.<br \/>\nEl mundo avanza a un ritmo extremadamente r\u00e1pido y es fundamental para nosotros mantener el ritmo.\u00a0As\u00ed que no dudes en contactarnos, \u00a1estamos aqu\u00ed para ayudarte!<\/p>\n","protected":false},"excerpt":{"rendered":"<p>Transporte europeo de piezas de autom\u00f3vil El transporte europeo de piezas de autom\u00f3vil representa un mercado en crecimiento, ya que la demanda de piezas de segunda mano ha pasado de su dep\u00f3sito de chatarra local a un mercado paneuropeo. Transporte europeo de piezas de autom\u00f3vil: \u00bfpara qu\u00e9? Nuestra dependencia de los veh\u00edculos de motor (autom\u00f3viles, [&hellip;]<\/p>\n","protected":false},"author":13,"featured_media":0,"parent":0,"menu_order":0,"comment_status":"closed","ping_status":"closed","template":"","meta":[],"yst_prominent_words":[7051,8713,6257,6341,6256],"_links":{"self":[{"href":"https:\/\/europeanmoving.co.uk\/es\/wp-json\/wp\/v2\/pages\/8576"}],"collection":[{"href":"https:\/\/europeanmoving.co.uk\/es\/wp-json\/wp\/v2\/pages"}],"about":[{"href":"https:\/\/europeanmoving.co.uk\/es\/wp-json\/wp\/v2\/types\/page"}],"author":[{"embeddable":true,"href":"https:\/\/europeanmoving.co.uk\/es\/wp-json\/wp\/v2\/users\/13"}],"replies":[{"embeddable":true,"href":"https:\/\/europeanmoving.co.uk\/es\/wp-json\/wp\/v2\/comments?post=8576"}],"version-history":[{"count":5,"href":"https:\/\/europeanmoving.co.uk\/es\/wp-json\/wp\/v2\/pages\/8576\/revisions"}],"predecessor-version":[{"id":22034,"href":"https:\/\/europeanmoving.co.uk\/es\/wp-json\/wp\/v2\/pages\/8576\/revisions\/22034"}],"wp:attachment":[{"href":"https:\/\/europeanmoving.co.uk\/es\/wp-json\/wp\/v2\/media?parent=8576"}],"wp:term":[{"taxonomy":"yst_prominent_words","embeddable":true,"href":"https:\/\/europeanmoving.co.uk\/es\/wp-json\/wp\/v2\/yst_prominent_words?post=8576"}],"curies":[{"name":"wp","href":"https:\/\/api.w.org\/{rel}","templated":true}]}}