{"id":8563,"date":"2018-08-10T08:18:18","date_gmt":"2018-08-10T08:18:18","guid":{"rendered":"https:\/\/europeanmoving.co.uk\/?page_id=8563"},"modified":"2020-09-17T09:32:01","modified_gmt":"2020-09-17T09:32:01","slug":"store-delivery-to-europe","status":"publish","type":"page","link":"https:\/\/europeanmoving.co.uk\/es\/store-delivery-to-europe\/","title":{"rendered":"Entregas de compras a Europa"},"content":{"rendered":"<h1 class=\"title-heading-left\"><strong><span>Entrega en tienda a Europa<\/span><\/strong><\/h1>\n<p><img src=\"https:\/\/europeanmoving.im\/wp-content\/uploads\/2018\/07\/store-to-home.jpg\" \/><\/p>\n<p><strong><span>Entrega en tienda europea e internacional a Europa: European Moving<\/span><\/strong><span>\u00a0puede ofrecerle una propuesta competitiva para trasladar los art\u00edculos comprados desde el almac\u00e9n del minorista a su puerta o estos art\u00edculos pueden ser entregados a nosotros si el fabricante no realiza la entrega en su destino europeo y nuestro destino europeo e internacional. El equipo de Store Delivery to Europe puede organizar el env\u00edo de forma profesional evitando los enormes gastos de env\u00edo de los minoristas en el extranjero.<\/span><br \/>\n<span>Ya sea que haya comprado un sof\u00e1 de DFS o una carga completa de art\u00edculos para el hogar de TK Maxx, por ejemplo, estos no tienen una opci\u00f3n para la entrega en Europa utilizando nuestra opci\u00f3n de Entrega en tienda europea e internacional a Europa, uno de nuestros conductores de confianza puede recoger directamente desde el almac\u00e9n del minorista y entregarlo en su puerta sin problemas o podemos aceptar la entrega en nuestro almac\u00e9n del Reino Unido y almacenar de forma segura el art\u00edculo hasta que est\u00e9 listo para la entrega en el destino europeo elegido.<\/span><\/p>\n<p><strong><span>Los servicios de entrega en tiendas europeas e internacionales de European Moving a Europa<\/span><\/strong><span>\u00a0se proporcionan en el<\/span><strong><span>\u00a0Reino Unido, Francia, Alemania, Irlanda, Irlanda del Norte, Espa\u00f1a, Islas Caries y las Islas Baleares, B\u00e9lgica, Dinamarca, Estonia, Luxemburgo, Pa\u00edses Bajos, Polonia, Austria, Bulgaria, Croacia, Rep\u00fablica Checa, Finlandia, Grecia, Hungr\u00eda, Italia, Letonia, Lituania, Malta, Chipre, Portugal, Ruman\u00eda, Eslovaquia, Eslovenia, Suecia, Reino Unido, Suiza, Noruega y toda la Uni\u00f3n Europea.\u00a0<\/span><\/strong><span>\u00a0Comun\u00edquese con nosotros para averiguar c\u00f3mo podemos ayudarlo o complete el formulario de contacto y nos esforzaremos por brindarle la mejor propuesta posible para su mudanza \u00fanica.<\/span><\/p>\n","protected":false},"excerpt":{"rendered":"<p>Entrega en tienda a Europa Entrega en tienda europea e internacional a Europa: European Moving\u00a0puede ofrecerle una propuesta competitiva para trasladar los art\u00edculos comprados desde el almac\u00e9n del minorista a su puerta o estos art\u00edculos pueden ser entregados a nosotros si el fabricante no realiza la entrega en su destino europeo y nuestro destino europeo [&hellip;]<\/p>\n","protected":false},"author":13,"featured_media":0,"parent":0,"menu_order":0,"comment_status":"closed","ping_status":"closed","template":"","meta":[],"yst_prominent_words":[9306,7068],"_links":{"self":[{"href":"https:\/\/europeanmoving.co.uk\/es\/wp-json\/wp\/v2\/pages\/8563"}],"collection":[{"href":"https:\/\/europeanmoving.co.uk\/es\/wp-json\/wp\/v2\/pages"}],"about":[{"href":"https:\/\/europeanmoving.co.uk\/es\/wp-json\/wp\/v2\/types\/page"}],"author":[{"embeddable":true,"href":"https:\/\/europeanmoving.co.uk\/es\/wp-json\/wp\/v2\/users\/13"}],"replies":[{"embeddable":true,"href":"https:\/\/europeanmoving.co.uk\/es\/wp-json\/wp\/v2\/comments?post=8563"}],"version-history":[{"count":5,"href":"https:\/\/europeanmoving.co.uk\/es\/wp-json\/wp\/v2\/pages\/8563\/revisions"}],"predecessor-version":[{"id":22065,"href":"https:\/\/europeanmoving.co.uk\/es\/wp-json\/wp\/v2\/pages\/8563\/revisions\/22065"}],"wp:attachment":[{"href":"https:\/\/europeanmoving.co.uk\/es\/wp-json\/wp\/v2\/media?parent=8563"}],"wp:term":[{"taxonomy":"yst_prominent_words","embeddable":true,"href":"https:\/\/europeanmoving.co.uk\/es\/wp-json\/wp\/v2\/yst_prominent_words?post=8563"}],"curies":[{"name":"wp","href":"https:\/\/api.w.org\/{rel}","templated":true}]}}