{"id":8553,"date":"2018-08-10T08:04:05","date_gmt":"2018-08-10T08:04:05","guid":{"rendered":"https:\/\/europeanmoving.co.uk\/?page_id=8553"},"modified":"2020-09-17T09:14:38","modified_gmt":"2020-09-17T09:14:38","slug":"transporte-maritimo-europeo","status":"publish","type":"page","link":"https:\/\/europeanmoving.co.uk\/es\/transporte-maritimo-europeo\/","title":{"rendered":"Transporte Mar\u00edtimo Europeo"},"content":{"rendered":"<h1 class=\"title-heading-left\"><strong><span>Transporte mar\u00edtimo europeo e internacional<\/span><\/strong><\/h1>\n<p><strong><span>Nuestro dedicado equipo de transporte mar\u00edtimo internacional<\/span><\/strong><\/p>\n<p><span>En European Moving, tenemos nuestro propio equipo de transporte mar\u00edtimo europeo e internacional con base en el Mar Negro &#8211; Port Varna.\u00a0Nuestra importante experiencia en transportes mar\u00edtimos europeos para contenedores completos o parciales se extiende a las siguientes \u00e1reas:<\/span><\/p>\n<ul class=\"list-with-tick fullCol\">\n<li><span>Las islas griegas: Creta, Eubea, Lesbos, Rodas, Ch\u00edos, Cefalonia, Corf\u00fa, Lemnos, Samos, Naxos, Zakynthos, Thassos, Andros, Lefkada, Karpathos, Kos, Kythira, Icaria, Skyros, Paros, Tinos, Samotracia, Milos, Kea, Amorgos, Kalymnos, Ios, Kythnos, Astypalaia, Ithaca y cualquier otro a pedido y sujeto a disponibilidad.<\/span><\/li>\n<li><span>Los pa\u00edses de los Balcanes: Albania, Bulgaria, Bosnia y Herzegovina, Kosovo, Macedonia, Serbia, Croacia y Montenegro.<\/span><\/li>\n<li><span>Forma Estados sovi\u00e9ticos: Armenia, Azerbaiy\u00e1n, Georgia, Bielorrusia, Moldavia y Ucrania.<\/span><\/li>\n<li><span>Canarias: El Hierro, Fuerteventura, Gran Canaria, La Gomera, Lanzarote, Archipi\u00e9lago Chinijo, La Palma, Tenerife.<\/span><\/li>\n<li><span>Turqu\u00eda e islas<\/span><\/li>\n<li><span>Islas principales de Maderia<\/span><\/li>\n<li><span>Islas principales de Azures<\/span><\/li>\n<\/ul>\n<p><img src=\"https:\/\/europeanmoving.im\/wp-content\/uploads\/2018\/07\/Marine.jpeg\" \/><\/p>\n<h2><strong><span>Ponerse en contacto<\/span><\/strong><\/h2>\n<p><span>Atravesar los mares de Europa puede ser una pesadilla log\u00edstica, pero a menudo tambi\u00e9n representa una alternativa rentable a los viajes terrestres paneuropeos.\u00a0Adaptamos nuestros transportes mar\u00edtimos internacionales a clientes individuales, con atenci\u00f3n a los detalles y una organizaci\u00f3n cuidadosa.\u00a0Nuestro personal est\u00e1 especializado en env\u00edos, exportaciones y mudanzas internacionales.\u00a0Ya sea que tenga una mudanza completa o una carga parcial, podemos ofrecer un servicio que se adapte a sus necesidades.\u00a0El transporte mar\u00edtimo de carga completa y parcial en toda Europa es lo \u00fanico que hace nuestro equipo de especialistas en Varna.\u00a0En consecuencia, puede estar seguro de que nuestra experiencia beneficia a sus necesidades.\u00a0No hay mucho que no hayamos hecho en este sector y podemos responder cualquier pregunta que pueda tener sobre el transporte mar\u00edtimo europeo y c\u00f3mo podemos ayudar.\u00a0Independientemente de lo que se mueva por Europa y adonde se mude,\u00a0necesitas tranquilidad.\u00a0Cuando necesita un env\u00edo, es a\u00fan m\u00e1s dif\u00edcil y necesita un especialista que lo ayude.\u00a0Ayudamos a empresas de toda Europa todos los d\u00edas.\u00a0Si desea un presupuesto para alguno de los lugares, p\u00f3ngase en contacto con nuestro equipo de Transporte Mar\u00edtimo Europeo mediante el formulario de contacto.<\/span><\/p>\n","protected":false},"excerpt":{"rendered":"<p>Transporte mar\u00edtimo europeo e internacional Nuestro dedicado equipo de transporte mar\u00edtimo internacional En European Moving, tenemos nuestro propio equipo de transporte mar\u00edtimo europeo e internacional con base en el Mar Negro &#8211; Port Varna.\u00a0Nuestra importante experiencia en transportes mar\u00edtimos europeos para contenedores completos o parciales se extiende a las siguientes \u00e1reas: Las islas griegas: Creta, [&hellip;]<\/p>\n","protected":false},"author":13,"featured_media":0,"parent":0,"menu_order":0,"comment_status":"closed","ping_status":"closed","template":"","meta":[],"yst_prominent_words":[5877,6202,6217,9410,3484,6043,6350,6218,6359,6355,6352,6356,6205,6353,6348,9004,6204,6203,6349,6347],"_links":{"self":[{"href":"https:\/\/europeanmoving.co.uk\/es\/wp-json\/wp\/v2\/pages\/8553"}],"collection":[{"href":"https:\/\/europeanmoving.co.uk\/es\/wp-json\/wp\/v2\/pages"}],"about":[{"href":"https:\/\/europeanmoving.co.uk\/es\/wp-json\/wp\/v2\/types\/page"}],"author":[{"embeddable":true,"href":"https:\/\/europeanmoving.co.uk\/es\/wp-json\/wp\/v2\/users\/13"}],"replies":[{"embeddable":true,"href":"https:\/\/europeanmoving.co.uk\/es\/wp-json\/wp\/v2\/comments?post=8553"}],"version-history":[{"count":5,"href":"https:\/\/europeanmoving.co.uk\/es\/wp-json\/wp\/v2\/pages\/8553\/revisions"}],"predecessor-version":[{"id":22051,"href":"https:\/\/europeanmoving.co.uk\/es\/wp-json\/wp\/v2\/pages\/8553\/revisions\/22051"}],"wp:attachment":[{"href":"https:\/\/europeanmoving.co.uk\/es\/wp-json\/wp\/v2\/media?parent=8553"}],"wp:term":[{"taxonomy":"yst_prominent_words","embeddable":true,"href":"https:\/\/europeanmoving.co.uk\/es\/wp-json\/wp\/v2\/yst_prominent_words?post=8553"}],"curies":[{"name":"wp","href":"https:\/\/api.w.org\/{rel}","templated":true}]}}