{"id":8545,"date":"2018-08-10T07:38:14","date_gmt":"2018-08-10T07:38:14","guid":{"rendered":"https:\/\/europeanmoving.co.uk\/?page_id=8545"},"modified":"2020-09-17T09:53:47","modified_gmt":"2020-09-17T09:53:47","slug":"european-kitchen-delivery-and-transport","status":"publish","type":"page","link":"https:\/\/europeanmoving.co.uk\/es\/european-kitchen-delivery-and-transport\/","title":{"rendered":"Entregas y transporte europeos de cocinas"},"content":{"rendered":"<h1 class=\"title-heading-left\"><strong><span>Entrega y transporte de cocinas europeas<\/span><\/strong><\/h1>\n<p><span>La entrega en la cocina europea es uno de los tipos de productos m\u00e1s comunes que se transportan regularmente por toda la UE.\u00a0El costo depende del tipo de material, el peso y la distancia al destino.\u00a0Los servicios europeos de camionetas y personas en movimiento se proporcionan en toda la UE.\u00a0Los materiales de cocina requieren un transporte seguro y eficiente, ya sea para un viaje corto o un viaje de larga distancia.\u00a0Tenemos una vasta experiencia en el traslado de ba\u00f1os y muebles de ba\u00f1o en toda la UE, desde y hacia el Reino Unido hacia y desde Europa.<\/span><\/p>\n<p><span>Agradecemos las consultas de los fabricantes de cocinas que necesiten los servicios de un mensajero de cocinas europeo que sea competente para mover estas cargas a menudo fr\u00e1giles y grandes.\u00a0Si necesita que sus muebles de cocina sean transportados a un almac\u00e9n europeo o directamente a minoristas en la UE o el Reino Unido, tenemos la experiencia y el conocimiento para garantizar una entrega segura y puntual en cualquier lugar de la UE.\u00a0Algunos ejemplos, pero no limitados a, de d\u00f3nde retomamos se encuentran a continuaci\u00f3n:<\/span><\/p>\n<ul class=\"list-with-tick col4\">\n<li><span>B n Q<\/span><\/li>\n<li><span>Base<\/span><\/li>\n<li><span>Bunnings<\/span><\/li>\n<li><span>Wickes<\/span><\/li>\n<\/ul>\n<p><span>Tambi\u00e9n son una especialidad los particulares que necesitan muebles de cocina para transportar hacia, desde el otro lado o dentro de la UE.\u00a0Hemos trasladado hornos de cocina, frigor\u00edficos y lavavajillas por toda Europa continental, as\u00ed como las Islas Canarias y las Islas Griegas.<\/span><br \/>\n<span>Son bienvenidas las cargas peque\u00f1as o grandes de los fabricantes de muebles de cocina que necesiten que sus productos entren y salgan de Europa.\u00a0Entendemos la log\u00edstica del transporte de la cocina por Europa, que incluye no solo el transporte real, sino tambi\u00e9n el embalaje de estos art\u00edculos delicados, cargando y descargando con gran cuidado para garantizar que no se da\u00f1en o rayen los elementos de la cocina durante el transporte.<\/span><\/p>\n<p><strong><span>\u00a1Ponerse en contacto!<\/span><\/strong><\/p>\n<p><span>Los minoristas de Internet que buscan un servicio de mensajer\u00eda de cocina europeo fiable y rentable no necesitan buscar m\u00e1s.\u00a0Podemos cotizar precios de entrega de cocina competitivos.\u00a0Tambi\u00e9n tenemos una red de almacenamiento segura y madura en toda la UE.\u00a0Ofrece almacenamiento rentable de muebles de cocina como y cuando.\u00a0A menudo, los art\u00edculos de cocina se venden pero no se requieren de inmediato.\u00a0Puede resultar rentable trasladar las mercanc\u00edas fuera de la f\u00e1brica o del \u00e1rea de venta minorista a una instalaci\u00f3n de almacenamiento en Europa lista para su recogida, carga y entrega directamente a los minoristas o clientes de Europa y el Reino Unido.<\/span><\/p>\n<p><strong><span>P\u00f3ngase en contacto con European Moving para obtener un servicio de mensajer\u00eda de cocina de bajo coste en Europa y la UE.<\/span><\/strong><\/p>\n","protected":false},"excerpt":{"rendered":"<p>Entrega y transporte de cocinas europeas La entrega en la cocina europea es uno de los tipos de productos m\u00e1s comunes que se transportan regularmente por toda la UE.\u00a0El costo depende del tipo de material, el peso y la distancia al destino.\u00a0Los servicios europeos de camionetas y personas en movimiento se proporcionan en toda la [&hellip;]<\/p>\n","protected":false},"author":13,"featured_media":0,"parent":0,"menu_order":0,"comment_status":"closed","ping_status":"closed","template":"","meta":[],"yst_prominent_words":[6188,3948,7051,7062,7064,6183,6186,6181,6182,6191,6187,6185,7057],"_links":{"self":[{"href":"https:\/\/europeanmoving.co.uk\/es\/wp-json\/wp\/v2\/pages\/8545"}],"collection":[{"href":"https:\/\/europeanmoving.co.uk\/es\/wp-json\/wp\/v2\/pages"}],"about":[{"href":"https:\/\/europeanmoving.co.uk\/es\/wp-json\/wp\/v2\/types\/page"}],"author":[{"embeddable":true,"href":"https:\/\/europeanmoving.co.uk\/es\/wp-json\/wp\/v2\/users\/13"}],"replies":[{"embeddable":true,"href":"https:\/\/europeanmoving.co.uk\/es\/wp-json\/wp\/v2\/comments?post=8545"}],"version-history":[{"count":2,"href":"https:\/\/europeanmoving.co.uk\/es\/wp-json\/wp\/v2\/pages\/8545\/revisions"}],"predecessor-version":[{"id":22081,"href":"https:\/\/europeanmoving.co.uk\/es\/wp-json\/wp\/v2\/pages\/8545\/revisions\/22081"}],"wp:attachment":[{"href":"https:\/\/europeanmoving.co.uk\/es\/wp-json\/wp\/v2\/media?parent=8545"}],"wp:term":[{"taxonomy":"yst_prominent_words","embeddable":true,"href":"https:\/\/europeanmoving.co.uk\/es\/wp-json\/wp\/v2\/yst_prominent_words?post=8545"}],"curies":[{"name":"wp","href":"https:\/\/api.w.org\/{rel}","templated":true}]}}