{"id":8542,"date":"2018-08-10T07:31:10","date_gmt":"2018-08-10T07:31:10","guid":{"rendered":"https:\/\/europeanmoving.co.uk\/?page_id=8542"},"modified":"2020-09-17T09:48:56","modified_gmt":"2020-09-17T09:48:56","slug":"european-bathroom-delivery-and-transport","status":"publish","type":"page","link":"https:\/\/europeanmoving.co.uk\/es\/european-bathroom-delivery-and-transport\/","title":{"rendered":"Entregas y transporte europeo de ba\u00f1os"},"content":{"rendered":"<h1 class=\"title-heading-left\"><strong>Entrega y transporte de ba\u00f1os europeos<\/strong><\/h1>\n<p>La entrega y el transporte del cuarto de ba\u00f1o europeo son uno de los tipos de mercanc\u00edas m\u00e1s comunes que se mueven regularmente en toda la UE.\u00a0El costo depende del tipo de material, el peso y la distancia al destino.\u00a0Los servicios europeos de camionetas y personas en movimiento se proporcionan en toda la UE.\u00a0Los materiales de ba\u00f1o requieren un transporte seguro y eficiente, ya sea para un viaje corto o un viaje de larga distancia.\u00a0Tenemos una vasta experiencia en el traslado de ba\u00f1os y muebles de ba\u00f1o en toda la UE, desde y hacia el Reino Unido hacia y desde Europa.<\/p>\n<p>Agradecemos las consultas de los fabricantes de ba\u00f1os que necesiten los servicios de un mensajero de ba\u00f1o europeo que sea competente para mover estas cargas, a menudo fr\u00e1giles y grandes.\u00a0Si necesita que sus muebles de ba\u00f1o sean transportados a un almac\u00e9n europeo o directamente a minoristas en la UE o el Reino Unido, tenemos la experiencia y el conocimiento para garantizar una entrega segura y puntual en cualquier lugar de la UE.\u00a0Algunos ejemplos, pero no limitados a, de d\u00f3nde retomamos se encuentran a continuaci\u00f3n:<\/p>\n<ul class=\"list-with-tick col4\">\n<li>B n Q<\/li>\n<li>Base<\/li>\n<li>Bunnings<\/li>\n<li>Wickes<\/li>\n<\/ul>\n<p>Tambi\u00e9n son una especialidad los particulares que necesitan el transporte de muebles de ba\u00f1o hacia, desde el otro lado o dentro de la UE.\u00a0Hemos trasladado ba\u00f1eras, lavabos, inodoros y duchas por toda Europa, incluidos Alemania, Espa\u00f1a, Finlandia, Dinamarca, Holanda, Inglaterra, Italia, Francia, Austria, Islas Canarias, Grecia y las Islas Griegas, as\u00ed como el resto de pa\u00edses de la UE.<br \/>\nSon bienvenidas las cargas peque\u00f1as o grandes de los fabricantes de muebles de ba\u00f1o que necesitan que sus productos entren y salgan de Europa.\u00a0Entendemos la log\u00edstica del transporte de ba\u00f1os por Europa, que incluye no solo el transporte real, sino tambi\u00e9n el embalaje de estos art\u00edculos delicados, cargando y descargando con mucho cuidado para garantizar que no se da\u00f1en o rayen los muebles de ba\u00f1o durante el transporte.<\/p>\n<p><strong>\u00a1Ponerse en contacto!<\/strong><\/p>\n<p>Los minoristas de Internet que buscan un servicio de mensajer\u00eda para el ba\u00f1o europeo fiable y rentable no necesitan buscar m\u00e1s.\u00a0Podemos cotizar precios competitivos de entrega de ba\u00f1os.\u00a0Tambi\u00e9n tenemos una red de almacenamiento segura y madura en toda la UE.\u00a0Ofrece almacenamiento rentable de muebles de ba\u00f1o como y cuando.\u00a0A menudo, los muebles de ba\u00f1o se venden pero no se requieren de inmediato.\u00a0Puede resultar rentable trasladar las ba\u00f1eras, los lavabos, las duchas y otros muebles de ba\u00f1o de la f\u00e1brica o del \u00e1rea de venta minorista a las instalaciones de almacenamiento de ba\u00f1os europeas listas para recoger, cargar y entregar directamente a los minoristas o clientes de Europa y el Reino Unido.<\/p>\n<p><strong>P\u00f3ngase en contacto con European Moving para obtener un servicio de mensajer\u00eda de ba\u00f1o de bajo coste en Europa y la UE.<\/strong><\/p>\n","protected":false},"excerpt":{"rendered":"<p>Entrega y transporte de ba\u00f1os europeos La entrega y el transporte del cuarto de ba\u00f1o europeo son uno de los tipos de mercanc\u00edas m\u00e1s comunes que se mueven regularmente en toda la UE.\u00a0El costo depende del tipo de material, el peso y la distancia al destino.\u00a0Los servicios europeos de camionetas y personas en movimiento se [&hellip;]<\/p>\n","protected":false},"author":13,"featured_media":0,"parent":0,"menu_order":0,"comment_status":"closed","ping_status":"closed","template":"","meta":[],"yst_prominent_words":[7061,7063,7051,7062,7060,6183,6186,6181,6182,6191,6184,6185,7057],"_links":{"self":[{"href":"https:\/\/europeanmoving.co.uk\/es\/wp-json\/wp\/v2\/pages\/8542"}],"collection":[{"href":"https:\/\/europeanmoving.co.uk\/es\/wp-json\/wp\/v2\/pages"}],"about":[{"href":"https:\/\/europeanmoving.co.uk\/es\/wp-json\/wp\/v2\/types\/page"}],"author":[{"embeddable":true,"href":"https:\/\/europeanmoving.co.uk\/es\/wp-json\/wp\/v2\/users\/13"}],"replies":[{"embeddable":true,"href":"https:\/\/europeanmoving.co.uk\/es\/wp-json\/wp\/v2\/comments?post=8542"}],"version-history":[{"count":3,"href":"https:\/\/europeanmoving.co.uk\/es\/wp-json\/wp\/v2\/pages\/8542\/revisions"}],"predecessor-version":[{"id":22076,"href":"https:\/\/europeanmoving.co.uk\/es\/wp-json\/wp\/v2\/pages\/8542\/revisions\/22076"}],"wp:attachment":[{"href":"https:\/\/europeanmoving.co.uk\/es\/wp-json\/wp\/v2\/media?parent=8542"}],"wp:term":[{"taxonomy":"yst_prominent_words","embeddable":true,"href":"https:\/\/europeanmoving.co.uk\/es\/wp-json\/wp\/v2\/yst_prominent_words?post=8542"}],"curies":[{"name":"wp","href":"https:\/\/api.w.org\/{rel}","templated":true}]}}